{"id":1178,"date":"2023-06-03T09:25:23","date_gmt":"2023-06-03T01:25:23","guid":{"rendered":"https:\/\/xd-solar.com\/?post_type=product&#038;p=1178"},"modified":"2024-03-06T15:58:22","modified_gmt":"2024-03-06T07:58:22","slug":"lithium-battery","status":"publish","type":"product","link":"https:\/\/www.xd-solar.com\/de\/produkt\/lithium-battery\/","title":{"rendered":"100 Ah 150 Ah 200 Ah 48 V Lithium-Ionen-Akku zu verkaufen. Lithium-Eisen-Akku f\u00fcr Wechselrichter, speichert Energie aus dem Stromnetz oder aus Solarenergie. Lithium-Eisen-Akku und Lithium-Eisen-Schiffsakku sind akzeptabel."},"content":{"rendered":"<p><strong>\u25a0 FAQ<\/strong><\/p>\n<p><strong>Q1. Was ist der Unterschied zwischen Lithiumbatterie und Lithium-Ionen-Batterie?<\/strong><br \/>\nA: Die Lithiumbatterie \u00fcbernimmt die Prim\u00e4rbatteriestruktur. Dies bedeutet, dass sie wegwerfbar oder nicht wiederaufladbar sind. Andererseits verf\u00fcgt die Lithium-Ionen-Batterie \u00fcber eine Sekund\u00e4rbatteriestruktur. Dadurch k\u00f6nnen sie wieder aufgeladen und wiederholt verwendet werden.<\/p>\n<p><strong>Q2.\u00a0<\/strong><strong>Wof\u00fcr ist ein Lithium-Ionen-Akku geeignet?<\/strong><\/p>\n<p>A: Lithium-Ionen-Akkus k\u00f6nnen \u00fcberall dort eingesetzt werden, wo Sie Energie speichern m\u00f6chten. Lithium-Ionen-Batterie f\u00fcr Wechselrichter, Wohnmobil, Schiff, Berg usw.<\/p>\n<p><strong>Q3. Wie w\u00e4re es mit Ihrer Batteriegarantie?<\/strong><br \/>\nA: 5\u201310 Jahre Garantie auf Lithium-Ionen-Akkus.<\/p>\n<p><strong>Q4. Ist ein Lithium-Ionen-Akku sicher?<\/strong><br \/>\nA: Der Lithium-Ionen-Akku von Zamdon verf\u00fcgt \u00fcber eine BMS-Funktion und hat \u00dcberladung, \u00dcberentladung, \u00dcbertemperatur, Kurzschluss, Akupunktur und andere Sicherheitstests bestanden, kein Feuer, keine Explosion, unter keinen Umst\u00e4nden; Sicherstellen, dass unsere Kunden davon profitieren;<\/p>\n<p><strong>F5. Wie kann ich die hohe Qualit\u00e4t der Batterie best\u00e4tigen, die Sie mir geschickt haben?<\/strong><br \/>\nA: Unsere Batterien sind alle der Klasse A. Egal wie viele Sie bestellen, wir testen jedes Produkt, bevor wir es versenden.<\/p>\n<p><strong>F6. Darf ich mein Logo auf die Batterie drucken?<\/strong><br \/>\nA: Ja, wir akzeptieren OEM\/ODM. Bitte informieren Sie uns vor unserer Produktion offiziell und best\u00e4tigen Sie den Entwurf zun\u00e4chst anhand unseres Musters.<\/p>","protected":false},"excerpt":{"rendered":"<p><strong>\u25a0 Lithium-Ionen-Akku-Funktion<\/strong><\/p>\n<p>1 Intelligente BMS-Funktion, erkennt die Gesamtspannung, den Gesamtstrom und die Reserveleistung der Batterie<br \/>\n2 Hohes Kapazit\u00e4tsverh\u00e4ltnis, geringeres Gewicht<br \/>\n3 L\u00e4ngere Lebensdauer<br \/>\n4 Gr\u00f6\u00dferer Temperaturbereich<br \/>\n5 Lithium-Ionen-Akku, wartungsfrei, spart Wartungskosten<br \/>\n6 Alarm- und Steuerausgang f\u00fcr \u00dcberspannung, Unterspannung, hohe Temperatur, niedrige Temperatur, \u00dcberstrom, Kurzschluss und andere extreme Bedingungen.<\/p>","protected":false},"featured_media":1180,"comment_status":"open","ping_status":"closed","template":"","meta":[],"product_cat":[21,31],"product_tag":[],"class_list":{"0":"post-1178","1":"product","2":"type-product","3":"status-publish","4":"has-post-thumbnail","6":"product_cat-battery","7":"product_cat-lithium-battery","9":"first","10":"instock","11":"shipping-taxable","12":"product-type-simple"},"_links":{"self":[{"href":"https:\/\/www.xd-solar.com\/de\/wp-json\/wp\/v2\/product\/1178","targetHints":{"allow":["GET"]}}],"collection":[{"href":"https:\/\/www.xd-solar.com\/de\/wp-json\/wp\/v2\/product"}],"about":[{"href":"https:\/\/www.xd-solar.com\/de\/wp-json\/wp\/v2\/types\/product"}],"replies":[{"embeddable":true,"href":"https:\/\/www.xd-solar.com\/de\/wp-json\/wp\/v2\/comments?post=1178"}],"wp:featuredmedia":[{"embeddable":true,"href":"https:\/\/www.xd-solar.com\/de\/wp-json\/wp\/v2\/media\/1180"}],"wp:attachment":[{"href":"https:\/\/www.xd-solar.com\/de\/wp-json\/wp\/v2\/media?parent=1178"}],"wp:term":[{"taxonomy":"product_cat","embeddable":true,"href":"https:\/\/www.xd-solar.com\/de\/wp-json\/wp\/v2\/product_cat?post=1178"},{"taxonomy":"product_tag","embeddable":true,"href":"https:\/\/www.xd-solar.com\/de\/wp-json\/wp\/v2\/product_tag?post=1178"}],"curies":[{"name":"wp","href":"https:\/\/api.w.org\/{rel}","templated":true}]}}