{"id":1319,"date":"2023-12-12T11:18:03","date_gmt":"2023-12-12T03:18:03","guid":{"rendered":"https:\/\/xd-solar.com\/?post_type=product&#038;p=1319"},"modified":"2024-06-26T20:37:43","modified_gmt":"2024-06-26T12:37:43","slug":"hybrid-solar-system-for-home-electricity","status":"publish","type":"product","link":"https:\/\/www.xd-solar.com\/de\/produkt\/hybrid-solar-system-for-home-electricity\/","title":{"rendered":"Hybrid-Solarsystem f\u00fcr Haushaltsstrom 1 kVA 2 kVA 3 kVA 4 kVA 5 kVA 6 kVA 7 kVA 8 kVA 10 kVA 12 kVA 15 kVA 20 kVA 25 kVA 30 kVA 40 kVA"},"content":{"rendered":"<p>Xindi-Vollhybrid-Solarsysteme f\u00fcr Privathaushalte wurden in mehr als 100 L\u00e4nder verkauft, darunter Nigeria, Ghana, \u00c4gypten, Botswana, Simbabwe, S\u00fcdafrika, Dubai, Vereinigte Arabische Emirate, Libanon, Indonesien, Malaysia, Philippinen, Kolumbien, Mexiko usw. 30-kW-Solarsysteme werden h\u00e4ufig f\u00fcr Solarstrom im Haushalt, Solarcamping, Wohnmobil, Solarschulprojekte, Solarkrankenhausprojekte, Solarfarmprojekte, Solarhotelprojekte, Solarmilit\u00e4rprojekte, Solarwasseraufbereitungsanlagenprojekte, Solarregierungsprojekte, Berggipfel, Schiffe usw. verwendet.<\/p>","protected":false},"excerpt":{"rendered":"<p>Das Xindi-Vollhybrid-Solarsystem f\u00fcr Privathaushalte ist die umfassendste Konfiguration auf dem Markt und umfasst alle erforderlichen Komponenten: Solarmodul, Solarhalterung, PV-Combiner-Box, Solarbatterie, Solarwechselrichter, Solarladeregler, PV-Kabel, Batteriekabel und andere Anschl\u00fcsse. Nach Abschluss der einfachen Installation kann es direkt f\u00fcr Haushaltsger\u00e4te verwendet werden.<\/p>\n<p>Jedes Hybrid-Solarsystem f\u00fcr zu Hause wird 100 Mal pro Stunde einem Ein- und Ausschalttest unterzogen. Jeder Produktionsschritt unterliegt einer strengen Qualit\u00e4tskontrolle. Perfekter Schutz: Kurzschluss, \u00dcberspannung, Unterspannung, \u00dcberlastung, Isolationswiderstand, Hochtemperaturschutz.<\/p>\n<p>Die Reichweite des Xindi-Hybrid-Solarsystems reicht von <a href=\"https:\/\/www.xindun-power.com\/solar-system-solution\/\" target=\"_blank\" rel=\"noopener\">300 W bis 200 kW<\/a>. Wir stellen unseren Kunden kostenlose Entw\u00fcrfe f\u00fcr Solarl\u00f6sungen zur Verf\u00fcgung und k\u00f6nnen auch individuelle Anpassungen vornehmen.<\/p>","protected":false},"featured_media":1318,"comment_status":"open","ping_status":"closed","template":"","meta":[],"product_cat":[19],"product_tag":[110,60,47,62,43],"class_list":{"0":"post-1319","1":"product","2":"type-product","3":"status-publish","4":"has-post-thumbnail","6":"product_cat-off-grid-solar-system","7":"product_tag-hybrid-solar-system","8":"product_tag-off-grid-inverter","9":"product_tag-solar-inverter","10":"product_tag-solar-inverter-manufacturer","11":"product_tag-solar-system","13":"first","14":"instock","15":"shipping-taxable","16":"product-type-simple"},"_links":{"self":[{"href":"https:\/\/www.xd-solar.com\/de\/wp-json\/wp\/v2\/product\/1319","targetHints":{"allow":["GET"]}}],"collection":[{"href":"https:\/\/www.xd-solar.com\/de\/wp-json\/wp\/v2\/product"}],"about":[{"href":"https:\/\/www.xd-solar.com\/de\/wp-json\/wp\/v2\/types\/product"}],"replies":[{"embeddable":true,"href":"https:\/\/www.xd-solar.com\/de\/wp-json\/wp\/v2\/comments?post=1319"}],"wp:featuredmedia":[{"embeddable":true,"href":"https:\/\/www.xd-solar.com\/de\/wp-json\/wp\/v2\/media\/1318"}],"wp:attachment":[{"href":"https:\/\/www.xd-solar.com\/de\/wp-json\/wp\/v2\/media?parent=1319"}],"wp:term":[{"taxonomy":"product_cat","embeddable":true,"href":"https:\/\/www.xd-solar.com\/de\/wp-json\/wp\/v2\/product_cat?post=1319"},{"taxonomy":"product_tag","embeddable":true,"href":"https:\/\/www.xd-solar.com\/de\/wp-json\/wp\/v2\/product_tag?post=1319"}],"curies":[{"name":"wp","href":"https:\/\/api.w.org\/{rel}","templated":true}]}}