{"id":1364,"date":"2023-03-18T15:55:52","date_gmt":"2023-03-18T07:55:52","guid":{"rendered":"https:\/\/xd-solar.com\/?post_type=product&#038;p=1364"},"modified":"2023-12-18T16:28:22","modified_gmt":"2023-12-18T08:28:22","slug":"2023-new-outdoor-waterproof-50w-100w-150w-200w-integrated-all-in-one-led-solar-street-light","status":"publish","type":"product","link":"https:\/\/www.xd-solar.com\/de\/produkt\/2023-new-outdoor-waterproof-50w-100w-150w-200w-integrated-all-in-one-led-solar-street-light\/","title":{"rendered":"2023 neue wasserdichte 50-W-, 100-W-, 150-W- und 200-W-LED-Solarstra\u00dfenlaterne f\u00fcr den Au\u00dfenbereich"},"content":{"rendered":"<p><strong>ALL-IN-ONE SOLAR STREET LIGHT<\/strong><\/p>\n<p>LED solar treet lights are composed of photovoltaic power generation system, energy storage system, and light control system. The 18%+ conversion rate solar panel converts solar energy into electricity and stores it in battery, which provides power to the lighting control system at night, realizing 100% energy saving.<\/p>\n<p><strong>Motion &amp; Light Sensor<\/strong><\/p>\n<p>The solar powered street light charging during the day and light upd at night automatically. Constantly light, motion sensor, brightness all can be customized by remote control.<\/p>\n<p><strong>Cope Harsh Weather, IP65 Waterproof<\/strong><\/p>\n<p>This solar street light has very good waterproof, rainproof and lightning-proof performance, -4\u00b0 F-120\u00b0 F temperature resistance.IP65 waterproof, can work in all kinds of bad weather.<\/p>\n<p><strong>Secondary Optical Design<\/strong><\/p>\n<p>The secondary optical design makes the light emitted by the LED light source illuminate the illuminated area through the secondary focusing, so that the light can be effectively used.<\/p>\n<p><strong>Easy To Install, No Wiring Required<\/strong><\/p>\n<p><span class=\"src\" data-group=\"0-0\">The <a href=\"https:\/\/www.alltopgroup.com\/led-street-light\" target=\"_blank\" rel=\"noopener\">LED street<\/a> light is easy to install with screws, no wiring or ditching required.<\/span><span class=\"src\" data-group=\"0-1\"> You can install solar lights on walls, trees.<\/span><span class=\"src\" data-group=\"0-2\"> light poles, etc. wherever you want to install them.<\/span><\/p>","protected":false},"excerpt":{"rendered":"<dl class=\"amount clearfix\">\n<dt class=\"metatit\">Zertifizierung CE\/ISO9001\/RoHS\/3C\/CQC\/\/UL\/T\u00dcV<\/dt>\n<\/dl>\n<dl class=\"amount clearfix\">\n<dt class=\"metatit\">Delivery Time\u00a0 \u00a0 \u00a0 \u00a0 \u00a05-15 days<\/dt>\n<\/dl>\n<dl class=\"amount clearfix\">\n<dt class=\"metatit\">Payment Terms\u00a0 \u00a0 \u00a0 L\/C, D\/A, D\/P, T\/T, Western Union, Money Gram,<\/dt>\n<\/dl>\n<dl class=\"amount clearfix\">\n<dt class=\"metatit\">Service\u00a0 \u00a0 \u00a0 \u00a0 \u00a0 \u00a0 \u00a0 \u00a0 \u00a0 \u00a0 \u00a0OEM\/ODM Customized<\/dt>\n<\/dl>\n<dl class=\"amount clearfix\">\n<dt class=\"metatit\">Charging time\u00a0 \u00a0 \u00a0 \u00a0 \u00a06-8 hours<\/dt>\n<\/dl>\n<dl class=\"amount clearfix\">\n<dt class=\"metatit\">Discharging time\u00a0 \u00a0 8-12 hours<\/dt>\n<\/dl>\n<dl class=\"amount clearfix\">\n<dt class=\"metatit\">Lumen\u00a0 \u00a0 \u00a0 \u00a0 \u00a0 \u00a0 \u00a0 \u00a0 \u00a0 \u00a0 \u00a0 160 lm\/w<\/dt>\n<\/dl>\n<dl class=\"amount clearfix\">\n<dt class=\"metatit\">Material\u00a0 \u00a0 \u00a0 \u00a0 \u00a0 \u00a0 \u00a0 \u00a0 \u00a0 \u00a0ABS<\/dt>\n<\/dl>\n<dl class=\"amount clearfix\">\n<dt class=\"metatit\">Install Height\u00a0 \u00a0 \u00a0 \u00a0 \u00a0 7-8m<\/dt>\n<\/dl>\n<dl class=\"amount clearfix\">\n<dt class=\"metatit\">Start Port\u00a0 \u00a0 \u00a0 \u00a0 \u00a0 \u00a0 \u00a0 \u00a0 \u00a0 guangzhou ,shenzhen, zhuhai<\/dt>\n<\/dl>\n<dl class=\"amount clearfix\">\n<dt class=\"metatit\">Supply Ability\u00a0 \u00a0 \u00a0 \u00a0 \u00a0 5000 PCS\/Month<\/dt>\n<\/dl>","protected":false},"featured_media":1362,"comment_status":"open","ping_status":"closed","template":"","meta":[],"product_cat":[33,32],"product_tag":[],"class_list":{"0":"post-1364","1":"product","2":"type-product","3":"status-publish","4":"has-post-thumbnail","6":"product_cat-solar-street-light","7":"product_cat-solar-light","9":"first","10":"instock","11":"shipping-taxable","12":"product-type-simple"},"_links":{"self":[{"href":"https:\/\/www.xd-solar.com\/de\/wp-json\/wp\/v2\/product\/1364","targetHints":{"allow":["GET"]}}],"collection":[{"href":"https:\/\/www.xd-solar.com\/de\/wp-json\/wp\/v2\/product"}],"about":[{"href":"https:\/\/www.xd-solar.com\/de\/wp-json\/wp\/v2\/types\/product"}],"replies":[{"embeddable":true,"href":"https:\/\/www.xd-solar.com\/de\/wp-json\/wp\/v2\/comments?post=1364"}],"wp:featuredmedia":[{"embeddable":true,"href":"https:\/\/www.xd-solar.com\/de\/wp-json\/wp\/v2\/media\/1362"}],"wp:attachment":[{"href":"https:\/\/www.xd-solar.com\/de\/wp-json\/wp\/v2\/media?parent=1364"}],"wp:term":[{"taxonomy":"product_cat","embeddable":true,"href":"https:\/\/www.xd-solar.com\/de\/wp-json\/wp\/v2\/product_cat?post=1364"},{"taxonomy":"product_tag","embeddable":true,"href":"https:\/\/www.xd-solar.com\/de\/wp-json\/wp\/v2\/product_tag?post=1364"}],"curies":[{"name":"wp","href":"https:\/\/api.w.org\/{rel}","templated":true}]}}