{"id":1371,"date":"2023-03-18T16:28:41","date_gmt":"2023-03-18T08:28:41","guid":{"rendered":"https:\/\/xd-solar.com\/?post_type=product&#038;p=1371"},"modified":"2023-12-18T16:37:16","modified_gmt":"2023-12-18T08:37:16","slug":"multifunction-garden-road-outdoor-led-solar-camera-street-lights","status":"publish","type":"product","link":"https:\/\/www.xd-solar.com\/de\/produkt\/multifunction-garden-road-outdoor-led-solar-camera-street-lights\/","title":{"rendered":"Multifunktions-Garten-Stra\u00dfenlaternen mit Solarkamera f\u00fcr den Au\u00dfenbereich"},"content":{"rendered":"<p><strong>SOLARKAMERA-STRASSENLEUCHTEN<\/strong><\/p>\n<div class=\"description\">\n<p><span class=\"src\" data-group=\"0-0\">Der ultrahelle LED-Chip unserer Solarkamera-Stra\u00dfenlaterne ist um ein Vielfaches heller als herk\u00f6mmliche Gl\u00fchbirnen und der Akku mit gro\u00dfer Kapazit\u00e4t kann bis zu 100% Strom sparen. IP65 wasserdicht, 3 Millionen Pixel HD-Weitwinkelkamera f\u00fcr die Au\u00dfensicherheit, die von mehreren Personen gleichzeitig \u00fcber die App beobachtet werden kann. Einfach zu installieren All-in-One-Solarstra\u00dfenlaternen sind einfach zu installieren und sparen Installationskosten, Wartungskosten und Stromrechnungen. Geeignet f\u00fcr Stra\u00dfen, Parks, Parkpl\u00e4tze, Schulgel\u00e4nde usw.<\/span><\/p>\n<p><strong>WEITWINKELKAMERA, SCHWENKWINKEL<\/strong><\/p>\n<div class=\"description\">Diese Solar-Stra\u00dfenlaterne ist mit einer HD-Kamera ausgestattet, die 4G und WLAN unterst\u00fctzt. Ultraklar und hell, 360\u00b0-Beleuchtungswinkel, 75\u00b0 vertikale Drehung nach oben und unten. 360\u00b0 nach links und rechts, um einen gro\u00dfen Bereich detaillierter abzudecken und jede Ecke mit zus\u00e4tzlicher Sicherheitsbeleuchtung zu versehen.<\/div>\n<div>\n<p><strong>LANGLEBIG UND HALTBAR<\/strong><\/p>\n<div class=\"description\">Die Lampe besteht aus einem PC+ABS-Geh\u00e4use mit guter IP65-Wasserbest\u00e4ndigkeit. Dadurch kann die Energieeffizienz verbessert und der LED-Chip bei niedrigen Temperaturen betrieben werden, wodurch die Lampe langlebig ist und lange funktioniert. Sie wurde speziell f\u00fcr die Sicherheit zu Hause und im gewerblichen Bereich entwickelt.<\/div>\n<div>\n<p><strong>LICHTSTEUERUNG<\/strong><\/p>\n<div class=\"description\">\n<div class=\"description\">\n<p>Wenn eine Person kommt, betr\u00e4gt die Leistung der Lampe 100%, und nachdem die Person gegangen ist, betr\u00e4gt die Leistung der Lampe 30%. Funktioniert automatisch bei D\u00e4mmerung und schaltet sich bei Sonnenaufgang automatisch aus. Wenn es tags\u00fcber vollst\u00e4ndig aufgeladen wird, kann es mehr als 24 Stunden lang ununterbrochen leuchten.<\/p>\n<\/div>\n<\/div>\n<\/div>\n<\/div>\n<\/div>","protected":false},"excerpt":{"rendered":"<dl class=\"amount clearfix\">\n<dt class=\"metatit\">Zertifizierung CE\/ISO9001\/RoHS\/3C\/CQC\/\/UL\/T\u00dcV<\/dt>\n<\/dl>\n<dl class=\"amount clearfix\">\n<dt class=\"metatit\">Lieferzeit 5-15 Tage<\/dt>\n<\/dl>\n<dl class=\"amount clearfix\">\n<dt class=\"metatit\">Zahlungsbedingungen L\/C, D\/A, D\/P, T\/T, Western Union, Money Gram,<\/dt>\n<\/dl>\n<dl class=\"amount clearfix\">\n<dt class=\"metatit\">Lumen 160lm\/w<\/dt>\n<\/dl>\n<dl class=\"amount clearfix\">\n<dt class=\"metatit\">Starthafen Guangzhou, Shenzhen, Zhuhai<\/dt>\n<\/dl>\n<dl class=\"amount clearfix\">\n<dt class=\"metatit\">Lieferf\u00e4higkeit 5000 PCS\/Monat<\/dt>\n<\/dl>","protected":false},"featured_media":1373,"comment_status":"open","ping_status":"closed","template":"","meta":[],"product_cat":[33,32],"product_tag":[],"class_list":{"0":"post-1371","1":"product","2":"type-product","3":"status-publish","4":"has-post-thumbnail","6":"product_cat-solar-street-light","7":"product_cat-solar-light","9":"first","10":"instock","11":"shipping-taxable","12":"product-type-simple"},"_links":{"self":[{"href":"https:\/\/www.xd-solar.com\/de\/wp-json\/wp\/v2\/product\/1371","targetHints":{"allow":["GET"]}}],"collection":[{"href":"https:\/\/www.xd-solar.com\/de\/wp-json\/wp\/v2\/product"}],"about":[{"href":"https:\/\/www.xd-solar.com\/de\/wp-json\/wp\/v2\/types\/product"}],"replies":[{"embeddable":true,"href":"https:\/\/www.xd-solar.com\/de\/wp-json\/wp\/v2\/comments?post=1371"}],"wp:featuredmedia":[{"embeddable":true,"href":"https:\/\/www.xd-solar.com\/de\/wp-json\/wp\/v2\/media\/1373"}],"wp:attachment":[{"href":"https:\/\/www.xd-solar.com\/de\/wp-json\/wp\/v2\/media?parent=1371"}],"wp:term":[{"taxonomy":"product_cat","embeddable":true,"href":"https:\/\/www.xd-solar.com\/de\/wp-json\/wp\/v2\/product_cat?post=1371"},{"taxonomy":"product_tag","embeddable":true,"href":"https:\/\/www.xd-solar.com\/de\/wp-json\/wp\/v2\/product_tag?post=1371"}],"curies":[{"name":"wp","href":"https:\/\/api.w.org\/{rel}","templated":true}]}}