{"id":1398,"date":"2023-03-18T17:22:51","date_gmt":"2023-03-18T09:22:51","guid":{"rendered":"https:\/\/xd-solar.com\/?post_type=product&#038;p=1398"},"modified":"2023-12-18T17:33:11","modified_gmt":"2023-12-18T09:33:11","slug":"solar-combination-street-light-all-in-one-solar-street-light-160w-200w-300w-320w","status":"publish","type":"product","link":"https:\/\/www.xd-solar.com\/de\/produkt\/solar-combination-street-light-all-in-one-solar-street-light-160w-200w-300w-320w\/","title":{"rendered":"Solar-Kombinationsstra\u00dfenlaterne All-In-One-Solarstra\u00dfenlaterne 160W 200W 300W 320W"},"content":{"rendered":"<div class=\"numbox\"><strong>Solarstra\u00dfenlaterne<\/strong><\/div>\n<p>Das Produktdesignkonzept erbt den Sinn f\u00fcr Wissenschaft und Technologie sowie den visuellen Stil des industriellen Designs. Wagen Sie es, den traditionellen Designstil der Au\u00dfenbeleuchtung zu durchbrechen. F\u00fcr Au\u00dfenbeleuchtungsprodukte, um ein neues visuelles Erscheinungsbild zu schaffen, verpflichtet, den n\u00e4chsten Absatzmarkt f\u00fcr beliebte Produkte zu schaffen!<\/p>\n<p><strong>Intelligente Lichtsteuerung<\/strong><\/p>\n<div class=\"description\">\n<p>Schalten Sie das Licht bei D\u00e4mmerung automatisch ein, bei Tagesanbruch aus und beginnen Sie mit dem Laden. Solarbetriebene Stra\u00dfenlaternen f\u00fcr den Au\u00dfenbereich verwenden Photovoltaikmodule aus Polysilizium, die die photoelektrische Umwandlungsrate um 25% erh\u00f6hen. Das vollst\u00e4ndige Laden dauert nur 6\u20138 Stunden. Dank der integrierten Lithiumbatterie mit hoher Kapazit\u00e4t (22.000 mAh) kann die LED-Solarstra\u00dfenlaterne im Radarsensormodus etwa 20\u201324 Stunden lang betrieben werden.<\/p>\n<p><strong>Vorteile von Solar-Stra\u00dfenlaternen<\/strong><\/p>\n<p>1. Erneuerbare Energie: keine Verkabelung, kein Grabenausheben. Keine Sorge wegen Stromausf\u00e4llen.<\/p>\n<p>2. Umweltschutz: keine Umweltverschmutzung, kein L\u00e4rm, keine Strahlung;<\/p>\n<p>3. Sicherheit: wasserdicht, explosionsgesch\u00fctzt;<\/p>\n<p>4. Komfort: Einfache Installation, spart Zeit und Arbeitskosten.<\/p>\n<p>5. LED: LED-Chip mit hoher Helligkeit, h\u00f6here Lumenzahl, l\u00e4ngere Lebensdauer, mehr Energieeinsparung, langlebiger<\/p>\n<\/div>","protected":false},"excerpt":{"rendered":"<dl class=\"amount clearfix\">\n<dt class=\"metatit\">Zertifizierung CE\/ISO9001\/RoHS\/3C\/CQC\/\/UL\/T\u00dcV<\/dt>\n<\/dl>\n<dl class=\"amount clearfix\">\n<dt class=\"metatit\">Lieferzeit 5-15 Tage<\/dt>\n<\/dl>\n<dl class=\"amount clearfix\">\n<dt class=\"metatit\">Zahlungsbedingungen L\/C, D\/A, D\/P, T\/T, Western Union, Money Gram,<\/dt>\n<\/dl>\n<dl class=\"amount clearfix\">\n<dt class=\"metatit\">Service OEM\/ODM Kundenspezifisch<\/dt>\n<\/dl>\n<dl class=\"amount clearfix\">\n<dt class=\"metatit\">Starthafen Guangzhou, Shenzhen, Zhuhai<\/dt>\n<\/dl>\n<dl class=\"amount clearfix\">\n<dt class=\"metatit\">Lieferf\u00e4higkeit 5000 ST\u00dcCK\/Monat<\/dt>\n<\/dl>","protected":false},"featured_media":1403,"comment_status":"open","ping_status":"closed","template":"","meta":[],"product_cat":[33,32],"product_tag":[],"class_list":{"0":"post-1398","1":"product","2":"type-product","3":"status-publish","4":"has-post-thumbnail","6":"product_cat-solar-street-light","7":"product_cat-solar-light","9":"first","10":"instock","11":"shipping-taxable","12":"product-type-simple"},"_links":{"self":[{"href":"https:\/\/www.xd-solar.com\/de\/wp-json\/wp\/v2\/product\/1398","targetHints":{"allow":["GET"]}}],"collection":[{"href":"https:\/\/www.xd-solar.com\/de\/wp-json\/wp\/v2\/product"}],"about":[{"href":"https:\/\/www.xd-solar.com\/de\/wp-json\/wp\/v2\/types\/product"}],"replies":[{"embeddable":true,"href":"https:\/\/www.xd-solar.com\/de\/wp-json\/wp\/v2\/comments?post=1398"}],"wp:featuredmedia":[{"embeddable":true,"href":"https:\/\/www.xd-solar.com\/de\/wp-json\/wp\/v2\/media\/1403"}],"wp:attachment":[{"href":"https:\/\/www.xd-solar.com\/de\/wp-json\/wp\/v2\/media?parent=1398"}],"wp:term":[{"taxonomy":"product_cat","embeddable":true,"href":"https:\/\/www.xd-solar.com\/de\/wp-json\/wp\/v2\/product_cat?post=1398"},{"taxonomy":"product_tag","embeddable":true,"href":"https:\/\/www.xd-solar.com\/de\/wp-json\/wp\/v2\/product_tag?post=1398"}],"curies":[{"name":"wp","href":"https:\/\/api.w.org\/{rel}","templated":true}]}}