{"id":1415,"date":"2023-03-19T15:57:06","date_gmt":"2023-03-19T07:57:06","guid":{"rendered":"https:\/\/xd-solar.com\/?post_type=product&#038;p=1415"},"modified":"2023-12-19T16:02:47","modified_gmt":"2023-12-19T08:02:47","slug":"high-power-ip65-waterproof-outdoor-150w-250w-led-solar-flood-light","status":"publish","type":"product","link":"https:\/\/www.xd-solar.com\/de\/produkt\/high-power-ip65-waterproof-outdoor-150w-250w-led-solar-flood-light\/","title":{"rendered":"Hochleistungs-IP65-wasserdichtes 150-W-250-W-LED-Solarflutlicht f\u00fcr den Au\u00dfenbereich"},"content":{"rendered":"<div class=\"numbox\"><strong>Intelligente Lichtsteuerung<\/strong><\/div>\n<div class=\"description\">Die Lichter werden bei D\u00e4mmerung automatisch eingeschaltet und bei Tagesanbruch ausgeschaltet, um den Ladevorgang zu starten. Die Beleuchtungsdauer und -helligkeit sowie der Beleuchtungsmodus k\u00f6nnen \u00fcber die Fernbedienung gesteuert werden.<\/div>\n<div>\n<div class=\"numbox\"><strong>Solar-LED-Flutlicht<\/strong><\/div>\n<div class=\"numbox\">1. LED, high-capacity lithium battery, all-in-one controller.<\/div>\n<div class=\"description\">\n<p>2. Use solar energy as a power source, which is a good resource that is being continuously developed.<\/p>\n<p>3. High-capacity lithium battery: high power, long use time, light weight, green resources, and will not cause any harm.<\/p>\n<p>4. Using\u00a0<a href=\"https:\/\/www.alltopgroup.com\/product\" target=\"_blank\" rel=\"noopener\">LED lighting<\/a>, no diffusion effect, high light efficiency, plus a unique secondary optical design, can be Illuminating to a wider area again improves the light efficiency and achieves the purpose of energy saving.<\/p>\n<div class=\"numbox\"><strong>IP65 Erweiterte Wasserdichtigkeit<\/strong><\/div>\n<div class=\"description\">Dieses Flutlicht verf\u00fcgt \u00fcber eine neue wasserdichte R\u00fcckschale, die allen Wetterbedingungen standh\u00e4lt und problemlos mit allen Wetterbedingungen im Freien zurechtkommt. Das Flutlicht verf\u00fcgt \u00fcber ein robustes Geh\u00e4use aus Aluminiumdruckguss, und das Design des Aluminium-Bel\u00fcftungsk\u00fchlk\u00f6rpers sorgt f\u00fcr eine bessere W\u00e4rmeableitung und eine l\u00e4ngere Lebensdauer des Flutlichts.<\/div>\n<div>\n<div class=\"numbox\"><strong>Hocheffizientes Solarpanel<\/strong><\/div>\n<div class=\"numbox\">Solarmodule aus polykristallinem Silizium sind einfacher herzustellen, sparen Strom und weisen insgesamt geringere Produktionskosten auf.<\/div>\n<\/div>\n<div><\/div>\n<\/div>\n<\/div>","protected":false},"excerpt":{"rendered":"<dl class=\"amount clearfix\">\n<dt class=\"metatit\">Certification\u00a0 \u00a0 \u00a0 \u00a0 \u00a0 \u00a0 \u00a0 \u00a0 \u00a0 CE\/ISO9001\/RoHS\/3C\/CQC\/\/UL\/TUV<\/dt>\n<\/dl>\n<dl class=\"amount clearfix\">\n<dt class=\"metatit\">Delivery Time\u00a0 \u00a0 \u00a0 \u00a0 \u00a0 \u00a0 \u00a0 \u00a05-15days<\/dt>\n<\/dl>\n<dl class=\"amount clearfix\">\n<dt class=\"metatit\">Zahlungsbedingungen L\/C, D\/A, D\/P, T\/T, Western Union, Money Gram,<\/dt>\n<\/dl>\n<dl class=\"amount clearfix\">\n<dt class=\"metatit\">Charging time\u00a0 \u00a0 \u00a0 \u00a0 \u00a0 \u00a0 \u00a0 \u00a06-8 Hours<\/dt>\n<\/dl>\n<dl class=\"amount clearfix\">\n<dt class=\"metatit\">Discharging time\u00a0 \u00a0 \u00a0 \u00a0 \u00a0 2Rainy days<\/dt>\n<\/dl>\n<dl class=\"amount clearfix\">\n<dt class=\"metatit\">Lumen 160 lm\/w<\/dt>\n<\/dl>\n<dl class=\"amount clearfix\">\n<dt class=\"metatit\">Material Aluminium-Druckguss<\/dt>\n<\/dl>\n<dl class=\"amount clearfix\">\n<dt class=\"metatit\">Install Height\u00a0 \u00a0 \u00a0 \u00a0 \u00a0 \u00a0 \u00a0 \u00a0 5-7m<\/dt>\n<\/dl>\n<dl class=\"amount clearfix\">\n<dt class=\"metatit\">Starthafen Guangzhou, Shenzhen, Zhuhai<\/dt>\n<\/dl>\n<dl class=\"amount clearfix\">\n<dt class=\"metatit\">Lieferf\u00e4higkeit 5000 ST\u00dcCK\/Monat<\/dt>\n<\/dl>","protected":false},"featured_media":1421,"comment_status":"open","ping_status":"closed","template":"","meta":[],"product_cat":[34,32],"product_tag":[],"class_list":{"0":"post-1415","1":"product","2":"type-product","3":"status-publish","4":"has-post-thumbnail","6":"product_cat-solar-flood-light","7":"product_cat-solar-light","9":"first","10":"instock","11":"shipping-taxable","12":"product-type-simple"},"_links":{"self":[{"href":"https:\/\/www.xd-solar.com\/de\/wp-json\/wp\/v2\/product\/1415","targetHints":{"allow":["GET"]}}],"collection":[{"href":"https:\/\/www.xd-solar.com\/de\/wp-json\/wp\/v2\/product"}],"about":[{"href":"https:\/\/www.xd-solar.com\/de\/wp-json\/wp\/v2\/types\/product"}],"replies":[{"embeddable":true,"href":"https:\/\/www.xd-solar.com\/de\/wp-json\/wp\/v2\/comments?post=1415"}],"wp:featuredmedia":[{"embeddable":true,"href":"https:\/\/www.xd-solar.com\/de\/wp-json\/wp\/v2\/media\/1421"}],"wp:attachment":[{"href":"https:\/\/www.xd-solar.com\/de\/wp-json\/wp\/v2\/media?parent=1415"}],"wp:term":[{"taxonomy":"product_cat","embeddable":true,"href":"https:\/\/www.xd-solar.com\/de\/wp-json\/wp\/v2\/product_cat?post=1415"},{"taxonomy":"product_tag","embeddable":true,"href":"https:\/\/www.xd-solar.com\/de\/wp-json\/wp\/v2\/product_tag?post=1415"}],"curies":[{"name":"wp","href":"https:\/\/api.w.org\/{rel}","templated":true}]}}