{"id":1438,"date":"2023-03-19T17:25:48","date_gmt":"2023-03-19T09:25:48","guid":{"rendered":"https:\/\/xd-solar.com\/?post_type=product&#038;p=1438"},"modified":"2023-12-19T17:32:45","modified_gmt":"2023-12-19T09:32:45","slug":"solar-led-flood-light","status":"publish","type":"product","link":"https:\/\/www.xd-solar.com\/de\/produkt\/solar-led-flood-light\/","title":{"rendered":"Solar-LED-Flutlicht"},"content":{"rendered":"<div class=\"numbox\"><strong>Solar-LED-Flutlicht\u00a0<\/strong><\/div>\n<div class=\"description\">\n<p>Energiesparendes Bridgelux-SMD-Solar-LED-Flutlicht mit hoher Lumenzahl und wasserdichtem IP65 f\u00fcr den Au\u00dfenbereich, 50 W, 100 W, 150 W. Vielf\u00e4ltige Montageanwendungen: Dachtraufen, Geb\u00e4udefassaden, Pl\u00e4tze, Sportpl\u00e4tze, B\u00fchnen, Werbetafeln, Steing\u00e4rten, Br\u00fccken, D\u00e4cher, Hochh\u00e4user, Villen, Parks und andere dekorative Konturen, Pixel, Projektionsbeleuchtung.<\/p>\n<div class=\"numbox\"><strong>Hochwertiger LED-Chip\u00a0<\/strong><\/div>\n<div class=\"description\">\n<p>Importierte LED-Lampenperlen, 160 Lumen\/W, h\u00f6here Nutzungsrate, l\u00e4ngere Lebensdauer, Umweltschutz und Energieeinsparung, sorgen f\u00fcr sanfte und angenehme Beleuchtung<\/p>\n<p><strong>SOLARMODULE<\/strong><\/p>\n<p>Das Solarpanel verf\u00fcgt \u00fcber eine starke Absorptionskapazit\u00e4t und die Umwandlungsrate liegt bei \u00fcber 10%, was Strom spart und Staub, Regen und Korrosion verhindert.<\/p>\n<div>\n<div class=\"numbox\"><strong>PIR<\/strong><\/div>\n<div><\/div>\n<div class=\"description\">\n<div class=\"description\">Infrarotlicht des menschlichen K\u00f6rpers. Umgebungen mit starker Beleuchtung (tags\u00fcber) leuchten nicht! In Umgebungen mit schwacher Beleuchtung oder nachts erkennt der Sensork\u00f6rper die durch die Bewegung des menschlichen K\u00f6rpers verursachte \u00c4nderung der Infrarot-W\u00e4rmeenergie und l\u00f6st dann die Beleuchtung aus. Der Erfassungsdurchmesser ist gr\u00f6\u00dfer und empfindlicher.<\/div>\n<div><\/div>\n<div>\n<div class=\"numbox\"><strong>ABS+Aluminium<\/strong><\/div>\n<div class=\"description\">ABS ist ein sehr sicheres Material mit harter Beschaffenheit, Feuchtigkeits- und Korrosionsbest\u00e4ndigkeit sowie guter Lichtdurchl\u00e4ssigkeit.<\/div>\n<\/div>\n<\/div>\n<\/div>\n<\/div>\n<\/div>","protected":false},"excerpt":{"rendered":"<dl class=\"amount clearfix\">\n<dt class=\"metatit\">Zertifizierung CE\/ISO9001\/RoHS\/3C\/CQC\/\/UL\/T\u00dcV<\/dt>\n<\/dl>\n<dl class=\"amount clearfix\">\n<dt class=\"metatit\">Lieferzeit 5-15 Tage<\/dt>\n<\/dl>\n<dl class=\"amount clearfix\">\n<dt class=\"metatit\">Zahlungsbedingungen L\/C, D\/A, D\/P, T\/T, Western Union, Money Gram,<\/dt>\n<\/dl>\n<dl class=\"amount clearfix\">\n<dt class=\"metatit\">Starthafen Guangzhou, Shenzhen, Zhuhai<\/dt>\n<\/dl>\n<dl class=\"amount clearfix\">\n<dt class=\"metatit\">Lieferf\u00e4higkeit 5000 PCS\/Monat<\/dt>\n<\/dl>","protected":false},"featured_media":1439,"comment_status":"open","ping_status":"closed","template":"","meta":[],"product_cat":[34,32],"product_tag":[],"class_list":{"0":"post-1438","1":"product","2":"type-product","3":"status-publish","4":"has-post-thumbnail","6":"product_cat-solar-flood-light","7":"product_cat-solar-light","9":"first","10":"instock","11":"shipping-taxable","12":"product-type-simple"},"_links":{"self":[{"href":"https:\/\/www.xd-solar.com\/de\/wp-json\/wp\/v2\/product\/1438","targetHints":{"allow":["GET"]}}],"collection":[{"href":"https:\/\/www.xd-solar.com\/de\/wp-json\/wp\/v2\/product"}],"about":[{"href":"https:\/\/www.xd-solar.com\/de\/wp-json\/wp\/v2\/types\/product"}],"replies":[{"embeddable":true,"href":"https:\/\/www.xd-solar.com\/de\/wp-json\/wp\/v2\/comments?post=1438"}],"wp:featuredmedia":[{"embeddable":true,"href":"https:\/\/www.xd-solar.com\/de\/wp-json\/wp\/v2\/media\/1439"}],"wp:attachment":[{"href":"https:\/\/www.xd-solar.com\/de\/wp-json\/wp\/v2\/media?parent=1438"}],"wp:term":[{"taxonomy":"product_cat","embeddable":true,"href":"https:\/\/www.xd-solar.com\/de\/wp-json\/wp\/v2\/product_cat?post=1438"},{"taxonomy":"product_tag","embeddable":true,"href":"https:\/\/www.xd-solar.com\/de\/wp-json\/wp\/v2\/product_tag?post=1438"}],"curies":[{"name":"wp","href":"https:\/\/api.w.org\/{rel}","templated":true}]}}