{"id":1445,"date":"2023-03-19T17:33:17","date_gmt":"2023-03-19T09:33:17","guid":{"rendered":"https:\/\/xd-solar.com\/?post_type=product&#038;p=1445"},"modified":"2023-12-19T17:40:09","modified_gmt":"2023-12-19T09:40:09","slug":"emergency-solar-led-flood-light","status":"publish","type":"product","link":"https:\/\/www.xd-solar.com\/de\/produkt\/emergency-solar-led-flood-light\/","title":{"rendered":"Solarbetriebenes LED-Notflutlicht"},"content":{"rendered":"<div class=\"numbox\"><strong>Solar-LED-Flutlicht<\/strong><\/div>\n<div class=\"description\">\n<p>Hohe Leistung, hohe Lumen, hohe Qualit\u00e4t. Einfach zu installieren und zu verwenden, sicher und zuverl\u00e4ssig. Der Leuchtenk\u00f6rper besteht aus einer hochwertigen Aluminiumlegierung mit Lackierung oder anodischer Oberfl\u00e4chenbehandlung, pr\u00e4zisem und einzigartigem Design und hervorragender W\u00e4rmeableitung. Wird haupts\u00e4chlich f\u00fcr Geb\u00e4udeumrisse, Stadien, \u00dcberf\u00fchrungen, Denkm\u00e4ler, Parks und Blumenbeete usw. verwendet.<\/p>\n<p><strong>Hochwertiger LED-Chip\u00a0<\/strong><\/p>\n<p>The LED chip is a semiconductor chip that emits light and is not easily broken, so that its service life can reach 50,000 hours, while the ordinary incandescent lamp has a service life of only one thousand hours;<\/p>\n<div class=\"numbox\"><strong>Polysilicon solar panel<\/strong><\/div>\n<div><\/div>\n<div>\n<div class=\"description\">Solarmodule aus polykristallinem Silizium sind einfacher herzustellen, sparen Strom und weisen insgesamt geringere Produktionskosten auf.<\/div>\n<div><\/div>\n<div>\n<div class=\"numbox\"><strong>IP65 Erweiterte Wasserdichtigkeit<\/strong><\/div>\n<div class=\"description\">Einfache Bedienung, leicht zu verwenden, automatische Beleuchtung bei Nacht, sicherer, langlebiger, modischer. Mehrfach-Barriere-Dichtungsdesign, nahtloser Schutz vor Regen und Staub, passt sich leicht an alle Wetterarten an.<\/div>\n<div><\/div>\n<div>\n<div class=\"numbox\"><strong>Electric power line interface<\/strong><\/div>\n<div><\/div>\n<div class=\"description\">The upgraded version is of high quality waterproof, anti-leakage, anti-explosion and sun-proof power cord, with long service life. Die-cast aluminum: The product quality is good, the production efficiency is high, it is in compliance with RoHS environmental protection standards, and has a good metal texture.<\/div>\n<\/div>\n<\/div>\n<\/div>\n<\/div>","protected":false},"excerpt":{"rendered":"<dl class=\"amount clearfix\">\n<dt class=\"metatit\">Certification\u00a0 \u00a0 \u00a0 \u00a0 \u00a0 \u00a0 \u00a0 CE\/ISO9001\/RoHS\/3C\/CQC\/\/UL\/TUV<\/dt>\n<\/dl>\n<dl class=\"amount clearfix\">\n<dt class=\"metatit\">Lieferzeit 5-15 Tage<\/dt>\n<\/dl>\n<dl class=\"amount clearfix\">\n<dt class=\"metatit\">Payment Terms\u00a0 \u00a0 \u00a0 \u00a0 \u00a0L\/C, D\/A, D\/P, T\/T, Western Union, MoneyGram,<\/dt>\n<\/dl>\n<dl class=\"amount clearfix\">\n<dt class=\"metatit\">Service OEM\/ODM Kundenspezifisch<\/dt>\n<\/dl>\n<dl class=\"amount clearfix\">\n<dt class=\"metatit\">Starthafen Guangzhou, Shenzhen, Zhuhai<\/dt>\n<\/dl>\n<dl class=\"amount clearfix\">\n<dt class=\"metatit\">Lieferf\u00e4higkeit 5000 PCS\/Monat<\/dt>\n<\/dl>","protected":false},"featured_media":1449,"comment_status":"open","ping_status":"closed","template":"","meta":[],"product_cat":[34,32],"product_tag":[],"class_list":{"0":"post-1445","1":"product","2":"type-product","3":"status-publish","4":"has-post-thumbnail","6":"product_cat-solar-flood-light","7":"product_cat-solar-light","9":"first","10":"instock","11":"shipping-taxable","12":"product-type-simple"},"_links":{"self":[{"href":"https:\/\/www.xd-solar.com\/de\/wp-json\/wp\/v2\/product\/1445","targetHints":{"allow":["GET"]}}],"collection":[{"href":"https:\/\/www.xd-solar.com\/de\/wp-json\/wp\/v2\/product"}],"about":[{"href":"https:\/\/www.xd-solar.com\/de\/wp-json\/wp\/v2\/types\/product"}],"replies":[{"embeddable":true,"href":"https:\/\/www.xd-solar.com\/de\/wp-json\/wp\/v2\/comments?post=1445"}],"wp:featuredmedia":[{"embeddable":true,"href":"https:\/\/www.xd-solar.com\/de\/wp-json\/wp\/v2\/media\/1449"}],"wp:attachment":[{"href":"https:\/\/www.xd-solar.com\/de\/wp-json\/wp\/v2\/media?parent=1445"}],"wp:term":[{"taxonomy":"product_cat","embeddable":true,"href":"https:\/\/www.xd-solar.com\/de\/wp-json\/wp\/v2\/product_cat?post=1445"},{"taxonomy":"product_tag","embeddable":true,"href":"https:\/\/www.xd-solar.com\/de\/wp-json\/wp\/v2\/product_tag?post=1445"}],"curies":[{"name":"wp","href":"https:\/\/api.w.org\/{rel}","templated":true}]}}