{"id":1451,"date":"2023-03-21T09:46:04","date_gmt":"2023-03-21T01:46:04","guid":{"rendered":"https:\/\/xd-solar.com\/?post_type=product&#038;p=1451"},"modified":"2023-12-21T10:08:44","modified_gmt":"2023-12-21T02:08:44","slug":"high-lumen-outdoor-lighting-waterproof-ip65-solar-led-flood-light","status":"publish","type":"product","link":"https:\/\/www.xd-solar.com\/de\/produkt\/high-lumen-outdoor-lighting-waterproof-ip65-solar-led-flood-light\/","title":{"rendered":"Hohe Lumen Au\u00dfenbeleuchtung Wasserdichtes IP65 Solar-LED-Flutlicht"},"content":{"rendered":"<div class=\"numbox\"><strong>Solar-LED-Flutlicht\u00a0<\/strong><\/div>\n<div class=\"description\">\n<p>Hohe Leistung, hohe Lumen, hohe Qualit\u00e4t. Einfach zu installieren und zu verwenden, sicher und zuverl\u00e4ssig. Der Leuchtenk\u00f6rper besteht aus einer hochwertigen Aluminiumlegierung mit Lackierung oder anodischer Oberfl\u00e4chenbehandlung, pr\u00e4zisem und einzigartigem Design und hervorragender W\u00e4rmeableitung. Wird haupts\u00e4chlich f\u00fcr Geb\u00e4udeumrisse, Stadien, \u00dcberf\u00fchrungen, Denkm\u00e4ler, Parks und Blumenbeete usw. verwendet.<\/p>\n<p><strong>Einfach zu installieren<\/strong><\/p>\n<p>Es kann direkt an der Wand oder am Lichtmast installiert werden. Solarenergie kann f\u00fcr die ganzj\u00e4hrige Beleuchtung verwendet werden, keine Verkabelung, keine Wechsel- oder Gleichstromversorgung. Sie k\u00f6nnen viel Strom sparen, ohne sich um neue Batterien oder Netzstrom k\u00fcmmern zu m\u00fcssen.<\/p>\n<div><strong>IP65 Erweiterte Wasserdichtigkeit<\/strong><\/div>\n<div>\n<div><\/div>\n<div class=\"description\">Einfache Bedienung, leicht zu verwenden, automatische Beleuchtung bei Nacht, sicherer, langlebiger, modischer. Mehrfach-Barriere-Dichtungsdesign, nahtloser Schutz vor Regen und Staub, passt sich leicht an alle Wetterarten an.<\/div>\n<div><\/div>\n<div><\/div>\n<div><\/div>\n<div>\n<div class=\"numbox\"><strong>Intelligente Steuerung<\/strong><\/div>\n<div class=\"description\">\n<p>F\u00fcr dieses Solar-Flutlicht gibt es zwei Steuerungsm\u00f6glichkeiten von der D\u00e4mmerung bis zum Morgengrauen.<\/p>\n<p>1. Lichtsteuerung: Automatisches Einschalten bei D\u00e4mmerung, automatisches Ausschalten bei Tagesanbruch.<\/p>\n<p>2. Fernbedienung: Zwangsschalter, Timing, Helligkeitseinstellung, einfach zu bedienen.<\/p>\n<\/div>\n<\/div>\n<\/div>\n<\/div>","protected":false},"excerpt":{"rendered":"<dl class=\"amount clearfix\">\n<dt class=\"metatit\">Zertifizierung CE\/ISO9001\/RoHS\/3C\/CQC\/\/UL\/T\u00dcV<\/dt>\n<\/dl>\n<dl class=\"amount clearfix\">\n<dt class=\"metatit\">Lieferzeit 5-15 Tage<\/dt>\n<\/dl>\n<dl class=\"amount clearfix\">\n<dt class=\"metatit\">Zahlungsbedingungen L\/C, D\/A, D\/P, T\/T, Western Union, Money Gram,<\/dt>\n<\/dl>\n<dl class=\"amount clearfix\">\n<dt class=\"metatit\">Service OEM\/ODM Kundenspezifisch<\/dt>\n<\/dl>\n<dl class=\"amount clearfix\">\n<dt class=\"metatit\">Starthafen Guangzhou, Shenzhen, Zhuhai<\/dt>\n<\/dl>\n<dl class=\"amount clearfix\">\n<dt class=\"metatit\">Lieferf\u00e4higkeit 5000 PCS\/Monat<\/dt>\n<\/dl>","protected":false},"featured_media":1453,"comment_status":"open","ping_status":"closed","template":"","meta":[],"product_cat":[34,32],"product_tag":[],"class_list":{"0":"post-1451","1":"product","2":"type-product","3":"status-publish","4":"has-post-thumbnail","6":"product_cat-solar-flood-light","7":"product_cat-solar-light","9":"first","10":"instock","11":"shipping-taxable","12":"product-type-simple"},"_links":{"self":[{"href":"https:\/\/www.xd-solar.com\/de\/wp-json\/wp\/v2\/product\/1451","targetHints":{"allow":["GET"]}}],"collection":[{"href":"https:\/\/www.xd-solar.com\/de\/wp-json\/wp\/v2\/product"}],"about":[{"href":"https:\/\/www.xd-solar.com\/de\/wp-json\/wp\/v2\/types\/product"}],"replies":[{"embeddable":true,"href":"https:\/\/www.xd-solar.com\/de\/wp-json\/wp\/v2\/comments?post=1451"}],"wp:featuredmedia":[{"embeddable":true,"href":"https:\/\/www.xd-solar.com\/de\/wp-json\/wp\/v2\/media\/1453"}],"wp:attachment":[{"href":"https:\/\/www.xd-solar.com\/de\/wp-json\/wp\/v2\/media?parent=1451"}],"wp:term":[{"taxonomy":"product_cat","embeddable":true,"href":"https:\/\/www.xd-solar.com\/de\/wp-json\/wp\/v2\/product_cat?post=1451"},{"taxonomy":"product_tag","embeddable":true,"href":"https:\/\/www.xd-solar.com\/de\/wp-json\/wp\/v2\/product_tag?post=1451"}],"curies":[{"name":"wp","href":"https:\/\/api.w.org\/{rel}","templated":true}]}}