{"id":1460,"date":"2023-03-21T10:11:04","date_gmt":"2023-03-21T02:11:04","guid":{"rendered":"https:\/\/xd-solar.com\/?post_type=product&#038;p=1460"},"modified":"2023-12-21T10:23:50","modified_gmt":"2023-12-21T02:23:50","slug":"high-power-ip65-waterproof-outdoor-25w-40w-60w-100w-200w-led-solar-flood-light","status":"publish","type":"product","link":"https:\/\/www.xd-solar.com\/de\/produkt\/high-power-ip65-waterproof-outdoor-25w-40w-60w-100w-200w-led-solar-flood-light\/","title":{"rendered":"Hochleistungs-IP65-wasserdichtes Outdoor-25w 40W 60W 100W 200w LED-Solarflutlicht"},"content":{"rendered":"<div class=\"numbox\"><strong>Netzunabh\u00e4ngiges Solar-Flutlicht <\/strong><\/div>\n<div class=\"numbox\">\u00a0Das Solarflutlicht ist mit 2835 LED-Lampenperlen ausgestattet, die f\u00fcr superhelle Beleuchtung und Solarmodule mit hoher Umwandlungsrate sorgen. Das Lampengeh\u00e4use besteht aus Aluminiumdruckguss. Es verf\u00fcgt \u00fcber einen Lichtsensor, der sich an sonnigen Tagen tags\u00fcber automatisch aufl\u00e4dt und nachts automatisch aufleuchtet, was Ihnen ein gutes Erlebnis bietet. IP65 wasserdicht, sehr gut f\u00fcr den Einsatz im Freien geeignet<\/div>\n<div>\n<div class=\"numbox\"><strong>Intelligente Lichtsteuerung<\/strong><\/div>\n<div class=\"description\">Die Lichter werden bei D\u00e4mmerung automatisch eingeschaltet und bei Tagesanbruch ausgeschaltet, um den Ladevorgang zu starten. Die Beleuchtungsdauer und -helligkeit sowie der Beleuchtungsmodus k\u00f6nnen \u00fcber die Fernbedienung gesteuert werden.<\/div>\n<div>\n<div class=\"numbox\"><strong>IP65 Erweiterte Wasserdichtigkeit<\/strong><\/div>\n<div class=\"description\">Dieses Flutlicht verf\u00fcgt \u00fcber eine neue wasserdichte R\u00fcckschale, die allen Wetterbedingungen standh\u00e4lt und problemlos mit allen Wetterbedingungen im Freien zurechtkommt. Das Flutlicht verf\u00fcgt \u00fcber ein robustes Geh\u00e4use aus Aluminiumdruckguss, und das Design des Aluminium-Bel\u00fcftungsk\u00fchlk\u00f6rpers sorgt f\u00fcr eine bessere W\u00e4rmeableitung und eine l\u00e4ngere Lebensdauer des Flutlichts.<\/div>\n<div>\n<div class=\"numbox\"><strong>Hocheffizientes Solarpanel<\/strong><\/div>\n<div class=\"numbox\">Solarmodule aus polykristallinem Silizium sind einfacher herzustellen, sparen Strom und weisen insgesamt geringere Produktionskosten auf.<\/div>\n<\/div>\n<\/div>\n<\/div>","protected":false},"excerpt":{"rendered":"<dl class=\"amount clearfix\">\n<dt class=\"metatit\">Zertifizierung CE\/ISO9001\/RoHS\/3C\/CQC\/\/UL\/T\u00dcV<\/dt>\n<\/dl>\n<dl class=\"amount clearfix\">\n<dt class=\"metatit\">Lieferzeit 5-15 Tage<\/dt>\n<\/dl>\n<dl class=\"amount clearfix\">\n<dt class=\"metatit\">Zahlungsbedingungen L\/C, D\/A, D\/P, T\/T, Western Union, Money Gram,<\/dt>\n<\/dl>\n<dl class=\"amount clearfix\">\n<dt class=\"metatit\">Ladezeit 6-8 Stunden<\/dt>\n<\/dl>\n<dl class=\"amount clearfix\">\n<dt class=\"metatit\">Entladezeit 2Regentage<\/dt>\n<\/dl>\n<dl class=\"amount clearfix\">\n<dt class=\"metatit\">Lumen 160 lm\/w<\/dt>\n<\/dl>\n<dl class=\"amount clearfix\">\n<dt class=\"metatit\">Material Aluminium-Druckguss<\/dt>\n<\/dl>\n<dl class=\"amount clearfix\">\n<dt class=\"metatit\">Starthafen Guangzhou, Shenzhen, Zhuhai<\/dt>\n<\/dl>\n<dl class=\"amount clearfix\">\n<dt class=\"metatit\">Lieferf\u00e4higkeit 5000 ST\u00dcCK\/Monat<\/dt>\n<\/dl>","protected":false},"featured_media":1461,"comment_status":"open","ping_status":"closed","template":"","meta":[],"product_cat":[34,32],"product_tag":[],"class_list":{"0":"post-1460","1":"product","2":"type-product","3":"status-publish","4":"has-post-thumbnail","6":"product_cat-solar-flood-light","7":"product_cat-solar-light","9":"first","10":"instock","11":"shipping-taxable","12":"product-type-simple"},"_links":{"self":[{"href":"https:\/\/www.xd-solar.com\/de\/wp-json\/wp\/v2\/product\/1460","targetHints":{"allow":["GET"]}}],"collection":[{"href":"https:\/\/www.xd-solar.com\/de\/wp-json\/wp\/v2\/product"}],"about":[{"href":"https:\/\/www.xd-solar.com\/de\/wp-json\/wp\/v2\/types\/product"}],"replies":[{"embeddable":true,"href":"https:\/\/www.xd-solar.com\/de\/wp-json\/wp\/v2\/comments?post=1460"}],"wp:featuredmedia":[{"embeddable":true,"href":"https:\/\/www.xd-solar.com\/de\/wp-json\/wp\/v2\/media\/1461"}],"wp:attachment":[{"href":"https:\/\/www.xd-solar.com\/de\/wp-json\/wp\/v2\/media?parent=1460"}],"wp:term":[{"taxonomy":"product_cat","embeddable":true,"href":"https:\/\/www.xd-solar.com\/de\/wp-json\/wp\/v2\/product_cat?post=1460"},{"taxonomy":"product_tag","embeddable":true,"href":"https:\/\/www.xd-solar.com\/de\/wp-json\/wp\/v2\/product_tag?post=1460"}],"curies":[{"name":"wp","href":"https:\/\/api.w.org\/{rel}","templated":true}]}}