{"id":1470,"date":"2023-03-21T10:26:17","date_gmt":"2023-03-21T02:26:17","guid":{"rendered":"https:\/\/xd-solar.com\/?post_type=product&#038;p=1470"},"modified":"2023-12-21T10:38:04","modified_gmt":"2023-12-21T02:38:04","slug":"high-power-smd-ip65-waterproof-40w-60w-100w-150w-outdoor-garden-stadium-led-solar-floodlight","status":"publish","type":"product","link":"https:\/\/www.xd-solar.com\/de\/produkt\/high-power-smd-ip65-waterproof-40w-60w-100w-150w-outdoor-garden-stadium-led-solar-floodlight\/","title":{"rendered":"Hochleistungs-SMD IP65 wasserdichtes 40W 60W 100W 150W LED-Solarflutlicht f\u00fcr Gartenstadion im Freien"},"content":{"rendered":"<div class=\"numbox\"><strong>Solar-LED-Flutlicht <\/strong><\/div>\n<div class=\"numbox\">Dieses Solar-Flutlicht verf\u00fcgt \u00fcber superhelle <a href=\"https:\/\/www.xd-solar.com\/de\/\">LEDs<\/a> das in Sekundenschnelle Licht in die Dunkelheit bringt. Entworfen und gebaut f\u00fcr eine Vielzahl von Beleuchtungsanwendungen wie Gewerbe- und Industriegeb\u00e4ude, Parkpl\u00e4tze, Gehwege, Garagen, Hinterh\u00f6fe, Einfahrten, Stra\u00dfen, Wegbeleuchtung, Spielpl\u00e4tze, Bauernh\u00f6fe, Parks und gro\u00dfe Wohn- und Freizeitfl\u00e4chen. Diese hochwertig gebaute und sehr langlebige Leuchte ist v\u00f6llig in sich geschlossen.<\/div>\n<div>\n<div class=\"numbox\"><strong>Einfach zu installieren<\/strong><\/div>\n<div class=\"description\">Es kann direkt an der Wand oder am Lichtmast installiert werden. Solarenergie kann f\u00fcr die ganzj\u00e4hrige Beleuchtung verwendet werden, keine Verkabelung, keine Wechsel- oder Gleichstromversorgung. Sie k\u00f6nnen viel Strom sparen, ohne sich um neue Batterien oder Netzstrom k\u00fcmmern zu m\u00fcssen.<\/div>\n<div>\n<div class=\"numbox\"><strong>Langlebig und lange Lebensdauer<\/strong><\/div>\n<div class=\"description\">Diese LED-Flutlichtleuchte verf\u00fcgt \u00fcber ein Aluminiumgeh\u00e4use mit hervorragender W\u00e4rmeleitf\u00e4higkeit. Es sorgt f\u00fcr eine h\u00f6here Energieeffizienz, sorgt daf\u00fcr, dass der LED-Chip auch bei niedrigen Temperaturen funktioniert und sorgt f\u00fcr eine lange Betriebszeit der Leuchte.<\/div>\n<div>\n<div class=\"numbox\"><strong>Energie sparen<\/strong><\/div>\n<div class=\"numbox\">Keine Stromkosten, vollst\u00e4ndig solarbetrieben und kabellose Installation, wodurch Sie Kosten sparen k\u00f6nnen. Sorgen Sie jederzeit f\u00fcr Beleuchtung und Sicherheit in Ihrem Garten, Ihrer Garage, Stra\u00dfe und H\u00fctte, k\u00f6nnen Sie als Wandleuchte, Stra\u00dfenlaterne, Gartenleuchte usw. verwenden. 3 Jahre Garantie stellen sicher, dass dies schnell zu Ihrem bevorzugten risikolosen Kauf wird.<\/div>\n<\/div>\n<\/div>\n<\/div>","protected":false},"excerpt":{"rendered":"<dl class=\"amount clearfix\">\n<dt class=\"metatit\">Zertifizierung CE\/ISO9001\/RoHS\/3C\/CQC\/\/UL\/T\u00dcV<\/dt>\n<\/dl>\n<dl class=\"amount clearfix\">\n<dt class=\"metatit\">Lieferzeit 5-15 Tage<\/dt>\n<\/dl>\n<dl class=\"amount clearfix\">\n<dt class=\"metatit\">Zahlungsbedingungen L\/C, D\/A, D\/P, T\/T, Western Union, Money Gram,<\/dt>\n<\/dl>\n<dl class=\"amount clearfix\">\n<dt class=\"metatit\">Service OEM\/ODM Kundenspezifisch<\/dt>\n<\/dl>\n<dl class=\"amount clearfix\">\n<dt class=\"metatit\">Starthafen Guangzhou, Shenzhen, Zhuhai<\/dt>\n<\/dl>\n<dl class=\"amount clearfix\">\n<dt class=\"metatit\">Lieferf\u00e4higkeit 5000 PCS\/Monat<\/dt>\n<\/dl>","protected":false},"featured_media":1477,"comment_status":"open","ping_status":"closed","template":"","meta":[],"product_cat":[34,32],"product_tag":[],"class_list":{"0":"post-1470","1":"product","2":"type-product","3":"status-publish","4":"has-post-thumbnail","6":"product_cat-solar-flood-light","7":"product_cat-solar-light","9":"first","10":"instock","11":"shipping-taxable","12":"product-type-simple"},"_links":{"self":[{"href":"https:\/\/www.xd-solar.com\/de\/wp-json\/wp\/v2\/product\/1470","targetHints":{"allow":["GET"]}}],"collection":[{"href":"https:\/\/www.xd-solar.com\/de\/wp-json\/wp\/v2\/product"}],"about":[{"href":"https:\/\/www.xd-solar.com\/de\/wp-json\/wp\/v2\/types\/product"}],"replies":[{"embeddable":true,"href":"https:\/\/www.xd-solar.com\/de\/wp-json\/wp\/v2\/comments?post=1470"}],"wp:featuredmedia":[{"embeddable":true,"href":"https:\/\/www.xd-solar.com\/de\/wp-json\/wp\/v2\/media\/1477"}],"wp:attachment":[{"href":"https:\/\/www.xd-solar.com\/de\/wp-json\/wp\/v2\/media?parent=1470"}],"wp:term":[{"taxonomy":"product_cat","embeddable":true,"href":"https:\/\/www.xd-solar.com\/de\/wp-json\/wp\/v2\/product_cat?post=1470"},{"taxonomy":"product_tag","embeddable":true,"href":"https:\/\/www.xd-solar.com\/de\/wp-json\/wp\/v2\/product_tag?post=1470"}],"curies":[{"name":"wp","href":"https:\/\/api.w.org\/{rel}","templated":true}]}}