{"id":1740,"date":"2024-03-21T19:11:17","date_gmt":"2024-03-21T11:11:17","guid":{"rendered":"https:\/\/www.xd-solar.com\/product\/inverter-energy-storage-system-all-in-one-ess-with-solar-hybrid-inverter-and-lifepo4-storage-battery-pack-all-in-one-system\/"},"modified":"2024-10-30T21:14:56","modified_gmt":"2024-10-30T13:14:56","slug":"inverter-energy-storage-system","status":"publish","type":"product","link":"https:\/\/www.xd-solar.com\/de\/produkt\/inverter-energy-storage-system\/","title":{"rendered":"Wechselrichter-Energiespeichersystem \u201eAll-in-One-Ess\u201c mit hybridem Solarwechselrichter und Lifepo4-Speicherbatteriepack, All-in-One-System."},"content":{"rendered":"<div id=\"detail_decorate_root\" data-magic-global=\"%7B%22bizId%22%3A17381543577%2C%22pageId%22%3A21275523207%2C%22siteId%22%3A5005332084%7D\">\n<div class=\"J_module\">\n<div id=\"ali-anchor-AliMagic-z62ybm\" class=\"magic-0\" data-section=\"AliMagic-z62ybm\" data-section-title=\"Inverter Feature\">Wechselrichterfunktion<\/div>\n<\/div>\n<div class=\"J_module\">\n<div class=\"detail-decorate-json-renderer-container\">\n<div class=\"magic-1\">\n<div class=\"magic-2\">\n<div class=\"magic-3\">\n<div class=\"magic-4\">\n<p><span class=\"magic-5\">1. Einfache und schnelle Installation. Solarladeger\u00e4t, Wechselrichter, Batterie, alles in einer Box <\/span><\/p>\n<div><span class=\"magic-5\"><br \/>\n<\/span><\/p>\n<div><span class=\"magic-5\">2. Kompaktes und elegantes Design. Einzigartiges Kunstdesign und praktischer Ausgangsanschluss. <\/span><\/div>\n<div><span class=\"magic-5\"><br \/>\n3. Maximierter Eigenverbrauch. Weniger Energiebedarf vom Versorgungsunternehmen. Mehr aus nat\u00fcrlicher Sonnenenergie. <\/span><span class=\"magic-5\">. <\/span><\/div>\n<div><span class=\"magic-5\">\u00a0<\/span><\/div>\n<div><span class=\"magic-5\">4. Flexible Energiespeicherkapazit\u00e4t. Unterst\u00fctzt drei Ladearten: Solarstrom, Gasstrom und Netzstrom. <\/span><\/div>\n<div><span class=\"magic-5\"><br \/>\n5. Intelligenter Schutz und Monitor. \u00dcberspannung. \u00dcbertemperatur\/\u00dcberlastung, Batterie-BMS-Bericht und vollst\u00e4ndiger Schutz. Unterst\u00fctzt WLAN oder App-Monitor. <\/span><\/div>\n<div><span class=\"magic-5\"><br \/>\n6. Lange Lebensdauer und Sicherheit. <\/span><\/p>\n<div>\n<div><\/div>\n<\/div>\n<\/div>\n<\/div>\n<\/div>\n<\/div>\n<\/div>\n<\/div>\n<\/div>\n<\/div>\n<div class=\"J_module\">\n<div id=\"ali-anchor-AliMagic-t8nr12\" class=\"magic-0\" data-section=\"AliMagic-t8nr12\" data-section-title=\"Highlight\">Highlight<\/div>\n<\/div>\n<div class=\"J_module\">\n<div class=\"icbu-pc-detailManyImage magic-6\">\n<div class=\"magic-7\"><img fetchpriority=\"high\" decoding=\"async\" class=\"alignnone wp-image-1790 size-full\" src=\"https:\/\/www.xd-solar.com\/wp-content\/uploads\/2024\/03\/solar-charger1-\u6062\u590d\u7684.jpg\" alt=\"\" width=\"750\" height=\"913\" srcset=\"https:\/\/www.xd-solar.com\/wp-content\/uploads\/2024\/03\/solar-charger1-\u6062\u590d\u7684.jpg 750w, https:\/\/www.xd-solar.com\/wp-content\/uploads\/2024\/03\/solar-charger1-\u6062\u590d\u7684-150x183.jpg 150w, https:\/\/www.xd-solar.com\/wp-content\/uploads\/2024\/03\/solar-charger1-\u6062\u590d\u7684-600x730.jpg 600w, https:\/\/www.xd-solar.com\/wp-content\/uploads\/2024\/03\/solar-charger1-\u6062\u590d\u7684-246x300.jpg 246w, https:\/\/www.xd-solar.com\/wp-content\/uploads\/2024\/03\/solar-charger1-\u6062\u590d\u7684-10x12.jpg 10w\" sizes=\"(max-width: 750px) 100vw, 750px\" \/> <img decoding=\"async\" class=\"alignnone wp-image-1791 size-full\" src=\"https:\/\/www.xd-solar.com\/wp-content\/uploads\/2024\/03\/solar-charger2.jpg\" alt=\"\" width=\"750\" height=\"401\" srcset=\"https:\/\/www.xd-solar.com\/wp-content\/uploads\/2024\/03\/solar-charger2.jpg 750w, https:\/\/www.xd-solar.com\/wp-content\/uploads\/2024\/03\/solar-charger2-150x80.jpg 150w, https:\/\/www.xd-solar.com\/wp-content\/uploads\/2024\/03\/solar-charger2-600x321.jpg 600w, https:\/\/www.xd-solar.com\/wp-content\/uploads\/2024\/03\/solar-charger2-300x160.jpg 300w, https:\/\/www.xd-solar.com\/wp-content\/uploads\/2024\/03\/solar-charger2-18x10.jpg 18w\" sizes=\"(max-width: 750px) 100vw, 750px\" \/> <img decoding=\"async\" class=\"alignnone wp-image-2242\" src=\"https:\/\/www.xd-solar.com\/wp-content\/uploads\/2024\/03\/solar-charger3-\u6062\u590d\u7684-1-264x300.jpg\" alt=\"\" width=\"750\" height=\"852\" srcset=\"https:\/\/www.xd-solar.com\/wp-content\/uploads\/2024\/03\/solar-charger3-\u6062\u590d\u7684-1-264x300.jpg 264w, https:\/\/www.xd-solar.com\/wp-content\/uploads\/2024\/03\/solar-charger3-\u6062\u590d\u7684-1-150x170.jpg 150w, https:\/\/www.xd-solar.com\/wp-content\/uploads\/2024\/03\/solar-charger3-\u6062\u590d\u7684-1-600x682.jpg 600w, https:\/\/www.xd-solar.com\/wp-content\/uploads\/2024\/03\/solar-charger3-\u6062\u590d\u7684-1-11x12.jpg 11w, https:\/\/www.xd-solar.com\/wp-content\/uploads\/2024\/03\/solar-charger3-\u6062\u590d\u7684-1.jpg 750w\" sizes=\"(max-width: 750px) 100vw, 750px\" \/>\u00a0<img loading=\"lazy\" decoding=\"async\" class=\"alignnone wp-image-1793 size-full\" src=\"https:\/\/www.xd-solar.com\/wp-content\/uploads\/2024\/03\/solar-charger4-\u6062\u590d\u7684.jpg\" alt=\"\" width=\"750\" height=\"745\" srcset=\"https:\/\/www.xd-solar.com\/wp-content\/uploads\/2024\/03\/solar-charger4-\u6062\u590d\u7684.jpg 750w, https:\/\/www.xd-solar.com\/wp-content\/uploads\/2024\/03\/solar-charger4-\u6062\u590d\u7684-150x150.jpg 150w, https:\/\/www.xd-solar.com\/wp-content\/uploads\/2024\/03\/solar-charger4-\u6062\u590d\u7684-600x596.jpg 600w, https:\/\/www.xd-solar.com\/wp-content\/uploads\/2024\/03\/solar-charger4-\u6062\u590d\u7684-300x298.jpg 300w, https:\/\/www.xd-solar.com\/wp-content\/uploads\/2024\/03\/solar-charger4-\u6062\u590d\u7684-12x12.jpg 12w\" sizes=\"(max-width: 750px) 100vw, 750px\" \/> <img loading=\"lazy\" decoding=\"async\" class=\"alignnone wp-image-1794 size-full\" src=\"https:\/\/www.xd-solar.com\/wp-content\/uploads\/2024\/03\/solar-charger5-\u6062\u590d\u7684.jpg\" alt=\"\" width=\"750\" height=\"555\" srcset=\"https:\/\/www.xd-solar.com\/wp-content\/uploads\/2024\/03\/solar-charger5-\u6062\u590d\u7684.jpg 750w, https:\/\/www.xd-solar.com\/wp-content\/uploads\/2024\/03\/solar-charger5-\u6062\u590d\u7684-150x111.jpg 150w, https:\/\/www.xd-solar.com\/wp-content\/uploads\/2024\/03\/solar-charger5-\u6062\u590d\u7684-600x444.jpg 600w, https:\/\/www.xd-solar.com\/wp-content\/uploads\/2024\/03\/solar-charger5-\u6062\u590d\u7684-300x222.jpg 300w, https:\/\/www.xd-solar.com\/wp-content\/uploads\/2024\/03\/solar-charger5-\u6062\u590d\u7684-16x12.jpg 16w\" sizes=\"(max-width: 750px) 100vw, 750px\" \/><\/div>\n<div class=\"magic-7\"><\/div>\n<div class=\"magic-7\"><\/div>\n<\/div>\n<\/div>\n<div class=\"J_module\">\n<div id=\"ali-anchor-AliMagic-8q9mnz\" class=\"magic-0\" data-section=\"AliMagic-8q9mnz\" data-section-title=\"Product Detail\">Produktdetail<\/div>\n<\/div>\n<div class=\"J_module\">\n<div class=\"icbu-pc-images magic-9\">\n<div class=\"flex-layout-v\">\n<div class=\"flex-layout-h magic-9\">\n<div class=\"magic-10\"><\/div>\n<\/div>\n<\/div>\n<\/div>\n<\/div>\n<div class=\"J_module\">\n<div class=\"icbu-pc-images magic-9\">\n<div class=\"flex-layout-v\">\n<div class=\"flex-layout-h magic-9\">\n<div class=\"magic-12\"><\/div>\n<\/div>\n<\/div>\n<\/div>\n<\/div>\n<div class=\"J_module\">\n<div id=\"ali-anchor-AliMagic-tudzs0\" class=\"magic-0\" data-section=\"AliMagic-tudzs0\" data-section-title=\"Inverter Technical Parameters\">\n<div class=\"J_module\">\n<div id=\"ali-anchor-AliMagic-tudzs0\" class=\"magic-0\" data-section=\"AliMagic-tudzs0\" data-section-title=\"Inverter Technical Parameters\" data-spm-anchor-id=\"a2700.details.0.i37.276137cdydz7Om\">Technische Parameter des Wechselrichters<\/div>\n<\/div>\n<div class=\"J_module\">\n<div class=\"ife-detail-decorate-table\">\n<table class=\"has-title is-zebra all magic-14\">\n<tbody>\n<tr>\n<td colspan=\"1\" rowspan=\"1\">\n<div class=\"magic-15\">\n<div class=\"magic-16\"><b class=\"magic-17\">Modell<\/b><\/div>\n<\/div>\n<\/td>\n<td colspan=\"1\" rowspan=\"1\">\n<div class=\"magic-18\">\n<div class=\"magic-16\" data-spm-anchor-id=\"a2700.pc-decorate.0.i123.7e1533330t0aEn\"><b class=\"magic-17\">XHES PRO-T50248<\/b><\/div>\n<\/div>\n<\/td>\n<\/tr>\n<tr>\n<td colspan=\"2\" rowspan=\"1\">\n<div class=\"magic-19\">\n<div class=\"magic-20\" data-spm-anchor-id=\"a2700.pc-decorate.0.i132.7e1533330t0aEn\"><b>Leistung<\/b><\/div>\n<\/div>\n<\/td>\n<\/tr>\n<tr>\n<td colspan=\"1\" rowspan=\"1\">\n<div class=\"magic-15\">Nennleistung<\/div>\n<\/td>\n<td colspan=\"1\" rowspan=\"1\">\n<div class=\"magic-18\">5000W<\/div>\n<\/td>\n<\/tr>\n<tr>\n<td colspan=\"1\" rowspan=\"1\">\n<div class=\"magic-15\">Spitzenleistung (20 ms)<\/div>\n<\/td>\n<td colspan=\"1\" rowspan=\"1\">\n<div class=\"magic-18\">15000VA<\/div>\n<\/td>\n<\/tr>\n<tr>\n<td colspan=\"2\" rowspan=\"1\">\n<div class=\"magic-19\">\n<div class=\"magic-20\"><b>MPPT<\/b><\/div>\n<\/div>\n<\/td>\n<\/tr>\n<tr>\n<td colspan=\"1\" rowspan=\"1\">\n<div class=\"magic-15\">Maximale Photovoltaik-Eingangsspannung (Voc)<\/div>\n<\/td>\n<td colspan=\"1\" rowspan=\"1\">\n<div class=\"magic-18\">500 VDC<\/div>\n<\/td>\n<\/tr>\n<tr>\n<td colspan=\"1\" rowspan=\"1\">\n<div class=\"magic-15\">Maximale Photovoltaik-Eingangsleistung<\/div>\n<\/td>\n<td colspan=\"1\" rowspan=\"1\">\n<div class=\"magic-18\">5500W<\/div>\n<\/td>\n<\/tr>\n<tr>\n<td colspan=\"1\" rowspan=\"1\">\n<div class=\"magic-15\">MPPT-Tracking-Bereich<\/div>\n<\/td>\n<td colspan=\"1\" rowspan=\"1\">\n<div class=\"magic-18\">120 V bis 430 V Gleichstrom<\/div>\n<\/td>\n<\/tr>\n<tr>\n<td colspan=\"1\" rowspan=\"1\">\n<div class=\"magic-15\">Photovoltaik-Ladestrom<\/div>\n<\/td>\n<td colspan=\"1\" rowspan=\"1\">\n<div class=\"magic-18\">100A<\/div>\n<\/td>\n<\/tr>\n<tr>\n<td colspan=\"2\" rowspan=\"1\">\n<div class=\"magic-19\">\n<div class=\"magic-20\" data-spm-anchor-id=\"a2700.pc-decorate.0.i134.7e1533330t0aEn\"><b>Eingang<\/b><\/div>\n<\/div>\n<\/td>\n<\/tr>\n<tr>\n<td colspan=\"1\" rowspan=\"1\">\n<div class=\"magic-15\">Standardbatteriespannung<\/div>\n<\/td>\n<td colspan=\"1\" rowspan=\"1\">\n<div class=\"magic-18\">48V<\/div>\n<\/td>\n<\/tr>\n<tr>\n<td colspan=\"1\" rowspan=\"1\">\n<div class=\"magic-15\">Netzeingangsspannung\/-frequenz<\/div>\n<\/td>\n<td colspan=\"1\" rowspan=\"1\">\n<div class=\"magic-18\">\n<div class=\"magic-16\" data-spm-anchor-id=\"a2700.pc-decorate.0.i121.7e1533330t0aEn\">208VAC\/220VAC\/230VAC\/240VAC<\/div>\n<\/div>\n<\/td>\n<\/tr>\n<tr>\n<td colspan=\"2\" rowspan=\"1\">\n<div class=\"magic-19\">\n<div class=\"magic-20\"><b>Ausgang<\/b><\/div>\n<\/div>\n<\/td>\n<\/tr>\n<tr>\n<td colspan=\"1\" rowspan=\"1\">\n<div class=\"magic-15\">Ausgangswellenform\/Konvertierungseffizienz<\/div>\n<\/td>\n<td colspan=\"1\" rowspan=\"1\">\n<div class=\"magic-18\">Reine Sinuswelle\/90%<\/div>\n<\/td>\n<\/tr>\n<tr>\n<td colspan=\"1\" rowspan=\"1\">\n<div class=\"magic-15\">Maximale Ausgangsspannung\/-frequenz (Wechselrichtermodus)<\/div>\n<\/td>\n<td colspan=\"1\" rowspan=\"1\">\n<div class=\"magic-18\">208 V Wechselstrom\/220 V Wechselstrom\/230 V Wechselstrom\/240 V Wechselstrom \u00b121 TP3T, 50 Hz \u00b151 TP3T, 60 Hz \u00b151 TP3T<\/div>\n<\/td>\n<\/tr>\n<tr>\n<td colspan=\"2\" rowspan=\"1\">\n<div class=\"magic-19\">\n<div class=\"magic-20\"><b>Batterie<\/b><\/div>\n<\/div>\n<\/td>\n<\/tr>\n<tr>\n<td colspan=\"1\" rowspan=\"1\">\n<div class=\"magic-15\">Akku-Typ<\/div>\n<\/td>\n<td colspan=\"1\" rowspan=\"1\">\n<div class=\"magic-18\">LiFePO4 Batterie<\/div>\n<\/td>\n<\/tr>\n<tr>\n<td colspan=\"1\" rowspan=\"1\">\n<div class=\"magic-15\">Batteriekapazit\u00e4t<\/div>\n<\/td>\n<td colspan=\"1\" rowspan=\"1\">\n<div class=\"magic-18\">51,2 VDC, 100 Ah (Parallelbatterie, Standard-Rackmontage, 3 HE)<\/div>\n<\/td>\n<\/tr>\n<tr>\n<td colspan=\"1\" rowspan=\"1\">\n<div class=\"magic-15\">Maximaler Lade-\/Entladestrom<\/div>\n<\/td>\n<td colspan=\"1\" rowspan=\"1\">\n<div class=\"magic-18\">100A<\/div>\n<\/td>\n<\/tr>\n<tr>\n<td colspan=\"1\" rowspan=\"1\">\n<div class=\"magic-15\">Lade-\/Entlade-Abschaltspannung<\/div>\n<\/td>\n<td colspan=\"1\" rowspan=\"1\">\n<div class=\"magic-18\">44,8 V DC\/58,4 V DC<\/div>\n<\/td>\n<\/tr>\n<tr>\n<td colspan=\"2\" rowspan=\"1\">\n<div class=\"magic-19\">\n<div class=\"magic-20\"><b>Andere<\/b><\/div>\n<\/div>\n<\/td>\n<\/tr>\n<tr>\n<td colspan=\"1\" rowspan=\"1\">\n<div class=\"magic-15\">Schutz und Warnung<\/div>\n<\/td>\n<td colspan=\"1\" rowspan=\"1\">\n<div class=\"magic-18\">Ausgestattet mit \u00dcberspannungs-, Unterspannungs-, \u00dcberlast-, Kurzschluss- und Hochtemperaturschutz<\/div>\n<\/td>\n<\/tr>\n<tr>\n<td colspan=\"1\" rowspan=\"1\">\n<div class=\"magic-15\">Schutzklasse<\/div>\n<\/td>\n<td colspan=\"1\" rowspan=\"1\">\n<div class=\"magic-18\">IP20<\/div>\n<\/td>\n<\/tr>\n<tr>\n<td colspan=\"1\" rowspan=\"1\">\n<div class=\"magic-15\">Anzeige<\/div>\n<\/td>\n<td colspan=\"1\" rowspan=\"1\">\n<div class=\"magic-18\">LCD+LED<\/div>\n<\/td>\n<\/tr>\n<tr>\n<td colspan=\"1\" rowspan=\"1\">\n<div class=\"magic-15\">K\u00fchlmethode<\/div>\n<\/td>\n<td colspan=\"1\" rowspan=\"1\">\n<div class=\"magic-18\">Intelligenter L\u00fcfter<\/div>\n<\/td>\n<\/tr>\n<tr>\n<td colspan=\"1\" rowspan=\"1\">\n<div class=\"magic-15\">Kommunikationsmethode<\/div>\n<\/td>\n<td colspan=\"1\" rowspan=\"1\">\n<div class=\"magic-18\">RS485-Kommunikation\/RS232, mobile App (WLAN-\u00dcberwachung oder GPRS-\u00dcberwachung)<\/div>\n<\/td>\n<\/tr>\n<tr>\n<td colspan=\"1\" rowspan=\"1\">\n<div class=\"magic-15\">Arbeitsweise<\/div>\n<\/td>\n<td colspan=\"1\" rowspan=\"1\">\n<div class=\"magic-18\">Stadtstromvorrang\/Photovoltaikvorrang\/Energiesparmodus<\/div>\n<\/td>\n<\/tr>\n<tr>\n<td colspan=\"1\" rowspan=\"1\">\n<div class=\"magic-15\">Betriebstemperatur<\/div>\n<\/td>\n<td colspan=\"1\" rowspan=\"1\">\n<div class=\"magic-18\">-10\u2103 bis 40\u2103, Leistungsminderung \u00fcber 45\u2103<\/div>\n<\/td>\n<\/tr>\n<tr>\n<td colspan=\"1\" rowspan=\"1\">\n<div class=\"magic-15\">Relative Luftfeuchtigkeit<\/div>\n<\/td>\n<td colspan=\"1\" rowspan=\"1\">\n<div class=\"magic-18\">0%-95% Keine Kondensation<\/div>\n<\/td>\n<\/tr>\n<tr>\n<td colspan=\"2\" rowspan=\"1\">\n<div class=\"magic-19\">\n<div class=\"magic-20\"><b>Gr\u00f6\u00dfe<\/b><\/div>\n<\/div>\n<\/td>\n<\/tr>\n<tr>\n<td colspan=\"1\" rowspan=\"1\">\n<div class=\"magic-15\">Produktgr\u00f6\u00dfe (L x B x H mm)<\/div>\n<\/td>\n<td colspan=\"1\" rowspan=\"1\">\n<div class=\"magic-18\">525*180*900<\/div>\n<\/td>\n<\/tr>\n<tr>\n<td colspan=\"1\" rowspan=\"1\">\n<div class=\"magic-15\">Paketgr\u00f6\u00dfe (L*B*Hmm)<\/div>\n<\/td>\n<td colspan=\"1\" rowspan=\"1\">\n<div class=\"magic-18\">535*190*910<\/div>\n<\/td>\n<\/tr>\n<\/tbody>\n<\/table>\n<\/div>\n<\/div>\n<div class=\"J_module\">\n<div id=\"ali-anchor-AliMagic-9jyu6h\" class=\"magic-0\" data-section=\"AliMagic-9jyu6h\" data-section-title=\"Wiring Diagram\">Schaltplan<\/div>\n<\/div>\n<\/div>\n<\/div>\n<div class=\"J_module\">\n<div class=\"icbu-pc-images magic-9\">\n<div>\n<div class=\"flex-layout-v\">\n<div class=\"flex-layout-h magic-9\">\n<div class=\"magic-23\"><img loading=\"lazy\" decoding=\"async\" class=\"alignnone wp-image-1799 size-full\" src=\"https:\/\/www.xd-solar.com\/wp-content\/uploads\/2024\/03\/solar-charger6-\u6062\u590d\u7684.jpg\" alt=\"\" width=\"750\" height=\"615\" srcset=\"https:\/\/www.xd-solar.com\/wp-content\/uploads\/2024\/03\/solar-charger6-\u6062\u590d\u7684.jpg 750w, https:\/\/www.xd-solar.com\/wp-content\/uploads\/2024\/03\/solar-charger6-\u6062\u590d\u7684-150x123.jpg 150w, https:\/\/www.xd-solar.com\/wp-content\/uploads\/2024\/03\/solar-charger6-\u6062\u590d\u7684-600x492.jpg 600w, https:\/\/www.xd-solar.com\/wp-content\/uploads\/2024\/03\/solar-charger6-\u6062\u590d\u7684-300x246.jpg 300w, https:\/\/www.xd-solar.com\/wp-content\/uploads\/2024\/03\/solar-charger6-\u6062\u590d\u7684-15x12.jpg 15w\" sizes=\"(max-width: 750px) 100vw, 750px\" \/> <img loading=\"lazy\" decoding=\"async\" class=\"alignnone wp-image-1800 size-full\" src=\"https:\/\/www.xd-solar.com\/wp-content\/uploads\/2024\/03\/solar-charger7-\u6062\u590d\u7684.jpg\" alt=\"\" width=\"750\" height=\"794\" srcset=\"https:\/\/www.xd-solar.com\/wp-content\/uploads\/2024\/03\/solar-charger7-\u6062\u590d\u7684.jpg 750w, https:\/\/www.xd-solar.com\/wp-content\/uploads\/2024\/03\/solar-charger7-\u6062\u590d\u7684-150x159.jpg 150w, https:\/\/www.xd-solar.com\/wp-content\/uploads\/2024\/03\/solar-charger7-\u6062\u590d\u7684-600x635.jpg 600w, https:\/\/www.xd-solar.com\/wp-content\/uploads\/2024\/03\/solar-charger7-\u6062\u590d\u7684-283x300.jpg 283w, https:\/\/www.xd-solar.com\/wp-content\/uploads\/2024\/03\/solar-charger7-\u6062\u590d\u7684-11x12.jpg 11w\" sizes=\"(max-width: 750px) 100vw, 750px\" \/><\/div>\n<\/div>\n<\/div>\n<\/div>\n<\/div>\n<\/div>\n<div class=\"J_module\">\n<div id=\"ali-anchor-AliMagic-1sra6s\" class=\"magic-0\" data-section=\"AliMagic-1sra6s\" data-section-title=\"Application Case\">Anwendungsfall<\/div>\n<\/div>\n<div class=\"J_module\">\n<div class=\"icbu-pc-images magic-9\">\n<div class=\"flex-layout-v\">\n<div class=\"flex-layout-h magic-9\">\n<div class=\"magic-25\"><\/div>\n<\/div>\n<\/div>\n<\/div>\n<\/div>\n<div class=\"J_module\">\n<div class=\"detail-decorate-json-renderer-container\">\n<div class=\"magic-1\">\n<div class=\"magic-2\">\n<div class=\"magic-3\">\n<div class=\"magic-4\"><b><span style=\"color: #48916c;\">Paket<br \/>\n<\/span><\/b>Zum Verpacken der Proben werden Kartons oder Holzkisten empfohlen, um sie beim Transport zu sch\u00fctzen.<\/p>\n<div><\/div>\n<div><b><span style=\"color: #48916c;\">Versand<\/span><\/b><br \/>\n1. Fedex\/DHL\/TNT\/UPS f\u00fcr Proben, von T\u00fcr zu T\u00fcr.<br \/>\n2. Auf dem Luft- oder Seeweg f\u00fcr Chargenwaren, f\u00fcr CFL, Flughafen\/Hafen-Empfang.<br \/>\n3. Kunden, die Spediteure oder verhandelbare Versandmethoden angeben.<br \/>\n4. Lieferzeit: 7 Tage f\u00fcr Muster; 10 bis 25 Tage f\u00fcr Chargenware.<\/div>\n<\/div>\n<\/div>\n<\/div>\n<\/div>\n<\/div>\n<\/div>\n<div class=\"J_module\">\n<div class=\"icbu-pc-detailSellerRecommend magic-27\" data-magic=\"{&quot;mds&quot;:{&quot;assetsVersion&quot;:&quot;0.0.14&quot;,&quot;assetsPackageName&quot;:&quot;icbumod&quot;,&quot;moduleNameAlias&quot;:&quot;icbu-pc-detailSellerRecommend&quot;,&quot;moduleData&quot;:{&quot;config&quot;:{&quot;columnCount&quot;:4,&quot;titleKey&quot;:6,&quot;products&quot;:[62343531193,1600644794806,1600433508690,1600144418808,1600671217572,60553947042,1600429541841,1600661924334]}}},&quot;version&quot;:1}\"><\/div>\n<\/div>\n<div class=\"J_module\">\n<div id=\"ali-anchor-AliMagic-j1okd8\" class=\"magic-0\" data-section=\"AliMagic-j1okd8\" data-section-title=\"Company Information\">Informationen zum Unternehmen<\/div>\n<\/div>\n<div class=\"J_module\">\n<div class=\"icbu-pc-images magic-9\">\n<div class=\"flex-layout-v\">\n<div class=\"flex-layout-h magic-9\">\n<div class=\"magic-28\"><\/div>\n<\/div>\n<\/div>\n<\/div>\n<\/div>\n<div class=\"J_module\">\n<div class=\"icbu-pc-images magic-9\">\n<div>\n<div class=\"flex-layout-v\">\n<div class=\"flex-layout-h magic-9\">\n<div class=\"magic-30\"><img loading=\"lazy\" decoding=\"async\" class=\"alignnone wp-image-1639 size-full\" src=\"https:\/\/www.xd-solar.com\/wp-content\/uploads\/2024\/03\/99.jpg\" alt=\"\" width=\"750\" height=\"384\" srcset=\"https:\/\/www.xd-solar.com\/wp-content\/uploads\/2024\/03\/99.jpg 750w, https:\/\/www.xd-solar.com\/wp-content\/uploads\/2024\/03\/99-150x77.jpg 150w, https:\/\/www.xd-solar.com\/wp-content\/uploads\/2024\/03\/99-600x307.jpg 600w, https:\/\/www.xd-solar.com\/wp-content\/uploads\/2024\/03\/99-300x154.jpg 300w, https:\/\/www.xd-solar.com\/wp-content\/uploads\/2024\/03\/99-18x9.jpg 18w\" sizes=\"(max-width: 750px) 100vw, 750px\" \/><\/div>\n<\/div>\n<\/div>\n<\/div>\n<\/div>\n<\/div>\n<div class=\"J_module\">\n<div id=\"ali-anchor-AliMagic-ezzxp2\" class=\"magic-0\" data-section=\"AliMagic-ezzxp2\" data-section-title=\"Workshop\">Werkstatt<\/div>\n<\/div>\n<div class=\"J_module\">\n<div class=\"icbu-pc-images magic-9\">\n<div>\n<div class=\"flex-layout-v\">\n<div class=\"flex-layout-h magic-9\">\n<div class=\"magic-32\"><img decoding=\"async\" class=\"magic-33\" src=\"\/\/sc04.alicdn.com\/kf\/H93c70229870d4fe88cbcfe8b7069453f6\/201674393\/H93c70229870d4fe88cbcfe8b7069453f6.jpg\" \/><\/div>\n<\/div>\n<\/div>\n<\/div>\n<\/div>\n<\/div>\n<div class=\"J_module\">\n<div class=\"icbu-pc-images magic-9\">\n<div>\n<div class=\"flex-layout-v\">\n<div class=\"flex-layout-h magic-9\">\n<div class=\"magic-34\"><img decoding=\"async\" class=\"magic-35\" src=\"\/\/sc04.alicdn.com\/kf\/H5b8df4dc7d524a1cab47565c81f637f0U\/201674393\/H5b8df4dc7d524a1cab47565c81f637f0U.jpg\" \/><\/div>\n<\/div>\n<\/div>\n<\/div>\n<\/div>\n<\/div>\n<div class=\"J_module\">\n<div class=\"icbu-pc-images magic-9\">\n<div class=\"flex-layout-v\">\n<div class=\"flex-layout-h magic-9\">\n<div class=\"magic-36\"><\/div>\n<\/div>\n<\/div>\n<\/div>\n<\/div>\n<div class=\"J_module\">\n<div class=\"icbu-pc-images magic-9\">\n<div>\n<div class=\"flex-layout-v\">\n<div class=\"flex-layout-h magic-9\">\n<div class=\"magic-38\"><img loading=\"lazy\" decoding=\"async\" class=\"alignnone wp-image-1638\" src=\"https:\/\/www.xd-solar.com\/wp-content\/uploads\/2024\/03\/88-300x127.jpg\" alt=\"\" width=\"750\" height=\"317\" srcset=\"https:\/\/www.xd-solar.com\/wp-content\/uploads\/2024\/03\/88-300x127.jpg 300w, https:\/\/www.xd-solar.com\/wp-content\/uploads\/2024\/03\/88-150x63.jpg 150w, https:\/\/www.xd-solar.com\/wp-content\/uploads\/2024\/03\/88-18x8.jpg 18w, https:\/\/www.xd-solar.com\/wp-content\/uploads\/2024\/03\/88.jpg 601w\" sizes=\"(max-width: 750px) 100vw, 750px\" \/><\/div>\n<\/div>\n<\/div>\n<\/div>\n<\/div>\n<\/div>\n<\/div>","protected":false},"excerpt":{"rendered":"<p>Entdecken Sie erstklassige Solarwechselrichter von unserem f\u00fchrenden Hersteller. Wir bieten zuverl\u00e4ssige, effiziente und innovative Solarenergiel\u00f6sungen, die Ihre Energieproduktion maximieren. Entdecken Sie unser Produktangebot und bringen Sie Ihre Projekte im Bereich erneuerbare Energien noch heute auf die n\u00e4chste Stufe!<\/p>","protected":false},"featured_media":1797,"comment_status":"open","ping_status":"closed","template":"","meta":[],"product_cat":[15],"product_tag":[93,127,128,60,47,62],"class_list":{"0":"post-1740","1":"product","2":"type-product","3":"status-publish","4":"has-post-thumbnail","6":"product_cat-solar-inverter","7":"product_tag-hybrid-inverter","8":"product_tag-hybrid-solar-inverter","9":"product_tag-hybrid-solar-inverter-supplier","10":"product_tag-off-grid-inverter","11":"product_tag-solar-inverter","12":"product_tag-solar-inverter-manufacturer","14":"first","15":"instock","16":"shipping-taxable","17":"purchasable","18":"product-type-variable"},"_links":{"self":[{"href":"https:\/\/www.xd-solar.com\/de\/wp-json\/wp\/v2\/product\/1740","targetHints":{"allow":["GET"]}}],"collection":[{"href":"https:\/\/www.xd-solar.com\/de\/wp-json\/wp\/v2\/product"}],"about":[{"href":"https:\/\/www.xd-solar.com\/de\/wp-json\/wp\/v2\/types\/product"}],"replies":[{"embeddable":true,"href":"https:\/\/www.xd-solar.com\/de\/wp-json\/wp\/v2\/comments?post=1740"}],"wp:featuredmedia":[{"embeddable":true,"href":"https:\/\/www.xd-solar.com\/de\/wp-json\/wp\/v2\/media\/1797"}],"wp:attachment":[{"href":"https:\/\/www.xd-solar.com\/de\/wp-json\/wp\/v2\/media?parent=1740"}],"wp:term":[{"taxonomy":"product_cat","embeddable":true,"href":"https:\/\/www.xd-solar.com\/de\/wp-json\/wp\/v2\/product_cat?post=1740"},{"taxonomy":"product_tag","embeddable":true,"href":"https:\/\/www.xd-solar.com\/de\/wp-json\/wp\/v2\/product_tag?post=1740"}],"curies":[{"name":"wp","href":"https:\/\/api.w.org\/{rel}","templated":true}]}}