{"id":1748,"date":"2024-03-21T19:14:30","date_gmt":"2024-03-21T11:14:30","guid":{"rendered":"https:\/\/www.xd-solar.com\/product\/wall-mounted-home-use-all-in-one-solar-hybrid-inverter-solar-lifepo4-battery-pack-bms-with-lithium-battery-storage-system\/"},"modified":"2024-10-29T20:37:09","modified_gmt":"2024-10-29T12:37:09","slug":"solar-inverter-solar-hybrid-inverter","status":"publish","type":"product","link":"https:\/\/www.xd-solar.com\/de\/produkt\/solar-inverter-solar-hybrid-inverter\/","title":{"rendered":"An der Wand montierter All-in-One-Solar-Hybrid-Wechselrichter f\u00fcr den Heimgebrauch, Solar-Lifepo4-Akkupack mit BMS und Lithium-Batterie-Speichersystem."},"content":{"rendered":"<div id=\"detail_decorate_root\" data-magic-global=\"%7B%22bizId%22%3A17381543577%2C%22pageId%22%3A21276444887%2C%22siteId%22%3A5005332084%7D\">\n<div class=\"J_module\">\n<div id=\"ali-anchor-AliMagic-cm8c05\" class=\"magic-0\" data-section=\"AliMagic-cm8c05\" data-section-title=\"Inverter Feature\">Wechselrichterfunktion<\/div>\n<\/div>\n<div class=\"J_module\">\n<div class=\"detail-decorate-json-renderer-container\">\n<div class=\"magic-1\">\n<div class=\"magic-2\">\n<div class=\"magic-3\">\n<div class=\"magic-4\">\n<p><span class=\"magic-5\">1. Einfache und schnelle Installation. Solarladeger\u00e4t, Wechselrichter, Batterie, alles in einer Box <\/span><\/p>\n<div>\n<div><span class=\"magic-5\">2. Kompaktes und elegantes Design. Einzigartiges Kunstdesign und praktischer Ausgangsanschluss. <\/span><\/div>\n<div><span class=\"magic-5\"><br \/>\n3. Maximierter Eigenverbrauch. Weniger Energiebedarf vom Versorgungsunternehmen. Mehr aus nat\u00fcrlicher Sonnenenergie. <\/span><span class=\"magic-5\">. <\/span><\/div>\n<div><span class=\"magic-5\">\u00a0<\/span><\/div>\n<div><span class=\"magic-5\">4. Flexible Energiespeicherkapazit\u00e4t. Unterst\u00fctzt drei Ladearten: Solarstrom, Gasstrom und Netzstrom. <\/span><\/div>\n<div><span class=\"magic-5\"><br \/>\n5. Intelligenter Schutz und Monitor. \u00dcberspannung. \u00dcbertemperatur\/\u00dcberlastung, Batterie-BMS-Bericht und vollst\u00e4ndiger Schutz. Unterst\u00fctzt WLAN oder App-Monitor. <\/span><\/div>\n<div><span class=\"magic-5\"><br \/>\n6. Lange Lebensdauer und Sicherheit. <\/span><\/p>\n<div>\n<div><\/div>\n<\/div>\n<\/div>\n<\/div>\n<\/div>\n<\/div>\n<\/div>\n<\/div>\n<\/div>\n<\/div>\n<div class=\"J_module\">\n<div id=\"ali-anchor-AliMagic-44kw7o\" class=\"magic-0\" data-section=\"AliMagic-44kw7o\" data-section-title=\"Highlight\">Highlight<\/div>\n<\/div>\n<div class=\"J_module\">\n<div class=\"icbu-pc-detailManyImage magic-6\">\n<div class=\"magic-7\"><img fetchpriority=\"high\" decoding=\"async\" class=\"alignnone wp-image-1777 size-full\" src=\"https:\/\/www.xd-solar.com\/wp-content\/uploads\/2024\/03\/all-in-one-solar-inverter1.jpg\" alt=\"\" width=\"750\" height=\"1065\" srcset=\"https:\/\/www.xd-solar.com\/wp-content\/uploads\/2024\/03\/all-in-one-solar-inverter1.jpg 750w, https:\/\/www.xd-solar.com\/wp-content\/uploads\/2024\/03\/all-in-one-solar-inverter1-150x213.jpg 150w, https:\/\/www.xd-solar.com\/wp-content\/uploads\/2024\/03\/all-in-one-solar-inverter1-600x852.jpg 600w, https:\/\/www.xd-solar.com\/wp-content\/uploads\/2024\/03\/all-in-one-solar-inverter1-211x300.jpg 211w, https:\/\/www.xd-solar.com\/wp-content\/uploads\/2024\/03\/all-in-one-solar-inverter1-721x1024.jpg 721w, https:\/\/www.xd-solar.com\/wp-content\/uploads\/2024\/03\/all-in-one-solar-inverter1-8x12.jpg 8w\" sizes=\"(max-width: 750px) 100vw, 750px\" \/><img decoding=\"async\" class=\"alignnone wp-image-1779 size-full\" src=\"https:\/\/www.xd-solar.com\/wp-content\/uploads\/2024\/03\/all-in-one-solar-inverter2.jpg\" alt=\"\" width=\"750\" height=\"403\" srcset=\"https:\/\/www.xd-solar.com\/wp-content\/uploads\/2024\/03\/all-in-one-solar-inverter2.jpg 750w, https:\/\/www.xd-solar.com\/wp-content\/uploads\/2024\/03\/all-in-one-solar-inverter2-150x81.jpg 150w, https:\/\/www.xd-solar.com\/wp-content\/uploads\/2024\/03\/all-in-one-solar-inverter2-600x322.jpg 600w, https:\/\/www.xd-solar.com\/wp-content\/uploads\/2024\/03\/all-in-one-solar-inverter2-300x161.jpg 300w, https:\/\/www.xd-solar.com\/wp-content\/uploads\/2024\/03\/all-in-one-solar-inverter2-18x10.jpg 18w\" sizes=\"(max-width: 750px) 100vw, 750px\" \/> <img decoding=\"async\" class=\"alignnone wp-image-1781 size-full\" src=\"https:\/\/www.xd-solar.com\/wp-content\/uploads\/2024\/03\/all-in-one-solar-inverter3.jpg\" alt=\"\" width=\"750\" height=\"579\" srcset=\"https:\/\/www.xd-solar.com\/wp-content\/uploads\/2024\/03\/all-in-one-solar-inverter3.jpg 750w, https:\/\/www.xd-solar.com\/wp-content\/uploads\/2024\/03\/all-in-one-solar-inverter3-150x116.jpg 150w, https:\/\/www.xd-solar.com\/wp-content\/uploads\/2024\/03\/all-in-one-solar-inverter3-600x463.jpg 600w, https:\/\/www.xd-solar.com\/wp-content\/uploads\/2024\/03\/all-in-one-solar-inverter3-300x232.jpg 300w, https:\/\/www.xd-solar.com\/wp-content\/uploads\/2024\/03\/all-in-one-solar-inverter3-16x12.jpg 16w\" sizes=\"(max-width: 750px) 100vw, 750px\" \/> <img loading=\"lazy\" decoding=\"async\" class=\"alignnone wp-image-2241\" src=\"https:\/\/www.xd-solar.com\/wp-content\/uploads\/2024\/03\/all-in-one-solar-inverter444-262x300.jpg\" alt=\"\" width=\"750\" height=\"860\" srcset=\"https:\/\/www.xd-solar.com\/wp-content\/uploads\/2024\/03\/all-in-one-solar-inverter444-262x300.jpg 262w, https:\/\/www.xd-solar.com\/wp-content\/uploads\/2024\/03\/all-in-one-solar-inverter444-150x172.jpg 150w, https:\/\/www.xd-solar.com\/wp-content\/uploads\/2024\/03\/all-in-one-solar-inverter444-10x12.jpg 10w, https:\/\/www.xd-solar.com\/wp-content\/uploads\/2024\/03\/all-in-one-solar-inverter444.jpg 523w\" sizes=\"(max-width: 750px) 100vw, 750px\" \/><img loading=\"lazy\" decoding=\"async\" class=\"alignnone wp-image-1785 size-full\" src=\"https:\/\/www.xd-solar.com\/wp-content\/uploads\/2024\/03\/all-in-one-solar-inverter5.jpg\" alt=\"\" width=\"750\" height=\"750\" srcset=\"https:\/\/www.xd-solar.com\/wp-content\/uploads\/2024\/03\/all-in-one-solar-inverter5.jpg 750w, https:\/\/www.xd-solar.com\/wp-content\/uploads\/2024\/03\/all-in-one-solar-inverter5-300x300.jpg 300w, https:\/\/www.xd-solar.com\/wp-content\/uploads\/2024\/03\/all-in-one-solar-inverter5-150x150.jpg 150w, https:\/\/www.xd-solar.com\/wp-content\/uploads\/2024\/03\/all-in-one-solar-inverter5-600x600.jpg 600w, https:\/\/www.xd-solar.com\/wp-content\/uploads\/2024\/03\/all-in-one-solar-inverter5-12x12.jpg 12w\" sizes=\"(max-width: 750px) 100vw, 750px\" \/> <img loading=\"lazy\" decoding=\"async\" class=\"alignnone wp-image-1787 size-full\" src=\"https:\/\/www.xd-solar.com\/wp-content\/uploads\/2024\/03\/all-in-one-solar-inverter6.jpg\" alt=\"\" width=\"750\" height=\"582\" srcset=\"https:\/\/www.xd-solar.com\/wp-content\/uploads\/2024\/03\/all-in-one-solar-inverter6.jpg 750w, https:\/\/www.xd-solar.com\/wp-content\/uploads\/2024\/03\/all-in-one-solar-inverter6-150x116.jpg 150w, https:\/\/www.xd-solar.com\/wp-content\/uploads\/2024\/03\/all-in-one-solar-inverter6-600x466.jpg 600w, https:\/\/www.xd-solar.com\/wp-content\/uploads\/2024\/03\/all-in-one-solar-inverter6-300x233.jpg 300w, https:\/\/www.xd-solar.com\/wp-content\/uploads\/2024\/03\/all-in-one-solar-inverter6-15x12.jpg 15w\" sizes=\"(max-width: 750px) 100vw, 750px\" \/> <img loading=\"lazy\" decoding=\"async\" class=\"alignnone wp-image-1786 size-full\" src=\"https:\/\/www.xd-solar.com\/wp-content\/uploads\/2024\/03\/all-in-one-solar-inverter06.jpg\" alt=\"\" width=\"750\" height=\"750\" srcset=\"https:\/\/www.xd-solar.com\/wp-content\/uploads\/2024\/03\/all-in-one-solar-inverter06.jpg 750w, https:\/\/www.xd-solar.com\/wp-content\/uploads\/2024\/03\/all-in-one-solar-inverter06-300x300.jpg 300w, https:\/\/www.xd-solar.com\/wp-content\/uploads\/2024\/03\/all-in-one-solar-inverter06-150x150.jpg 150w, https:\/\/www.xd-solar.com\/wp-content\/uploads\/2024\/03\/all-in-one-solar-inverter06-600x600.jpg 600w, https:\/\/www.xd-solar.com\/wp-content\/uploads\/2024\/03\/all-in-one-solar-inverter06-12x12.jpg 12w\" sizes=\"(max-width: 750px) 100vw, 750px\" \/><\/div>\n<div class=\"magic-7\"><\/div>\n<div class=\"magic-7\"><\/div>\n<div class=\"magic-7\"><\/div>\n<\/div>\n<\/div>\n<div class=\"J_module\">\n<div id=\"ali-anchor-AliMagic-jo4fbv\" class=\"magic-0\" data-section=\"AliMagic-jo4fbv\" data-section-title=\"Product Detail\">Produktdetail<\/div>\n<\/div>\n<div class=\"J_module\">\n<div class=\"icbu-pc-images magic-9\">\n<div class=\"flex-layout-v\">\n<div class=\"flex-layout-h magic-9\">\n<div class=\"magic-10\"><\/div>\n<\/div>\n<\/div>\n<\/div>\n<\/div>\n<div class=\"J_module\">\n<div data-section=\"AliMagic-o437hx\" data-section-title=\"Inverter Technical Parameters\">\n<div class=\"J_module\">\n<div id=\"ali-anchor-AliMagic-o437hx\" class=\"magic-0\" data-section=\"AliMagic-o437hx\" data-section-title=\"Inverter Technical Parameters\" data-spm-anchor-id=\"a2700.details.0.i50.307d78ec66ZTRp\">Technische Parameter des Wechselrichters<\/div>\n<\/div>\n<div class=\"J_module\">\n<div class=\"ife-detail-decorate-table\">\n<table class=\"has-title is-zebra all magic-14\">\n<tbody>\n<tr>\n<td colspan=\"1\" rowspan=\"1\">\n<div class=\"magic-15\">\n<div class=\"magic-16\"><b class=\"magic-17\">Modell<\/b><\/div>\n<\/div>\n<\/td>\n<td colspan=\"1\" rowspan=\"1\">\n<div class=\"magic-18\">\n<div class=\"magic-16\" data-spm-anchor-id=\"a2700.pc-decorate.0.i123.7e1533330t0aEn\"><b class=\"magic-17\">HES PRO-T50248<\/b><\/div>\n<\/div>\n<\/td>\n<\/tr>\n<tr>\n<td colspan=\"2\" rowspan=\"1\">\n<div class=\"magic-19\">\n<div class=\"magic-20\" data-spm-anchor-id=\"a2700.pc-decorate.0.i132.7e1533330t0aEn\"><b>Leistung<\/b><\/div>\n<\/div>\n<\/td>\n<\/tr>\n<tr>\n<td colspan=\"1\" rowspan=\"1\">\n<div class=\"magic-15\">Nennleistung<\/div>\n<\/td>\n<td colspan=\"1\" rowspan=\"1\">\n<div class=\"magic-18\">5000W<\/div>\n<\/td>\n<\/tr>\n<tr>\n<td colspan=\"1\" rowspan=\"1\">\n<div class=\"magic-15\">Spitzenleistung (20 ms)<\/div>\n<\/td>\n<td colspan=\"1\" rowspan=\"1\">\n<div class=\"magic-18\">15000VA<\/div>\n<\/td>\n<\/tr>\n<tr>\n<td colspan=\"1\" rowspan=\"1\">\n<div class=\"magic-15\">Einzelmaschine\/Parallelmaschine<\/div>\n<\/td>\n<td colspan=\"1\" rowspan=\"1\">\n<div class=\"magic-18\">Parallel schaltbar, bis zu 9 Ger\u00e4te k\u00f6nnen parallel geschaltet werden<\/div>\n<\/td>\n<\/tr>\n<tr>\n<td colspan=\"2\" rowspan=\"1\">\n<div class=\"magic-19\">\n<div class=\"magic-20\" data-spm-anchor-id=\"a2700.pc-decorate.0.i9.4d3f3333uLl3B2\"><b>MPPT<\/b><\/div>\n<\/div>\n<\/td>\n<\/tr>\n<tr>\n<td colspan=\"1\" rowspan=\"1\">\n<div class=\"magic-15\">Maximale Photovoltaik-Eingangsspannung (Voc)<\/div>\n<\/td>\n<td colspan=\"1\" rowspan=\"1\">\n<div class=\"magic-18\">500 VDC<\/div>\n<\/td>\n<\/tr>\n<tr>\n<td colspan=\"1\" rowspan=\"1\">\n<div class=\"magic-15\">Maximale Photovoltaik-Eingangsleistung<\/div>\n<\/td>\n<td colspan=\"1\" rowspan=\"1\">\n<div class=\"magic-18\">5500W<\/div>\n<\/td>\n<\/tr>\n<tr>\n<td colspan=\"1\" rowspan=\"1\">\n<div class=\"magic-15\">MPPT-Tracking-Bereich<\/div>\n<\/td>\n<td colspan=\"1\" rowspan=\"1\">\n<div class=\"magic-18\">120 V bis 430 V Gleichstrom<\/div>\n<\/td>\n<\/tr>\n<tr>\n<td colspan=\"1\" rowspan=\"1\">\n<div class=\"magic-15\">Photovoltaik-Ladestrom<\/div>\n<\/td>\n<td colspan=\"1\" rowspan=\"1\">\n<div class=\"magic-18\">80A<\/div>\n<\/td>\n<\/tr>\n<tr>\n<td colspan=\"2\" rowspan=\"1\">\n<div class=\"magic-19\">\n<div class=\"magic-20\" data-spm-anchor-id=\"a2700.pc-decorate.0.i134.7e1533330t0aEn\"><b>Eingang<\/b><\/div>\n<\/div>\n<\/td>\n<\/tr>\n<tr>\n<td colspan=\"1\" rowspan=\"1\">\n<div class=\"magic-15\">Standardbatteriespannung<\/div>\n<\/td>\n<td colspan=\"1\" rowspan=\"1\">\n<div class=\"magic-18\">48V<\/div>\n<\/td>\n<\/tr>\n<tr>\n<td colspan=\"1\" rowspan=\"1\">\n<div class=\"magic-15\">Netzeingangsspannung\/-frequenz<\/div>\n<\/td>\n<td colspan=\"1\" rowspan=\"1\">\n<div class=\"magic-18\">\n<div class=\"magic-16\" data-spm-anchor-id=\"a2700.pc-decorate.0.i121.7e1533330t0aEn\">208VAC\/220VAC\/230VAC\/240VAC<\/div>\n<\/div>\n<\/td>\n<\/tr>\n<tr>\n<td colspan=\"2\" rowspan=\"1\">\n<div class=\"magic-19\">\n<div class=\"magic-20\"><b>Ausgang<\/b><\/div>\n<\/div>\n<\/td>\n<\/tr>\n<tr>\n<td colspan=\"1\" rowspan=\"1\">\n<div class=\"magic-15\">Ausgangswellenform\/Konvertierungseffizienz<\/div>\n<\/td>\n<td colspan=\"1\" rowspan=\"1\">\n<div class=\"magic-18\">Reine Sinuswelle\/90%<\/div>\n<\/td>\n<\/tr>\n<tr>\n<td colspan=\"1\" rowspan=\"1\">\n<div class=\"magic-15\">Maximale Ausgangsspannung\/-frequenz (Wechselrichtermodus)<\/div>\n<\/td>\n<td colspan=\"1\" rowspan=\"1\">\n<div class=\"magic-18\">208 V Wechselstrom\/220 V Wechselstrom\/230 V Wechselstrom\/240 V Wechselstrom \u00b121 TP3T, 50 Hz \u00b151 TP3T, 60 Hz \u00b151 TP3T<\/div>\n<\/td>\n<\/tr>\n<tr>\n<td colspan=\"2\" rowspan=\"1\">\n<div class=\"magic-19\">\n<div class=\"magic-20\"><b>Batterie<\/b><\/div>\n<\/div>\n<\/td>\n<\/tr>\n<tr>\n<td colspan=\"1\" rowspan=\"1\">\n<div class=\"magic-15\">Akku-Typ<\/div>\n<\/td>\n<td colspan=\"1\" rowspan=\"1\">\n<div class=\"magic-18\">LiFePO4 Batterie<\/div>\n<\/td>\n<\/tr>\n<tr>\n<td colspan=\"1\" rowspan=\"1\">\n<div class=\"magic-15\">Batteriekapazit\u00e4t<\/div>\n<\/td>\n<td colspan=\"1\" rowspan=\"1\">\n<div class=\"magic-18\">51,2 VDC, 100 Ah (Parallelbatterie, Standard-Rackmontage, 3 HE)<\/div>\n<\/td>\n<\/tr>\n<tr>\n<td colspan=\"1\" rowspan=\"1\">\n<div class=\"magic-15\">Maximaler Lade-\/Entladestrom<\/div>\n<\/td>\n<td colspan=\"1\" rowspan=\"1\">\n<div class=\"magic-18\">100A<\/div>\n<\/td>\n<\/tr>\n<tr>\n<td colspan=\"1\" rowspan=\"1\">\n<div class=\"magic-15\">Lade-\/Entlade-Abschaltspannung<\/div>\n<\/td>\n<td colspan=\"1\" rowspan=\"1\">\n<div class=\"magic-18\">44,8 V DC\/58,4 V DC<\/div>\n<\/td>\n<\/tr>\n<tr>\n<td colspan=\"2\" rowspan=\"1\">\n<div class=\"magic-19\">\n<div class=\"magic-20\"><b>Andere<\/b><\/div>\n<\/div>\n<\/td>\n<\/tr>\n<tr>\n<td colspan=\"1\" rowspan=\"1\">\n<div class=\"magic-15\">Schutz und Warnung<\/div>\n<\/td>\n<td colspan=\"1\" rowspan=\"1\">\n<div class=\"magic-18\">Ausgestattet mit \u00dcberspannungs-, Unterspannungs-, \u00dcberlast-, Kurzschluss- und Hochtemperaturschutz<\/div>\n<\/td>\n<\/tr>\n<tr>\n<td colspan=\"1\" rowspan=\"1\">\n<div class=\"magic-15\">Schutzklasse<\/div>\n<\/td>\n<td colspan=\"1\" rowspan=\"1\">\n<div class=\"magic-18\">IP20<\/div>\n<\/td>\n<\/tr>\n<tr>\n<td colspan=\"1\" rowspan=\"1\">\n<div class=\"magic-15\">Anzeige<\/div>\n<\/td>\n<td colspan=\"1\" rowspan=\"1\">\n<div class=\"magic-18\">LCD+LED<\/div>\n<\/td>\n<\/tr>\n<tr>\n<td colspan=\"1\" rowspan=\"1\">\n<div class=\"magic-15\">K\u00fchlmethode<\/div>\n<\/td>\n<td colspan=\"1\" rowspan=\"1\">\n<div class=\"magic-18\">Intelligenter L\u00fcfter<\/div>\n<\/td>\n<\/tr>\n<tr>\n<td colspan=\"1\" rowspan=\"1\">\n<div class=\"magic-15\">Kommunikationsmethode<\/div>\n<\/td>\n<td colspan=\"1\" rowspan=\"1\">\n<div class=\"magic-18\">RS485-Kommunikation\/RS232, mobile App (WLAN-\u00dcberwachung oder GPRS-\u00dcberwachung)<\/div>\n<\/td>\n<\/tr>\n<tr>\n<td colspan=\"1\" rowspan=\"1\">\n<div class=\"magic-15\">Arbeitsweise<\/div>\n<\/td>\n<td colspan=\"1\" rowspan=\"1\">\n<div class=\"magic-18\">Stadtstromvorrang\/Photovoltaikvorrang\/Energiesparmodus<\/div>\n<\/td>\n<\/tr>\n<tr>\n<td colspan=\"1\" rowspan=\"1\">\n<div class=\"magic-15\">Betriebstemperatur<\/div>\n<\/td>\n<td colspan=\"1\" rowspan=\"1\">\n<div class=\"magic-18\">-10\u2103 bis 40\u2103, Leistungsminderung \u00fcber 45\u2103<\/div>\n<\/td>\n<\/tr>\n<tr>\n<td colspan=\"1\" rowspan=\"1\">\n<div class=\"magic-15\">Relative Luftfeuchtigkeit<\/div>\n<\/td>\n<td colspan=\"1\" rowspan=\"1\">\n<div class=\"magic-18\">0%-95% Keine Kondensation<\/div>\n<\/td>\n<\/tr>\n<tr>\n<td colspan=\"2\" rowspan=\"1\">\n<div class=\"magic-19\">\n<div class=\"magic-20\"><b>Gr\u00f6\u00dfe<\/b><\/div>\n<\/div>\n<\/td>\n<\/tr>\n<tr>\n<td colspan=\"1\" rowspan=\"1\">\n<div class=\"magic-15\">Produktgr\u00f6\u00dfe (L x B x H mm)<\/div>\n<\/td>\n<td colspan=\"1\" rowspan=\"1\">\n<div class=\"magic-18\">525*180*900<\/div>\n<\/td>\n<\/tr>\n<tr>\n<td colspan=\"1\" rowspan=\"1\">\n<div class=\"magic-15\">Paketgr\u00f6\u00dfe (L*B*Hmm)<\/div>\n<\/td>\n<td colspan=\"1\" rowspan=\"1\">\n<div class=\"magic-18\">535*190*910<\/div>\n<\/td>\n<\/tr>\n<\/tbody>\n<\/table>\n<\/div>\n<\/div>\n<div class=\"J_module\"><\/div>\n<\/div>\n<\/div>\n<div class=\"J_module\">\n<div id=\"ali-anchor-AliMagic-a58afi\" class=\"magic-0\" data-section=\"AliMagic-a58afi\" data-section-title=\"Wiring Diagram\">Schaltplan<\/div>\n<\/div>\n<div class=\"J_module\">\n<div class=\"icbu-pc-images magic-9\">\n<div>\n<div class=\"flex-layout-v\">\n<div class=\"flex-layout-h magic-9\">\n<div class=\"magic-23\"><img loading=\"lazy\" decoding=\"async\" class=\"alignnone wp-image-1788 size-full\" src=\"https:\/\/www.xd-solar.com\/wp-content\/uploads\/2024\/03\/all-in-one-solar-inverter7.jpg\" alt=\"\" width=\"750\" height=\"544\" srcset=\"https:\/\/www.xd-solar.com\/wp-content\/uploads\/2024\/03\/all-in-one-solar-inverter7.jpg 750w, https:\/\/www.xd-solar.com\/wp-content\/uploads\/2024\/03\/all-in-one-solar-inverter7-150x109.jpg 150w, https:\/\/www.xd-solar.com\/wp-content\/uploads\/2024\/03\/all-in-one-solar-inverter7-600x435.jpg 600w, https:\/\/www.xd-solar.com\/wp-content\/uploads\/2024\/03\/all-in-one-solar-inverter7-300x218.jpg 300w, https:\/\/www.xd-solar.com\/wp-content\/uploads\/2024\/03\/all-in-one-solar-inverter7-18x12.jpg 18w\" sizes=\"(max-width: 750px) 100vw, 750px\" \/><\/div>\n<\/div>\n<\/div>\n<\/div>\n<\/div>\n<\/div>\n<div class=\"J_module\">\n<div id=\"ali-anchor-AliMagic-93og44\" class=\"magic-0\" data-section=\"AliMagic-93og44\" data-section-title=\"Application Case\"><img loading=\"lazy\" decoding=\"async\" class=\"alignnone wp-image-1784 size-full\" src=\"https:\/\/www.xd-solar.com\/wp-content\/uploads\/2024\/03\/all-in-one-solar-inverter05.jpg\" alt=\"\" width=\"750\" height=\"750\" srcset=\"https:\/\/www.xd-solar.com\/wp-content\/uploads\/2024\/03\/all-in-one-solar-inverter05.jpg 750w, https:\/\/www.xd-solar.com\/wp-content\/uploads\/2024\/03\/all-in-one-solar-inverter05-300x300.jpg 300w, https:\/\/www.xd-solar.com\/wp-content\/uploads\/2024\/03\/all-in-one-solar-inverter05-150x150.jpg 150w, https:\/\/www.xd-solar.com\/wp-content\/uploads\/2024\/03\/all-in-one-solar-inverter05-600x600.jpg 600w, https:\/\/www.xd-solar.com\/wp-content\/uploads\/2024\/03\/all-in-one-solar-inverter05-12x12.jpg 12w\" sizes=\"(max-width: 750px) 100vw, 750px\" \/>Anwendungsfall<\/div>\n<\/div>\n<div class=\"J_module\">\n<div class=\"icbu-pc-images magic-9\">\n<div>\n<div class=\"flex-layout-v\">\n<div class=\"flex-layout-h magic-9\">\n<div class=\"magic-25\"><\/div>\n<\/div>\n<\/div>\n<\/div>\n<\/div>\n<\/div>\n<div class=\"J_module\">\n<div class=\"detail-decorate-json-renderer-container\">\n<div class=\"magic-1\">\n<div class=\"magic-2\">\n<div class=\"magic-3\">\n<div class=\"magic-4\"><b><span style=\"color: #48916c;\">Paket<br \/>\n<\/span><\/b>Zum Verpacken der Proben werden Kartons oder Holzkisten empfohlen, um sie beim Transport zu sch\u00fctzen.<\/p>\n<div><\/div>\n<div><b><span style=\"color: #48916c;\">Versand<\/span><\/b><br \/>\n1. Fedex\/DHL\/TNT\/UPS f\u00fcr Proben, von T\u00fcr zu T\u00fcr.<br \/>\n2. Auf dem Luft- oder Seeweg f\u00fcr Chargenwaren, f\u00fcr CFL, Flughafen\/Hafen-Empfang.<br \/>\n3. Kunden, die Spediteure oder verhandelbare Versandmethoden angeben.<br \/>\n4. Lieferzeit: 7 Tage f\u00fcr Muster; 10 bis 25 Tage f\u00fcr Chargenware.<\/div>\n<\/div>\n<\/div>\n<\/div>\n<\/div>\n<\/div>\n<\/div>\n<div class=\"J_module\">\n<div class=\"icbu-pc-detailSellerRecommend magic-27\" data-magic=\"{&quot;mds&quot;:{&quot;assetsVersion&quot;:&quot;0.0.14&quot;,&quot;assetsPackageName&quot;:&quot;icbumod&quot;,&quot;moduleNameAlias&quot;:&quot;icbu-pc-detailSellerRecommend&quot;,&quot;moduleData&quot;:{&quot;config&quot;:{&quot;columnCount&quot;:4,&quot;titleKey&quot;:6,&quot;products&quot;:[62343531193,1600644794806,1600433508690,1600144418808,1600671217572,60553947042,1600429541841,1600661924334]}}},&quot;version&quot;:1}\"><\/div>\n<\/div>\n<div class=\"J_module\">\n<div id=\"ali-anchor-AliMagic-3x1x1c\" class=\"magic-0\" data-section=\"AliMagic-3x1x1c\" data-section-title=\"Company Information\">Informationen zum Unternehmen<\/div>\n<\/div>\n<div class=\"J_module\">\n<div class=\"icbu-pc-images magic-9\">\n<div>\n<div class=\"flex-layout-v\">\n<div class=\"flex-layout-h magic-9\">\n<div class=\"magic-28\"><\/div>\n<\/div>\n<\/div>\n<\/div>\n<\/div>\n<\/div>\n<div class=\"J_module\">\n<div class=\"icbu-pc-images magic-9\">\n<div>\n<div class=\"flex-layout-v\">\n<div class=\"flex-layout-h magic-9\">\n<div class=\"magic-30\"><img loading=\"lazy\" decoding=\"async\" class=\"alignnone wp-image-1639 size-full\" src=\"https:\/\/www.xd-solar.com\/wp-content\/uploads\/2024\/03\/99.jpg\" alt=\"\" width=\"750\" height=\"384\" srcset=\"https:\/\/www.xd-solar.com\/wp-content\/uploads\/2024\/03\/99.jpg 750w, https:\/\/www.xd-solar.com\/wp-content\/uploads\/2024\/03\/99-150x77.jpg 150w, https:\/\/www.xd-solar.com\/wp-content\/uploads\/2024\/03\/99-600x307.jpg 600w, https:\/\/www.xd-solar.com\/wp-content\/uploads\/2024\/03\/99-300x154.jpg 300w, https:\/\/www.xd-solar.com\/wp-content\/uploads\/2024\/03\/99-18x9.jpg 18w\" sizes=\"(max-width: 750px) 100vw, 750px\" \/><\/div>\n<\/div>\n<\/div>\n<\/div>\n<\/div>\n<\/div>\n<div class=\"J_module\">\n<div id=\"ali-anchor-AliMagic-89xzn8\" class=\"magic-0\" data-section=\"AliMagic-89xzn8\" data-section-title=\"Workshop\">Werkstatt<\/div>\n<\/div>\n<div class=\"J_module\">\n<div class=\"icbu-pc-images magic-9\">\n<div>\n<div class=\"flex-layout-v\">\n<div class=\"flex-layout-h magic-9\">\n<div class=\"magic-32\"><\/div>\n<\/div>\n<\/div>\n<\/div>\n<\/div>\n<\/div>\n<div class=\"J_module\">\n<div class=\"icbu-pc-images magic-9\">\n<div class=\"flex-layout-v\">\n<div class=\"flex-layout-h magic-9\">\n<div class=\"magic-34\"><img decoding=\"async\" class=\"magic-35\" src=\"\/\/sc04.alicdn.com\/kf\/H5b8df4dc7d524a1cab47565c81f637f0U\/201674393\/H5b8df4dc7d524a1cab47565c81f637f0U.jpg\" \/><\/div>\n<div>Ausstellung<\/div>\n<\/div>\n<\/div>\n<\/div>\n<\/div>\n<div class=\"J_module\">\n<div class=\"icbu-pc-images magic-9\">\n<div class=\"flex-layout-v\">\n<div class=\"flex-layout-h magic-9\">\n<div class=\"magic-36\"><img loading=\"lazy\" decoding=\"async\" class=\"alignnone wp-image-2238\" src=\"https:\/\/www.xd-solar.com\/wp-content\/uploads\/2024\/03\/e6b7f1626b1ecdc92a424abc62576f8-\u6062\u590d\u7684-300x225.jpg\" alt=\"\" width=\"750\" height=\"563\" srcset=\"https:\/\/www.xd-solar.com\/wp-content\/uploads\/2024\/03\/e6b7f1626b1ecdc92a424abc62576f8-\u6062\u590d\u7684-300x225.jpg 300w, https:\/\/www.xd-solar.com\/wp-content\/uploads\/2024\/03\/e6b7f1626b1ecdc92a424abc62576f8-\u6062\u590d\u7684-150x113.jpg 150w, https:\/\/www.xd-solar.com\/wp-content\/uploads\/2024\/03\/e6b7f1626b1ecdc92a424abc62576f8-\u6062\u590d\u7684-600x450.jpg 600w, https:\/\/www.xd-solar.com\/wp-content\/uploads\/2024\/03\/e6b7f1626b1ecdc92a424abc62576f8-\u6062\u590d\u7684-1024x768.jpg 1024w, https:\/\/www.xd-solar.com\/wp-content\/uploads\/2024\/03\/e6b7f1626b1ecdc92a424abc62576f8-\u6062\u590d\u7684-768x576.jpg 768w, https:\/\/www.xd-solar.com\/wp-content\/uploads\/2024\/03\/e6b7f1626b1ecdc92a424abc62576f8-\u6062\u590d\u7684-16x12.jpg 16w, https:\/\/www.xd-solar.com\/wp-content\/uploads\/2024\/03\/e6b7f1626b1ecdc92a424abc62576f8-\u6062\u590d\u7684.jpg 1440w\" sizes=\"(max-width: 750px) 100vw, 750px\" \/>\u00a0<img loading=\"lazy\" decoding=\"async\" class=\"alignnone wp-image-1813\" src=\"https:\/\/www.xd-solar.com\/wp-content\/uploads\/2024\/03\/XINDI-EXHIBITION-SITE-2-300x159.jpg\" alt=\"\" width=\"750\" height=\"397\" srcset=\"https:\/\/www.xd-solar.com\/wp-content\/uploads\/2024\/03\/XINDI-EXHIBITION-SITE-2-300x159.jpg 300w, https:\/\/www.xd-solar.com\/wp-content\/uploads\/2024\/03\/XINDI-EXHIBITION-SITE-2-150x79.jpg 150w, https:\/\/www.xd-solar.com\/wp-content\/uploads\/2024\/03\/XINDI-EXHIBITION-SITE-2-600x317.jpg 600w, https:\/\/www.xd-solar.com\/wp-content\/uploads\/2024\/03\/XINDI-EXHIBITION-SITE-2-768x406.jpg 768w, https:\/\/www.xd-solar.com\/wp-content\/uploads\/2024\/03\/XINDI-EXHIBITION-SITE-2-18x10.jpg 18w, https:\/\/www.xd-solar.com\/wp-content\/uploads\/2024\/03\/XINDI-EXHIBITION-SITE-2.jpg 828w\" sizes=\"(max-width: 750px) 100vw, 750px\" \/><\/div>\n<div>Zertifikat<\/div>\n<div><img loading=\"lazy\" decoding=\"async\" class=\"alignnone wp-image-1638\" src=\"https:\/\/www.xd-solar.com\/wp-content\/uploads\/2024\/03\/88-300x127.jpg\" alt=\"\" width=\"750\" height=\"317\" srcset=\"https:\/\/www.xd-solar.com\/wp-content\/uploads\/2024\/03\/88-300x127.jpg 300w, https:\/\/www.xd-solar.com\/wp-content\/uploads\/2024\/03\/88-150x63.jpg 150w, https:\/\/www.xd-solar.com\/wp-content\/uploads\/2024\/03\/88-18x8.jpg 18w, https:\/\/www.xd-solar.com\/wp-content\/uploads\/2024\/03\/88.jpg 601w\" sizes=\"(max-width: 750px) 100vw, 750px\" \/><\/div>\n<\/div>\n<\/div>\n<\/div>\n<\/div>\n<div class=\"J_module\">\n<div class=\"icbu-pc-images magic-9\">\n<div>\n<div class=\"flex-layout-v\">\n<div class=\"flex-layout-h magic-9\">\n<div class=\"magic-38\"><\/div>\n<\/div>\n<\/div>\n<\/div>\n<\/div>\n<\/div>\n<\/div>","protected":false},"excerpt":{"rendered":"<p>Xindi Solar ist ein chinesischer Hersteller und Lieferant, der sich auf Solar-Wechselrichter-Ladeger\u00e4te, Hybrid-Wechselrichter-Ladeger\u00e4te, Wechselrichter-Ladeger\u00e4te, Hybrid-Solar \u2026 spezialisiert hat.<\/p>","protected":false},"featured_media":1811,"comment_status":"open","ping_status":"closed","template":"","meta":[],"product_cat":[15],"product_tag":[60,126,43,71,58],"class_list":{"0":"post-1748","1":"product","2":"type-product","3":"status-publish","4":"has-post-thumbnail","6":"product_cat-solar-inverter","7":"product_tag-off-grid-inverter","8":"product_tag-solar-power-inverter-factory","9":"product_tag-solar-system","10":"product_tag-solar-water-pump-system","11":"product_tag-ups","13":"first","14":"instock","15":"shipping-taxable","16":"purchasable","17":"product-type-variable"},"_links":{"self":[{"href":"https:\/\/www.xd-solar.com\/de\/wp-json\/wp\/v2\/product\/1748","targetHints":{"allow":["GET"]}}],"collection":[{"href":"https:\/\/www.xd-solar.com\/de\/wp-json\/wp\/v2\/product"}],"about":[{"href":"https:\/\/www.xd-solar.com\/de\/wp-json\/wp\/v2\/types\/product"}],"replies":[{"embeddable":true,"href":"https:\/\/www.xd-solar.com\/de\/wp-json\/wp\/v2\/comments?post=1748"}],"wp:featuredmedia":[{"embeddable":true,"href":"https:\/\/www.xd-solar.com\/de\/wp-json\/wp\/v2\/media\/1811"}],"wp:attachment":[{"href":"https:\/\/www.xd-solar.com\/de\/wp-json\/wp\/v2\/media?parent=1748"}],"wp:term":[{"taxonomy":"product_cat","embeddable":true,"href":"https:\/\/www.xd-solar.com\/de\/wp-json\/wp\/v2\/product_cat?post=1748"},{"taxonomy":"product_tag","embeddable":true,"href":"https:\/\/www.xd-solar.com\/de\/wp-json\/wp\/v2\/product_tag?post=1748"}],"curies":[{"name":"wp","href":"https:\/\/api.w.org\/{rel}","templated":true}]}}