{"id":2726,"date":"2024-07-31T11:53:55","date_gmt":"2024-07-31T03:53:55","guid":{"rendered":"https:\/\/www.xd-solar.com\/?post_type=product&#038;p=2726"},"modified":"2024-11-05T10:25:33","modified_gmt":"2024-11-05T02:25:33","slug":"xpot-high-frequency-hybrid-solar-inverter","status":"publish","type":"product","link":"https:\/\/www.xd-solar.com\/de\/produkt\/xpot-high-frequency-hybrid-solar-inverter\/","title":{"rendered":"XPOT 1000 W, 15000 W, 2000 W, 3200 W Hochfrequenz-Hybrid-Solarwechselrichter"},"content":{"rendered":"<p><strong style=\"color: #80b645;\">Besonderheit:<\/strong><br \/>\n\u25c6 Hochfrequenzdesign, hohe Leistungsdichte, geringe Gr\u00f6\u00dfe, hoher Wirkungsgrad und geringer Leerlaufverlust;<br \/>\n\u25c7 Eingebauter MPPT-Controller, integriertes Solarlade- und Netzerg\u00e4nzungsdesign\uff1b<br \/>\n\u25c6 Reiner Sinuswellenausgang, anpassbar an jede Art von Last;<br \/>\n\u25c7 Batterielade- und Entladespannungsparameter einstellbar, geeignet f\u00fcr verschiedene Batterietypen;<br \/>\n\u25c6 AC-Ladestrom einstellbar, Batteriekapazit\u00e4tskonfiguration flexibler;<br \/>\n\u25c7 Drei Arbeitsmodi einstellbar: zuerst AC, zuerst Batterie, zuerst PV;<br \/>\n\u25c6 Ausgangsspannung\/Frequenz einstellbare Funktion, Anpassung an unterschiedliche Netzumgebungen;<br \/>\n\u25c7 Extra gro\u00dfer Spannungs- und Frequenzeingangsbereich, unterst\u00fctzt Netz oder Generator;<br \/>\n\u25c6 LED+LCD-Anzeige, einfache Bedienung und Datenpr\u00fcfung, jede Funktion und Daten k\u00f6nnen direkt eingestellt werden;<br \/>\n\u25c7 Mehrfachschutzfunktion (\u00dcberlast-, \u00dcbertemperatur-, Kurzschlussschutz usw.);<br \/>\n\u25c6RS485-Kommunikationsanschluss\/APP optional.<\/p>\n<p>Solarwechselrichter<\/p>\n<table width=\"1399\">\n<tbody>\n<tr>\n<td style=\"color: #fff; text-align: center;\" colspan=\"11\" width=\"1399\">Spezifikation<\/td>\n<\/tr>\n<tr>\n<td colspan=\"3\">Modell: XPOT<\/td>\n<td>10212<\/td>\n<td>15224<\/td>\n<td>20224<\/td>\n<td>32224L<\/td>\n<td>32224<\/td>\n<td>50248L<\/td>\n<td>50248<\/td>\n<td>72248<\/td>\n<\/tr>\n<tr>\n<td colspan=\"3\">Nennleistung<\/td>\n<td>1000W<\/td>\n<td>1500W<\/td>\n<td>2000W<\/td>\n<td>3200W<\/td>\n<td>3200W<\/td>\n<td>5000W<\/td>\n<td>5000W<\/td>\n<td>7200 W<\/td>\n<\/tr>\n<tr>\n<td colspan=\"3\">Spitzenleistung (20 ms)<\/td>\n<td>3000VA<\/td>\n<td>4,5 kVA<\/td>\n<td>6KVA<\/td>\n<td>9,6 kVA<\/td>\n<td>9,6 kVA<\/td>\n<td>15KVA<\/td>\n<td>15KVA<\/td>\n<td>21,6 kVA<\/td>\n<\/tr>\n<tr>\n<td colspan=\"3\">Batteriespannung<\/td>\n<td>12 VDC<\/td>\n<td colspan=\"4\" width=\"532\">24 VDC<\/td>\n<td colspan=\"3\">48 VDC<\/td>\n<\/tr>\n<tr>\n<td colspan=\"3\">Produktgr\u00f6\u00dfe (L*B*Hmm)<\/td>\n<td colspan=\"3\">355x272x91,5<\/td>\n<td colspan=\"2\">400x315x101,5<\/td>\n<td colspan=\"2\">440x342x101,5<\/td>\n<td>525x355x115<\/td>\n<\/tr>\n<tr>\n<td colspan=\"3\">Verpackungsgr\u00f6\u00dfe (L*B*Hmm)<\/td>\n<td colspan=\"3\">443x350x187<\/td>\n<td colspan=\"2\">488x393x198<\/td>\n<td colspan=\"2\">528x420x198<\/td>\n<td>615x435x210<\/td>\n<\/tr>\n<tr>\n<td colspan=\"3\">NW (Kg)<\/td>\n<td colspan=\"3\">6.5<\/td>\n<td colspan=\"2\">8.5<\/td>\n<td colspan=\"2\">10<\/td>\n<td>14<\/td>\n<\/tr>\n<tr>\n<td colspan=\"3\">GW (Kg)<\/td>\n<td colspan=\"3\">7.5<\/td>\n<td colspan=\"2\">9.5<\/td>\n<td colspan=\"2\">11<\/td>\n<td>15.5<\/td>\n<\/tr>\n<tr>\n<td colspan=\"3\">Installationsmethode<\/td>\n<td colspan=\"8\">An der Wand montiert<\/td>\n<\/tr>\n<tr>\n<td rowspan=\"6\" width=\"86\">\uff30\uff36<\/td>\n<td colspan=\"2\">Lademodus<\/td>\n<td colspan=\"8\">MPPT<\/td>\n<\/tr>\n<tr>\n<td colspan=\"2\" width=\"249\">MPPT-Tracking-Spannungsbereich<\/td>\n<td>15V-80VDC<\/td>\n<td colspan=\"3\">30V-100VDC<\/td>\n<td>120V-450VDC<\/td>\n<td>60V-140VDC<\/td>\n<td colspan=\"2\">120V-450VDC<\/td>\n<\/tr>\n<tr>\n<td colspan=\"2\" width=\"249\">Nennbetriebsspannung (empfohlen) des PV-Arrays<\/td>\n<td>15V-30VDC<\/td>\n<td colspan=\"3\">30V-60VDC<\/td>\n<td>360 VDC<\/td>\n<td>60V-90VDC<\/td>\n<td colspan=\"2\">360 VDC<\/td>\n<\/tr>\n<tr>\n<td colspan=\"2\" width=\"249\">Max. PV-Eingangsspannung Voc<br \/>\n(Bei der niedrigsten Temperatur)<\/td>\n<td colspan=\"4\" width=\"532\">120 VDC<\/td>\n<td>500 VDC<\/td>\n<td>180 VDC<\/td>\n<td colspan=\"2\">500 VDC<\/td>\n<\/tr>\n<tr>\n<td colspan=\"2\" width=\"249\">Maximale Leistung des PV-Arrays<\/td>\n<td>840W<\/td>\n<td colspan=\"3\">1680W<\/td>\n<td>4000W<\/td>\n<td>3360W<\/td>\n<td>6000W<\/td>\n<td>4000Bx2<\/td>\n<\/tr>\n<tr>\n<td colspan=\"2\" width=\"249\">MPPT-Tracking-Kan\u00e4le (Eingangskan\u00e4le)<\/td>\n<td colspan=\"7\">1<\/td>\n<td>2<\/td>\n<\/tr>\n<tr>\n<td rowspan=\"4\">Eingang<\/td>\n<td colspan=\"2\">DC-Eingangsspannungsbereich<\/td>\n<td>10,5-15 VDC<\/td>\n<td colspan=\"4\">21 VDC-30 VDC<\/td>\n<td colspan=\"3\">42 VDC-60 VDC<\/td>\n<\/tr>\n<tr>\n<td colspan=\"2\">Nenn-AC-Eingangsspannung<\/td>\n<td colspan=\"8\">220VAC \/ 230VAC \/ 240VAC<\/td>\n<\/tr>\n<tr>\n<td colspan=\"2\">AC-Eingangsspannungsbereich<\/td>\n<td colspan=\"8\">170 VAC ~ 280 VAC (USV-Modus)\/ 120 VAC ~ 280 VAC (INV-Modus)<\/td>\n<\/tr>\n<tr>\n<td colspan=\"2\">AC-Eingangsfrequenzbereich<\/td>\n<td colspan=\"8\">45Hz~55Hz\uff0850Hz),55Hz~65Hz\uff0860Hz)<\/td>\n<\/tr>\n<tr>\n<td rowspan=\"10\">Ausgang<\/td>\n<td colspan=\"2\" width=\"249\">Ausgangseffizienz (Batterie-\/PV-Modus)<\/td>\n<td colspan=\"8\">94% (Spitzenwert)<\/td>\n<\/tr>\n<tr>\n<td colspan=\"2\">Ausgangsspannung (Batterie-\/PV-Modus)<\/td>\n<td colspan=\"8\">220VAC\u00b12% \/ 230VAC\u00b12% \/ 240VAC\u00b12%<\/td>\n<\/tr>\n<tr>\n<td colspan=\"2\">Ausgangsfrequenz (Batterie-\/PV-Modus)<\/td>\n<td colspan=\"8\">50Hz\u00b10,5 oder 60Hz\u00b10,5<\/td>\n<\/tr>\n<tr>\n<td colspan=\"2\">Ausgangswelle (Batterie-\/PV-Modus)<\/td>\n<td colspan=\"8\">Reine Sinuswelle<\/td>\n<\/tr>\n<tr>\n<td colspan=\"2\">Effizienz (AC-Modus)<\/td>\n<td colspan=\"8\">&gt;99%<\/td>\n<\/tr>\n<tr>\n<td colspan=\"2\">Ausgangsspannung (AC-Modus)<\/td>\n<td colspan=\"8\">Folgen Sie der Eingabe<\/td>\n<\/tr>\n<tr>\n<td colspan=\"2\">Ausgangsfrequenz (AC-Modus)<\/td>\n<td colspan=\"8\">Folgen Sie der Eingabe<\/td>\n<\/tr>\n<tr>\n<td colspan=\"2\" width=\"249\">Verzerrung der Ausgangswellenform<br \/>\nBatterie-\/PV-Modus)<\/td>\n<td colspan=\"8\">\u22643% (Lineare Last)<\/td>\n<\/tr>\n<tr>\n<td colspan=\"2\">Kein Lastverlust (Batteriemodus)<\/td>\n<td colspan=\"8\">\u22641% Nennleistung<\/td>\n<\/tr>\n<tr>\n<td colspan=\"2\">Kein Lastverlust (AC-Modus)<\/td>\n<td colspan=\"8\">\u22640,5% Nennleistung (Ladeger\u00e4t funktioniert nicht im Wechselstrommodus)<\/td>\n<\/tr>\n<tr>\n<td rowspan=\"6\" width=\"86\">Batterie<\/td>\n<td rowspan=\"2\" width=\"60\">Batterie<br \/>\nTyp<\/td>\n<td>VRLA-Batterie<\/td>\n<td colspan=\"8\">Ladespannung: 13,8 V; Erhaltungsspannung: 13,7 V (einzelne Batteriespannung)<\/td>\n<\/tr>\n<tr>\n<td>Akku anpassen<\/td>\n<td colspan=\"8\" width=\"1064\">Lade- und Entladeparameter verschiedener Batterietypen k\u00f6nnen je nach Benutzeranforderungen angepasst werden<br \/>\n(Lade- und Entladeparameter verschiedener Batterietypen k\u00f6nnen \u00fcber das Bedienfeld eingestellt werden)<\/td>\n<\/tr>\n<tr>\n<td colspan=\"2\" width=\"249\">Maximaler Ladestrom (Netz + PV)<\/td>\n<td width=\"133\">120A<\/td>\n<td width=\"133\">100A<\/td>\n<td width=\"133\">110A<\/td>\n<td width=\"133\">120A<\/td>\n<td>100A<\/td>\n<td>120A<\/td>\n<td>100A<\/td>\n<td>150A<\/td>\n<\/tr>\n<tr>\n<td colspan=\"2\" width=\"249\">Maximaler PV-Ladestrom<\/td>\n<td width=\"133\">60A<\/td>\n<td width=\"133\">60A<\/td>\n<td width=\"133\">60A<\/td>\n<td width=\"133\">60A<\/td>\n<td>100A<\/td>\n<td>60A<\/td>\n<td>100A<\/td>\n<td>150A<\/td>\n<\/tr>\n<tr>\n<td colspan=\"2\" width=\"249\">Maximaler AC-Ladestrom<\/td>\n<td width=\"133\">60A<\/td>\n<td width=\"133\">40A<\/td>\n<td width=\"133\">50A<\/td>\n<td width=\"133\">60A<\/td>\n<td>60A<\/td>\n<td>60A<\/td>\n<td>60A<\/td>\n<td>80A<\/td>\n<\/tr>\n<tr>\n<td colspan=\"2\">Lademethode<\/td>\n<td colspan=\"8\">Dreistufig (Konstantstrom, Konstantspannung, Erhaltungsladung)<\/td>\n<\/tr>\n<tr>\n<td rowspan=\"8\">Schutz<\/td>\n<td colspan=\"2\">Alarm bei niedriger Batteriespannung<\/td>\n<td colspan=\"8\">Batterieunterspannungsschutzwert +0,5 V (einzelne Batteriespannung)<\/td>\n<\/tr>\n<tr>\n<td colspan=\"2\">Batterieunterspannungsschutz<\/td>\n<td colspan=\"8\">Werkseinstellung: 10,5 V (Einzelbatteriespannung)<\/td>\n<\/tr>\n<tr>\n<td colspan=\"2\">Batterie\u00fcberspannungsalarm<\/td>\n<td colspan=\"8\">Konstante Ladespannung +0,8 V (einzelne Batteriespannung)<\/td>\n<\/tr>\n<tr>\n<td colspan=\"2\">Batterie-\u00dcberspannungsschutz<\/td>\n<td colspan=\"8\">Werkseinstellung: 17 V (einzelne Batteriespannung)<\/td>\n<\/tr>\n<tr>\n<td colspan=\"2\">Batterie-\u00dcberspannungs-Wiederherstellungsspannung<\/td>\n<td colspan=\"8\">Batterie\u00fcberspannungsschutzwert: 1 V (einzelne Batteriespannung).<\/td>\n<\/tr>\n<tr>\n<td colspan=\"2\">\u00dcberlastschutz<\/td>\n<td colspan=\"8\">Automatischer Schutz (Batteriemodus), Schutzschalter oder Versicherung (AC-Modus)<\/td>\n<\/tr>\n<tr>\n<td colspan=\"2\">Kurzschlussschutz am Wechselrichterausgang<\/td>\n<td colspan=\"8\">Automatischer Schutz (Batteriemodus), Schutzschalter oder Versicherung (AC-Modus)<\/td>\n<\/tr>\n<tr>\n<td colspan=\"2\">Temperaturschutz<\/td>\n<td colspan=\"8\">&gt;90\u00b0C (Ausgang abschalten)<\/td>\n<\/tr>\n<tr>\n<td colspan=\"3\">Arbeitsmodus<\/td>\n<td colspan=\"8\">Netzpriorit\u00e4t\/PV-Priorit\u00e4t\/Batteriepriorit\u00e4t (einstellbar)<\/td>\n<\/tr>\n<tr>\n<td colspan=\"3\">Transferzeit<\/td>\n<td colspan=\"8\">\u226410ms<\/td>\n<\/tr>\n<tr>\n<td colspan=\"3\">Anzeige<\/td>\n<td colspan=\"8\">LCD+LED<\/td>\n<\/tr>\n<tr>\n<td colspan=\"3\">Thermische Methode<\/td>\n<td colspan=\"8\">K\u00fchlventilator mit intelligenter Steuerung<\/td>\n<\/tr>\n<tr>\n<td colspan=\"3\">Kommunikation (optional)<\/td>\n<td colspan=\"8\">RS485\/APP (WIFI-\u00dcberwachung oder GPRS-\u00dcberwachung)<\/td>\n<\/tr>\n<tr>\n<td rowspan=\"5\">Umfeld<\/td>\n<td colspan=\"2\">Betriebstemperatur<\/td>\n<td colspan=\"8\">-10\u2103~40\u2103<\/td>\n<\/tr>\n<tr>\n<td colspan=\"2\">Lagertemperatur<\/td>\n<td colspan=\"8\">-15\u2103~60\u2103<\/td>\n<\/tr>\n<tr>\n<td colspan=\"2\">L\u00e4rm<\/td>\n<td colspan=\"8\">\u226455dB<\/td>\n<\/tr>\n<tr>\n<td colspan=\"2\">Elevation<\/td>\n<td colspan=\"8\">2000 m (mehr als Leistungsreduzierung)<\/td>\n<\/tr>\n<tr>\n<td colspan=\"2\">Feuchtigkeit<\/td>\n<td colspan=\"8\">0%~95% (Keine Kondensation)<\/td>\n<\/tr>\n<tr>\n<td style=\"color: #fff;\" colspan=\"11\" width=\"1399\">Hinweis: 1. Die Modelle 10212\/15224\/20224\/32224L\/50248L unterst\u00fctzen nur den Netzpriorit\u00e4tsmodus und den Batteriepriorit\u00e4tsmodus, der PV-Priorit\u00e4tsarbeitsmodus wird nicht unterst\u00fctzt.<br \/>\n2. Alle Angaben sind unverbindlich und unverbindlich.<\/td>\n<\/tr>\n<\/tbody>\n<\/table>","protected":false},"excerpt":{"rendered":"<p>XinDi Solar Co. ist einer der f\u00fchrenden Hersteller, der sich auf die Forschung und Entwicklung sowie den Vertrieb von Gleichstrom-Wechselstrom-Wechselrichtern mit reiner Sinuswelle, hybriden Solarwechselrichtern und dreiphasigen \u2026 spezialisiert hat.<\/p>","protected":false},"featured_media":602,"comment_status":"open","ping_status":"closed","template":"","meta":[],"product_cat":[24],"product_tag":[61,47,62,129],"class_list":{"0":"post-2726","1":"product","2":"type-product","3":"status-publish","4":"has-post-thumbnail","6":"product_cat-high-frequency-hybrid-inverter","7":"product_tag-off-grid-inverte","8":"product_tag-solar-inverter","9":"product_tag-solar-inverter-manufacturer","10":"product_tag-solar-inverter-wholesale","12":"first","13":"instock","14":"shipping-taxable","15":"product-type-simple"},"_links":{"self":[{"href":"https:\/\/www.xd-solar.com\/de\/wp-json\/wp\/v2\/product\/2726","targetHints":{"allow":["GET"]}}],"collection":[{"href":"https:\/\/www.xd-solar.com\/de\/wp-json\/wp\/v2\/product"}],"about":[{"href":"https:\/\/www.xd-solar.com\/de\/wp-json\/wp\/v2\/types\/product"}],"replies":[{"embeddable":true,"href":"https:\/\/www.xd-solar.com\/de\/wp-json\/wp\/v2\/comments?post=2726"}],"wp:featuredmedia":[{"embeddable":true,"href":"https:\/\/www.xd-solar.com\/de\/wp-json\/wp\/v2\/media\/602"}],"wp:attachment":[{"href":"https:\/\/www.xd-solar.com\/de\/wp-json\/wp\/v2\/media?parent=2726"}],"wp:term":[{"taxonomy":"product_cat","embeddable":true,"href":"https:\/\/www.xd-solar.com\/de\/wp-json\/wp\/v2\/product_cat?post=2726"},{"taxonomy":"product_tag","embeddable":true,"href":"https:\/\/www.xd-solar.com\/de\/wp-json\/wp\/v2\/product_tag?post=2726"}],"curies":[{"name":"wp","href":"https:\/\/api.w.org\/{rel}","templated":true}]}}