{"id":2801,"date":"2024-08-03T21:28:46","date_gmt":"2024-08-03T13:28:46","guid":{"rendered":"https:\/\/www.xd-solar.com\/?post_type=product&#038;p=2801"},"modified":"2024-08-03T21:41:06","modified_gmt":"2024-08-03T13:41:06","slug":"lithium-iron-lifepo4-battery-51-2v-100ah-150ah-200ah-long-cycle-life-with-5-years-guarantee-superior-safetycan-work-will-with-multiple-brand-of-inverter-apllication-i","status":"publish","type":"product","link":"https:\/\/www.xd-solar.com\/de\/produkt\/lithium-iron-lifepo4-battery-51-2v-100ah-150ah-200ah-long-cycle-life-with-5-years-guarantee-superior-safetycan-work-will-with-multiple-brand-of-inverter-apllication-i\/","title":{"rendered":"Lithium-Eisen-Batterie (LifePo4) 51,2 V, 100 Ah, 150 Ah, 200 Ah, lange Lebensdauer mit 5 Jahren Garantie, h\u00f6chste Sicherheit, funktioniert mit Wechselrichtern verschiedener Marken. Anwendung: Telekommunikations-Basisstationen f\u00fcr den Innen- und Au\u00dfenbereich, Energiespeichersystem f\u00fcr den Haushalt, intelligente Notstromversorgung f\u00fcr den Transport"},"content":{"rendered":"<p><img fetchpriority=\"high\" decoding=\"async\" class=\"alignnone wp-image-2803 size-large\" src=\"https:\/\/www.xd-solar.com\/wp-content\/uploads\/2024\/08\/Xindi-battery-48100-1-724x1024.png\" alt=\"\" width=\"724\" height=\"1024\" \/> <img decoding=\"async\" class=\"alignnone wp-image-2804 size-large\" src=\"https:\/\/www.xd-solar.com\/wp-content\/uploads\/2024\/08\/Xindi-battery-48100-2-724x1024.png\" alt=\"\" width=\"724\" height=\"1024\" srcset=\"https:\/\/www.xd-solar.com\/wp-content\/uploads\/2024\/08\/Xindi-battery-48100-2-724x1024.png 724w, https:\/\/www.xd-solar.com\/wp-content\/uploads\/2024\/08\/Xindi-battery-48100-2-212x300.png 212w, https:\/\/www.xd-solar.com\/wp-content\/uploads\/2024\/08\/Xindi-battery-48100-2-768x1086.png 768w, https:\/\/www.xd-solar.com\/wp-content\/uploads\/2024\/08\/Xindi-battery-48100-2-1086x1536.png 1086w, https:\/\/www.xd-solar.com\/wp-content\/uploads\/2024\/08\/Xindi-battery-48100-2-1448x2048.png 1448w, https:\/\/www.xd-solar.com\/wp-content\/uploads\/2024\/08\/Xindi-battery-48100-2-8x12.png 8w, https:\/\/www.xd-solar.com\/wp-content\/uploads\/2024\/08\/Xindi-battery-48100-2-600x848.png 600w, https:\/\/www.xd-solar.com\/wp-content\/uploads\/2024\/08\/Xindi-battery-48100-2-150x212.png 150w\" sizes=\"(max-width: 724px) 100vw, 724px\" \/><\/p>","protected":false},"excerpt":{"rendered":"","protected":false},"featured_media":2803,"comment_status":"open","ping_status":"closed","template":"","meta":[],"product_cat":[31],"product_tag":[],"class_list":{"0":"post-2801","1":"product","2":"type-product","3":"status-publish","4":"has-post-thumbnail","6":"product_cat-lithium-battery","8":"first","9":"instock","10":"shipping-taxable","11":"product-type-simple"},"_links":{"self":[{"href":"https:\/\/www.xd-solar.com\/de\/wp-json\/wp\/v2\/product\/2801","targetHints":{"allow":["GET"]}}],"collection":[{"href":"https:\/\/www.xd-solar.com\/de\/wp-json\/wp\/v2\/product"}],"about":[{"href":"https:\/\/www.xd-solar.com\/de\/wp-json\/wp\/v2\/types\/product"}],"replies":[{"embeddable":true,"href":"https:\/\/www.xd-solar.com\/de\/wp-json\/wp\/v2\/comments?post=2801"}],"wp:featuredmedia":[{"embeddable":true,"href":"https:\/\/www.xd-solar.com\/de\/wp-json\/wp\/v2\/media\/2803"}],"wp:attachment":[{"href":"https:\/\/www.xd-solar.com\/de\/wp-json\/wp\/v2\/media?parent=2801"}],"wp:term":[{"taxonomy":"product_cat","embeddable":true,"href":"https:\/\/www.xd-solar.com\/de\/wp-json\/wp\/v2\/product_cat?post=2801"},{"taxonomy":"product_tag","embeddable":true,"href":"https:\/\/www.xd-solar.com\/de\/wp-json\/wp\/v2\/product_tag?post=2801"}],"curies":[{"name":"wp","href":"https:\/\/api.w.org\/{rel}","templated":true}]}}