{"id":874,"date":"2023-05-06T10:46:24","date_gmt":"2023-05-06T02:46:24","guid":{"rendered":"https:\/\/xd-solar.com\/?post_type=product&#038;p=874"},"modified":"2023-05-25T11:36:39","modified_gmt":"2023-05-25T03:36:39","slug":"xd2-mppt-solar-charge-controller-80a-100a","status":"publish","type":"product","link":"https:\/\/www.xd-solar.com\/de\/produkt\/xd2-mppt-solar-charge-controller-80a-100a\/","title":{"rendered":"XD2 MPPT Solarladeregler 80A-100A"},"content":{"rendered":"<table width=\"1234\">\n<tbody>\n<tr>\n<td style=\"color: #fff; text-align: center;\" width=\"244\">Modell: XD2<\/td>\n<td style=\"color: #fff; text-align: center;\" width=\"165\">10124, 20124, 30124<\/td>\n<td style=\"color: #fff; text-align: center;\" width=\"165\">1048, 2048, 3048<\/td>\n<td style=\"color: #fff; text-align: center;\" width=\"165\">40124, 50124, 60124<\/td>\n<td style=\"color: #fff; text-align: center;\" width=\"165\">4048, 5048, 6048<\/td>\n<td style=\"color: #fff; text-align: center;\" width=\"165\">80124, 100124<\/td>\n<td style=\"color: #fff; text-align: center;\" width=\"165\">8048, 10048<\/td>\n<\/tr>\n<tr>\n<td>Nennstrom<\/td>\n<td colspan=\"2\">10A\/20A\/30A<\/td>\n<td colspan=\"2\">40A\/50A\/60A<\/td>\n<td colspan=\"2\">80A\/100A<\/td>\n<\/tr>\n<tr>\n<td>Nennsystemspannung<\/td>\n<td>12V\/24V<\/td>\n<td>48V<\/td>\n<td>12V\/24V<\/td>\n<td>48V<\/td>\n<td>12V\/24V<\/td>\n<td>48V<\/td>\n<\/tr>\n<tr>\n<td width=\"244\">Max. PV-Eingangsspannung (Voc)<br \/>\n(Bei niedrigster Umgebungstemperatur)<\/td>\n<td>120V<\/td>\n<td>180V<\/td>\n<td>120V<\/td>\n<td>180V<\/td>\n<td>120V<\/td>\n<td>180V<\/td>\n<\/tr>\n<tr>\n<td>MPPT-Tracking-Spannungsbereich<\/td>\n<td colspan=\"6\">12V-System: 15V-80V; 24V-System: 30V-100V; 48V-System: 60V-140V<\/td>\n<\/tr>\n<tr>\n<td>Empfohlener Betriebsspannungsbereich<\/td>\n<td colspan=\"6\">12V-System: 15V-30V; 24V-System: 30V-60V; 48V-System: 60V-90V<\/td>\n<\/tr>\n<tr>\n<td>Maximale Leistung des PV-Arrays<\/td>\n<td colspan=\"6\" width=\"990\">12-V-System: 140 W (10 A)\/280 W (20 A)\/420 W (30 A)\/560 W (40 A)\/700 W (50 A)\/840 W (60 A)\/1120 W (80 A)\/1400 W (100 A);<br \/>\n24-V-System: 280 W (10 A)\/560 W (20 A)\/840 W (30 A)\/1120 W (40 A)\/1400 W (50 A)\/1680 W (60 A)\/2240 W (80 A)\/2800 W (100 A);<br \/>\n48-V-System: 560 W (10 A)\/1120 W (20 A)\/1680 W (30 A)\/2240 W (40 A)\/2800 W (50 A)\/3360 W (60 A)\/4480 W (80 A)\/5600 W (100 A)<\/td>\n<\/tr>\n<tr>\n<td>Akku-Typ<\/td>\n<td colspan=\"6\">Blei-S\u00e4ure-Batterie\/Lithium-Batterie (Benutzer k\u00f6nnen die Ladeparameter f\u00fcr andere Batterietypen anpassen)<\/td>\n<\/tr>\n<tr>\n<td>Floating-Spannung<\/td>\n<td colspan=\"6\">13,8 V\/einzelne Batterie<\/td>\n<\/tr>\n<tr>\n<td>Ladespannung<\/td>\n<td colspan=\"6\" width=\"990\">14,2 V\/einzelne Batterie<\/td>\n<\/tr>\n<tr>\n<td>Ladeschutzspannung<\/td>\n<td colspan=\"6\">15V\/Einzelbatterie<\/td>\n<\/tr>\n<tr>\n<td>Erholungsspannung f\u00f6rdern<\/td>\n<td colspan=\"6\">13,8 V\/einzelne Batterie<\/td>\n<\/tr>\n<tr>\n<td>Wiederherstellungsspannung nach Unterspannungsabschaltung<\/td>\n<td colspan=\"6\">12,5 V\/einzelne Batterie<\/td>\n<\/tr>\n<tr>\n<td width=\"244\">Entladung Begrenzte Spannung<\/td>\n<td colspan=\"6\">10,5 V\/einzelne Batterie<\/td>\n<\/tr>\n<tr>\n<td>Temperaturkompensationskoeffizient<\/td>\n<td colspan=\"6\">-3 mV \/ \u2103 \/ 2 V (25 \u2103 ist die Basislinie) (Optional)<\/td>\n<\/tr>\n<tr>\n<td>Lademodus<\/td>\n<td colspan=\"6\">MPPT-Maximum-Power-Point-Tracking<\/td>\n<\/tr>\n<tr>\n<td>Lademethode<\/td>\n<td colspan=\"6\">Drei Stufen: Konstantstrom (MPPT); konstante Spannung; schwebende Ladung<\/td>\n<\/tr>\n<tr>\n<td>Schutz<\/td>\n<td colspan=\"6\">\u00dcberspannungs-\/Unterspannungs-\/\u00dcbertemperatur-\/Verpolungsschutz<\/td>\n<\/tr>\n<tr>\n<td>Umwandlungseffizienz<\/td>\n<td colspan=\"6\">&gt;98%<\/td>\n<\/tr>\n<tr>\n<td>MPPT-Tracking-Effizienz<\/td>\n<td colspan=\"6\">&gt;99%<\/td>\n<\/tr>\n<tr>\n<td>Maschinengr\u00f6\u00dfe (L*B*Hmm)<\/td>\n<td colspan=\"2\">214*155*72.8<\/td>\n<td colspan=\"2\">238*180*82<\/td>\n<td colspan=\"2\">315*210*106.5<\/td>\n<\/tr>\n<tr>\n<td>Packungsgr\u00f6\u00dfe (L*B*Hmm)<\/td>\n<td colspan=\"2\" width=\"330\">243*184*115 (1 St\u00fcck)<br \/>\n497*379*247 (8 St\u00fcck)<\/td>\n<td colspan=\"2\" width=\"330\">267*209*124 (1 St\u00fcck)<br \/>\n639*278*265 (6 St\u00fcck)<\/td>\n<td colspan=\"2\" width=\"330\">344*239*149 (1 St\u00fcck)<br \/>\n489*355*315 (4 St\u00fcck)<\/td>\n<\/tr>\n<tr>\n<td>NW(kg)<\/td>\n<td colspan=\"2\">1,6 (1 St\u00fcck)<\/td>\n<td colspan=\"2\">2.4 (1 St\u00fcck)<\/td>\n<td colspan=\"2\">4.2 (1 St\u00fcck)<\/td>\n<\/tr>\n<tr>\n<td>GW(kg)<\/td>\n<td colspan=\"2\">1,8 (1 St\u00fcck)<\/td>\n<td colspan=\"2\">2,7 (1 St\u00fcck)<\/td>\n<td colspan=\"2\">4,6 (1 St\u00fcck)<\/td>\n<\/tr>\n<tr style=\"background: #80b645;\">\n<td style=\"color: #fff; text-align: center;\" colspan=\"7\">Parameter<\/td>\n<\/tr>\n<tr>\n<td>Anzeige<\/td>\n<td colspan=\"6\">LCD<\/td>\n<\/tr>\n<tr>\n<td>Thermische Methode<\/td>\n<td colspan=\"6\">K\u00fchlventilator mit intelligenter Steuerung<\/td>\n<\/tr>\n<tr>\n<td>Art des mechanischen Schutzes<\/td>\n<td colspan=\"6\">IP20<\/td>\n<\/tr>\n<tr>\n<td>Betriebstemperatur<\/td>\n<td colspan=\"6\">-15\u2103~+50\u2103<\/td>\n<\/tr>\n<tr>\n<td>Lagertemperatur<\/td>\n<td colspan=\"6\">-20\u2103~+60\u2103<\/td>\n<\/tr>\n<tr>\n<td>Elevation<\/td>\n<td colspan=\"6\">5000 m (Trocken \u00fcber 2000 m)<\/td>\n<\/tr>\n<tr>\n<td>Feuchtigkeit<\/td>\n<td colspan=\"6\">5%~95% (keine Kondensation)<\/td>\n<\/tr>\n<tr>\n<td>Kommunikation<\/td>\n<td colspan=\"6\">RS485\/APP (WIFI-\u00dcberwachung oder GPRS-\u00dcberwachung)<\/td>\n<\/tr>\n<tr>\n<td style=\"color: #fff; text-align: center;\" colspan=\"7\">Hinweis: Alle Spezifikationen k\u00f6nnen ohne vorherige Ank\u00fcndigung ge\u00e4ndert werden<\/td>\n<\/tr>\n<\/tbody>\n<\/table>","protected":false},"excerpt":{"rendered":"<p><strong style=\"color: #80b645;\">Besonderheit:<\/strong><br \/>\n\u25c6Erweiterter MPPT-Tracking-Algorithmus mit einer Tracking-Effizienz von bis zu 99%. Im Vergleich zum Gew\u00f6hnlichen<br \/>\nMit dem PWM-Algorithmus kann die Effizienz der Stromerzeugung um etwa 20% verbessert werden.<br \/>\n\u25c7 LCD-Grafikanzeige der Daten zur Photovoltaik-Stromerzeugung und Simulation des Stromerzeugungsprozesses;<br \/>\n\u25c6 Zur Anpassung an unterschiedliche Arbeitsanl\u00e4sse k\u00f6nnen mehrere Lastarbeitsmodi eingestellt werden;<br \/>\n\u25c7 Ultraweiter Photovoltaik-Eingangsspannungsbereich, bequemere Systemkonfiguration;<br \/>\n\u25c6 Es unterst\u00fctzt eine Vielzahl von Blei-S\u00e4ure- und Lithium-Batterien und Benutzer k\u00f6nnen diese individuell anpassen<br \/>\nLade- und Entladeparameter; Benutzer sind flexibler und bequemer zu verwenden;<br \/>\n\u25c7 Lithiumbatterie-Aktivierungsfunktion;<br \/>\n\u25c6 Umfangreiche elektronische Schutzfunktionen: Batterie-Verpolungsschutz, PV-Verpolungsschutz,<br \/>\nLade\u00fcberstrom, DC-Ausgangs\u00fcberstrom, \u00dcbertemperatur-, \u00dcberspannungs- und Unterspannungsschutz;<br \/>\n\u25c7 Intelligente Batteriemanagementfunktion, die die Batterielebensdauer verl\u00e4ngert;<br \/>\n\u25c6 RS485-Kommunikationsschnittstelle (Mod-Bus-Protokoll) und Mobiltelefon-APP sind f\u00fcr Benutzer bequem zu integrieren und zu verwalten.<\/p>","protected":false},"featured_media":1135,"comment_status":"open","ping_status":"closed","template":"","meta":[],"product_cat":[17],"product_tag":[],"class_list":{"0":"post-874","1":"product","2":"type-product","3":"status-publish","4":"has-post-thumbnail","6":"product_cat-solar-controller","8":"first","9":"instock","10":"shipping-taxable","11":"product-type-simple"},"_links":{"self":[{"href":"https:\/\/www.xd-solar.com\/de\/wp-json\/wp\/v2\/product\/874","targetHints":{"allow":["GET"]}}],"collection":[{"href":"https:\/\/www.xd-solar.com\/de\/wp-json\/wp\/v2\/product"}],"about":[{"href":"https:\/\/www.xd-solar.com\/de\/wp-json\/wp\/v2\/types\/product"}],"replies":[{"embeddable":true,"href":"https:\/\/www.xd-solar.com\/de\/wp-json\/wp\/v2\/comments?post=874"}],"wp:featuredmedia":[{"embeddable":true,"href":"https:\/\/www.xd-solar.com\/de\/wp-json\/wp\/v2\/media\/1135"}],"wp:attachment":[{"href":"https:\/\/www.xd-solar.com\/de\/wp-json\/wp\/v2\/media?parent=874"}],"wp:term":[{"taxonomy":"product_cat","embeddable":true,"href":"https:\/\/www.xd-solar.com\/de\/wp-json\/wp\/v2\/product_cat?post=874"},{"taxonomy":"product_tag","embeddable":true,"href":"https:\/\/www.xd-solar.com\/de\/wp-json\/wp\/v2\/product_tag?post=874"}],"curies":[{"name":"wp","href":"https:\/\/api.w.org\/{rel}","templated":true}]}}