{"id":888,"date":"2023-05-06T10:57:10","date_gmt":"2023-05-06T02:57:10","guid":{"rendered":"https:\/\/xd-solar.com\/?post_type=product&#038;p=888"},"modified":"2024-08-01T13:58:25","modified_gmt":"2024-08-01T05:58:25","slug":"solar-pump-inverter-solar-water-pump","status":"publish","type":"product","link":"https:\/\/www.xd-solar.com\/de\/produkt\/solar-pump-inverter-solar-water-pump\/","title":{"rendered":"Solarpumpenwechselrichter (Solarwasserpumpe)"},"content":{"rendered":"<table width=\"1732\">\n<tbody>\n<tr>\n<td style=\"color: #fff; text-align: center;\" colspan=\"5\" width=\"1732\">Technische Spezifikationen<\/td>\n<\/tr>\n<tr>\n<td colspan=\"2\" width=\"634\">Modell<\/td>\n<td>XD750LB<\/td>\n<td>XD1500L<\/td>\n<td>XD2200L<\/td>\n<\/tr>\n<tr style=\"background: #80b645;\">\n<td style=\"color: #fff; text-align: center;\" colspan=\"5\" width=\"1732\">Solareingang<\/td>\n<\/tr>\n<tr>\n<td colspan=\"2\" width=\"634\">Max. VOC-Spannung<\/td>\n<td colspan=\"3\" width=\"1098\">450V<\/td>\n<\/tr>\n<tr>\n<td colspan=\"2\" width=\"634\">Min. Vmp-Spannung<\/td>\n<td width=\"366\">80V<\/td>\n<td colspan=\"2\" width=\"732\">200V<\/td>\n<\/tr>\n<tr>\n<td colspan=\"2\" width=\"634\">Empfehlen Sie Vmp-Spannung<\/td>\n<td width=\"366\">100Vmp &lt;DC Input&lt;430Voc<br \/>\n(Eingebauter Booster)<\/td>\n<td colspan=\"2\" width=\"732\">300Vmp &lt;DC Input&lt;430Voc\u00a0 (Only Solar Input)<br \/>\n340Vmp &lt;DC Input&lt;400Voc\u00a0 (Hybrid Power Input)<\/td>\n<\/tr>\n<tr>\n<td colspan=\"2\" width=\"634\">Maximale MPPT-Effizienz<\/td>\n<td colspan=\"3\" width=\"1098\">99%<\/td>\n<\/tr>\n<tr>\n<td colspan=\"2\" width=\"634\">Maximaler Eingangsstrom<\/td>\n<td width=\"366\">15 A<\/td>\n<td width=\"366\">7 A<\/td>\n<td width=\"366\">10 A<\/td>\n<\/tr>\n<tr>\n<td colspan=\"2\" width=\"634\">Anzahl der Saiten<\/td>\n<td colspan=\"3\" width=\"1098\">1<\/td>\n<\/tr>\n<tr>\n<td colspan=\"2\" width=\"634\">Inside Booster<\/td>\n<td>JA<\/td>\n<td>N<\/td>\n<td>N<\/td>\n<\/tr>\n<tr style=\"background: #80b645;\">\n<td style=\"color: #fff; text-align: center;\" colspan=\"5\" width=\"1732\">Hybrid-AC-Eingang<\/td>\n<\/tr>\n<tr>\n<td colspan=\"2\" width=\"634\">Stromspannung<\/td>\n<td colspan=\"3\" width=\"1098\">220\/240 V 1-phasig<\/td>\n<\/tr>\n<tr>\n<td colspan=\"2\" width=\"634\">Nenneingangsstrom<\/td>\n<td width=\"366\">7 A<\/td>\n<td width=\"366\">10 A<\/td>\n<td width=\"366\">14A<\/td>\n<\/tr>\n<tr>\n<td colspan=\"2\" width=\"634\">Hybridmodus<\/td>\n<td width=\"366\">N<\/td>\n<td colspan=\"2\" width=\"732\">Automatisch. AC-Erg\u00e4nzung automatisch, w\u00e4hrend sich die Solaranlage im Energiesparmodus befindet, und AC-Trennung automatisch, w\u00e4hrend die Solarenergie wiederhergestellt wird<\/td>\n<\/tr>\n<tr style=\"background: #80b645;\" >\n<td style=\"color: #fff; text-align: center;\" colspan=\"5\" width=\"1732\">AC-Ausgang f\u00fcr Pumpe (AC-Induktionsmotor)<\/td>\n<\/tr>\n<tr>\n<td colspan=\"2\" width=\"634\">Max. angepasste AC-Pumpenleistung<\/td>\n<td width=\"366\">1 PS<\/td>\n<td width=\"366\">2 PS<\/td>\n<td width=\"366\">3 PS<\/td>\n<\/tr>\n<tr>\n<td colspan=\"2\" width=\"634\">Max. angepasste AC-Pumpenleistung<\/td>\n<td width=\"366\">750W<\/td>\n<td width=\"366\">1500 W<\/td>\n<td width=\"366\">2200 W<\/td>\n<\/tr>\n<tr>\n<td colspan=\"2\" width=\"634\">Phase<\/td>\n<td colspan=\"3\" width=\"1098\">\u00a0Einphasig (1 Phase) \/ 3 Phasen (Kompatibilit\u00e4t)<\/td>\n<\/tr>\n<tr>\n<td colspan=\"2\" width=\"634\">Maximale Ausgangsspannung<\/td>\n<td colspan=\"3\" width=\"1098\">220 \/ 240 V<\/td>\n<\/tr>\n<tr>\n<td colspan=\"2\" width=\"634\">Maximale Ausgangsfrequenz<\/td>\n<td colspan=\"3\" width=\"1098\">50 ~ 60 Hz<\/td>\n<\/tr>\n<tr>\n<td colspan=\"2\" width=\"634\">Nennausgangsstrom<\/td>\n<td width=\"366\">7 A<\/td>\n<td>10 A<\/td>\n<td>14 A<\/td>\n<\/tr>\n<tr style=\"background: #80b645;\">\n<td style=\"color: #fff; text-align: center;\" colspan=\"5\" width=\"1732\">Andere Charaktere<\/td>\n<\/tr>\n<tr>\n<td colspan=\"2\" width=\"634\">Maximale Effizienz<\/td>\n<td colspan=\"3\">97%<\/td>\n<\/tr>\n<tr>\n<td colspan=\"2\" width=\"634\">Wasserstandsensor (Brunnen \/ Tank)<\/td>\n<td colspan=\"3\" width=\"1098\">Ja<\/td>\n<\/tr>\n<tr>\n<td colspan=\"2\" width=\"634\">4G\/Wifi-Monitor und Controller<\/td>\n<td colspan=\"3\" width=\"1098\">Unterst\u00fctzung (optional)<\/td>\n<\/tr>\n<tr>\n<td colspan=\"2\" width=\"634\">Anzeige<\/td>\n<td colspan=\"3\" width=\"1098\">LCD-Display (128 x 64)<\/td>\n<\/tr>\n<tr>\n<td colspan=\"2\" width=\"634\">Wasserdicht<\/td>\n<td colspan=\"3\" width=\"1098\">IP65<\/td>\n<\/tr>\n<tr>\n<td colspan=\"2\" width=\"634\">L\u00e4rm<\/td>\n<td colspan=\"3\" width=\"1098\">&lt; 50 dB<\/td>\n<\/tr>\n<tr>\n<td colspan=\"2\" width=\"634\">K\u00fchlungsmethode<\/td>\n<td>Nat\u00fcrliche K\u00fchlung<\/td>\n<td colspan=\"2\" width=\"732\">Zwangsk\u00fchlung durch L\u00fcfter (IP68)<\/td>\n<\/tr>\n<tr>\n<td colspan=\"2\" width=\"634\">Schutz<\/td>\n<td colspan=\"3\" width=\"1098\">Niedrige\/\u00dcberspannung am Solar-Gleichstromeingang<br \/>\nUmgekehrte Polarit\u00e4t des Solar-Gleichstromeingangs<br \/>\nKurzschluss am AC-Ausgang<br \/>\n\u00dcberstrom am AC-Ausgang<br \/>\n\u00dcbertemperatur<br \/>\n\u00dcberlastung<br \/>\n\u00dcberlauf des Tanks<br \/>\nGegen den Blitz<br \/>\nAC-Ausgangsphasenverlust (3 Phasen)<br \/>\nAC-Ausgangsunsymmetrie (3 Phasen) Trockenlauf (Erkennung durch Sensor oder Software)<\/td>\n<\/tr>\n<tr style=\"background: #80b645;\">\n<td style=\"color: #fff; text-align: center;\" colspan=\"5\" width=\"1732\">Betriebsumgebung<\/td>\n<\/tr>\n<tr>\n<td colspan=\"2\" width=\"634\">Temperatur der Betriebsumgebung<\/td>\n<td colspan=\"3\" width=\"1098\">-10 bis 60\u2103, \u00fcber 60\u2103 muss die Last reduziert werden<\/td>\n<\/tr>\n<tr>\n<td colspan=\"2\" width=\"634\">Maximale Luftfeuchtigkeit<\/td>\n<td colspan=\"3\" width=\"1098\">95%RH<\/td>\n<\/tr>\n<tr>\n<td colspan=\"2\" width=\"634\">H\u00f6he nutzen<\/td>\n<td colspan=\"3\" width=\"1098\">&lt; 3000 m, \u00fcber 3000 m muss die Last reduziert werden<\/td>\n<\/tr>\n<tr>\n<td colspan=\"5\" width=\"1732\">Verbot des Installationsorts: direkte Sonneneinstrahlung, dicker Staub, korrosive Gase oder \u00d6lnebel, brennbare Gase, Fl\u00fcssigkeiten usw<\/td>\n<\/tr>\n<tr style=\"background: #80b645;\">\n<td style=\"color: #fff; text-align: center;\" colspan=\"5\" width=\"1732\">Paket<\/td>\n<\/tr>\n<tr>\n<td colspan=\"2\">Gr\u00f6\u00dfe (L*B*H)<\/td>\n<td colspan=\"3\">400*310*200mm<\/td>\n<\/tr>\n<tr>\n<td colspan=\"2\">Gewicht<\/td>\n<td>6 kg<\/td>\n<td>6 kg<\/td>\n<td>6 kg<\/td>\n<\/tr>\n<\/tbody>\n<\/table>","protected":false},"excerpt":{"rendered":"<p>Technical Specifications Model XD750LB XD1500L XD2200L Solar\u00a0 Input Max Voc Voltage 450V Min Vmp Voltage 80V 200V Recommend Vmp Voltage<\/p>","protected":false},"featured_media":892,"comment_status":"open","ping_status":"closed","template":"","meta":[],"product_cat":[18],"product_tag":[],"class_list":{"0":"post-888","1":"product","2":"type-product","3":"status-publish","4":"has-post-thumbnail","6":"product_cat-solar-pump-inverter-solar-water-pump","8":"first","9":"instock","10":"shipping-taxable","11":"product-type-simple"},"_links":{"self":[{"href":"https:\/\/www.xd-solar.com\/de\/wp-json\/wp\/v2\/product\/888","targetHints":{"allow":["GET"]}}],"collection":[{"href":"https:\/\/www.xd-solar.com\/de\/wp-json\/wp\/v2\/product"}],"about":[{"href":"https:\/\/www.xd-solar.com\/de\/wp-json\/wp\/v2\/types\/product"}],"replies":[{"embeddable":true,"href":"https:\/\/www.xd-solar.com\/de\/wp-json\/wp\/v2\/comments?post=888"}],"wp:featuredmedia":[{"embeddable":true,"href":"https:\/\/www.xd-solar.com\/de\/wp-json\/wp\/v2\/media\/892"}],"wp:attachment":[{"href":"https:\/\/www.xd-solar.com\/de\/wp-json\/wp\/v2\/media?parent=888"}],"wp:term":[{"taxonomy":"product_cat","embeddable":true,"href":"https:\/\/www.xd-solar.com\/de\/wp-json\/wp\/v2\/product_cat?post=888"},{"taxonomy":"product_tag","embeddable":true,"href":"https:\/\/www.xd-solar.com\/de\/wp-json\/wp\/v2\/product_tag?post=888"}],"curies":[{"name":"wp","href":"https:\/\/api.w.org\/{rel}","templated":true}]}}