{"id":893,"date":"2023-05-06T11:03:28","date_gmt":"2023-05-06T03:03:28","guid":{"rendered":"https:\/\/xd-solar.com\/?post_type=product&#038;p=893"},"modified":"2024-08-03T09:42:26","modified_gmt":"2024-08-03T01:42:26","slug":"off-grid-solar-system","status":"publish","type":"product","link":"https:\/\/www.xd-solar.com\/de\/produkt\/off-grid-solar-system\/","title":{"rendered":"Netzunabh\u00e4ngiges Solarsystem ESS Solarwechselrichter mit Batterie 300VA 500VA 1KVA 2KVA 3KVA 4KVA 5KVA 6KVA 7KVA"},"content":{"rendered":"<h2><strong>Solarwechselrichter der ESS-Serie mit Batterie<\/strong><\/h2>\n<p>&nbsp;<\/p>\n<p>Viele Kunden haben uns dazu veranlasst, den Solarwechselrichter mit Batterie auf den Markt zu bringen, und jetzt ist er endlich da!! Der Leistungsbereich dieses ESS-Solarwechselrichters reicht von 300 VA bis 7 KVA. Beachten Sie, dass der Leistungsfaktor hier 100% betr\u00e4gt, d. h. 1 KVA entspricht 1 KW. Der Solarwechselrichter verf\u00fcgt \u00fcber eingebaute 50-A-, 100-A- oder 200-A-Batterien. Der Batterietyp kann eine Lithiumbatterie oder eine Bleibatterie sein. Unser Solarwechselrichter verf\u00fcgt au\u00dferdem \u00fcber einen eingebauten Laderegler. Benutzer m\u00fcssen nur ein paar weitere Solarmodule konfigurieren, um einfach tragbare Solarstromerzeugung zu nutzen. Dieser Solarwechselrichter ist f\u00fcr Zuhause, Wohnmobil, LKW, B\u00fcro und sogar Camping geeignet. Der Preis des Xindun-Solarwechselrichters mit Batterie ist gro\u00dfartig, gerne auf Anfrage.<\/p>\n<p><img fetchpriority=\"high\" decoding=\"async\" class=\"alignnone wp-image-1589\" src=\"https:\/\/www.xd-solar.com\/wp-content\/uploads\/2023\/05\/20230126232612q8NY5V-300x229.jpg\" alt=\"\" width=\"870\" height=\"664\" srcset=\"https:\/\/www.xd-solar.com\/wp-content\/uploads\/2023\/05\/20230126232612q8NY5V-300x229.jpg 300w, https:\/\/www.xd-solar.com\/wp-content\/uploads\/2023\/05\/20230126232612q8NY5V-150x114.jpg 150w, https:\/\/www.xd-solar.com\/wp-content\/uploads\/2023\/05\/20230126232612q8NY5V-600x458.jpg 600w, https:\/\/www.xd-solar.com\/wp-content\/uploads\/2023\/05\/20230126232612q8NY5V-16x12.jpg 16w, https:\/\/www.xd-solar.com\/wp-content\/uploads\/2023\/05\/20230126232612q8NY5V.jpg 750w\" sizes=\"(max-width: 870px) 100vw, 870px\" \/> <img decoding=\"async\" class=\"alignnone wp-image-1590\" src=\"https:\/\/www.xd-solar.com\/wp-content\/uploads\/2023\/05\/20230126232612YosuFU-300x281.jpg\" alt=\"\" width=\"870\" height=\"815\" srcset=\"https:\/\/www.xd-solar.com\/wp-content\/uploads\/2023\/05\/20230126232612YosuFU-300x281.jpg 300w, https:\/\/www.xd-solar.com\/wp-content\/uploads\/2023\/05\/20230126232612YosuFU-150x140.jpg 150w, https:\/\/www.xd-solar.com\/wp-content\/uploads\/2023\/05\/20230126232612YosuFU-600x562.jpg 600w, https:\/\/www.xd-solar.com\/wp-content\/uploads\/2023\/05\/20230126232612YosuFU-13x12.jpg 13w, https:\/\/www.xd-solar.com\/wp-content\/uploads\/2023\/05\/20230126232612YosuFU.jpg 750w\" sizes=\"(max-width: 870px) 100vw, 870px\" \/> <img decoding=\"async\" class=\"alignnone wp-image-1591\" src=\"https:\/\/www.xd-solar.com\/wp-content\/uploads\/2023\/05\/20230126232613eICuNb-300x255.jpg\" alt=\"\" width=\"870\" height=\"740\" srcset=\"https:\/\/www.xd-solar.com\/wp-content\/uploads\/2023\/05\/20230126232613eICuNb-300x255.jpg 300w, https:\/\/www.xd-solar.com\/wp-content\/uploads\/2023\/05\/20230126232613eICuNb-150x128.jpg 150w, https:\/\/www.xd-solar.com\/wp-content\/uploads\/2023\/05\/20230126232613eICuNb-600x510.jpg 600w, https:\/\/www.xd-solar.com\/wp-content\/uploads\/2023\/05\/20230126232613eICuNb-14x12.jpg 14w, https:\/\/www.xd-solar.com\/wp-content\/uploads\/2023\/05\/20230126232613eICuNb.jpg 750w\" sizes=\"(max-width: 870px) 100vw, 870px\" \/> <img loading=\"lazy\" decoding=\"async\" class=\"alignnone wp-image-1592\" src=\"https:\/\/www.xd-solar.com\/wp-content\/uploads\/2023\/05\/202301262326126b0EaU-203x300.jpg\" alt=\"\" width=\"871\" height=\"1287\" srcset=\"https:\/\/www.xd-solar.com\/wp-content\/uploads\/2023\/05\/202301262326126b0EaU-203x300.jpg 203w, https:\/\/www.xd-solar.com\/wp-content\/uploads\/2023\/05\/202301262326126b0EaU-150x222.jpg 150w, https:\/\/www.xd-solar.com\/wp-content\/uploads\/2023\/05\/202301262326126b0EaU-600x888.jpg 600w, https:\/\/www.xd-solar.com\/wp-content\/uploads\/2023\/05\/202301262326126b0EaU-692x1024.jpg 692w, https:\/\/www.xd-solar.com\/wp-content\/uploads\/2023\/05\/202301262326126b0EaU-8x12.jpg 8w\" sizes=\"(max-width: 871px) 100vw, 871px\" \/><\/p>\n<p class=\"wz-images-list\"><img loading=\"lazy\" decoding=\"async\" id=\"1kva 2kva 5kva solar inverter with battery price\" class=\"\" title=\"1kva 2kva 5kva Solarwechselrichter mit Batteriepreis\" src=\"https:\/\/www.xinduninverter.com\/uploadfile\/2023\/01\/26\/20230126232613SG71mE.jpg\" alt=\"1kva 2kva 5kva solar inverter with battery price\" width=\"870\" height=\"718\" longdesc=\"https:\/\/www.xinduninverter.com\/1kva%202kva%205kva%20solar%20inverter%20with%20battery%20price\" \/><\/p>\n<p>&nbsp;<\/p>","protected":false},"excerpt":{"rendered":"<p>1: Netzunabh\u00e4ngiger Solarwechselrichter mit reiner Sinuswelle, Batterie und Laderegler<\/p>\n<p>2: Verschiedene Ausgangsschnittstellen umfassen USB, DC 12 V, universelle AC-Steckdose und AC-Verkabelungsblock<\/p>\n<p>3: Solarwechselrichter kompatibel mit Lithiumbatterie<\/p>\n<p>4: Automatische Umschaltung zwischen Solar- und AC-Betriebsmodi, Umschaltzeit \u2264 4 ms<\/p>\n<p>5: Ausgangsleistungsfaktor 100%<\/p>","protected":false},"featured_media":1158,"comment_status":"open","ping_status":"closed","template":"","meta":[],"product_cat":[19],"product_tag":[47],"class_list":{"0":"post-893","1":"product","2":"type-product","3":"status-publish","4":"has-post-thumbnail","6":"product_cat-off-grid-solar-system","7":"product_tag-solar-inverter","9":"first","10":"instock","11":"shipping-taxable","12":"product-type-simple"},"_links":{"self":[{"href":"https:\/\/www.xd-solar.com\/de\/wp-json\/wp\/v2\/product\/893","targetHints":{"allow":["GET"]}}],"collection":[{"href":"https:\/\/www.xd-solar.com\/de\/wp-json\/wp\/v2\/product"}],"about":[{"href":"https:\/\/www.xd-solar.com\/de\/wp-json\/wp\/v2\/types\/product"}],"replies":[{"embeddable":true,"href":"https:\/\/www.xd-solar.com\/de\/wp-json\/wp\/v2\/comments?post=893"}],"wp:featuredmedia":[{"embeddable":true,"href":"https:\/\/www.xd-solar.com\/de\/wp-json\/wp\/v2\/media\/1158"}],"wp:attachment":[{"href":"https:\/\/www.xd-solar.com\/de\/wp-json\/wp\/v2\/media?parent=893"}],"wp:term":[{"taxonomy":"product_cat","embeddable":true,"href":"https:\/\/www.xd-solar.com\/de\/wp-json\/wp\/v2\/product_cat?post=893"},{"taxonomy":"product_tag","embeddable":true,"href":"https:\/\/www.xd-solar.com\/de\/wp-json\/wp\/v2\/product_tag?post=893"}],"curies":[{"name":"wp","href":"https:\/\/api.w.org\/{rel}","templated":true}]}}