{"id":895,"date":"2023-05-06T11:11:54","date_gmt":"2023-05-06T03:11:54","guid":{"rendered":"https:\/\/xd-solar.com\/?post_type=product&#038;p=895"},"modified":"2024-03-06T18:58:41","modified_gmt":"2024-03-06T10:58:41","slug":"gel-battery","status":"publish","type":"product","link":"https:\/\/www.xd-solar.com\/de\/produkt\/gel-battery\/","title":{"rendered":"Beste Deep-Cycle-Gelbatterie f\u00fcr Wechselrichter, wandelt den Gleichstrom der Batterie in Wechselstrom um. Der Preis f\u00fcr 50 Ah, 100 Ah, 150 Ah, 200 Ah, 250 Ah und 12 V-Gelbatterien ist erschwinglich. AGM-Gel-Batterie ist anpassbar.Gel-Batterie"},"content":{"rendered":"<div class=\"pp-info-box-title-wrap\">\n<div class=\"pp-info-box-title-container\">\n<p><strong>Haltbarkeit und Zuverl\u00e4ssigkeit der SOLAR Solar-Gel-Batterie<\/strong><\/p>\n<p>Unser Design- und Produktionsteam stellt die Haltbarkeit und Qualit\u00e4t aller Solar-Gel-Batterien sicher. Neue hochwertige 17A-Gro\u00dfplatte, Entladung mit hohem Strom, Lebensdauer von mehr als 5 Jahren. Durch eine neue ABS-H\u00fclle von hoher Qualit\u00e4t ist die Batterie hochfest, robust und temperaturbest\u00e4ndig. Und sie verf\u00fcgt \u00fcber eine perfekte Wiederherstellungsf\u00e4higkeit bei Tiefentladung.<\/p>\n<p><strong>Verschiedene Arten von Solarbatterien, die wir unterst\u00fctzen<\/strong><\/p>\n<p>Auf dem Markt gibt es verschiedene Arten von Gelbatterien, wie z. B. geflutete S\u00e4urebatterien, gelierte S\u00e4urebatterien und moderne AGM-Batterien (Absorbed Glass Mat). Jede Solar-Gelbatterie hat eine unterschiedliche Leistung und Lebensdauer in Bezug auf Bleimenge, Bleireinheit und Pastenmethoden. Bei der Vielfalt der verf\u00fcgbaren Batterien k\u00f6nnen Sie eine finden, die zu Ihrem Preis und Ihrer Anwendung passt.<\/p>\n<p><strong>Wir bieten Ihnen die beste Solar-Gel-Batteriel\u00f6sung<\/strong><\/p>\n<p>Wir bieten ventilgeregelte Solar-Gel-Batterien an, die anspruchsvollen Umgebungen standhalten und optimale Leistung erzielen. Dar\u00fcber hinaus verf\u00fcgt XD Solar \u00fcber ein Team erfahrener Mitarbeiter, die professionelle Beratung zu spezifischen Batterien bieten k\u00f6nnen, die zu Ihren Anforderungen passen.<\/p>\n<\/div>\n<\/div>","protected":false},"excerpt":{"rendered":"<p>Solar-Gel-Batterien geh\u00f6ren zu einer Entwicklungskategorie von Blei-S\u00e4ure-Batterien. Ventilgeregelte Blei-S\u00e4ure-Gel-Batterien und VRLA-Gel-Batterien sind alle vom gleichen Typ. Das wichtigste Merkmal der Gel-Batterie ist, dass sie eine Batterie von besserer Qualit\u00e4t zu geringeren Kosten produzieren kann. Die Energie und Leistung sind mehr als 20% h\u00f6her als bei herk\u00f6mmlichen Blei-S\u00e4ure-Batterien. Die Lebensdauer ist etwa doppelt so lang wie bei herk\u00f6mmlichen Blei-S\u00e4ure-Batterien. Und die Hochtemperatur- und Niedertemperatureigenschaften sind gut. Xindi Power vertreibt eine Vielzahl von Solar-Gel-Batteriemodellen im Gro\u00dfhandel, darunter 12v20ah, 12v35ah, 12v50ah, 12v100ah, 12v120ah, 12v150ah, 12v200ah, 12v250ah. Einzelheiten zum Kauf von VRLA-Blei-S\u00e4ure-Gel-Batterien finden Sie unter dem folgenden Link.<\/p>","protected":false},"featured_media":1134,"comment_status":"open","ping_status":"closed","template":"","meta":[],"product_cat":[21,35],"product_tag":[],"class_list":{"0":"post-895","1":"product","2":"type-product","3":"status-publish","4":"has-post-thumbnail","6":"product_cat-battery","7":"product_cat-gel-battery","9":"first","10":"instock","11":"shipping-taxable","12":"product-type-simple"},"_links":{"self":[{"href":"https:\/\/www.xd-solar.com\/de\/wp-json\/wp\/v2\/product\/895","targetHints":{"allow":["GET"]}}],"collection":[{"href":"https:\/\/www.xd-solar.com\/de\/wp-json\/wp\/v2\/product"}],"about":[{"href":"https:\/\/www.xd-solar.com\/de\/wp-json\/wp\/v2\/types\/product"}],"replies":[{"embeddable":true,"href":"https:\/\/www.xd-solar.com\/de\/wp-json\/wp\/v2\/comments?post=895"}],"wp:featuredmedia":[{"embeddable":true,"href":"https:\/\/www.xd-solar.com\/de\/wp-json\/wp\/v2\/media\/1134"}],"wp:attachment":[{"href":"https:\/\/www.xd-solar.com\/de\/wp-json\/wp\/v2\/media?parent=895"}],"wp:term":[{"taxonomy":"product_cat","embeddable":true,"href":"https:\/\/www.xd-solar.com\/de\/wp-json\/wp\/v2\/product_cat?post=895"},{"taxonomy":"product_tag","embeddable":true,"href":"https:\/\/www.xd-solar.com\/de\/wp-json\/wp\/v2\/product_tag?post=895"}],"curies":[{"name":"wp","href":"https:\/\/api.w.org\/{rel}","templated":true}]}}