{"id":1178,"date":"2023-06-03T09:25:23","date_gmt":"2023-06-03T01:25:23","guid":{"rendered":"https:\/\/xd-solar.com\/?post_type=product&#038;p=1178"},"modified":"2024-03-06T15:58:22","modified_gmt":"2024-03-06T07:58:22","slug":"lithium-battery","status":"publish","type":"product","link":"https:\/\/www.xd-solar.com\/es\/producto\/lithium-battery\/","title":{"rendered":"Bater\u00eda de iones de litio de 100 Ah, 150 Ah, 200 Ah, 48 V a la venta. Bater\u00eda de litio-hierro para inversor, para almacenar energ\u00eda de la red el\u00e9ctrica o de la energ\u00eda solar. Se aceptan bater\u00edas de litio-hierro y bater\u00edas marinas de litio-hierro."},"content":{"rendered":"<p><strong>\u25a0 Preguntas frecuentes<\/strong><\/p>\n<p><strong>P1. \u00bfCu\u00e1l es la diferencia entre una bater\u00eda de litio y una bater\u00eda de iones de litio?<\/strong><br \/>\nR: Las bater\u00edas de litio adoptan una estructura de bater\u00eda primaria, lo que significa que son desechables o no recargables. Por otro lado, las bater\u00edas de iones de litio tienen una estructura de bater\u00eda secundaria, lo que significa que se pueden recargar y utilizar repetidamente.<\/p>\n<p><strong>Q2.\u00a0<\/strong><strong>\u00bfD\u00f3nde es adecuada la bater\u00eda de iones de litio?<\/strong><\/p>\n<p>R: La bater\u00eda de iones de litio se puede utilizar en cualquier lugar donde desee almacenar energ\u00eda. Bater\u00eda de iones de litio para inversores, veh\u00edculos recreativos, aplicaciones marinas, de monta\u00f1a, etc.<\/p>\n<p><strong>P3. \u00bfQu\u00e9 pasa con la garant\u00eda de la bater\u00eda?<\/strong><br \/>\nA: 5-10 a\u00f1os de garant\u00eda para la bater\u00eda de iones de litio.<\/p>\n<p><strong>P4. \u00bfEs segura la bater\u00eda de iones de litio?<\/strong><br \/>\nA: La bater\u00eda de iones de litio de Zamdon tiene funci\u00f3n BMS y pas\u00f3 las pruebas de sobrecarga, sobredescarga, sobretemperatura, cortocircuito, acupuntura y otras pruebas de seguridad, sin incendio, sin explosi\u00f3n en ninguna circunstancia; garantiza el beneficio de nuestros clientes;<\/p>\n<p><strong>P5. \u00bfC\u00f3mo puedo confirmar la alta calidad de la bater\u00eda que me enviaron?<\/strong><br \/>\nR: Todas nuestras bater\u00edas son de grado A. No importa cu\u00e1ntas pida, probaremos cada producto antes de enviarlo.<\/p>\n<p><strong>P6. \u00bfEst\u00e1 bien imprimir mi logotipo en la bater\u00eda?<\/strong><br \/>\nR: S\u00ed, aceptamos OEM\/ODM. Inf\u00f3rmenos formalmente antes de la producci\u00f3n y confirme primero el dise\u00f1o en funci\u00f3n de nuestra muestra.<\/p>","protected":false},"excerpt":{"rendered":"<p><strong>\u25a0 Caracter\u00edstica de la bater\u00eda de iones de litio<\/strong><\/p>\n<p>1 Funci\u00f3n BMS inteligente, detecta el voltaje total, la corriente total y la energ\u00eda de reserva de la bater\u00eda.<br \/>\n2. Relaci\u00f3n de alta capacidad, peso m\u00e1s ligero<br \/>\n3 Mayor vida \u00fatil del ciclo<br \/>\n4 Rango de temperatura m\u00e1s amplio<br \/>\n5 Bater\u00eda de iones de litio sin mantenimiento, ahorra costos de mantenimiento<br \/>\n6 Salida de alarma y control para sobretensi\u00f3n, subtensi\u00f3n, alta temperatura, baja temperatura, sobrecorriente, cortocircuito y otras condiciones extremas.<\/p>","protected":false},"featured_media":1180,"comment_status":"open","ping_status":"closed","template":"","meta":[],"product_cat":[21,31],"product_tag":[],"class_list":{"0":"post-1178","1":"product","2":"type-product","3":"status-publish","4":"has-post-thumbnail","6":"product_cat-battery","7":"product_cat-lithium-battery","9":"first","10":"instock","11":"shipping-taxable","12":"product-type-simple"},"_links":{"self":[{"href":"https:\/\/www.xd-solar.com\/es\/wp-json\/wp\/v2\/product\/1178","targetHints":{"allow":["GET"]}}],"collection":[{"href":"https:\/\/www.xd-solar.com\/es\/wp-json\/wp\/v2\/product"}],"about":[{"href":"https:\/\/www.xd-solar.com\/es\/wp-json\/wp\/v2\/types\/product"}],"replies":[{"embeddable":true,"href":"https:\/\/www.xd-solar.com\/es\/wp-json\/wp\/v2\/comments?post=1178"}],"wp:featuredmedia":[{"embeddable":true,"href":"https:\/\/www.xd-solar.com\/es\/wp-json\/wp\/v2\/media\/1180"}],"wp:attachment":[{"href":"https:\/\/www.xd-solar.com\/es\/wp-json\/wp\/v2\/media?parent=1178"}],"wp:term":[{"taxonomy":"product_cat","embeddable":true,"href":"https:\/\/www.xd-solar.com\/es\/wp-json\/wp\/v2\/product_cat?post=1178"},{"taxonomy":"product_tag","embeddable":true,"href":"https:\/\/www.xd-solar.com\/es\/wp-json\/wp\/v2\/product_tag?post=1178"}],"curies":[{"name":"wp","href":"https:\/\/api.w.org\/{rel}","templated":true}]}}