{"id":1319,"date":"2023-12-12T11:18:03","date_gmt":"2023-12-12T03:18:03","guid":{"rendered":"https:\/\/xd-solar.com\/?post_type=product&#038;p=1319"},"modified":"2024-06-26T20:37:43","modified_gmt":"2024-06-26T12:37:43","slug":"hybrid-solar-system-for-home-electricity","status":"publish","type":"product","link":"https:\/\/www.xd-solar.com\/es\/producto\/hybrid-solar-system-for-home-electricity\/","title":{"rendered":"Sistema solar h\u00edbrido para electricidad dom\u00e9stica 1kva 2kya 3kva 4kva 5kva 6kva 7kva 8kva 10kva 12kva 15kva 20kva 25kva 30kva 40kva"},"content":{"rendered":"<p>Los sistemas solares h\u00edbridos completos de Xindi para hogares se han vendido a m\u00e1s de 100 pa\u00edses, como Nigeria, Ghana, Egipto, Botswana, Zimbabwe, Sud\u00e1frica, Dubai, Emiratos \u00c1rabes Unidos, L\u00edbano, Indonesia, Malasia, Filipinas, Colombia, M\u00e9xico, etc. Los sistemas solares de 30kw se han utilizado ampliamente para electricidad solar para el hogar, campamentos solares, veh\u00edculos recreativos, proyectos escolares solares, proyectos de hospitales solares, proyectos de granjas solares, proyectos de hoteles solares, proyectos militares solares, proyectos de equipos de tratamiento de agua con energ\u00eda solar, proyectos gubernamentales solares, cimas de colinas, barcos, etc.<\/p>","protected":false},"excerpt":{"rendered":"<p>El sistema solar h\u00edbrido completo para el hogar de Xindi es la configuraci\u00f3n m\u00e1s completa del mercado, que incluye todos los componentes necesarios: panel solar, soporte solar, caja combinadora fotovoltaica, bater\u00eda solar, inversor solar, controlador de carga solar, cables fotovoltaicos, cables de bater\u00eda y otros terminales. Una vez completada la sencilla instalaci\u00f3n, se puede utilizar directamente para electrodom\u00e9sticos residenciales.<\/p>\n<p>Cada sistema solar h\u00edbrido para el hogar se prueba 100 veces por hora y se enciende y apaga cada paso de la producci\u00f3n bajo un estricto control de calidad. Protecci\u00f3n perfecta: cortocircuito, sobretensi\u00f3n, baja tensi\u00f3n, sobrecarga, resistencia de aislamiento y protecci\u00f3n contra altas temperaturas.<\/p>\n<p>La gama de sistemas solares h\u00edbridos Xindi incluye <a href=\"https:\/\/www.xindun-power.com\/solar-system-solution\/\" target=\"_blank\" rel=\"noopener\">De 300 W a 200 KW<\/a>Ofrecemos a los clientes un dise\u00f1o de soluci\u00f3n solar gratuito y podemos aceptar personalizaciones.<\/p>","protected":false},"featured_media":1318,"comment_status":"open","ping_status":"closed","template":"","meta":[],"product_cat":[19],"product_tag":[110,60,47,62,43],"class_list":{"0":"post-1319","1":"product","2":"type-product","3":"status-publish","4":"has-post-thumbnail","6":"product_cat-off-grid-solar-system","7":"product_tag-hybrid-solar-system","8":"product_tag-off-grid-inverter","9":"product_tag-solar-inverter","10":"product_tag-solar-inverter-manufacturer","11":"product_tag-solar-system","13":"first","14":"instock","15":"shipping-taxable","16":"product-type-simple"},"_links":{"self":[{"href":"https:\/\/www.xd-solar.com\/es\/wp-json\/wp\/v2\/product\/1319","targetHints":{"allow":["GET"]}}],"collection":[{"href":"https:\/\/www.xd-solar.com\/es\/wp-json\/wp\/v2\/product"}],"about":[{"href":"https:\/\/www.xd-solar.com\/es\/wp-json\/wp\/v2\/types\/product"}],"replies":[{"embeddable":true,"href":"https:\/\/www.xd-solar.com\/es\/wp-json\/wp\/v2\/comments?post=1319"}],"wp:featuredmedia":[{"embeddable":true,"href":"https:\/\/www.xd-solar.com\/es\/wp-json\/wp\/v2\/media\/1318"}],"wp:attachment":[{"href":"https:\/\/www.xd-solar.com\/es\/wp-json\/wp\/v2\/media?parent=1319"}],"wp:term":[{"taxonomy":"product_cat","embeddable":true,"href":"https:\/\/www.xd-solar.com\/es\/wp-json\/wp\/v2\/product_cat?post=1319"},{"taxonomy":"product_tag","embeddable":true,"href":"https:\/\/www.xd-solar.com\/es\/wp-json\/wp\/v2\/product_tag?post=1319"}],"curies":[{"name":"wp","href":"https:\/\/api.w.org\/{rel}","templated":true}]}}