{"id":1344,"date":"2023-04-15T16:29:56","date_gmt":"2023-04-15T08:29:56","guid":{"rendered":"https:\/\/xd-solar.com\/?post_type=product&#038;p=1344"},"modified":"2023-12-15T16:38:37","modified_gmt":"2023-12-15T08:38:37","slug":"hight-brightness-outdoor-lighting-50w-100w-150w-watts-ip67-garden-light-lamp-solar-led-flood-light","status":"publish","type":"product","link":"https:\/\/www.xd-solar.com\/es\/producto\/hight-brightness-outdoor-lighting-50w-100w-150w-watts-ip67-garden-light-lamp-solar-led-flood-light\/","title":{"rendered":"L\u00e1mpara de luz LED solar para jard\u00edn, iluminaci\u00f3n exterior de alto brillo, 50 W, 100 W, 150 W, IP67"},"content":{"rendered":"<div class=\"numbox\">Proyector LED solar<\/div>\n<div class=\"numbox\">Esta luz solar para inundaci\u00f3n tiene un brillo superbrillante. <a href=\"https:\/\/www.alltopgroup.com\/info-center\" target=\"_blank\" rel=\"noopener\">LEDs<\/a> que iluminar\u00e1 la oscuridad en cuesti\u00f3n de segundos. Dise\u00f1ada y construida para una amplia gama de aplicaciones de iluminaci\u00f3n, como edificios comerciales e industriales, estacionamientos, aceras, garajes, patios traseros, entradas de veh\u00edculos, calles, luces de senderos, \u00e1reas de juegos, granjas, parques e iluminaci\u00f3n residencial y recreativa de \u00e1reas grandes. Esta luz de alta calidad y muy duradera es completamente aut\u00f3noma.<\/div>\n<div>\n<div class=\"numbox\">INTELLIGENT CONTROL<\/div>\n<div class=\"description\">Built-in photoelectric sensor, Auto-on\/Off. 6-8 hours get fully charged and 16-20 hours long lighting time, large capacity lithium battery, built-in intelligent control chip, automatically adjust the working power with battery capacity change, guarantee long lighting time.<\/div>\n<div>\n<div class=\"numbox\">Duradero y de larga duraci\u00f3n<\/div>\n<div class=\"description\">This LED flood light fixture comes with an ABS shell which features great thermal conductivity, it can improve high energy efficiency and keep the LED chip works in low temperature, and make the light durable for long working time.<\/div>\n<div>\n<div class=\"numbox\">Ahorro de energ\u00eda<\/div>\n<div class=\"numbox\">No electricity cost, entirely solar powered and wireless installation, which can save your cost. Provide lighting and safety for your garden, garage, road and shack at any time, can be used as wall lights, street lights, garden lights, etc. 3 year warranty ensures this will quickly become your favorite no-risk purchase.<\/div>\n<\/div>\n<\/div>\n<\/div>","protected":false},"excerpt":{"rendered":"<dl class=\"amount clearfix\">\n<dt class=\"metatit\">Certification\u00a0 \u00a0 \u00a0 \u00a0 \u00a0 CE\/ISO9001\/RoHS\/3C\/CQC\/\/UL\/TUV<\/dt>\n<\/dl>\n<dl class=\"amount clearfix\">\n<dt class=\"metatit\">Delivery Time\u00a0 \u00a0 \u00a0 \u00a05-15 days<\/dt>\n<\/dl>\n<dl class=\"amount clearfix\">\n<dt class=\"metatit\">Payment Terms\u00a0 \u00a0 L\/C, D\/A, D\/P, T\/T, Western Union, Money Gram,<\/dt>\n<\/dl>\n<dl class=\"amount clearfix\">\n<dt class=\"metatit\">Servicio OEM\/ODM personalizado<\/dt>\n<\/dl>\n<dl class=\"amount clearfix\">\n<dt class=\"metatit\">Charging time\u00a0 \u00a0 \u00a0 \u00a0 6-8 hours<\/dt>\n<\/dl>\n<dl class=\"amount clearfix\">\n<dt class=\"metatit\">Discharging time\u00a0 \u00a030-36 hours<\/dt>\n<\/dl>\n<dl class=\"amount clearfix\">\n<dt class=\"metatit\">Lumen\u00a0 \u00a0 \u00a0 \u00a0 \u00a0 \u00a0 \u00a0 \u00a0 \u00a0 \u00a0 \u00a0 160<\/dt>\n<\/dl>\n<dl class=\"amount clearfix\">\n<dt class=\"metatit\">Material\u00a0 \u00a0 \u00a0 \u00a0 \u00a0 \u00a0 \u00a0 \u00a0 \u00a0 \u00a0 ABS<\/dt>\n<\/dl>\n<dl class=\"amount clearfix\">\n<dt class=\"metatit\">Start Port\u00a0 \u00a0 \u00a0 \u00a0 \u00a0 \u00a0 \u00a0 \u00a0 \u00a0 guangzhou ,shenzhen, zhuhai<\/dt>\n<\/dl>\n<dl class=\"amount clearfix\">\n<dt class=\"metatit\">Supply Ability\u00a0 \u00a0 \u00a0 \u00a0 \u00a0 5000 PCS\/Month<\/dt>\n<\/dl>","protected":false},"featured_media":1345,"comment_status":"open","ping_status":"closed","template":"","meta":[],"product_cat":[34,32],"product_tag":[],"class_list":{"0":"post-1344","1":"product","2":"type-product","3":"status-publish","4":"has-post-thumbnail","6":"product_cat-solar-flood-light","7":"product_cat-solar-light","9":"first","10":"instock","11":"shipping-taxable","12":"product-type-simple"},"_links":{"self":[{"href":"https:\/\/www.xd-solar.com\/es\/wp-json\/wp\/v2\/product\/1344","targetHints":{"allow":["GET"]}}],"collection":[{"href":"https:\/\/www.xd-solar.com\/es\/wp-json\/wp\/v2\/product"}],"about":[{"href":"https:\/\/www.xd-solar.com\/es\/wp-json\/wp\/v2\/types\/product"}],"replies":[{"embeddable":true,"href":"https:\/\/www.xd-solar.com\/es\/wp-json\/wp\/v2\/comments?post=1344"}],"wp:featuredmedia":[{"embeddable":true,"href":"https:\/\/www.xd-solar.com\/es\/wp-json\/wp\/v2\/media\/1345"}],"wp:attachment":[{"href":"https:\/\/www.xd-solar.com\/es\/wp-json\/wp\/v2\/media?parent=1344"}],"wp:term":[{"taxonomy":"product_cat","embeddable":true,"href":"https:\/\/www.xd-solar.com\/es\/wp-json\/wp\/v2\/product_cat?post=1344"},{"taxonomy":"product_tag","embeddable":true,"href":"https:\/\/www.xd-solar.com\/es\/wp-json\/wp\/v2\/product_tag?post=1344"}],"curies":[{"name":"wp","href":"https:\/\/api.w.org\/{rel}","templated":true}]}}