{"id":1371,"date":"2023-03-18T16:28:41","date_gmt":"2023-03-18T08:28:41","guid":{"rendered":"https:\/\/xd-solar.com\/?post_type=product&#038;p=1371"},"modified":"2023-12-18T16:37:16","modified_gmt":"2023-12-18T08:37:16","slug":"multifunction-garden-road-outdoor-led-solar-camera-street-lights","status":"publish","type":"product","link":"https:\/\/www.xd-solar.com\/es\/producto\/multifunction-garden-road-outdoor-led-solar-camera-street-lights\/","title":{"rendered":"Luces de calle solares al aire libre multifuncionales de la c\u00e1mara del camino del jard\u00edn LED"},"content":{"rendered":"<p><strong>C\u00c1MARA SOLAR PARA LUCES DE CALLE<\/strong><\/p>\n<div class=\"description\">\n<p><span class=\"src\" data-group=\"0-0\">Nuestra luz de calle con c\u00e1mara solar con chip LED ultra brillante es varias veces m\u00e1s brillante que las bombillas tradicionales, y la bater\u00eda de gran capacidad puede ahorrar hasta 100% de electricidad. C\u00e1mara de seguridad para exteriores de gran angular con escena real HD de 3 millones de p\u00edxeles y resistente al agua IP65, que puede ser vista por varias personas a trav\u00e9s de la aplicaci\u00f3n al mismo tiempo. F\u00e1cil de instalar Las luces de calle solares todo en uno son f\u00e1ciles de instalar, lo que ahorra costos de instalaci\u00f3n, costos de mantenimiento y facturas de electricidad. Adecuadas para calles, parques, estacionamientos, campus escolares, etc.<\/span><\/p>\n<p><strong>C\u00c1MARA GRAN ANGULAR, \u00c1NGULO GIRATORIO<\/strong><\/p>\n<div class=\"description\">Esta farola solar est\u00e1 equipada con c\u00e1mara HD compatible con 4G y WiFi. Ultra clara y brillante, \u00e1ngulo de iluminaci\u00f3n de 360\u00b0, rotaci\u00f3n vertical de 75\u00b0 hacia arriba y hacia abajo. 360\u00b0 a izquierda y derecha, para cubrir una gran cantidad de terreno con m\u00e1s detalle, brinda iluminaci\u00f3n de seguridad adicional a cada rinc\u00f3n.<\/div>\n<div>\n<p><strong>DURADERO Y DE LARGA DURACI\u00d3N<\/strong><\/p>\n<div class=\"description\">La l\u00e1mpara adopta una carcasa de PC + ABS, que tiene una buena resistencia al agua IP65. Puede mejorar la alta eficiencia energ\u00e9tica y mantener el chip LED funcionando a baja temperatura, lo que hace que la l\u00e1mpara sea duradera y funcione durante mucho tiempo, especialmente dise\u00f1ada para seguridad dom\u00e9stica y comercial.<\/div>\n<div>\n<p><strong>CONTROL DE ILUMINACI\u00d3N<\/strong><\/p>\n<div class=\"description\">\n<div class=\"description\">\n<p>Cuando llega una persona, la potencia de la l\u00e1mpara es de 100% y, cuando la persona se va, la potencia de la l\u00e1mpara es de 30%. Funciona autom\u00e1ticamente al anochecer y se apaga autom\u00e1ticamente al amanecer. Cuando est\u00e1 completamente cargada durante el d\u00eda, puede proporcionar m\u00e1s de 24 horas de iluminaci\u00f3n continua.<\/p>\n<\/div>\n<\/div>\n<\/div>\n<\/div>\n<\/div>","protected":false},"excerpt":{"rendered":"<dl class=\"amount clearfix\">\n<dt class=\"metatit\">Certificaci\u00f3n CE\/ISO9001\/RoHS\/3C\/CQC\/UL\/TUV<\/dt>\n<\/dl>\n<dl class=\"amount clearfix\">\n<dt class=\"metatit\">Plazo de entrega 5-15 d\u00edas<\/dt>\n<\/dl>\n<dl class=\"amount clearfix\">\n<dt class=\"metatit\">Condiciones de pago L\/C, D\/A, D\/P, T\/T, Western Union, Money Gram,<\/dt>\n<\/dl>\n<dl class=\"amount clearfix\">\n<dt class=\"metatit\">L\u00famenes 160lm\/w<\/dt>\n<\/dl>\n<dl class=\"amount clearfix\">\n<dt class=\"metatit\">Puerto de salida Guangzhou, Shenzhen, Zhuhai<\/dt>\n<\/dl>\n<dl class=\"amount clearfix\">\n<dt class=\"metatit\">Capacidad de suministro 5000 PCS\/mes<\/dt>\n<\/dl>","protected":false},"featured_media":1373,"comment_status":"open","ping_status":"closed","template":"","meta":[],"product_cat":[33,32],"product_tag":[],"class_list":{"0":"post-1371","1":"product","2":"type-product","3":"status-publish","4":"has-post-thumbnail","6":"product_cat-solar-street-light","7":"product_cat-solar-light","9":"first","10":"instock","11":"shipping-taxable","12":"product-type-simple"},"_links":{"self":[{"href":"https:\/\/www.xd-solar.com\/es\/wp-json\/wp\/v2\/product\/1371","targetHints":{"allow":["GET"]}}],"collection":[{"href":"https:\/\/www.xd-solar.com\/es\/wp-json\/wp\/v2\/product"}],"about":[{"href":"https:\/\/www.xd-solar.com\/es\/wp-json\/wp\/v2\/types\/product"}],"replies":[{"embeddable":true,"href":"https:\/\/www.xd-solar.com\/es\/wp-json\/wp\/v2\/comments?post=1371"}],"wp:featuredmedia":[{"embeddable":true,"href":"https:\/\/www.xd-solar.com\/es\/wp-json\/wp\/v2\/media\/1373"}],"wp:attachment":[{"href":"https:\/\/www.xd-solar.com\/es\/wp-json\/wp\/v2\/media?parent=1371"}],"wp:term":[{"taxonomy":"product_cat","embeddable":true,"href":"https:\/\/www.xd-solar.com\/es\/wp-json\/wp\/v2\/product_cat?post=1371"},{"taxonomy":"product_tag","embeddable":true,"href":"https:\/\/www.xd-solar.com\/es\/wp-json\/wp\/v2\/product_tag?post=1371"}],"curies":[{"name":"wp","href":"https:\/\/api.w.org\/{rel}","templated":true}]}}