{"id":1398,"date":"2023-03-18T17:22:51","date_gmt":"2023-03-18T09:22:51","guid":{"rendered":"https:\/\/xd-solar.com\/?post_type=product&#038;p=1398"},"modified":"2023-12-18T17:33:11","modified_gmt":"2023-12-18T09:33:11","slug":"solar-combination-street-light-all-in-one-solar-street-light-160w-200w-300w-320w","status":"publish","type":"product","link":"https:\/\/www.xd-solar.com\/es\/producto\/solar-combination-street-light-all-in-one-solar-street-light-160w-200w-300w-320w\/","title":{"rendered":"farola combinada solar farola solar todo en uno 160W 200W 300W 320W"},"content":{"rendered":"<div class=\"numbox\"><strong>Farola solar<\/strong><\/div>\n<p>El concepto de dise\u00f1o de productos hereda el sentido futuro de la ciencia y la tecnolog\u00eda y el dise\u00f1o de estilo visual industrial. Atr\u00e9vete a romper con el estilo de dise\u00f1o tradicional de la iluminaci\u00f3n exterior. Para que los productos de iluminaci\u00f3n exterior creen una nueva apariencia visual, \u00a1comprom\u00e9tete a crear la pr\u00f3xima salida de productos populares del mercado!<\/p>\n<p><strong>Control de luz inteligente<\/strong><\/p>\n<div class=\"description\">\n<p>Enciende la luz autom\u00e1ticamente al anochecer, ap\u00e1gala al amanecer y comienza a cargar. Las farolas exteriores con carga solar utilizan paneles fotovoltaicos de polisilicio, que aumentan la tasa de conversi\u00f3n fotoel\u00e9ctrica en 25%. Solo se necesitan de 6 a 8 horas para cargarlas por completo. La bater\u00eda de litio de alta capacidad incorporada de 22000 mAh, la farola solar LED puede durar aproximadamente de 20 a 24 horas en modo de detecci\u00f3n de radar.<\/p>\n<p><strong>Ventajas de la iluminaci\u00f3n solar en la calle<\/strong><\/p>\n<p>1. Energ\u00eda renovable: sin cableado, sin zanjas, sin preocupaciones por cortes de energ\u00eda.<\/p>\n<p>2. Protecci\u00f3n del medio ambiente: sin contaminaci\u00f3n, sin ruido, sin radiaci\u00f3n;<\/p>\n<p>3. Seguridad: impermeable, a prueba de explosiones;<\/p>\n<p>4. Conveniencia: f\u00e1cil instalaci\u00f3n, ahorro de tiempo y costos de mano de obra.<\/p>\n<p>5. LED: Chip LED de alto brillo, mayor l\u00famenes, vida \u00fatil m\u00e1s larga, mayor ahorro de energ\u00eda, m\u00e1s duradero.<\/p>\n<\/div>","protected":false},"excerpt":{"rendered":"<dl class=\"amount clearfix\">\n<dt class=\"metatit\">Certificaci\u00f3n CE\/ISO9001\/RoHS\/3C\/CQC\/UL\/TUV<\/dt>\n<\/dl>\n<dl class=\"amount clearfix\">\n<dt class=\"metatit\">Plazo de entrega 5-15 d\u00edas<\/dt>\n<\/dl>\n<dl class=\"amount clearfix\">\n<dt class=\"metatit\">Condiciones de pago L\/C, D\/A, D\/P, T\/T, Western Union, Money Gram,<\/dt>\n<\/dl>\n<dl class=\"amount clearfix\">\n<dt class=\"metatit\">Servicio OEM\/ODM personalizado<\/dt>\n<\/dl>\n<dl class=\"amount clearfix\">\n<dt class=\"metatit\">Puerto de salida Guangzhou, Shenzhen, Zhuhai<\/dt>\n<\/dl>\n<dl class=\"amount clearfix\">\n<dt class=\"metatit\">Capacidad de suministro 5000 piezas\/mes<\/dt>\n<\/dl>","protected":false},"featured_media":1403,"comment_status":"open","ping_status":"closed","template":"","meta":[],"product_cat":[33,32],"product_tag":[],"class_list":{"0":"post-1398","1":"product","2":"type-product","3":"status-publish","4":"has-post-thumbnail","6":"product_cat-solar-street-light","7":"product_cat-solar-light","9":"first","10":"instock","11":"shipping-taxable","12":"product-type-simple"},"_links":{"self":[{"href":"https:\/\/www.xd-solar.com\/es\/wp-json\/wp\/v2\/product\/1398","targetHints":{"allow":["GET"]}}],"collection":[{"href":"https:\/\/www.xd-solar.com\/es\/wp-json\/wp\/v2\/product"}],"about":[{"href":"https:\/\/www.xd-solar.com\/es\/wp-json\/wp\/v2\/types\/product"}],"replies":[{"embeddable":true,"href":"https:\/\/www.xd-solar.com\/es\/wp-json\/wp\/v2\/comments?post=1398"}],"wp:featuredmedia":[{"embeddable":true,"href":"https:\/\/www.xd-solar.com\/es\/wp-json\/wp\/v2\/media\/1403"}],"wp:attachment":[{"href":"https:\/\/www.xd-solar.com\/es\/wp-json\/wp\/v2\/media?parent=1398"}],"wp:term":[{"taxonomy":"product_cat","embeddable":true,"href":"https:\/\/www.xd-solar.com\/es\/wp-json\/wp\/v2\/product_cat?post=1398"},{"taxonomy":"product_tag","embeddable":true,"href":"https:\/\/www.xd-solar.com\/es\/wp-json\/wp\/v2\/product_tag?post=1398"}],"curies":[{"name":"wp","href":"https:\/\/api.w.org\/{rel}","templated":true}]}}