{"id":1407,"date":"2023-03-19T15:49:17","date_gmt":"2023-03-19T07:49:17","guid":{"rendered":"https:\/\/xd-solar.com\/?post_type=product&#038;p=1407"},"modified":"2023-12-19T15:56:32","modified_gmt":"2023-12-19T07:56:32","slug":"high-power-outdoor-waterproof-ip65-3000w-led-solar-flood-light","status":"publish","type":"product","link":"https:\/\/www.xd-solar.com\/es\/producto\/high-power-outdoor-waterproof-ip65-3000w-led-solar-flood-light\/","title":{"rendered":"Foco LED solar de alta potencia para exteriores, resistente al agua IP65, 3000 W"},"content":{"rendered":"<div class=\"numbox\"><strong>Proyector LED solar\u00a0<\/strong><\/div>\n<div class=\"description\">\n<p>1. LED, bater\u00eda de litio de alta capacidad, controlador todo en uno.<\/p>\n<p>2. Utilizar la energ\u00eda solar como fuente de energ\u00eda, que es un buen recurso que se encuentra en continuo desarrollo.<\/p>\n<p>3. Bater\u00eda de litio de alta capacidad: alta potencia, tiempo de uso prolongado, peso ligero, recursos ecol\u00f3gicos y no causar\u00e1 ning\u00fan da\u00f1o.<\/p>\n<p>4. Uso\u00a0<a href=\"https:\/\/www.alltopgroup.com\/product\" target=\"_blank\" rel=\"noopener\">Iluminaci\u00f3n LED<\/a>, sin efecto de difusi\u00f3n, alta eficiencia de luz, adem\u00e1s de un dise\u00f1o \u00f3ptico secundario \u00fanico, se puede iluminar un \u00e1rea m\u00e1s amplia, mejora nuevamente la eficiencia de la luz y logra el prop\u00f3sito de ahorro de energ\u00eda.<\/p>\n<div class=\"numbox\"><strong>Control de iluminaci\u00f3n inteligente<\/strong><\/div>\n<div><\/div>\n<div class=\"description\">Las luces se encienden autom\u00e1ticamente al anochecer y se apagan al amanecer para comenzar a cargarse. El tiempo de iluminaci\u00f3n, el brillo y el modo de iluminaci\u00f3n se pueden controlar mediante el control remoto.<\/div>\n<div><\/div>\n<div>\n<div class=\"numbox\"><strong>Resistente al agua avanzada IP65<\/strong><\/div>\n<div><\/div>\n<div class=\"description\">Este reflector adopta una carcasa trasera de nuevo dise\u00f1o resistente al agua, que puede hacer frente a todo tipo de condiciones clim\u00e1ticas y puede hacer frente f\u00e1cilmente a todo tipo de clima al aire libre. El reflector adopta una carcasa de aluminio fundido a presi\u00f3n de alta resistencia, y el dise\u00f1o del disipador de calor de ventilaci\u00f3n de aluminio proporciona una mejor disipaci\u00f3n del calor y garantiza una vida \u00fatil m\u00e1s larga del reflector.<\/div>\n<div><\/div>\n<div>\n<div class=\"numbox\"><strong>Panel solar de alta eficacia<\/strong><\/div>\n<div class=\"description\">\n<p>Paneles solares de silicio policristalino, que son m\u00e1s f\u00e1ciles de fabricar, ahorran energ\u00eda y tienen bajos costos generales de producci\u00f3n.<\/p>\n<\/div>\n<\/div>\n<\/div>\n<\/div>","protected":false},"excerpt":{"rendered":"<dl class=\"amount clearfix\">\n<dt class=\"metatit\">Certificaci\u00f3n CE\/ISO9001\/RoHS\/3C\/CQC\/UL\/TUV<\/dt>\n<\/dl>\n<dl class=\"amount clearfix\">\n<dt class=\"metatit\">Plazo de entrega 5-15 d\u00edas<\/dt>\n<\/dl>\n<dl class=\"amount clearfix\">\n<dt class=\"metatit\">Condiciones de pago L\/C, D\/A, D\/P, T\/T, Western Union, Money Gram,<\/dt>\n<\/dl>\n<dl class=\"amount clearfix\">\n<dt class=\"metatit\">Servicio OEM\/ODM personalizado<\/dt>\n<\/dl>\n<dl class=\"amount clearfix\">\n<dt class=\"metatit\">Puerto de salida Guangzhou, Shenzhen, Zhuhai<\/dt>\n<\/dl>\n<dl class=\"amount clearfix\">\n<dt class=\"metatit\">Capacidad de suministro 5000 PCS\/mes<\/dt>\n<\/dl>","protected":false},"featured_media":1408,"comment_status":"open","ping_status":"closed","template":"","meta":[],"product_cat":[34,32],"product_tag":[],"class_list":{"0":"post-1407","1":"product","2":"type-product","3":"status-publish","4":"has-post-thumbnail","6":"product_cat-solar-flood-light","7":"product_cat-solar-light","9":"first","10":"instock","11":"shipping-taxable","12":"product-type-simple"},"_links":{"self":[{"href":"https:\/\/www.xd-solar.com\/es\/wp-json\/wp\/v2\/product\/1407","targetHints":{"allow":["GET"]}}],"collection":[{"href":"https:\/\/www.xd-solar.com\/es\/wp-json\/wp\/v2\/product"}],"about":[{"href":"https:\/\/www.xd-solar.com\/es\/wp-json\/wp\/v2\/types\/product"}],"replies":[{"embeddable":true,"href":"https:\/\/www.xd-solar.com\/es\/wp-json\/wp\/v2\/comments?post=1407"}],"wp:featuredmedia":[{"embeddable":true,"href":"https:\/\/www.xd-solar.com\/es\/wp-json\/wp\/v2\/media\/1408"}],"wp:attachment":[{"href":"https:\/\/www.xd-solar.com\/es\/wp-json\/wp\/v2\/media?parent=1407"}],"wp:term":[{"taxonomy":"product_cat","embeddable":true,"href":"https:\/\/www.xd-solar.com\/es\/wp-json\/wp\/v2\/product_cat?post=1407"},{"taxonomy":"product_tag","embeddable":true,"href":"https:\/\/www.xd-solar.com\/es\/wp-json\/wp\/v2\/product_tag?post=1407"}],"curies":[{"name":"wp","href":"https:\/\/api.w.org\/{rel}","templated":true}]}}