{"id":1445,"date":"2023-03-19T17:33:17","date_gmt":"2023-03-19T09:33:17","guid":{"rendered":"https:\/\/xd-solar.com\/?post_type=product&#038;p=1445"},"modified":"2023-12-19T17:40:09","modified_gmt":"2023-12-19T09:40:09","slug":"emergency-solar-led-flood-light","status":"publish","type":"product","link":"https:\/\/www.xd-solar.com\/es\/producto\/emergency-solar-led-flood-light\/","title":{"rendered":"Proyector LED solar de emergencia"},"content":{"rendered":"<div class=\"numbox\"><strong>Proyector LED solar<\/strong><\/div>\n<div class=\"description\">\n<p>Alta potencia, alto flujo luminoso, alta calidad. F\u00e1cil de instalar y usar, seguro y confiable. El cuerpo de la luz est\u00e1 hecho de aleaci\u00f3n de aluminio de buena calidad con pintura o tratamiento an\u00f3dico en la superficie, exiguidad y dise\u00f1o \u00fanico, excelente disipaci\u00f3n del calor. Se utiliza principalmente para contornos de edificios, estadios, pasos elevados, monumentos, parques y parterres, etc.<\/p>\n<p><strong>Chip LED de alta calidad\u00a0<\/strong><\/p>\n<p>El chip LED es un chip semiconductor que emite luz y no se rompe f\u00e1cilmente, por lo que su vida \u00fatil puede alcanzar las 50.000 horas, mientras que la l\u00e1mpara incandescente ordinaria tiene una vida \u00fatil de solo mil horas;<\/p>\n<div class=\"numbox\"><strong>Panel solar de polisilicio<\/strong><\/div>\n<div><\/div>\n<div>\n<div class=\"description\">Paneles solares de silicio policristalino, que son m\u00e1s f\u00e1ciles de fabricar, ahorran energ\u00eda y tienen bajos costos generales de producci\u00f3n.<\/div>\n<div><\/div>\n<div>\n<div class=\"numbox\"><strong>Resistente al agua avanzada IP65<\/strong><\/div>\n<div class=\"description\">Operaci\u00f3n simple, f\u00e1cil de usar, iluminaci\u00f3n autom\u00e1tica por la noche, m\u00e1s seguro, m\u00e1s duradero, m\u00e1s moderno. Dise\u00f1o de sello de barrera m\u00faltiple, la lluvia y el polvo son perfectos para adaptarse f\u00e1cilmente a todo tipo de clima.<\/div>\n<div><\/div>\n<div>\n<div class=\"numbox\"><strong>Interfaz de l\u00ednea de energ\u00eda el\u00e9ctrica<\/strong><\/div>\n<div><\/div>\n<div class=\"description\">La versi\u00f3n mejorada es de alta calidad, resistente al agua, a las fugas, a las explosiones y al sol, con un cable de alimentaci\u00f3n de larga vida \u00fatil. Aluminio fundido a presi\u00f3n: la calidad del producto es buena, la eficiencia de producci\u00f3n es alta, cumple con los est\u00e1ndares de protecci\u00f3n ambiental RoHS y tiene una buena textura de metal.<\/div>\n<\/div>\n<\/div>\n<\/div>\n<\/div>","protected":false},"excerpt":{"rendered":"<dl class=\"amount clearfix\">\n<dt class=\"metatit\">Certificaci\u00f3n CE\/ISO9001\/RoHS\/3C\/CQC\/UL\/TUV<\/dt>\n<\/dl>\n<dl class=\"amount clearfix\">\n<dt class=\"metatit\">Plazo de entrega 5-15 d\u00edas<\/dt>\n<\/dl>\n<dl class=\"amount clearfix\">\n<dt class=\"metatit\">Condiciones de pago L\/C, D\/A, D\/P, T\/T, Western Union, MoneyGram,<\/dt>\n<\/dl>\n<dl class=\"amount clearfix\">\n<dt class=\"metatit\">Servicio OEM\/ODM personalizado<\/dt>\n<\/dl>\n<dl class=\"amount clearfix\">\n<dt class=\"metatit\">Puerto de salida Guangzhou, Shenzhen, Zhuhai<\/dt>\n<\/dl>\n<dl class=\"amount clearfix\">\n<dt class=\"metatit\">Capacidad de suministro 5000 PCS\/mes<\/dt>\n<\/dl>","protected":false},"featured_media":1449,"comment_status":"open","ping_status":"closed","template":"","meta":[],"product_cat":[34,32],"product_tag":[],"class_list":{"0":"post-1445","1":"product","2":"type-product","3":"status-publish","4":"has-post-thumbnail","6":"product_cat-solar-flood-light","7":"product_cat-solar-light","9":"first","10":"instock","11":"shipping-taxable","12":"product-type-simple"},"_links":{"self":[{"href":"https:\/\/www.xd-solar.com\/es\/wp-json\/wp\/v2\/product\/1445","targetHints":{"allow":["GET"]}}],"collection":[{"href":"https:\/\/www.xd-solar.com\/es\/wp-json\/wp\/v2\/product"}],"about":[{"href":"https:\/\/www.xd-solar.com\/es\/wp-json\/wp\/v2\/types\/product"}],"replies":[{"embeddable":true,"href":"https:\/\/www.xd-solar.com\/es\/wp-json\/wp\/v2\/comments?post=1445"}],"wp:featuredmedia":[{"embeddable":true,"href":"https:\/\/www.xd-solar.com\/es\/wp-json\/wp\/v2\/media\/1449"}],"wp:attachment":[{"href":"https:\/\/www.xd-solar.com\/es\/wp-json\/wp\/v2\/media?parent=1445"}],"wp:term":[{"taxonomy":"product_cat","embeddable":true,"href":"https:\/\/www.xd-solar.com\/es\/wp-json\/wp\/v2\/product_cat?post=1445"},{"taxonomy":"product_tag","embeddable":true,"href":"https:\/\/www.xd-solar.com\/es\/wp-json\/wp\/v2\/product_tag?post=1445"}],"curies":[{"name":"wp","href":"https:\/\/api.w.org\/{rel}","templated":true}]}}