{"id":1451,"date":"2023-03-21T09:46:04","date_gmt":"2023-03-21T01:46:04","guid":{"rendered":"https:\/\/xd-solar.com\/?post_type=product&#038;p=1451"},"modified":"2023-12-21T10:08:44","modified_gmt":"2023-12-21T02:08:44","slug":"high-lumen-outdoor-lighting-waterproof-ip65-solar-led-flood-light","status":"publish","type":"product","link":"https:\/\/www.xd-solar.com\/es\/producto\/high-lumen-outdoor-lighting-waterproof-ip65-solar-led-flood-light\/","title":{"rendered":"Foco LED solar impermeable IP65 para exteriores de alto lumen"},"content":{"rendered":"<div class=\"numbox\"><strong>Proyector LED solar\u00a0<\/strong><\/div>\n<div class=\"description\">\n<p>Alta potencia, alto flujo luminoso, alta calidad. F\u00e1cil de instalar y usar, seguro y confiable. El cuerpo de la luz est\u00e1 hecho de aleaci\u00f3n de aluminio de buena calidad con pintura o tratamiento an\u00f3dico en la superficie, exiguidad y dise\u00f1o \u00fanico, excelente disipaci\u00f3n del calor. Se utiliza principalmente para contornos de edificios, estadios, pasos elevados, monumentos, parques y parterres, etc.<\/p>\n<p><strong>F\u00e1cil de instalar<\/strong><\/p>\n<p>Se puede instalar directamente en la pared o en un poste de luz. La energ\u00eda solar se puede utilizar para iluminaci\u00f3n durante todo el a\u00f1o, sin cableado ni suministro de energ\u00eda CA o CC. Puede ahorrar mucha energ\u00eda sin preocuparse por bater\u00edas nuevas o energ\u00eda de red.<\/p>\n<div><strong>Resistente al agua avanzada IP65<\/strong><\/div>\n<div>\n<div><\/div>\n<div class=\"description\">Operaci\u00f3n simple, f\u00e1cil de usar, iluminaci\u00f3n autom\u00e1tica por la noche, m\u00e1s seguro, m\u00e1s duradero, m\u00e1s moderno. Dise\u00f1o de sello de barrera m\u00faltiple, la lluvia y el polvo son perfectos para adaptarse f\u00e1cilmente a todo tipo de clima.<\/div>\n<div><\/div>\n<div><\/div>\n<div><\/div>\n<div>\n<div class=\"numbox\"><strong>Intelligent Control<\/strong><\/div>\n<div class=\"description\">\n<p>There are two control methods for this solar flood light from dusk to dawn.<\/p>\n<p>1. Light control: turn on automatically at dusk, and turn off automatically at dawn.<\/p>\n<p>2. Remote control: forced switch, timing, brightness adjustment, easy to use.<\/p>\n<\/div>\n<\/div>\n<\/div>\n<\/div>","protected":false},"excerpt":{"rendered":"<dl class=\"amount clearfix\">\n<dt class=\"metatit\">Certificaci\u00f3n CE\/ISO9001\/RoHS\/3C\/CQC\/UL\/TUV<\/dt>\n<\/dl>\n<dl class=\"amount clearfix\">\n<dt class=\"metatit\">Plazo de entrega 5-15 d\u00edas<\/dt>\n<\/dl>\n<dl class=\"amount clearfix\">\n<dt class=\"metatit\">Condiciones de pago L\/C, D\/A, D\/P, T\/T, Western Union, Money Gram,<\/dt>\n<\/dl>\n<dl class=\"amount clearfix\">\n<dt class=\"metatit\">Servicio OEM\/ODM personalizado<\/dt>\n<\/dl>\n<dl class=\"amount clearfix\">\n<dt class=\"metatit\">Puerto de salida Guangzhou, Shenzhen, Zhuhai<\/dt>\n<\/dl>\n<dl class=\"amount clearfix\">\n<dt class=\"metatit\">Capacidad de suministro 5000 PCS\/mes<\/dt>\n<\/dl>","protected":false},"featured_media":1453,"comment_status":"open","ping_status":"closed","template":"","meta":[],"product_cat":[34,32],"product_tag":[],"class_list":{"0":"post-1451","1":"product","2":"type-product","3":"status-publish","4":"has-post-thumbnail","6":"product_cat-solar-flood-light","7":"product_cat-solar-light","9":"first","10":"instock","11":"shipping-taxable","12":"product-type-simple"},"_links":{"self":[{"href":"https:\/\/www.xd-solar.com\/es\/wp-json\/wp\/v2\/product\/1451","targetHints":{"allow":["GET"]}}],"collection":[{"href":"https:\/\/www.xd-solar.com\/es\/wp-json\/wp\/v2\/product"}],"about":[{"href":"https:\/\/www.xd-solar.com\/es\/wp-json\/wp\/v2\/types\/product"}],"replies":[{"embeddable":true,"href":"https:\/\/www.xd-solar.com\/es\/wp-json\/wp\/v2\/comments?post=1451"}],"wp:featuredmedia":[{"embeddable":true,"href":"https:\/\/www.xd-solar.com\/es\/wp-json\/wp\/v2\/media\/1453"}],"wp:attachment":[{"href":"https:\/\/www.xd-solar.com\/es\/wp-json\/wp\/v2\/media?parent=1451"}],"wp:term":[{"taxonomy":"product_cat","embeddable":true,"href":"https:\/\/www.xd-solar.com\/es\/wp-json\/wp\/v2\/product_cat?post=1451"},{"taxonomy":"product_tag","embeddable":true,"href":"https:\/\/www.xd-solar.com\/es\/wp-json\/wp\/v2\/product_tag?post=1451"}],"curies":[{"name":"wp","href":"https:\/\/api.w.org\/{rel}","templated":true}]}}