{"id":1460,"date":"2023-03-21T10:11:04","date_gmt":"2023-03-21T02:11:04","guid":{"rendered":"https:\/\/xd-solar.com\/?post_type=product&#038;p=1460"},"modified":"2023-12-21T10:23:50","modified_gmt":"2023-12-21T02:23:50","slug":"high-power-ip65-waterproof-outdoor-25w-40w-60w-100w-200w-led-solar-flood-light","status":"publish","type":"product","link":"https:\/\/www.xd-solar.com\/es\/producto\/high-power-ip65-waterproof-outdoor-25w-40w-60w-100w-200w-led-solar-flood-light\/","title":{"rendered":"Foco solar LED de alta potencia IP65 para exteriores, resistente al agua, 25 W, 40 W, 60 W, 100 W y 200 W"},"content":{"rendered":"<div class=\"numbox\"><strong>LUZ SOLAR FUERA DE LA RED <\/strong><\/div>\n<div class=\"numbox\">\u00a0El reflector solar est\u00e1 equipado con 2835 perlas de l\u00e1mpara LED, que brindan una iluminaci\u00f3n s\u00faper brillante y paneles solares de alta tasa de conversi\u00f3n, y la carcasa del cuerpo de la l\u00e1mpara est\u00e1 hecha de aluminio fundido a presi\u00f3n. Viene con un sensor de luz, que se carga autom\u00e1ticamente durante el d\u00eda en d\u00edas soleados y se enciende autom\u00e1ticamente por la noche, lo que le brinda una buena experiencia; IP65 a prueba de agua, muy adecuado para uso en exteriores<\/div>\n<div>\n<div class=\"numbox\"><strong>Control de iluminaci\u00f3n inteligente<\/strong><\/div>\n<div class=\"description\">Las luces se encienden autom\u00e1ticamente al anochecer y se apagan al amanecer para comenzar a cargarse. El tiempo de iluminaci\u00f3n, el brillo y el modo de iluminaci\u00f3n se pueden controlar mediante el control remoto.<\/div>\n<div>\n<div class=\"numbox\"><strong>Resistente al agua avanzada IP65<\/strong><\/div>\n<div class=\"description\">Este reflector adopta una carcasa trasera de nuevo dise\u00f1o resistente al agua, que puede hacer frente a todo tipo de condiciones clim\u00e1ticas y puede hacer frente f\u00e1cilmente a todo tipo de clima al aire libre. El reflector adopta una carcasa de aluminio fundido a presi\u00f3n de alta resistencia, y el dise\u00f1o del disipador de calor de ventilaci\u00f3n de aluminio proporciona una mejor disipaci\u00f3n del calor y garantiza una vida \u00fatil m\u00e1s larga del reflector.<\/div>\n<div>\n<div class=\"numbox\"><strong>Panel solar de alta eficacia<\/strong><\/div>\n<div class=\"numbox\">Paneles solares de silicio policristalino, que son m\u00e1s f\u00e1ciles de fabricar, ahorran energ\u00eda y tienen bajos costos generales de producci\u00f3n.<\/div>\n<\/div>\n<\/div>\n<\/div>","protected":false},"excerpt":{"rendered":"<dl class=\"amount clearfix\">\n<dt class=\"metatit\">Certificaci\u00f3n CE\/ISO9001\/RoHS\/3C\/CQC\/UL\/TUV<\/dt>\n<\/dl>\n<dl class=\"amount clearfix\">\n<dt class=\"metatit\">Plazo de entrega 5-15 d\u00edas<\/dt>\n<\/dl>\n<dl class=\"amount clearfix\">\n<dt class=\"metatit\">Condiciones de pago L\/C, D\/A, D\/P, T\/T, Western Union, Money Gram,<\/dt>\n<\/dl>\n<dl class=\"amount clearfix\">\n<dt class=\"metatit\">Tiempo de carga 6-8 horas<\/dt>\n<\/dl>\n<dl class=\"amount clearfix\">\n<dt class=\"metatit\">Tiempo de descarga 2D\u00edas lluviosos<\/dt>\n<\/dl>\n<dl class=\"amount clearfix\">\n<dt class=\"metatit\">L\u00famenes 160 lm\/w<\/dt>\n<\/dl>\n<dl class=\"amount clearfix\">\n<dt class=\"metatit\">Material Aluminio fundido a presi\u00f3n<\/dt>\n<\/dl>\n<dl class=\"amount clearfix\">\n<dt class=\"metatit\">Puerto de salida Guangzhou, Shenzhen, Zhuhai<\/dt>\n<\/dl>\n<dl class=\"amount clearfix\">\n<dt class=\"metatit\">Capacidad de suministro 5000 piezas\/mes<\/dt>\n<\/dl>","protected":false},"featured_media":1461,"comment_status":"open","ping_status":"closed","template":"","meta":[],"product_cat":[34,32],"product_tag":[],"class_list":{"0":"post-1460","1":"product","2":"type-product","3":"status-publish","4":"has-post-thumbnail","6":"product_cat-solar-flood-light","7":"product_cat-solar-light","9":"first","10":"instock","11":"shipping-taxable","12":"product-type-simple"},"_links":{"self":[{"href":"https:\/\/www.xd-solar.com\/es\/wp-json\/wp\/v2\/product\/1460","targetHints":{"allow":["GET"]}}],"collection":[{"href":"https:\/\/www.xd-solar.com\/es\/wp-json\/wp\/v2\/product"}],"about":[{"href":"https:\/\/www.xd-solar.com\/es\/wp-json\/wp\/v2\/types\/product"}],"replies":[{"embeddable":true,"href":"https:\/\/www.xd-solar.com\/es\/wp-json\/wp\/v2\/comments?post=1460"}],"wp:featuredmedia":[{"embeddable":true,"href":"https:\/\/www.xd-solar.com\/es\/wp-json\/wp\/v2\/media\/1461"}],"wp:attachment":[{"href":"https:\/\/www.xd-solar.com\/es\/wp-json\/wp\/v2\/media?parent=1460"}],"wp:term":[{"taxonomy":"product_cat","embeddable":true,"href":"https:\/\/www.xd-solar.com\/es\/wp-json\/wp\/v2\/product_cat?post=1460"},{"taxonomy":"product_tag","embeddable":true,"href":"https:\/\/www.xd-solar.com\/es\/wp-json\/wp\/v2\/product_tag?post=1460"}],"curies":[{"name":"wp","href":"https:\/\/api.w.org\/{rel}","templated":true}]}}