{"id":1470,"date":"2023-03-21T10:26:17","date_gmt":"2023-03-21T02:26:17","guid":{"rendered":"https:\/\/xd-solar.com\/?post_type=product&#038;p=1470"},"modified":"2023-12-21T10:38:04","modified_gmt":"2023-12-21T02:38:04","slug":"high-power-smd-ip65-waterproof-40w-60w-100w-150w-outdoor-garden-stadium-led-solar-floodlight","status":"publish","type":"product","link":"https:\/\/www.xd-solar.com\/es\/producto\/high-power-smd-ip65-waterproof-40w-60w-100w-150w-outdoor-garden-stadium-led-solar-floodlight\/","title":{"rendered":"Foco LED solar para exteriores, jard\u00edn, estadio, resistente al agua, IP65, de alta potencia, 40 W, 60 W, 100 W y 150 W"},"content":{"rendered":"<div class=\"numbox\"><strong>Proyector LED solar <\/strong><\/div>\n<div class=\"numbox\">Esta luz solar para inundaci\u00f3n tiene un brillo superbrillante. <a href=\"https:\/\/www.xd-solar.com\/es\/\">LED<\/a> que iluminar\u00e1 la oscuridad en cuesti\u00f3n de segundos. Dise\u00f1ada y construida para una amplia gama de aplicaciones de iluminaci\u00f3n, como edificios comerciales e industriales, estacionamientos, aceras, garajes, patios traseros, entradas de veh\u00edculos, calles, luces de senderos, \u00e1reas de juegos, granjas, parques e iluminaci\u00f3n residencial y recreativa de \u00e1reas grandes. Esta luz de alta calidad y muy duradera es completamente aut\u00f3noma.<\/div>\n<div>\n<div class=\"numbox\"><strong>F\u00e1cil de instalar<\/strong><\/div>\n<div class=\"description\">Se puede instalar directamente en la pared o en un poste de luz. La energ\u00eda solar se puede utilizar para iluminaci\u00f3n durante todo el a\u00f1o, sin cableado ni suministro de energ\u00eda CA o CC. Puede ahorrar mucha energ\u00eda sin preocuparse por bater\u00edas nuevas o energ\u00eda de red.<\/div>\n<div>\n<div class=\"numbox\"><strong>Duradero y de larga duraci\u00f3n<\/strong><\/div>\n<div class=\"description\">Esta luminaria de inundaci\u00f3n LED viene con una carcasa de aluminio que presenta una gran conductividad t\u00e9rmica, puede mejorar la alta eficiencia energ\u00e9tica y mantener el chip LED funcionando a baja temperatura y hacer que la luz sea duradera durante un tiempo de trabajo prolongado.<\/div>\n<div>\n<div class=\"numbox\"><strong>Ahorro de energ\u00eda<\/strong><\/div>\n<div class=\"numbox\">Sin costo de electricidad, funciona completamente con energ\u00eda solar e instalaci\u00f3n inal\u00e1mbrica, lo que puede ahorrarle costos. Proporcione iluminaci\u00f3n y seguridad para su jard\u00edn, garaje, camino y caseta en cualquier momento, se puede usar como luces de pared, luces de calle, luces de jard\u00edn, etc. La garant\u00eda de 3 a\u00f1os garantiza que esta se convertir\u00e1 r\u00e1pidamente en su compra favorita sin riesgos.<\/div>\n<\/div>\n<\/div>\n<\/div>","protected":false},"excerpt":{"rendered":"<dl class=\"amount clearfix\">\n<dt class=\"metatit\">Certificaci\u00f3n CE\/ISO9001\/RoHS\/3C\/CQC\/UL\/TUV<\/dt>\n<\/dl>\n<dl class=\"amount clearfix\">\n<dt class=\"metatit\">Plazo de entrega 5-15 d\u00edas<\/dt>\n<\/dl>\n<dl class=\"amount clearfix\">\n<dt class=\"metatit\">Condiciones de pago L\/C, D\/A, D\/P, T\/T, Western Union, Money Gram,<\/dt>\n<\/dl>\n<dl class=\"amount clearfix\">\n<dt class=\"metatit\">Servicio OEM\/ODM personalizado<\/dt>\n<\/dl>\n<dl class=\"amount clearfix\">\n<dt class=\"metatit\">Puerto de salida Guangzhou, Shenzhen, Zhuhai<\/dt>\n<\/dl>\n<dl class=\"amount clearfix\">\n<dt class=\"metatit\">Capacidad de suministro 5000 PCS\/mes<\/dt>\n<\/dl>","protected":false},"featured_media":1477,"comment_status":"open","ping_status":"closed","template":"","meta":[],"product_cat":[34,32],"product_tag":[],"class_list":{"0":"post-1470","1":"product","2":"type-product","3":"status-publish","4":"has-post-thumbnail","6":"product_cat-solar-flood-light","7":"product_cat-solar-light","9":"first","10":"instock","11":"shipping-taxable","12":"product-type-simple"},"_links":{"self":[{"href":"https:\/\/www.xd-solar.com\/es\/wp-json\/wp\/v2\/product\/1470","targetHints":{"allow":["GET"]}}],"collection":[{"href":"https:\/\/www.xd-solar.com\/es\/wp-json\/wp\/v2\/product"}],"about":[{"href":"https:\/\/www.xd-solar.com\/es\/wp-json\/wp\/v2\/types\/product"}],"replies":[{"embeddable":true,"href":"https:\/\/www.xd-solar.com\/es\/wp-json\/wp\/v2\/comments?post=1470"}],"wp:featuredmedia":[{"embeddable":true,"href":"https:\/\/www.xd-solar.com\/es\/wp-json\/wp\/v2\/media\/1477"}],"wp:attachment":[{"href":"https:\/\/www.xd-solar.com\/es\/wp-json\/wp\/v2\/media?parent=1470"}],"wp:term":[{"taxonomy":"product_cat","embeddable":true,"href":"https:\/\/www.xd-solar.com\/es\/wp-json\/wp\/v2\/product_cat?post=1470"},{"taxonomy":"product_tag","embeddable":true,"href":"https:\/\/www.xd-solar.com\/es\/wp-json\/wp\/v2\/product_tag?post=1470"}],"curies":[{"name":"wp","href":"https:\/\/api.w.org\/{rel}","templated":true}]}}