{"id":2726,"date":"2024-07-31T11:53:55","date_gmt":"2024-07-31T03:53:55","guid":{"rendered":"https:\/\/www.xd-solar.com\/?post_type=product&#038;p=2726"},"modified":"2024-11-05T10:25:33","modified_gmt":"2024-11-05T02:25:33","slug":"xpot-high-frequency-hybrid-solar-inverter","status":"publish","type":"product","link":"https:\/\/www.xd-solar.com\/es\/producto\/xpot-high-frequency-hybrid-solar-inverter\/","title":{"rendered":"Inversor solar h\u00edbrido de alta frecuencia XPOT 1000W, 15000W, 2000W, 3200W"},"content":{"rendered":"<p><strong style=\"color: #80b645;\">Caracter\u00edstica:<\/strong><br \/>\n\u25c6 Adopte un dise\u00f1o de alta frecuencia, alta densidad de potencia, tama\u00f1o peque\u00f1o, alta eficiencia y baja p\u00e9rdida sin carga;<br \/>\n\u25c7 Controlador MPPT incorporado, carga solar integrada y dise\u00f1o de complemento de red;<br \/>\n\u25c6 Salida de onda senoidal pura, adaptable a todo tipo de cargas;<br \/>\n\u25c7 Par\u00e1metros de voltaje de carga y descarga de la bater\u00eda ajustables, adecuados para diferentes tipos de bater\u00edas;<br \/>\n\u25c6 Corriente de carga de CA ajustable, configuraci\u00f3n de capacidad de bater\u00eda m\u00e1s flexible;<br \/>\n\u25c7 Tres modos de trabajo ajustables: AC primero, bater\u00eda primero, PV primero;<br \/>\n\u25c6 Funci\u00f3n ajustable de voltaje\/frecuencia de salida, se adapta a diferentes entornos de red;<br \/>\n\u25c7 Rango de entrada de voltaje y frecuencia extra amplio, soporte de red o generador;<br \/>\n\u25c6 Pantalla LED+LCD, operaci\u00f3n f\u00e1cil y verificaci\u00f3n de datos, puede configurar cada funci\u00f3n y datos directamente;<br \/>\n\u25c7 Funci\u00f3n de protecci\u00f3n m\u00faltiple (sobrecarga, sobrecalentamiento, protecci\u00f3n contra cortocircuitos, etc.);<br \/>\n\u25c6Puerto de comunicaci\u00f3n RS485\/APP opcional.<\/p>\n<p>inversor solar<\/p>\n<table width=\"1399\">\n<tbody>\n<tr>\n<td style=\"color: #fff; text-align: center;\" colspan=\"11\" width=\"1399\">Especificaci\u00f3n<\/td>\n<\/tr>\n<tr>\n<td colspan=\"3\">Modelo: XPOT<\/td>\n<td>10212<\/td>\n<td>15224<\/td>\n<td>20224<\/td>\n<td>32224L<\/td>\n<td>32224<\/td>\n<td>50248L<\/td>\n<td>50248<\/td>\n<td>72248<\/td>\n<\/tr>\n<tr>\n<td colspan=\"3\">Potencia nominal<\/td>\n<td>1000W<\/td>\n<td>1500W<\/td>\n<td>2000W<\/td>\n<td>3200W<\/td>\n<td>3200W<\/td>\n<td>5000W<\/td>\n<td>5000W<\/td>\n<td>7200W<\/td>\n<\/tr>\n<tr>\n<td colspan=\"3\">Potencia m\u00e1xima (20 ms)<\/td>\n<td>3000VA<\/td>\n<td>4.5KVA<\/td>\n<td>6KVA<\/td>\n<td>9.6KVA<\/td>\n<td>9.6KVA<\/td>\n<td>15KVA<\/td>\n<td>15KVA<\/td>\n<td>21.6KVA<\/td>\n<\/tr>\n<tr>\n<td colspan=\"3\">Voltaje de la bater\u00eda<\/td>\n<td>12 VCC<\/td>\n<td colspan=\"4\" width=\"532\">24 VCC<\/td>\n<td colspan=\"3\">48 VCC<\/td>\n<\/tr>\n<tr>\n<td colspan=\"3\">Tama\u00f1o del producto (largo x ancho x alto).<\/td>\n<td colspan=\"3\">355x272x91.5<\/td>\n<td colspan=\"2\">400x315x101.5<\/td>\n<td colspan=\"2\">440x342x101.5<\/td>\n<td>525x355x115<\/td>\n<\/tr>\n<tr>\n<td colspan=\"3\">Tama\u00f1o del paquete (L*W*Hmm)<\/td>\n<td colspan=\"3\">443x350x187<\/td>\n<td colspan=\"2\">488x393x198<\/td>\n<td colspan=\"2\">528x420x198<\/td>\n<td>615x435x210<\/td>\n<\/tr>\n<tr>\n<td colspan=\"3\">NO\uff08Kg\uff09<\/td>\n<td colspan=\"3\">6.5<\/td>\n<td colspan=\"2\">8.5<\/td>\n<td colspan=\"2\">10<\/td>\n<td>14<\/td>\n<\/tr>\n<tr>\n<td colspan=\"3\">GW\uff08Kg\uff09<\/td>\n<td colspan=\"3\">7.5<\/td>\n<td colspan=\"2\">9.5<\/td>\n<td colspan=\"2\">11<\/td>\n<td>15.5<\/td>\n<\/tr>\n<tr>\n<td colspan=\"3\">Metodo de instalacion<\/td>\n<td colspan=\"8\">Montado en la pared<\/td>\n<\/tr>\n<tr>\n<td rowspan=\"6\" width=\"86\">\uff30\uff36<\/td>\n<td colspan=\"2\">Modo de carga<\/td>\n<td colspan=\"8\">MPPT<\/td>\n<\/tr>\n<tr>\n<td colspan=\"2\" width=\"249\">Rango de voltaje de seguimiento MPPT<\/td>\n<td>15V-80VCC<\/td>\n<td colspan=\"3\">30V-100VCC<\/td>\n<td>120V-450VCC<\/td>\n<td>60V-140VCC<\/td>\n<td colspan=\"2\">120V-450VCC<\/td>\n<\/tr>\n<tr>\n<td colspan=\"2\" width=\"249\">Tensi\u00f3n de funcionamiento nominal (recomendada) del conjunto fotovoltaico<\/td>\n<td>15V-30VCC<\/td>\n<td colspan=\"3\">30V-60VCC<\/td>\n<td>360 VCC<\/td>\n<td>60V-90VCC<\/td>\n<td colspan=\"2\">360 VCC<\/td>\n<\/tr>\n<tr>\n<td colspan=\"2\" width=\"249\">Voltaje de entrada m\u00e1ximo de PV Voc<br \/>\n(A la temperatura m\u00e1s baja)<\/td>\n<td colspan=\"4\" width=\"532\">120 VCC<\/td>\n<td>500 VCC<\/td>\n<td>180 VCC<\/td>\n<td colspan=\"2\">500 VCC<\/td>\n<\/tr>\n<tr>\n<td colspan=\"2\" width=\"249\">Potencia m\u00e1xima del conjunto fotovoltaico<\/td>\n<td>840W<\/td>\n<td colspan=\"3\">1680W<\/td>\n<td>4000W<\/td>\n<td>3360W<\/td>\n<td>6000W<\/td>\n<td>4000Wx2<\/td>\n<\/tr>\n<tr>\n<td colspan=\"2\" width=\"249\">Canales de seguimiento MPPT (canales de entrada)<\/td>\n<td colspan=\"7\">1<\/td>\n<td>2<\/td>\n<\/tr>\n<tr>\n<td rowspan=\"4\">Aporte<\/td>\n<td colspan=\"2\">Rango de voltaje de entrada de CC<\/td>\n<td>10,5-15 VCC<\/td>\n<td colspan=\"4\">21 VCC-30 VCC<\/td>\n<td colspan=\"3\">42 VCC-60 VCC<\/td>\n<\/tr>\n<tr>\n<td colspan=\"2\">Voltaje nominal de entrada de CA<\/td>\n<td colspan=\"8\">220 V CA \/ 230 V CA \/ 240 V CA<\/td>\n<\/tr>\n<tr>\n<td colspan=\"2\">Rango de voltaje de entrada de CA<\/td>\n<td colspan=\"8\">170VAC~280VAC (modo UPS)\/ 120VAC~280VAC (modo INV)<\/td>\n<\/tr>\n<tr>\n<td colspan=\"2\">Rango de frecuencia de entrada de CA<\/td>\n<td colspan=\"8\">45 Hz ~ 55 Hz (50 Hz), 55 Hz ~ 65 Hz (60 Hz)<\/td>\n<\/tr>\n<tr>\n<td rowspan=\"10\">Producci\u00f3n<\/td>\n<td colspan=\"2\" width=\"249\">Eficiencia de salida (bater\u00eda\/modo PV)<\/td>\n<td colspan=\"8\">94% (valor m\u00e1ximo)<\/td>\n<\/tr>\n<tr>\n<td colspan=\"2\">Voltaje de salida (bater\u00eda\/modo PV)<\/td>\n<td colspan=\"8\">220VAC\u00b12% \/ 230VAC\u00b12% \/ 240VAC\u00b12%<\/td>\n<\/tr>\n<tr>\n<td colspan=\"2\">Frecuencia de salida (bater\u00eda\/modo PV)<\/td>\n<td colspan=\"8\">50 Hz \u00b1 0,5 o 60 Hz \u00b1 0,5<\/td>\n<\/tr>\n<tr>\n<td colspan=\"2\">Onda de salida (bater\u00eda\/modo PV)<\/td>\n<td colspan=\"8\">Onda sinusoidal pura<\/td>\n<\/tr>\n<tr>\n<td colspan=\"2\">Eficiencia (modo AC)<\/td>\n<td colspan=\"8\">&gt;99%<\/td>\n<\/tr>\n<tr>\n<td colspan=\"2\">Voltaje de salida (modo CA)<\/td>\n<td colspan=\"8\">Seguir entrada<\/td>\n<\/tr>\n<tr>\n<td colspan=\"2\">Frecuencia de salida (modo CA)<\/td>\n<td colspan=\"8\">Seguir entrada<\/td>\n<\/tr>\n<tr>\n<td colspan=\"2\" width=\"249\">Distorsi\u00f3n de forma de onda de salida<br \/>\nbater\u00eda\/modo fotovoltaico)<\/td>\n<td colspan=\"8\">\u22643%(Carga lineal)<\/td>\n<\/tr>\n<tr>\n<td colspan=\"2\">Sin p\u00e9rdida de carga (modo de bater\u00eda)<\/td>\n<td colspan=\"8\">\u22641% potencia nominal<\/td>\n<\/tr>\n<tr>\n<td colspan=\"2\">Sin p\u00e9rdida de carga (modo AC)<\/td>\n<td colspan=\"8\">Potencia nominal \u22640.5% (el cargador no funciona en modo CA)<\/td>\n<\/tr>\n<tr>\n<td rowspan=\"6\" width=\"86\">Bater\u00eda<\/td>\n<td rowspan=\"2\" width=\"60\">Bater\u00eda<br \/>\nTipo<\/td>\n<td>Bater\u00eda VLA<\/td>\n<td colspan=\"8\">Voltaje de carga: 13,8 V; Voltaje de flotaci\u00f3n: 13,7 V (voltaje de bater\u00eda individual)<\/td>\n<\/tr>\n<tr>\n<td>Personaliza la bater\u00eda<\/td>\n<td colspan=\"8\" width=\"1064\">Los par\u00e1metros de carga y descarga de diferentes tipos de bater\u00edas se pueden personalizar de acuerdo con los requisitos del usuario<br \/>\n(Los par\u00e1metros de carga y descarga de diferentes tipos de bater\u00edas se pueden configurar a trav\u00e9s del panel de operaci\u00f3n)<\/td>\n<\/tr>\n<tr>\n<td colspan=\"2\" width=\"249\">Corriente de carga m\u00e1xima (red + fotovoltaica)<\/td>\n<td width=\"133\">120A<\/td>\n<td width=\"133\">100A<\/td>\n<td width=\"133\">110A<\/td>\n<td width=\"133\">120A<\/td>\n<td>100A<\/td>\n<td>120A<\/td>\n<td>100A<\/td>\n<td>150A<\/td>\n<\/tr>\n<tr>\n<td colspan=\"2\" width=\"249\">Corriente m\u00e1xima de carga fotovoltaica<\/td>\n<td width=\"133\">60A<\/td>\n<td width=\"133\">60A<\/td>\n<td width=\"133\">60A<\/td>\n<td width=\"133\">60A<\/td>\n<td>100A<\/td>\n<td>60A<\/td>\n<td>100A<\/td>\n<td>150A<\/td>\n<\/tr>\n<tr>\n<td colspan=\"2\" width=\"249\">Corriente de carga m\u00e1xima de CA<\/td>\n<td width=\"133\">60A<\/td>\n<td width=\"133\">40A<\/td>\n<td width=\"133\">50A<\/td>\n<td width=\"133\">60A<\/td>\n<td>60A<\/td>\n<td>60A<\/td>\n<td>60A<\/td>\n<td>80A<\/td>\n<\/tr>\n<tr>\n<td colspan=\"2\">m\u00e9todo de carga<\/td>\n<td colspan=\"8\">Tres etapas (corriente constante, voltaje constante, carga flotante)<\/td>\n<\/tr>\n<tr>\n<td rowspan=\"8\">Proteccion<\/td>\n<td colspan=\"2\">Alarma de bajo voltaje de bater\u00eda<\/td>\n<td colspan=\"8\">Valor de protecci\u00f3n de bajo voltaje de la bater\u00eda + 0.5V (voltaje de bater\u00eda individual)<\/td>\n<\/tr>\n<tr>\n<td colspan=\"2\">Protecci\u00f3n de bajo voltaje de la bater\u00eda<\/td>\n<td colspan=\"8\">Valor predeterminado de f\u00e1brica: 10,5 V (voltaje de bater\u00eda individual)<\/td>\n<\/tr>\n<tr>\n<td colspan=\"2\">Alarma de sobrevoltaje de bater\u00eda<\/td>\n<td colspan=\"8\">Voltaje de carga constante + 0,8 V (voltaje de bater\u00eda individual)<\/td>\n<\/tr>\n<tr>\n<td colspan=\"2\">Protecci\u00f3n contra sobretensi\u00f3n de la bater\u00eda<\/td>\n<td colspan=\"8\">Valor predeterminado de f\u00e1brica: 17 V (voltaje de bater\u00eda individual)<\/td>\n<\/tr>\n<tr>\n<td colspan=\"2\">Tensi\u00f3n de recuperaci\u00f3n de sobretensi\u00f3n de la bater\u00eda<\/td>\n<td colspan=\"8\">Valor de protecci\u00f3n contra sobrevoltaje de la bater\u00eda-1V (voltaje de bater\u00eda individual)<\/td>\n<\/tr>\n<tr>\n<td colspan=\"2\">Protecci\u00f3n de sobrecarga de energ\u00eda<\/td>\n<td colspan=\"8\">Protecci\u00f3n autom\u00e1tica (modo bater\u00eda), disyuntor o seguro (modo AC)<\/td>\n<\/tr>\n<tr>\n<td colspan=\"2\">Protecci\u00f3n de cortocircuito de salida del inversor<\/td>\n<td colspan=\"8\">Protecci\u00f3n autom\u00e1tica (modo bater\u00eda), disyuntor o seguro (modo AC)<\/td>\n<\/tr>\n<tr>\n<td colspan=\"2\">Protecci\u00f3n de temperatura<\/td>\n<td colspan=\"8\">&gt;90\u00b0C (apagar la salida)<\/td>\n<\/tr>\n<tr>\n<td colspan=\"3\">Modo de trabajo<\/td>\n<td colspan=\"8\">Prioridad de red\/prioridad de PV\/prioridad de bater\u00eda (se puede configurar)<\/td>\n<\/tr>\n<tr>\n<td colspan=\"3\">Tiempo de transferencia<\/td>\n<td colspan=\"8\">\u226410ms<\/td>\n<\/tr>\n<tr>\n<td colspan=\"3\">Mostrar<\/td>\n<td colspan=\"8\">LCD+LED<\/td>\n<\/tr>\n<tr>\n<td colspan=\"3\">m\u00e9todo t\u00e9rmico<\/td>\n<td colspan=\"8\">Ventilador de refrigeraci\u00f3n en control inteligente<\/td>\n<\/tr>\n<tr>\n<td colspan=\"3\">Comunicaci\u00f3n (Opcional)<\/td>\n<td colspan=\"8\">RS485\/APP (monitoreo WIFI o monitoreo GPRS)<\/td>\n<\/tr>\n<tr>\n<td rowspan=\"5\">Ambiente<\/td>\n<td colspan=\"2\">Temperatura de funcionamiento<\/td>\n<td colspan=\"8\">-10 \u2103 ~ 40 \u2103<\/td>\n<\/tr>\n<tr>\n<td colspan=\"2\">Temperatura de almacenamiento<\/td>\n<td colspan=\"8\">-15 \u2103 ~ 60 \u2103<\/td>\n<\/tr>\n<tr>\n<td colspan=\"2\">Ruido<\/td>\n<td colspan=\"8\">\u226455dB<\/td>\n<\/tr>\n<tr>\n<td colspan=\"2\">Elevaci\u00f3n<\/td>\n<td colspan=\"8\">2000 m (m\u00e1s que reducci\u00f3n)<\/td>\n<\/tr>\n<tr>\n<td colspan=\"2\">Humedad<\/td>\n<td colspan=\"8\">0%~95% (sin condensaci\u00f3n)<\/td>\n<\/tr>\n<tr>\n<td style=\"color: #fff;\" colspan=\"11\" width=\"1399\">Nota: 1. El modelo 10212\/15224\/20224\/32224L\/50248L solo admite el modo de prioridad de red y el modo de prioridad de bater\u00eda, el modo de trabajo de prioridad PV no es compatible.<br \/>\n2. Todas las especificaciones est\u00e1n sujetas a cargos sin previo aviso.<\/td>\n<\/tr>\n<\/tbody>\n<\/table>","protected":false},"excerpt":{"rendered":"<p>XinDi Solar Co. es uno de los principales fabricantes que se especializa en I+D y ventas de inversores de onda sinusoidal pura de CC a CA, inversores solares h\u00edbridos, trif\u00e1sicos...<\/p>","protected":false},"featured_media":602,"comment_status":"open","ping_status":"closed","template":"","meta":[],"product_cat":[24],"product_tag":[61,47,62,129],"class_list":{"0":"post-2726","1":"product","2":"type-product","3":"status-publish","4":"has-post-thumbnail","6":"product_cat-high-frequency-hybrid-inverter","7":"product_tag-off-grid-inverte","8":"product_tag-solar-inverter","9":"product_tag-solar-inverter-manufacturer","10":"product_tag-solar-inverter-wholesale","12":"first","13":"instock","14":"shipping-taxable","15":"product-type-simple"},"_links":{"self":[{"href":"https:\/\/www.xd-solar.com\/es\/wp-json\/wp\/v2\/product\/2726","targetHints":{"allow":["GET"]}}],"collection":[{"href":"https:\/\/www.xd-solar.com\/es\/wp-json\/wp\/v2\/product"}],"about":[{"href":"https:\/\/www.xd-solar.com\/es\/wp-json\/wp\/v2\/types\/product"}],"replies":[{"embeddable":true,"href":"https:\/\/www.xd-solar.com\/es\/wp-json\/wp\/v2\/comments?post=2726"}],"wp:featuredmedia":[{"embeddable":true,"href":"https:\/\/www.xd-solar.com\/es\/wp-json\/wp\/v2\/media\/602"}],"wp:attachment":[{"href":"https:\/\/www.xd-solar.com\/es\/wp-json\/wp\/v2\/media?parent=2726"}],"wp:term":[{"taxonomy":"product_cat","embeddable":true,"href":"https:\/\/www.xd-solar.com\/es\/wp-json\/wp\/v2\/product_cat?post=2726"},{"taxonomy":"product_tag","embeddable":true,"href":"https:\/\/www.xd-solar.com\/es\/wp-json\/wp\/v2\/product_tag?post=2726"}],"curies":[{"name":"wp","href":"https:\/\/api.w.org\/{rel}","templated":true}]}}