{"id":2807,"date":"2024-08-03T21:37:36","date_gmt":"2024-08-03T13:37:36","guid":{"rendered":"https:\/\/www.xd-solar.com\/?post_type=product&#038;p=2807"},"modified":"2024-08-21T16:48:39","modified_gmt":"2024-08-21T08:48:39","slug":"lithium-iron-lifepo4-battery-102-v-100ah-10kw-h-long-cycle-life-with-5-years-guarantee-superior-safety-can-work-well-with-multiple-brand-of-inverter-suitable-to-all-energy-storage-s","status":"publish","type":"product","link":"https:\/\/www.xd-solar.com\/es\/producto\/lithium-iron-lifepo4-battery-102-v-100ah-10kw-h-long-cycle-life-with-5-years-guarantee-superior-safety-can-work-well-with-multiple-brand-of-inverter-suitable-to-all-energy-storage-s\/","title":{"rendered":"Bater\u00eda de litio-hierro (LifePo4) de 102,v, 100ah, 10KW.H. Ciclo de vida prolongado con 5 a\u00f1os de garant\u00eda, seguridad superior, puede funcionar bien con m\u00faltiples marcas de inversores. Adecuada para todos los sistemas de almacenamiento de energ\u00eda."},"content":{"rendered":"<p><img fetchpriority=\"high\" decoding=\"async\" class=\"alignnone wp-image-2805 size-large\" src=\"https:\/\/www.xd-solar.com\/wp-content\/uploads\/2024\/08\/Xindi-battery-96100H-790x1024.png\" alt=\"\" width=\"790\" height=\"1024\" \/><\/p>","protected":false},"excerpt":{"rendered":"","protected":false},"featured_media":2855,"comment_status":"open","ping_status":"closed","template":"","meta":[],"product_cat":[31],"product_tag":[],"class_list":{"0":"post-2807","1":"product","2":"type-product","3":"status-publish","4":"has-post-thumbnail","6":"product_cat-lithium-battery","8":"first","9":"instock","10":"shipping-taxable","11":"product-type-simple"},"_links":{"self":[{"href":"https:\/\/www.xd-solar.com\/es\/wp-json\/wp\/v2\/product\/2807","targetHints":{"allow":["GET"]}}],"collection":[{"href":"https:\/\/www.xd-solar.com\/es\/wp-json\/wp\/v2\/product"}],"about":[{"href":"https:\/\/www.xd-solar.com\/es\/wp-json\/wp\/v2\/types\/product"}],"replies":[{"embeddable":true,"href":"https:\/\/www.xd-solar.com\/es\/wp-json\/wp\/v2\/comments?post=2807"}],"wp:featuredmedia":[{"embeddable":true,"href":"https:\/\/www.xd-solar.com\/es\/wp-json\/wp\/v2\/media\/2855"}],"wp:attachment":[{"href":"https:\/\/www.xd-solar.com\/es\/wp-json\/wp\/v2\/media?parent=2807"}],"wp:term":[{"taxonomy":"product_cat","embeddable":true,"href":"https:\/\/www.xd-solar.com\/es\/wp-json\/wp\/v2\/product_cat?post=2807"},{"taxonomy":"product_tag","embeddable":true,"href":"https:\/\/www.xd-solar.com\/es\/wp-json\/wp\/v2\/product_tag?post=2807"}],"curies":[{"name":"wp","href":"https:\/\/api.w.org\/{rel}","templated":true}]}}