{"id":613,"date":"2023-10-08T15:03:41","date_gmt":"2023-10-08T07:03:41","guid":{"rendered":"https:\/\/xd-solar.com\/?post_type=product&#038;p=613"},"modified":"2024-07-31T11:51:00","modified_gmt":"2024-07-31T03:51:00","slug":"xpo","status":"publish","type":"product","link":"https:\/\/www.xd-solar.com\/es\/producto\/xpo\/","title":{"rendered":"Inversor solar h\u00edbrido de alta frecuencia XPO 1KW-8KW, 1KVA, 1.5KVA, 2KVA, 3.3KVA, 5KVA, 7.2KVA, 8KVA"},"content":{"rendered":"<table width=\"1222\">\n<tbody>\n<tr>\n<td style=\"color: #fff; text-align: center;\" colspan=\"5\" width=\"1222\">Especificaci\u00f3n<\/td>\n<\/tr>\n<tr>\n<td colspan=\"3\">Modelo: XPO<\/td>\n<td>32224<\/td>\n<td>50248<\/td>\n<\/tr>\n<tr>\n<td colspan=\"3\">Potencia nominal<\/td>\n<td>3200W<\/td>\n<td>5000W<\/td>\n<\/tr>\n<tr>\n<td colspan=\"3\">Potencia m\u00e1xima (20 ms)<\/td>\n<td>9600VA<\/td>\n<td>15KVA<\/td>\n<\/tr>\n<tr>\n<td colspan=\"3\">Voltaje de la bater\u00eda<\/td>\n<td>24 VCC<\/td>\n<td>48 VCC<\/td>\n<\/tr>\n<tr>\n<td colspan=\"3\">Tama\u00f1o del producto (largo x ancho x alto).<\/td>\n<td>420x290x110<\/td>\n<td>460x304x110<\/td>\n<\/tr>\n<tr>\n<td colspan=\"3\">Tama\u00f1o del paquete (L*W*Hmm)<\/td>\n<td>486x370x198<\/td>\n<td>526x384x198<\/td>\n<\/tr>\n<tr>\n<td colspan=\"3\">NO\uff08Kg\uff09<\/td>\n<td>8.5<\/td>\n<td>10<\/td>\n<\/tr>\n<tr>\n<td colspan=\"3\">GW\uff08Kg\uff09<\/td>\n<td>9.5<\/td>\n<td>11<\/td>\n<\/tr>\n<tr>\n<td colspan=\"3\">Metodo de instalacion<\/td>\n<td colspan=\"2\">Montado en la pared<\/td>\n<\/tr>\n<tr>\n<td rowspan=\"6\" width=\"72\">\uff30\uff36<\/td>\n<td colspan=\"2\">Modo de carga<\/td>\n<td colspan=\"2\">MPPT<\/td>\n<\/tr>\n<tr>\n<td colspan=\"2\">Tensi\u00f3n nominal de entrada fotovoltaica<\/td>\n<td colspan=\"2\">360 VCC<\/td>\n<\/tr>\n<tr>\n<td colspan=\"2\" width=\"260\">Rango de voltaje de seguimiento MPPT<\/td>\n<td colspan=\"2\">120V-450V<\/td>\n<\/tr>\n<tr>\n<td colspan=\"2\" width=\"260\">Voltaje de entrada m\u00e1ximo de PV Voc<br \/>\n(A la temperatura m\u00e1s baja)<\/td>\n<td colspan=\"2\">500V<\/td>\n<\/tr>\n<tr>\n<td colspan=\"2\" width=\"260\">Potencia m\u00e1xima del conjunto fotovoltaico<\/td>\n<td>4000W<\/td>\n<td>6000W<\/td>\n<\/tr>\n<tr>\n<td colspan=\"2\" width=\"260\">Canales de seguimiento MPPT (canales de entrada)<\/td>\n<td colspan=\"2\">1<\/td>\n<\/tr>\n<tr>\n<td rowspan=\"4\">Aporte<\/td>\n<td colspan=\"2\">Rango de voltaje de entrada de CC<\/td>\n<td>21 VCC-30 VCC<\/td>\n<td>42 VCC-60 VCC<\/td>\n<\/tr>\n<tr>\n<td colspan=\"2\">Voltaje nominal de entrada de CA<\/td>\n<td colspan=\"2\">220 V CA \/ 230 V CA \/ 240 V CA<\/td>\n<\/tr>\n<tr>\n<td colspan=\"2\">Rango de voltaje de entrada de CA<\/td>\n<td colspan=\"2\">170VAC~280VAC (modo UPS)\/ 120VAC~280VAC (modo INV)<\/td>\n<\/tr>\n<tr>\n<td colspan=\"2\">Rango de frecuencia de entrada de CA<\/td>\n<td colspan=\"2\">45 Hz ~ 55 Hz (50 Hz), 55 Hz ~ 65 Hz (60 Hz)<\/td>\n<\/tr>\n<tr>\n<td rowspan=\"10\">Producci\u00f3n<\/td>\n<td colspan=\"2\" width=\"260\">Eficiencia de salida (bater\u00eda\/modo PV)<\/td>\n<td colspan=\"2\">94% (valor m\u00e1ximo)<\/td>\n<\/tr>\n<tr>\n<td colspan=\"2\">Voltaje de salida (bater\u00eda\/modo PV)<\/td>\n<td colspan=\"2\">220VAC\u00b12% \/ 230VAC\u00b12% \/ 240VAC\u00b12%<\/td>\n<\/tr>\n<tr>\n<td colspan=\"2\">Frecuencia de salida (bater\u00eda\/modo PV)<\/td>\n<td colspan=\"2\">50 Hz \u00b1 0,5 o 60 Hz \u00b1 0,5<\/td>\n<\/tr>\n<tr>\n<td colspan=\"2\">Onda de salida (bater\u00eda\/modo PV)<\/td>\n<td colspan=\"2\">Onda sinusoidal pura<\/td>\n<\/tr>\n<tr>\n<td colspan=\"2\">Eficiencia (modo AC)<\/td>\n<td colspan=\"2\">&gt;99%<\/td>\n<\/tr>\n<tr>\n<td colspan=\"2\">Voltaje de salida (modo CA)<\/td>\n<td colspan=\"2\">Seguir entrada<\/td>\n<\/tr>\n<tr>\n<td colspan=\"2\">Frecuencia de salida (modo CA)<\/td>\n<td colspan=\"2\">Seguir entrada<\/td>\n<\/tr>\n<tr>\n<td colspan=\"2\" width=\"260\">Distorsi\u00f3n de forma de onda de salida<br \/>\nbater\u00eda\/modo fotovoltaico)<\/td>\n<td colspan=\"2\">\u22643%(Carga lineal)<\/td>\n<\/tr>\n<tr>\n<td colspan=\"2\">Sin p\u00e9rdida de carga (modo de bater\u00eda)<\/td>\n<td colspan=\"2\">\u22641% potencia nominal<\/td>\n<\/tr>\n<tr>\n<td colspan=\"2\">Sin p\u00e9rdida de carga (modo AC)<\/td>\n<td colspan=\"2\">Potencia nominal \u22640.5% (el cargador no funciona en modo CA)<\/td>\n<\/tr>\n<tr>\n<td rowspan=\"6\" width=\"72\">Bater\u00eda<\/td>\n<td rowspan=\"2\" width=\"60\">Bater\u00eda<br \/>\nTipo<\/td>\n<td>Bater\u00eda VLA<\/td>\n<td colspan=\"2\">Voltaje de carga: 13,8 V; Voltaje de flotaci\u00f3n: 13,7 V (voltaje de bater\u00eda individual)<\/td>\n<\/tr>\n<tr>\n<td>Personaliza la bater\u00eda<\/td>\n<td colspan=\"2\" width=\"890\">Los par\u00e1metros de carga y descarga de diferentes tipos de bater\u00edas se pueden personalizar de acuerdo con los requisitos del usuario<br \/>\n(Los par\u00e1metros de carga y descarga de diferentes tipos de bater\u00edas se pueden configurar a trav\u00e9s del panel de operaci\u00f3n)<\/td>\n<\/tr>\n<tr>\n<td colspan=\"2\" width=\"260\">Corriente de carga m\u00e1xima de CA<\/td>\n<td>60A<\/td>\n<td>60A<\/td>\n<\/tr>\n<tr>\n<td colspan=\"2\" width=\"260\">Corriente m\u00e1xima de carga fotovoltaica<\/td>\n<td>100A<\/td>\n<td>100A<\/td>\n<\/tr>\n<tr>\n<td colspan=\"2\" width=\"260\">Corriente de carga m\u00e1xima (red + fotovoltaica)<\/td>\n<td>100A<\/td>\n<td>100A<\/td>\n<\/tr>\n<tr>\n<td colspan=\"2\">m\u00e9todo de carga<\/td>\n<td colspan=\"2\">Tres etapas (corriente constante, voltaje constante, carga flotante)<\/td>\n<\/tr>\n<tr>\n<td rowspan=\"8\">Proteccion<\/td>\n<td colspan=\"2\">Alarma de bajo voltaje de bater\u00eda<\/td>\n<td colspan=\"2\">Valor de protecci\u00f3n de bajo voltaje de la bater\u00eda + 0.5V (voltaje de bater\u00eda individual)<\/td>\n<\/tr>\n<tr>\n<td colspan=\"2\">Protecci\u00f3n de bajo voltaje de la bater\u00eda<\/td>\n<td colspan=\"2\">Valor predeterminado de f\u00e1brica: 10,5 V (voltaje de bater\u00eda individual)<\/td>\n<\/tr>\n<tr>\n<td colspan=\"2\">Alarma de sobrevoltaje de bater\u00eda<\/td>\n<td colspan=\"2\">Voltaje de carga constante + 0,8 V (voltaje de bater\u00eda individual)<\/td>\n<\/tr>\n<tr>\n<td colspan=\"2\">Protecci\u00f3n contra sobretensi\u00f3n de la bater\u00eda<\/td>\n<td colspan=\"2\">Valor predeterminado de f\u00e1brica: 17 V (voltaje de bater\u00eda individual)<\/td>\n<\/tr>\n<tr>\n<td colspan=\"2\">Tensi\u00f3n de recuperaci\u00f3n de sobretensi\u00f3n de la bater\u00eda<\/td>\n<td colspan=\"2\">Valor de protecci\u00f3n contra sobrevoltaje de la bater\u00eda-1V (voltaje de bater\u00eda individual)<\/td>\n<\/tr>\n<tr>\n<td colspan=\"2\">Protecci\u00f3n de sobrecarga de energ\u00eda<\/td>\n<td colspan=\"2\">Protecci\u00f3n autom\u00e1tica (modo bater\u00eda), disyuntor o seguro (modo AC)<\/td>\n<\/tr>\n<tr>\n<td colspan=\"2\">Protecci\u00f3n de cortocircuito de salida del inversor<\/td>\n<td colspan=\"2\">Protecci\u00f3n autom\u00e1tica (modo bater\u00eda), disyuntor o seguro (modo AC)<\/td>\n<\/tr>\n<tr>\n<td colspan=\"2\">Protecci\u00f3n de temperatura<\/td>\n<td colspan=\"2\">&gt;90\u00b0C (apagar la salida)<\/td>\n<\/tr>\n<tr>\n<td colspan=\"3\">Modo de trabajo<\/td>\n<td colspan=\"2\">Prioridad de red\/prioridad solar\/prioridad de bater\u00eda (se puede configurar)<\/td>\n<\/tr>\n<tr>\n<td colspan=\"3\">Tiempo de transferencia<\/td>\n<td colspan=\"2\">\u226410ms<\/td>\n<\/tr>\n<tr>\n<td colspan=\"3\">Mostrar<\/td>\n<td colspan=\"2\">LCD+LED<\/td>\n<\/tr>\n<tr>\n<td colspan=\"3\">m\u00e9todo t\u00e9rmico<\/td>\n<td colspan=\"2\">Ventilador de refrigeraci\u00f3n en control inteligente<\/td>\n<\/tr>\n<tr>\n<td colspan=\"3\">Comunicaci\u00f3n (Opcional)<\/td>\n<td colspan=\"2\">RS485\/APP (monitoreo WIFI o monitoreo GPRS)<\/td>\n<\/tr>\n<tr>\n<td rowspan=\"5\">Ambiente<\/td>\n<td colspan=\"2\">Temperatura de funcionamiento<\/td>\n<td colspan=\"2\">-10 \u2103 ~ 40 \u2103<\/td>\n<\/tr>\n<tr>\n<td colspan=\"2\">Temperatura de almacenamiento<\/td>\n<td colspan=\"2\">-15 \u2103 ~ 60 \u2103<\/td>\n<\/tr>\n<tr>\n<td colspan=\"2\">Ruido<\/td>\n<td colspan=\"2\">\u226455dB<\/td>\n<\/tr>\n<tr>\n<td colspan=\"2\">Elevaci\u00f3n<\/td>\n<td colspan=\"2\">2000 m (m\u00e1s que reducci\u00f3n)<\/td>\n<\/tr>\n<tr>\n<td colspan=\"2\">Humedad<\/td>\n<td colspan=\"2\">0%~95% (sin condensaci\u00f3n)<\/td>\n<\/tr>\n<tr>\n<td style=\"color: #fff;\" colspan=\"5\" width=\"1222\">Nota: Todas las especificaciones est\u00e1n sujetas a cargos sin previo aviso.<\/td>\n<\/tr>\n<\/tbody>\n<\/table>","protected":false},"excerpt":{"rendered":"<p><strong style=\"color: #80b645;\">Caracter\u00edstica:<\/strong><br \/>\n\u25c6 Adopte un dise\u00f1o de alta frecuencia, alta densidad de potencia, tama\u00f1o peque\u00f1o, alta eficiencia y baja p\u00e9rdida sin carga;<br \/>\n\u25c7 Controlador MPPT incorporado, carga solar integrada y dise\u00f1o de complemento de red;<br \/>\n\u25c6 Salida de onda senoidal pura, adaptable a todo tipo de cargas;<br \/>\n\u25c7 Par\u00e1metros de voltaje de carga y descarga de la bater\u00eda ajustables, adecuados para diferentes tipos de bater\u00edas;<br \/>\n\u25c6 Corriente de carga de CA ajustable, configuraci\u00f3n de capacidad de bater\u00eda m\u00e1s flexible;<br \/>\n\u25c7 Tres modos de trabajo ajustables: AC primero, bater\u00eda primero, PV primero;<br \/>\n\u25c6 Funci\u00f3n ajustable de voltaje\/frecuencia de salida, se adapta a diferentes entornos de red;<br \/>\n\u25c7 Rango de entrada de voltaje y frecuencia extra amplio, soporte de red o generador;<br \/>\n\u25c6 Pantalla LED+LCD, operaci\u00f3n f\u00e1cil y verificaci\u00f3n de datos, puede configurar cada funci\u00f3n y datos directamente;<br \/>\n\u25c7 Funci\u00f3n de protecci\u00f3n m\u00faltiple (sobrecarga, sobrecalentamiento, protecci\u00f3n contra cortocircuitos, etc.);<br \/>\n\u25c6Puerto de comunicaci\u00f3n RS485\/APP opcional.<\/p>","protected":false},"featured_media":614,"comment_status":"open","ping_status":"closed","template":"","meta":[],"product_cat":[24],"product_tag":[],"class_list":{"0":"post-613","1":"product","2":"type-product","3":"status-publish","4":"has-post-thumbnail","6":"product_cat-high-frequency-hybrid-inverter","8":"first","9":"instock","10":"shipping-taxable","11":"product-type-simple"},"_links":{"self":[{"href":"https:\/\/www.xd-solar.com\/es\/wp-json\/wp\/v2\/product\/613","targetHints":{"allow":["GET"]}}],"collection":[{"href":"https:\/\/www.xd-solar.com\/es\/wp-json\/wp\/v2\/product"}],"about":[{"href":"https:\/\/www.xd-solar.com\/es\/wp-json\/wp\/v2\/types\/product"}],"replies":[{"embeddable":true,"href":"https:\/\/www.xd-solar.com\/es\/wp-json\/wp\/v2\/comments?post=613"}],"wp:featuredmedia":[{"embeddable":true,"href":"https:\/\/www.xd-solar.com\/es\/wp-json\/wp\/v2\/media\/614"}],"wp:attachment":[{"href":"https:\/\/www.xd-solar.com\/es\/wp-json\/wp\/v2\/media?parent=613"}],"wp:term":[{"taxonomy":"product_cat","embeddable":true,"href":"https:\/\/www.xd-solar.com\/es\/wp-json\/wp\/v2\/product_cat?post=613"},{"taxonomy":"product_tag","embeddable":true,"href":"https:\/\/www.xd-solar.com\/es\/wp-json\/wp\/v2\/product_tag?post=613"}],"curies":[{"name":"wp","href":"https:\/\/api.w.org\/{rel}","templated":true}]}}