{"id":628,"date":"2023-10-08T15:42:15","date_gmt":"2023-10-08T07:42:15","guid":{"rendered":"https:\/\/xd-solar.com\/?post_type=product&#038;p=628"},"modified":"2024-07-31T11:46:36","modified_gmt":"2024-07-31T03:46:36","slug":"xpls","status":"publish","type":"product","link":"https:\/\/www.xd-solar.com\/es\/producto\/xpls\/","title":{"rendered":"Inversor solar h\u00edbrido de alta frecuencia XPLS M\u00e1ximo 9 unidades en paralelo 5KW, 5KVA"},"content":{"rendered":"<table width=\"1149\">\n<tbody>\n<tr>\n<td style=\"color: #fff; text-align: center;\" colspan=\"4\" width=\"1149\">Especificaci\u00f3n<\/td>\n<\/tr>\n<tr>\n<td colspan=\"3\">Modelo:<\/td>\n<td>XPLS-502<\/td>\n<\/tr>\n<tr>\n<td colspan=\"3\">Potencia nominal<\/td>\n<td>5000W<\/td>\n<\/tr>\n<tr>\n<td colspan=\"3\">Potencia m\u00e1xima (20 ms)<\/td>\n<td>15KVA<\/td>\n<\/tr>\n<tr>\n<td colspan=\"3\">Voltaje de la bater\u00eda<\/td>\n<td>48 VCC<\/td>\n<\/tr>\n<tr>\n<td colspan=\"3\">Tama\u00f1o del producto (largo x ancho x alto).<\/td>\n<td>440x300x110<\/td>\n<\/tr>\n<tr>\n<td colspan=\"3\">Tama\u00f1o del paquete (L*W*Hmm)<\/td>\n<td>515x375x205<\/td>\n<\/tr>\n<tr>\n<td colspan=\"3\">NO\uff08Kg\uff09<\/td>\n<td>9.5<\/td>\n<\/tr>\n<tr>\n<td colspan=\"3\">GW\uff08Kg\uff09<\/td>\n<td>10.5<\/td>\n<\/tr>\n<tr>\n<td colspan=\"3\">Metodo de instalacion<\/td>\n<td>Montado en la pared<\/td>\n<\/tr>\n<tr>\n<td rowspan=\"6\" width=\"72\">fotovoltaica<\/td>\n<td colspan=\"2\">Modo de carga<\/td>\n<td>MPPT<\/td>\n<\/tr>\n<tr>\n<td colspan=\"2\">Tensi\u00f3n nominal de entrada fotovoltaica<\/td>\n<td>360 VCC<\/td>\n<\/tr>\n<tr>\n<td colspan=\"2\" width=\"260\">Rango de voltaje de seguimiento MPPT<\/td>\n<td>120V-430V<\/td>\n<\/tr>\n<tr>\n<td colspan=\"2\" width=\"260\">Voltaje de entrada m\u00e1ximo de PV Voc<br \/>\n(A la temperatura m\u00e1s baja)<\/td>\n<td>450V<\/td>\n<\/tr>\n<tr>\n<td colspan=\"2\" width=\"260\">Potencia m\u00e1xima del conjunto fotovoltaico<\/td>\n<td>5500W<\/td>\n<\/tr>\n<tr>\n<td colspan=\"2\" width=\"260\">Canales de seguimiento MPPT (canales de entrada)<\/td>\n<td>1<\/td>\n<\/tr>\n<tr>\n<td rowspan=\"4\">Aporte<\/td>\n<td colspan=\"2\">Rango de voltaje de entrada de CC<\/td>\n<td>42 VCC-60 VCC<\/td>\n<\/tr>\n<tr>\n<td colspan=\"2\">Voltaje nominal de entrada de CA<\/td>\n<td>208 V CA\/220 V CA\/230 V CA\/240 V CA<\/td>\n<\/tr>\n<tr>\n<td colspan=\"2\">Rango de voltaje de entrada de CA<\/td>\n<td>90VAC~280VAC(modo aparato)\/170VAC~280VAC(modo UPS)<\/td>\n<\/tr>\n<tr>\n<td colspan=\"2\">Rango de frecuencia de entrada de CA<\/td>\n<td>40Hz~70Hz (predeterminado)<\/td>\n<\/tr>\n<tr>\n<td rowspan=\"10\">Producci\u00f3n<\/td>\n<td colspan=\"2\" width=\"260\">Eficiencia de salida (bater\u00eda\/modo PV)<\/td>\n<td>94% (valor m\u00e1ximo)<\/td>\n<\/tr>\n<tr>\n<td colspan=\"2\">Voltaje de salida (bater\u00eda\/modo PV)<\/td>\n<td>208VAC\u00b12%\/220VAC\u00b12%\/230VAC\u00b12%\/240VAC\u00b12% (modo INV)<\/td>\n<\/tr>\n<tr>\n<td colspan=\"2\">Frecuencia de salida (bater\u00eda\/modo PV)<\/td>\n<td>50Hz\/60Hz\u00b10.1%<\/td>\n<\/tr>\n<tr>\n<td colspan=\"2\">Onda de salida (bater\u00eda\/modo PV)<\/td>\n<td>Onda sinusoidal pura<\/td>\n<\/tr>\n<tr>\n<td colspan=\"2\">Eficiencia (modo AC)<\/td>\n<td>&gt;99%<\/td>\n<\/tr>\n<tr>\n<td colspan=\"2\">Voltaje de salida (modo CA)<\/td>\n<td>Seguir entrada<\/td>\n<\/tr>\n<tr>\n<td colspan=\"2\">Frecuencia de salida (modo CA)<\/td>\n<td>Seguir entrada<\/td>\n<\/tr>\n<tr>\n<td colspan=\"2\" width=\"260\">Distorsi\u00f3n de forma de onda de salida<br \/>\nbater\u00eda\/modo fotovoltaico)<\/td>\n<td>\u22643%(Carga lineal)<\/td>\n<\/tr>\n<tr>\n<td colspan=\"2\">Sin p\u00e9rdida de carga (modo de bater\u00eda)<\/td>\n<td>\u22641% potencia nominal<\/td>\n<\/tr>\n<tr>\n<td colspan=\"2\">Sin p\u00e9rdida de carga (modo AC)<\/td>\n<td>Potencia nominal \u22640.5% (el cargador no funciona en modo CA)<\/td>\n<\/tr>\n<tr>\n<td rowspan=\"6\" width=\"72\">Bater\u00eda<\/td>\n<td rowspan=\"2\" width=\"60\">Bater\u00eda<br \/>\nTipo<\/td>\n<td>Bater\u00eda VLA<\/td>\n<td>Voltaje de carga: 56,4 V; Voltaje de flotaci\u00f3n: 54V<\/td>\n<\/tr>\n<tr>\n<td>Personaliza la bater\u00eda<\/td>\n<td width=\"817\">Los par\u00e1metros de carga y descarga de diferentes tipos de bater\u00edas se pueden personalizar de acuerdo con los requisitos del usuario<br \/>\n(Los par\u00e1metros de carga y descarga de diferentes tipos de bater\u00edas se pueden configurar a trav\u00e9s del panel de operaci\u00f3n)<\/td>\n<\/tr>\n<tr>\n<td colspan=\"2\" width=\"260\">Corriente de carga m\u00e1xima de CA<\/td>\n<td>60A<\/td>\n<\/tr>\n<tr>\n<td colspan=\"2\" width=\"260\">Corriente m\u00e1xima de carga fotovoltaica<\/td>\n<td>80A<\/td>\n<\/tr>\n<tr>\n<td colspan=\"2\" width=\"260\">Corriente de carga m\u00e1xima (red + fotovoltaica)<\/td>\n<td>80A<\/td>\n<\/tr>\n<tr>\n<td colspan=\"2\">m\u00e9todo de carga<\/td>\n<td>Tres etapas (corriente constante, voltaje constante, carga flotante)<\/td>\n<\/tr>\n<tr>\n<td rowspan=\"6\">Proteccion<\/td>\n<td colspan=\"2\">Alarma de bajo voltaje de bater\u00eda<\/td>\n<td>Valor predeterminado de f\u00e1brica: 44V<\/td>\n<\/tr>\n<tr>\n<td colspan=\"2\">Protecci\u00f3n de bajo voltaje de la bater\u00eda<\/td>\n<td>Valor predeterminado de f\u00e1brica: 42V<\/td>\n<\/tr>\n<tr>\n<td colspan=\"2\">Protecci\u00f3n contra sobretensi\u00f3n de la bater\u00eda<\/td>\n<td>61 VCC<\/td>\n<\/tr>\n<tr>\n<td colspan=\"2\">Protecci\u00f3n de sobrecarga de energ\u00eda<\/td>\n<td>Protecci\u00f3n autom\u00e1tica (modo bater\u00eda), disyuntor o seguro (modo AC)<\/td>\n<\/tr>\n<tr>\n<td colspan=\"2\">Protecci\u00f3n de cortocircuito de salida del inversor<\/td>\n<td>Protecci\u00f3n autom\u00e1tica (modo bater\u00eda), disyuntor o seguro (modo AC)<\/td>\n<\/tr>\n<tr>\n<td colspan=\"2\">Protecci\u00f3n de temperatura<\/td>\n<td>&gt;90\u00b0C (apagar la salida)<\/td>\n<\/tr>\n<tr>\n<td colspan=\"3\">Modo de trabajo<\/td>\n<td>Prioridad de red\/prioridad solar\/prioridad de bater\u00eda (se puede configurar)<\/td>\n<\/tr>\n<tr>\n<td colspan=\"3\">Tiempo de transferencia<\/td>\n<td>\u226410ms<\/td>\n<\/tr>\n<tr>\n<td colspan=\"3\">Mostrar<\/td>\n<td>LCD+LED<\/td>\n<\/tr>\n<tr>\n<td colspan=\"3\">m\u00e9todo t\u00e9rmico<\/td>\n<td>Ventilador de refrigeraci\u00f3n en control inteligente<\/td>\n<\/tr>\n<tr>\n<td colspan=\"3\">Comunicaci\u00f3n (Opcional)<\/td>\n<td>RS232\/USB\/APP (monitoreo WIFI o monitoreo GPRS)<\/td>\n<\/tr>\n<tr>\n<td rowspan=\"5\">Ambiente<\/td>\n<td colspan=\"2\">Temperatura de funcionamiento<\/td>\n<td>-10 \u2103 ~ 40 \u2103<\/td>\n<\/tr>\n<tr>\n<td colspan=\"2\">Temperatura de almacenamiento<\/td>\n<td>-15 \u2103 ~ 60 \u2103<\/td>\n<\/tr>\n<tr>\n<td colspan=\"2\">Ruido<\/td>\n<td>\u226455dB<\/td>\n<\/tr>\n<tr>\n<td colspan=\"2\">Elevaci\u00f3n<\/td>\n<td>2000 m (m\u00e1s que reducci\u00f3n)<\/td>\n<\/tr>\n<tr>\n<td colspan=\"2\">Humedad<\/td>\n<td>0%~95% (sin condensaci\u00f3n)<\/td>\n<\/tr>\n<tr>\n<td style=\"color: #fff; text-align: center;\" colspan=\"4\" width=\"1149\">Nota: Todas las especificaciones est\u00e1n sujetas a cargos sin previo aviso.<\/td>\n<\/tr>\n<\/tbody>\n<\/table>","protected":false},"excerpt":{"rendered":"<p><strong style=\"color: #80b645;\">Caracter\u00edstica:<\/strong><br \/>\n\u25c6 Salida de onda senoidal pura.<br \/>\n\u25c7 Dise\u00f1o de alta frecuencia, alta eficiencia con baja p\u00e9rdida sin carga.<br \/>\n\u25c6 Controlador solar MPPT incorporado, voltaje de entrada solar de hasta 450 V como m\u00e1ximo.<br \/>\n\u25c7 Combinaci\u00f3n de sistema solar, servicio de CA y fuente de alimentaci\u00f3n de bater\u00eda para suministrar energ\u00eda continua.<br \/>\n\u25c6 Configuraci\u00f3n de LCD inteligente (modos de trabajo, corriente de carga, voltaje de carga, salida de CA<br \/>\ntensi\u00f3n\/frecuencia, etc.).<br \/>\n\u25c7 La pantalla LED+LCD es f\u00e1cil de operar.<br \/>\n\u25c6 El soporte proporciona energ\u00eda a la carga sin bater\u00eda (sin operaci\u00f3n en paralelo).<br \/>\n\u25c7 Funci\u00f3n de protecci\u00f3n m\u00faltiple (sobrecarga, sobretemperatura, protecci\u00f3n contra cortocircuitos, etc.).<br \/>\n\u25c6 Funcionamiento en paralelo con hasta 9 unidades.<br \/>\n\u25c7 Compatible con USB, comunicaci\u00f3n RS232, aplicaci\u00f3n (WIFI, etc. opcional).<\/p>","protected":false},"featured_media":635,"comment_status":"open","ping_status":"closed","template":"","meta":[],"product_cat":[24],"product_tag":[],"class_list":{"0":"post-628","1":"product","2":"type-product","3":"status-publish","4":"has-post-thumbnail","6":"product_cat-high-frequency-hybrid-inverter","8":"first","9":"instock","10":"shipping-taxable","11":"product-type-simple"},"_links":{"self":[{"href":"https:\/\/www.xd-solar.com\/es\/wp-json\/wp\/v2\/product\/628","targetHints":{"allow":["GET"]}}],"collection":[{"href":"https:\/\/www.xd-solar.com\/es\/wp-json\/wp\/v2\/product"}],"about":[{"href":"https:\/\/www.xd-solar.com\/es\/wp-json\/wp\/v2\/types\/product"}],"replies":[{"embeddable":true,"href":"https:\/\/www.xd-solar.com\/es\/wp-json\/wp\/v2\/comments?post=628"}],"wp:featuredmedia":[{"embeddable":true,"href":"https:\/\/www.xd-solar.com\/es\/wp-json\/wp\/v2\/media\/635"}],"wp:attachment":[{"href":"https:\/\/www.xd-solar.com\/es\/wp-json\/wp\/v2\/media?parent=628"}],"wp:term":[{"taxonomy":"product_cat","embeddable":true,"href":"https:\/\/www.xd-solar.com\/es\/wp-json\/wp\/v2\/product_cat?post=628"},{"taxonomy":"product_tag","embeddable":true,"href":"https:\/\/www.xd-solar.com\/es\/wp-json\/wp\/v2\/product_tag?post=628"}],"curies":[{"name":"wp","href":"https:\/\/api.w.org\/{rel}","templated":true}]}}