{"id":651,"date":"2023-04-28T16:10:05","date_gmt":"2023-04-28T08:10:05","guid":{"rendered":"https:\/\/xd-solar.com\/?post_type=product&#038;p=651"},"modified":"2024-08-15T14:45:03","modified_gmt":"2024-08-15T06:45:03","slug":"xdn-30kw40kw","status":"publish","type":"product","link":"https:\/\/www.xd-solar.com\/es\/producto\/xdn-30kw40kw\/","title":{"rendered":"Inversor de baja frecuencia Xindi solar XDN 30KW~40KW Sistema de alimentaci\u00f3n ininterrumpida UPS BAJA FRECUENCIA"},"content":{"rendered":"<table width=\"1623\">\n<tbody>\n<tr>\n<td style=\"color: #fff; text-align: center;\" colspan=\"16\" width=\"1623\">Especificaci\u00f3n<\/td>\n<\/tr>\n<tr>\n<td colspan=\"2\">Modelo XDN<\/td>\n<td width=\"93\">35112\/24<\/td>\n<td width=\"93\">50112\/24\/48<\/td>\n<td width=\"93\">60112\/24\/48<\/td>\n<td width=\"93\">70124\/48<\/td>\n<td width=\"93\">70112<\/td>\n<td>10212\/24\/48<\/td>\n<td>12224<\/td>\n<td width=\"93\">15224\/48<\/td>\n<td>20248<\/td>\n<td>20224\/96<\/td>\n<td width=\"93\">25224\/48<\/td>\n<td width=\"93\">30224\/48\/96<\/td>\n<td width=\"93\">35248\/96<\/td>\n<td width=\"93\">40248\/96<\/td>\n<\/tr>\n<tr>\n<td colspan=\"2\">Potencia nominal<\/td>\n<td>350W<\/td>\n<td>500W<\/td>\n<td>600W<\/td>\n<td>700W<\/td>\n<td>700W<\/td>\n<td>1000W<\/td>\n<td>1200W<\/td>\n<td>1500W<\/td>\n<td>2000W<\/td>\n<td>2000W<\/td>\n<td width=\"93\">2500W<\/td>\n<td width=\"93\">3000W<\/td>\n<td width=\"93\">3500W<\/td>\n<td width=\"93\">4000W<\/td>\n<\/tr>\n<tr>\n<td colspan=\"2\">Potencia m\u00e1xima (20 ms)<\/td>\n<td>1050VA<\/td>\n<td>1500VA<\/td>\n<td>1800VA<\/td>\n<td>2100VA<\/td>\n<td>2100VA<\/td>\n<td>3000VA<\/td>\n<td>3600VA<\/td>\n<td>4500VA<\/td>\n<td>6000VA<\/td>\n<td>6000VA<\/td>\n<td width=\"93\">7500VA<\/td>\n<td width=\"93\">9000VA<\/td>\n<td width=\"93\">10500VA<\/td>\n<td width=\"93\">12000VA<\/td>\n<\/tr>\n<tr>\n<td colspan=\"2\">motor de arranque<\/td>\n<td>0,3 CV<\/td>\n<td>0,5 CV<\/td>\n<td>0,5 CV<\/td>\n<td>0,5 CV<\/td>\n<td>0,5 CV<\/td>\n<td>1HP<\/td>\n<td>1HP<\/td>\n<td>1,5 CV<\/td>\n<td>2HP<\/td>\n<td>2HP<\/td>\n<td width=\"93\">3HP<\/td>\n<td width=\"93\">3HP<\/td>\n<td width=\"93\">3HP<\/td>\n<td width=\"93\">3HP<\/td>\n<\/tr>\n<tr>\n<td colspan=\"2\">Voltaje de la bater\u00eda<\/td>\n<td>12\/24 VCC<\/td>\n<td colspan=\"2\">12\/24\/48 VCC<\/td>\n<td>24\/48 VCC<\/td>\n<td>12 VCC<\/td>\n<td>12\/24\/48 VCC<\/td>\n<td>24 VCC<\/td>\n<td width=\"93\">24\/48 VCC<\/td>\n<td width=\"93\">48 VCC<\/td>\n<td width=\"93\">24\/96 VCC<\/td>\n<td width=\"93\">24\/48 VCC<\/td>\n<td width=\"93\">24\/48\/96 VCC<\/td>\n<td width=\"93\">48\/96 VCC<\/td>\n<td>48\/96 VCC<\/td>\n<\/tr>\n<tr>\n<td colspan=\"2\">Controlador solar interior (opcional)<\/td>\n<td colspan=\"4\">10A~30A(PWM)<\/td>\n<td colspan=\"10\">10A~60A(PWM 12V\/24V\/48V)<\/td>\n<\/tr>\n<tr>\n<td colspan=\"2\">Tama\u00f1o (L * W * Hmm)<\/td>\n<td colspan=\"4\">335*210*122<\/td>\n<td colspan=\"3\">410*143*210<\/td>\n<td colspan=\"2\">400*180*320<\/td>\n<td colspan=\"4\">420*208*348<\/td>\n<td>460*245*445<\/td>\n<\/tr>\n<tr>\n<td colspan=\"2\">Tama\u00f1o del embalaje (L*W*Hmm)<\/td>\n<td colspan=\"4\">385*270*185 (1 pieza) \/ 400*280*400 (2 piezas)<\/td>\n<td colspan=\"3\">460*200*270 (1 pieza) \/ 475*425*285 (2 piezas)<\/td>\n<td colspan=\"2\">460*240*380<\/td>\n<td colspan=\"4\">490*300*400<\/td>\n<td>530*310*550<\/td>\n<\/tr>\n<tr>\n<td colspan=\"2\">NO(kg)<\/td>\n<td>6.5<\/td>\n<td>8<\/td>\n<td>9<\/td>\n<td>10<\/td>\n<td>11<\/td>\n<td>13<\/td>\n<td>14<\/td>\n<td>18<\/td>\n<td>21<\/td>\n<td>23<\/td>\n<td>25<\/td>\n<td width=\"93\">29<\/td>\n<td width=\"93\">31<\/td>\n<td width=\"93\">46<\/td>\n<\/tr>\n<tr>\n<td colspan=\"2\">GW (kg) (embalaje de cart\u00f3n)<\/td>\n<td>7.5<\/td>\n<td>9<\/td>\n<td>10<\/td>\n<td>11<\/td>\n<td>12<\/td>\n<td>14<\/td>\n<td>15<\/td>\n<td>19<\/td>\n<td>22<\/td>\n<td>24<\/td>\n<td>26<\/td>\n<td width=\"93\">30<\/td>\n<td width=\"93\">32<\/td>\n<td width=\"93\">48<\/td>\n<\/tr>\n<tr>\n<td colspan=\"2\">Metodo de instalacion<\/td>\n<td colspan=\"4\">Escritorio<\/td>\n<td colspan=\"10\">Torre<\/td>\n<\/tr>\n<tr style=\"background: #80b645;\">\n<td style=\"color: #fff; text-align: center;\" colspan=\"16\">Especificaci\u00f3n<\/td>\n<\/tr>\n<tr>\n<td colspan=\"2\">Modelo XDN<\/td>\n<td width=\"93\">50248\/96\/192<\/td>\n<td width=\"93\">60248\/96\/192<\/td>\n<td width=\"93\">70296\/192<\/td>\n<td width=\"93\">80396\/192<\/td>\n<td width=\"93\">10396\/192<\/td>\n<td width=\"93\">12396\/192<\/td>\n<td width=\"93\">153192<\/td>\n<td width=\"93\">203220<\/td>\n<td width=\"93\">253220<\/td>\n<td colspan=\"3\" width=\"279\">303240<\/td>\n<td colspan=\"2\" width=\"186\">403384<\/td>\n<\/tr>\n<tr>\n<td colspan=\"2\">Potencia nominal<\/td>\n<td width=\"93\">5000W<\/td>\n<td width=\"93\">6000W<\/td>\n<td width=\"93\">7000W<\/td>\n<td width=\"93\">8KW<\/td>\n<td width=\"93\">10KW<\/td>\n<td width=\"93\">12KW<\/td>\n<td width=\"93\">15KW<\/td>\n<td width=\"93\">20KW<\/td>\n<td width=\"93\">25KW<\/td>\n<td colspan=\"3\" width=\"279\">30KW<\/td>\n<td colspan=\"2\" width=\"186\">40KW<\/td>\n<\/tr>\n<tr>\n<td colspan=\"2\">Potencia m\u00e1xima (20 ms)<\/td>\n<td>15000VA<\/td>\n<td>18000VA<\/td>\n<td width=\"93\">21000VA<\/td>\n<td width=\"93\">24KVA<\/td>\n<td width=\"93\">30KVA<\/td>\n<td width=\"93\">36KVA<\/td>\n<td width=\"93\">45KVA<\/td>\n<td width=\"93\">60KVA<\/td>\n<td width=\"93\">75KVA<\/td>\n<td colspan=\"3\" width=\"279\">90KVA<\/td>\n<td colspan=\"2\" width=\"186\">120KVA<\/td>\n<\/tr>\n<tr>\n<td colspan=\"2\">motor de arranque<\/td>\n<td width=\"93\">4HP<\/td>\n<td width=\"93\">4HP<\/td>\n<td width=\"93\">5HP<\/td>\n<td width=\"93\">6HP<\/td>\n<td width=\"93\">7HP<\/td>\n<td width=\"93\">7HP<\/td>\n<td width=\"93\">10HP<\/td>\n<td width=\"93\">10HP<\/td>\n<td width=\"93\">15HP<\/td>\n<td colspan=\"3\" width=\"279\">15HP<\/td>\n<td colspan=\"2\" width=\"186\">20HP<\/td>\n<\/tr>\n<tr>\n<td colspan=\"2\">Voltaje de la bater\u00eda<\/td>\n<td colspan=\"2\">48\/96\/192 VCC<\/td>\n<td>96\/192 VCC<\/td>\n<td>96\/192 VCC<\/td>\n<td>96\/192 VCC<\/td>\n<td>96\/192 VCC<\/td>\n<td width=\"93\">192 VCC<\/td>\n<td width=\"93\">220 VCC<\/td>\n<td width=\"93\">220 VCC<\/td>\n<td colspan=\"3\" width=\"279\">240 VCC<\/td>\n<td colspan=\"2\" width=\"186\">384 VCC<\/td>\n<\/tr>\n<tr>\n<td colspan=\"2\">Controlador solar interior (opcional)<\/td>\n<td colspan=\"2\">10A~60A(PWM 12V\/24V\/48V)<\/td>\n<td colspan=\"7\">50A\/100A(PWM)<\/td>\n<td colspan=\"5\" width=\"465\">50A\/100A\/150A\/200A(PWM)<\/td>\n<\/tr>\n<tr>\n<td colspan=\"2\">Tama\u00f1o (L * W * Hmm)<\/td>\n<td colspan=\"2\">460*245*445<\/td>\n<td colspan=\"4\">485*300*646<\/td>\n<td colspan=\"3\">600*300*800<\/td>\n<td colspan=\"5\">720*435*1120<\/td>\n<\/tr>\n<tr>\n<td colspan=\"2\">Tama\u00f1o del embalaje (L*W*Hmm)<\/td>\n<td colspan=\"2\">530*310*550<\/td>\n<td colspan=\"4\">550*365*785<\/td>\n<td colspan=\"3\">665*365*830<\/td>\n<td colspan=\"5\">790*505*1260<\/td>\n<\/tr>\n<tr>\n<td colspan=\"2\">NO(kg)<\/td>\n<td>52<\/td>\n<td>53<\/td>\n<td>62<\/td>\n<td>64<\/td>\n<td>66<\/td>\n<td>70<\/td>\n<td>108<\/td>\n<td>113<\/td>\n<td>119<\/td>\n<td colspan=\"3\" width=\"279\">135<\/td>\n<td colspan=\"2\" width=\"186\">160<\/td>\n<\/tr>\n<tr>\n<td colspan=\"2\">GW(kg) (embalaje de madera)<\/td>\n<td>58<\/td>\n<td>59<\/td>\n<td>72<\/td>\n<td>74<\/td>\n<td>77<\/td>\n<td>80<\/td>\n<td>121<\/td>\n<td>130<\/td>\n<td>136<\/td>\n<td colspan=\"3\" width=\"279\">150<\/td>\n<td colspan=\"2\" width=\"186\">180<\/td>\n<\/tr>\n<tr>\n<td colspan=\"2\">Metodo de instalacion<\/td>\n<td colspan=\"14\">Torre<\/td>\n<\/tr>\n<tr style=\"background: #80b645;\">\n<td style=\"color: #fff; text-align: center;\" colspan=\"16\">Especificaci\u00f3n<\/td>\n<\/tr>\n<tr>\n<td rowspan=\"6\">Aporte<\/td>\n<td width=\"237\">Rango de voltaje de entrada de CC<\/td>\n<td colspan=\"14\" width=\"1302\">10,5-15 V CC (voltaje de bater\u00eda individual)<\/td>\n<\/tr>\n<tr>\n<td width=\"237\">Rango de voltaje de entrada de CA<\/td>\n<td colspan=\"14\" width=\"1302\">73VAC~138VAC (110VAC) \/ 83VAC~148VAC (120VAC) \/ 145VAC~275VAC (220VAC) \/ 155VAC~285VAC (230VAC) \/ 165VAC~295VAC (240VAC) (350W~7000W)<br \/>\n92VAC~128VAC (110VAC) \/ 102VAC~138VAC (120VAC) \/ 185VAC~255VAC (220VAC) \/ 195VAC~265VAC (230VAC) \/ 205VAC~275VAC (240VAC) (8KW~40KW)<\/td>\n<\/tr>\n<tr>\n<td width=\"237\">Rango de frecuencia de entrada de CA<\/td>\n<td colspan=\"14\" width=\"1302\">45Hz~55Hz(50Hz) \/ 55Hz~65Hz(60Hz)<\/td>\n<\/tr>\n<tr>\n<td width=\"237\">Corriente de carga m\u00e1xima de CA<\/td>\n<td colspan=\"14\" width=\"1302\">6A~15A(Dependiendo del modelo)<\/td>\n<\/tr>\n<tr>\n<td width=\"237\">Voltaje de carga de CA<\/td>\n<td colspan=\"14\" width=\"1302\">Bater\u00eda de PLOMO: Voltaje de carga: 14,2 V; Voltaje de flotaci\u00f3n: 13,8 V (voltaje de bater\u00eda individual)<\/td>\n<\/tr>\n<tr>\n<td width=\"237\">M\u00e9todo de carga de CA<\/td>\n<td colspan=\"14\" width=\"1302\">Tres etapas (corriente constante, voltaje constante, carga flotante)<\/td>\n<\/tr>\n<tr>\n<td rowspan=\"11\">Producci\u00f3n<\/td>\n<td width=\"237\">Eficiencia (modo de bater\u00eda)<\/td>\n<td colspan=\"14\" width=\"1302\">\u226585%<\/td>\n<\/tr>\n<tr>\n<td width=\"237\">Voltaje de salida (modo de bater\u00eda)<\/td>\n<td colspan=\"14\" width=\"1302\">110VAC\u00b12% \/ 120VAC\u00b12% \/ 220VAC\u00b12% \/ 230VAC\u00b12% \/ 240VAC\u00b12%<\/td>\n<\/tr>\n<tr>\n<td width=\"237\">Frecuencia de salida (modo de bater\u00eda)<\/td>\n<td colspan=\"14\" width=\"1302\">50 Hz \u00b1 0,5 o 60 Hz \u00b1 0,5<\/td>\n<\/tr>\n<tr>\n<td width=\"237\">Onda de salida (modo de bater\u00eda)<\/td>\n<td colspan=\"14\" width=\"1302\">Onda sinusoidal pura<\/td>\n<\/tr>\n<tr>\n<td width=\"237\">Eficiencia (modo AC)<\/td>\n<td colspan=\"14\" width=\"1302\">&gt;99%<\/td>\n<\/tr>\n<tr>\n<td width=\"237\">Voltaje de salida (modo CA)<\/td>\n<td colspan=\"14\" width=\"1302\">110VAC\u00b110% \/ 120VAC\u00b110% \/ 220VAC\u00b110% \/ 230VAC\u00b110% \/ 240VAC\u00b110% (350W~7000W); Seguir entrada (8KW~40KW)<\/td>\n<\/tr>\n<tr>\n<td width=\"237\">Frecuencia de salida (modo CA)<\/td>\n<td colspan=\"14\" width=\"1302\">Seguir entrada<\/td>\n<\/tr>\n<tr>\n<td width=\"237\">Distorsi\u00f3n de forma de onda de salida<br \/>\n(Modo bater\u00eda)<\/td>\n<td colspan=\"14\" width=\"1302\">\u22643% (carga lineal)<\/td>\n<\/tr>\n<tr>\n<td width=\"237\">Sin p\u00e9rdida de carga (modo de bater\u00eda)<\/td>\n<td colspan=\"14\" width=\"1302\">Potencia nominal \u22642.5% (modelos por debajo de 7KW); potencia nominal \u22641% (modelos por encima de 7KW)<\/td>\n<\/tr>\n<tr>\n<td width=\"237\">Sin p\u00e9rdida de carga (modo AC)<\/td>\n<td colspan=\"14\" width=\"1302\">\u00a0Potencia nominal \u22642% (el cargador no funciona en modo CA)<\/td>\n<\/tr>\n<tr>\n<td width=\"237\">Sin p\u00e9rdida de carga (modo de ahorro de energ\u00eda)<\/td>\n<td colspan=\"14\" width=\"1302\">\u226410W<\/td>\n<\/tr>\n<tr>\n<td rowspan=\"2\" width=\"84\">Tipo de Bater\u00eda<\/td>\n<td>Bater\u00eda VLA<\/td>\n<td colspan=\"14\" width=\"1302\">Voltaje de carga: 14,2 V; Voltaje de flotaci\u00f3n: 13,8 V (voltaje de bater\u00eda individual)<\/td>\n<\/tr>\n<tr>\n<td>Personaliza la bater\u00eda<\/td>\n<td colspan=\"14\" width=\"1302\">Los par\u00e1metros de carga y descarga de diferentes tipos de bater\u00edas (como bater\u00edas de litio, etc.) se pueden personalizar de acuerdo con los requisitos del usuario<\/td>\n<\/tr>\n<tr>\n<td rowspan=\"8\">Proteccion<\/td>\n<td>Alarma de bajo voltaje de bater\u00eda<\/td>\n<td colspan=\"14\" width=\"1302\">Valor predeterminado de f\u00e1brica: 11 V (voltaje de bater\u00eda individual)<\/td>\n<\/tr>\n<tr>\n<td>Protecci\u00f3n de bajo voltaje de la bater\u00eda<\/td>\n<td colspan=\"14\" width=\"1302\">Valor predeterminado de f\u00e1brica: 10,5 V (voltaje de bater\u00eda individual)<\/td>\n<\/tr>\n<tr>\n<td>Alarma de sobretensi\u00f3n de bater\u00eda<\/td>\n<td colspan=\"14\" width=\"1302\">Valor predeterminado de f\u00e1brica: 15 V (voltaje de bater\u00eda individual)<\/td>\n<\/tr>\n<tr>\n<td>Protecci\u00f3n contra sobretensi\u00f3n de la bater\u00eda<\/td>\n<td colspan=\"14\" width=\"1302\">Valor predeterminado de f\u00e1brica: 17 V (voltaje de bater\u00eda individual)<\/td>\n<\/tr>\n<tr>\n<td>Tensi\u00f3n de recuperaci\u00f3n de sobretensi\u00f3n de bater\u00eda<\/td>\n<td colspan=\"14\" width=\"1302\">Valor predeterminado de f\u00e1brica: 14,5 V (voltaje de bater\u00eda individual)<\/td>\n<\/tr>\n<tr>\n<td>Protecci\u00f3n de sobrecarga de energ\u00eda<\/td>\n<td colspan=\"14\" width=\"1302\">Protecci\u00f3n autom\u00e1tica (modo bater\u00eda), disyuntor o seguro (modo AC)<\/td>\n<\/tr>\n<tr>\n<td>Protecci\u00f3n de cortocircuito de salida del inversor<\/td>\n<td colspan=\"14\" width=\"1302\">Protecci\u00f3n autom\u00e1tica (modo bater\u00eda), disyuntor o seguro (modo AC)<\/td>\n<\/tr>\n<tr>\n<td>Protecci\u00f3n de temperatura<\/td>\n<td colspan=\"14\" width=\"1302\">&gt;90\u00b0C (apagar la salida)<\/td>\n<\/tr>\n<tr>\n<td rowspan=\"3\" width=\"84\">Alarma<\/td>\n<td width=\"237\">A<\/td>\n<td colspan=\"14\" width=\"1302\">Condiciones de trabajo normales, el zumbador no tiene sonido de alarma<\/td>\n<\/tr>\n<tr>\n<td width=\"237\">B<\/td>\n<td colspan=\"14\" width=\"1302\">El zumbador suena 4 veces por segundo cuando falla la bater\u00eda, anormalidad de voltaje, protecci\u00f3n contra sobrecarga<\/td>\n<\/tr>\n<tr>\n<td width=\"237\">C<\/td>\n<td colspan=\"14\" width=\"1302\">Cuando la m\u00e1quina se enciende por primera vez, el zumbador indicar\u00e1 5 cuando la m\u00e1quina est\u00e9 normal.<\/td>\n<\/tr>\n<tr>\n<td rowspan=\"7\" width=\"84\">Controlador solar interior<br \/>\n(Opcional)<\/td>\n<td width=\"237\">Modo de carga<\/td>\n<td colspan=\"14\" width=\"1302\">PWM<\/td>\n<\/tr>\n<tr>\n<td width=\"237\">Corriente de carga<\/td>\n<td colspan=\"14\" width=\"1302\">Sistema 12V\/24V\/48V: 10A\/20A\/30A\/40A\/50A\/60A; 96V\/192V\/240V\/384 Sistema: 50A\/100A\/150A\/200A<\/td>\n<\/tr>\n<tr>\n<td width=\"237\">Rango de voltaje de entrada fotovoltaica<\/td>\n<td colspan=\"14\" width=\"1302\">15V-44V (Sistema de 12V); 30V-44V (Sistema de 24V); 60V-88V (Sistema de 48V); 120 V-176 V (Sistema de 96 V); 240V-352V(Sistema de 192V); 300V-440V(Sistema de 240V); 480V-704V(Sistema de 384V)<\/td>\n<\/tr>\n<tr>\n<td width=\"237\">Voltaje de entrada m\u00e1ximo de PV (Voc)<br \/>\n(A la temperatura m\u00e1s baja)<\/td>\n<td colspan=\"14\" width=\"1302\">50 V (sistema de 12 V\/24 V); 100 V (sistema de 48 V); 200 V (Sistema de 96 V); 400 V (Sistema de 192 V); 500 V (Sistema de 240 V); 750 V (sistema de 384 V)<\/td>\n<\/tr>\n<tr>\n<td width=\"237\">Potencia m\u00e1xima del conjunto fotovoltaico<\/td>\n<td colspan=\"14\" width=\"1302\">Sistema de 12 V: 140 W (10 A)\/280 W (20 A)\/420 W (30 A)\/560 W (40 A)\/700 W (50 A)\/840 W (60 A); Sistema de 24 V: 280 W (10 A)\/560 W (20 A)\/840 W (30 A)\/1120 W (40 A)\/1400 W (50 A)\/1680 W (60 A);<br \/>\nSistema de 48 V: 560 W (10 A)\/1120 W (20 A)\/1680 W (30 A)\/2240 W (40 A)\/2800 W (50 A)\/3360 W (60 A); Sistema de 96 V: 5,6 KW (50 A)\/11,2 KW (100 A); Sistema de 192 V: 11,2 KW (50 A)\/22,4 KW (100 A);<br \/>\nSistema de 220 V: 12,8 KW (50 A)\/25,6 KW (100 A); Sistema de 240V: 14KW(50A)\/28KW(100A)\/21KW*2(150A)\/28KW*2(200A); Sistema de 384V: 22,4KW(50A)\/44,8KW(100A)\/33,6KW*2(150A)\/44,8KW*2(200A)<\/td>\n<\/tr>\n<tr>\n<td>p\u00e9rdida en espera<\/td>\n<td colspan=\"14\" width=\"1302\">\u22643W<\/td>\n<\/tr>\n<tr>\n<td>M\u00e1xima eficiencia de conversi\u00f3n<\/td>\n<td colspan=\"14\" width=\"1302\">&gt;95%<\/td>\n<\/tr>\n<tr>\n<td colspan=\"2\">Modo de trabajo<\/td>\n<td colspan=\"14\" width=\"1302\">Bater\u00eda primero\/CA primero\/modo de ahorro de energ\u00eda<\/td>\n<\/tr>\n<tr>\n<td colspan=\"2\">Tiempo de transferencia<\/td>\n<td colspan=\"14\" width=\"1302\">\u22644ms<\/td>\n<\/tr>\n<tr>\n<td colspan=\"2\">Mostrar<\/td>\n<td colspan=\"14\" width=\"1302\">LCD<\/td>\n<\/tr>\n<tr>\n<td colspan=\"2\" width=\"321\">m\u00e9todo t\u00e9rmico<\/td>\n<td colspan=\"14\" width=\"1302\">Ventilador de refrigeraci\u00f3n en control inteligente<\/td>\n<\/tr>\n<tr>\n<td colspan=\"2\">Comunicaci\u00f3n<\/td>\n<td colspan=\"14\" width=\"1302\">RS232 (Opcional)<\/td>\n<\/tr>\n<tr>\n<td rowspan=\"5\">Ambiente<\/td>\n<td width=\"237\">Temperatura de funcionamiento<\/td>\n<td colspan=\"14\" width=\"1302\">-10 \u2103 ~ 40 \u2103<\/td>\n<\/tr>\n<tr>\n<td width=\"237\">Temperatura de almacenamiento<\/td>\n<td colspan=\"14\" width=\"1302\">-15 \u2103 ~ 60 \u2103<\/td>\n<\/tr>\n<tr>\n<td width=\"237\">Ruido<\/td>\n<td colspan=\"14\" width=\"1302\">\u226455dB<\/td>\n<\/tr>\n<tr>\n<td width=\"237\">Elevaci\u00f3n<\/td>\n<td colspan=\"14\" width=\"1302\">2000m (M\u00e1s que reducci\u00f3n)<\/td>\n<\/tr>\n<tr>\n<td width=\"237\">Humedad<\/td>\n<td colspan=\"14\" width=\"1302\">0%~95% ,Sin condensaci\u00f3n<\/td>\n<\/tr>\n<tr>\n<td style=\"color: #fff; text-align: center;\" colspan=\"16\">Nota: Todas las especificaciones est\u00e1n sujetas a cargos sin previo aviso<\/td>\n<\/tr>\n<\/tbody>\n<\/table>","protected":false},"excerpt":{"rendered":"<p><strong style=\"color: #80b645;\">Caracter\u00edstica:<\/strong><br \/>\n\u25c6 Salida de onda senoidal pura.<br \/>\n\u25c7 Amplio rango de entrada de voltaje de CA, salida AVR.<br \/>\n\u25c6 Adoptar transformador EI tradicional, rendimiento estable.<br \/>\n\u25c7 Pantalla LCD\/LED y LCD en tiempo real, concisa y sencilla.<br \/>\n\u25c6 Modos de trabajo: AC primero o bater\u00eda primero opcional, carga inteligente.<br \/>\n\u25c7 Controlador de carga PWM incorporado opcional.<br \/>\n\u25c6 Puerto de comunicaci\u00f3n RS232 opcional.<\/p>","protected":false},"featured_media":731,"comment_status":"open","ping_status":"closed","template":"","meta":[],"product_cat":[123],"product_tag":[],"class_list":{"0":"post-651","1":"product","2":"type-product","3":"status-publish","4":"has-post-thumbnail","6":"product_cat-low-frequehcy-inverter","8":"first","9":"instock","10":"shipping-taxable","11":"product-type-simple"},"_links":{"self":[{"href":"https:\/\/www.xd-solar.com\/es\/wp-json\/wp\/v2\/product\/651","targetHints":{"allow":["GET"]}}],"collection":[{"href":"https:\/\/www.xd-solar.com\/es\/wp-json\/wp\/v2\/product"}],"about":[{"href":"https:\/\/www.xd-solar.com\/es\/wp-json\/wp\/v2\/types\/product"}],"replies":[{"embeddable":true,"href":"https:\/\/www.xd-solar.com\/es\/wp-json\/wp\/v2\/comments?post=651"}],"wp:featuredmedia":[{"embeddable":true,"href":"https:\/\/www.xd-solar.com\/es\/wp-json\/wp\/v2\/media\/731"}],"wp:attachment":[{"href":"https:\/\/www.xd-solar.com\/es\/wp-json\/wp\/v2\/media?parent=651"}],"wp:term":[{"taxonomy":"product_cat","embeddable":true,"href":"https:\/\/www.xd-solar.com\/es\/wp-json\/wp\/v2\/product_cat?post=651"},{"taxonomy":"product_tag","embeddable":true,"href":"https:\/\/www.xd-solar.com\/es\/wp-json\/wp\/v2\/product_tag?post=651"}],"curies":[{"name":"wp","href":"https:\/\/api.w.org\/{rel}","templated":true}]}}