{"id":853,"date":"2023-05-05T17:55:10","date_gmt":"2023-05-05T09:55:10","guid":{"rendered":"https:\/\/xd-solar.com\/?post_type=product&#038;p=853"},"modified":"2024-11-05T10:36:36","modified_gmt":"2024-11-05T02:36:36","slug":"xdsx-three-phase-inverterthree-phase-solar-inverter","status":"publish","type":"product","link":"https:\/\/www.xd-solar.com\/es\/producto\/xdsx-three-phase-inverterthree-phase-solar-inverter\/","title":{"rendered":"Inversor trif\u00e1sico Xindi solar XDSX e inversor solar trif\u00e1sico UPS sistema de alimentaci\u00f3n ininterrumpida BAJA FRECUENCIA"},"content":{"rendered":"<table width=\"1653\">\n<tbody>\n<tr>\n<td style=\"color: #fff; text-align: center;\" colspan=\"13\" width=\"1653\">Especificaci\u00f3n<\/td>\n<\/tr>\n<tr>\n<td colspan=\"2\">Modelo: XDSX\/XDSX-T<\/td>\n<td>32248\/96\/192<\/td>\n<td>48248\/96\/192<\/td>\n<td>56248\/96\/192<\/td>\n<td>64248\/96\/192<\/td>\n<td>80248\/96\/192<\/td>\n<td>10348\/96\/192<\/td>\n<td>12348\/96\/192<\/td>\n<td>16396\/192<\/td>\n<td>20396\/192<\/td>\n<td colspan=\"2\">24396\/192<\/td>\n<\/tr>\n<tr>\n<td colspan=\"2\">Potencia nominal<\/td>\n<td>4KVA\/3.2KW<\/td>\n<td>6KVA\/4.8KW<\/td>\n<td>7KVA\/5.6KW<\/td>\n<td>8KVA\/6.4KW<\/td>\n<td>10KVA\/8KW<\/td>\n<td>12.5KVA\/10KW<\/td>\n<td>15KVA\/12KW<\/td>\n<td>20KVA\/16KW<\/td>\n<td>25KVA\/20KW<\/td>\n<td colspan=\"2\">30KVA\/24KW<\/td>\n<\/tr>\n<tr>\n<td colspan=\"2\">Potencia m\u00e1xima (20 ms)<\/td>\n<td>9.6KVA<\/td>\n<td>14.4KVA<\/td>\n<td>16.8KVA<\/td>\n<td>19.2KVA<\/td>\n<td>24KVA<\/td>\n<td>30KVA<\/td>\n<td>36KVA<\/td>\n<td>48KVA<\/td>\n<td>60KVA<\/td>\n<td colspan=\"2\">72KVA<\/td>\n<\/tr>\n<tr>\n<td colspan=\"2\">motor de arranque<\/td>\n<td width=\"121\">3HP<\/td>\n<td>4HP<\/td>\n<td>4HP<\/td>\n<td>4HP<\/td>\n<td>5HP<\/td>\n<td>6HP<\/td>\n<td>7HP<\/td>\n<td>10HP<\/td>\n<td>10HP<\/td>\n<td colspan=\"2\">15HP<\/td>\n<\/tr>\n<tr>\n<td colspan=\"2\">Voltaje de la bater\u00eda<\/td>\n<td colspan=\"7\">48\/96\/192 VCC<\/td>\n<td colspan=\"4\">96\/192 VCC<\/td>\n<\/tr>\n<tr>\n<td colspan=\"2\" width=\"322\">Corriente de carga del controlador solar integrado (opcional)<\/td>\n<td colspan=\"4\" width=\"484\">PWM: 10A-60A (Sistema de 48V); 50A\/100A\uff08Sistema de 96V); 50A (Sistema de 192V)<br \/>\nMPPT: 10A-100A (Sistema de 48V); 50A\/100A\uff08Sistema de 96V)<\/td>\n<td colspan=\"7\" width=\"847\">PWM: 50A\/100A (Sistema de 96V); 50A\/100A\uff08Sistema de 192V)<br \/>\nMPPT: 50A\/100A (Sistema de 96V)<\/td>\n<\/tr>\n<tr>\n<td colspan=\"2\">Tama\u00f1o (L * W * Hmm)<\/td>\n<td colspan=\"4\">565*300*775<\/td>\n<td colspan=\"7\">725*365*1010<\/td>\n<\/tr>\n<tr>\n<td colspan=\"2\">Tama\u00f1o del embalaje (L*W*Hmm)<\/td>\n<td colspan=\"4\">625*360*895<\/td>\n<td colspan=\"7\">785*425*1135<\/td>\n<\/tr>\n<tr>\n<td colspan=\"2\">NO(kg)<\/td>\n<td>65<\/td>\n<td>73<\/td>\n<td>75<\/td>\n<td>80<\/td>\n<td>112<\/td>\n<td>122<\/td>\n<td>134<\/td>\n<td>160<\/td>\n<td>176<\/td>\n<td colspan=\"2\">189<\/td>\n<\/tr>\n<tr>\n<td colspan=\"2\">GW(kg) (embalaje de madera)<\/td>\n<td>78<\/td>\n<td>86<\/td>\n<td>88<\/td>\n<td>93<\/td>\n<td>136<\/td>\n<td>146<\/td>\n<td>158<\/td>\n<td>184<\/td>\n<td>200<\/td>\n<td colspan=\"2\">213<\/td>\n<\/tr>\n<tr>\n<td colspan=\"2\">Metodo de instalacion<\/td>\n<td colspan=\"11\">Torre<\/td>\n<\/tr>\n<tr style=\"background: #80b645;\">\n<td style=\"color: #fff; text-align: center;\" colspan=\"13\">Especificaci\u00f3n<\/td>\n<\/tr>\n<tr>\n<td colspan=\"2\">Modelo: XDSX<\/td>\n<td>323192<\/td>\n<td>403192<\/td>\n<td>483384<\/td>\n<td>643384<\/td>\n<td>803384<\/td>\n<td>963384<\/td>\n<td>1003384<\/td>\n<td>1203384<\/td>\n<td>1283384<\/td>\n<td>1503384<\/td>\n<td>1603384<\/td>\n<\/tr>\n<tr>\n<td colspan=\"2\">Potencia nominal<\/td>\n<td>40KVA\/32KW<\/td>\n<td>50KVA\/40KW<\/td>\n<td>60KVA\/48KW<\/td>\n<td>80KVA\/64KW<\/td>\n<td>100KVA\/80KW<\/td>\n<td>120KVA\/96KW<\/td>\n<td>125KVA\/100KW<\/td>\n<td>150KVA\/120KW<\/td>\n<td>160KVA\/128KW<\/td>\n<td>190KVA\/150KW<\/td>\n<td>200KVA\/160KW<\/td>\n<\/tr>\n<tr>\n<td colspan=\"2\">Potencia m\u00e1xima (20 ms)<\/td>\n<td>96KVA<\/td>\n<td>120KVA<\/td>\n<td>144KVA<\/td>\n<td>192KVA<\/td>\n<td>240KVA<\/td>\n<td>288KVA<\/td>\n<td>300KVA<\/td>\n<td>360KVA<\/td>\n<td>384KVA<\/td>\n<td>450KVA<\/td>\n<td>480KVA<\/td>\n<\/tr>\n<tr>\n<td colspan=\"2\">motor de arranque<\/td>\n<td>15HP<\/td>\n<td>20HP<\/td>\n<td>25HP<\/td>\n<td>30HP<\/td>\n<td>40HP<\/td>\n<td>50HP<\/td>\n<td>50HP<\/td>\n<td>60HP<\/td>\n<td>60HP<\/td>\n<td>80HP<\/td>\n<td>80HP<\/td>\n<\/tr>\n<tr>\n<td colspan=\"2\">Voltaje de la bater\u00eda<\/td>\n<td colspan=\"2\">192 VCC<\/td>\n<td colspan=\"9\">384 VCC<\/td>\n<\/tr>\n<tr>\n<td colspan=\"2\" width=\"322\">Corriente de carga del controlador solar integrado (opcional)<\/td>\n<td colspan=\"4\" width=\"484\">PWM: 100A-200A (sistema 192V y 384V)<br \/>\nMPPT: 50A\/100A(Sistema de 192V y 384V)<\/td>\n<td colspan=\"7\" width=\"847\">PWM: 100A-200A \/ MPPT: 50A\/100A<\/td>\n<\/tr>\n<tr>\n<td colspan=\"2\">Tama\u00f1o (L * W * Hmm)<\/td>\n<td colspan=\"4\">720*575*1275<\/td>\n<td colspan=\"5\">875*720*1380<\/td>\n<td colspan=\"2\">1123*900*1605<\/td>\n<\/tr>\n<tr>\n<td colspan=\"2\">Tama\u00f1o del embalaje (L*W*Hmm)<\/td>\n<td colspan=\"4\">785*640*1400<\/td>\n<td colspan=\"5\">980*825*1560<\/td>\n<td colspan=\"2\">1185*960*1750<\/td>\n<\/tr>\n<tr>\n<td colspan=\"2\">NO(kg)<\/td>\n<td>240<\/td>\n<td>260<\/td>\n<td>290<\/td>\n<td>308<\/td>\n<td>512<\/td>\n<td>542<\/td>\n<td>552<\/td>\n<td>612<\/td>\n<td>642<\/td>\n<td>705<\/td>\n<td>755<\/td>\n<\/tr>\n<tr>\n<td colspan=\"2\">GW(kg) (embalaje de madera)<\/td>\n<td>273<\/td>\n<td>293<\/td>\n<td>323<\/td>\n<td>341<\/td>\n<td>552<\/td>\n<td>582<\/td>\n<td>592<\/td>\n<td>652<\/td>\n<td>692<\/td>\n<td>755<\/td>\n<td>805<\/td>\n<\/tr>\n<tr>\n<td colspan=\"2\">Metodo de instalacion<\/td>\n<td colspan=\"11\">Torre<\/td>\n<\/tr>\n<tr style=\"background: #80b645;\">\n<td style=\"color: #fff; text-align: center;\" colspan=\"13\">Par\u00e1metro<\/td>\n<\/tr>\n<tr>\n<td rowspan=\"6\">Aporte<\/td>\n<td width=\"234\">Rango de voltaje de entrada de CC<\/td>\n<td colspan=\"11\">10.5VDC-15VDC (voltaje de bater\u00eda individual)<\/td>\n<\/tr>\n<tr>\n<td width=\"234\">Rango de voltaje de entrada de CA<\/td>\n<td colspan=\"11\">380Vac\/400Vac\u00b110%(personalizado 190Vac\/200Vac)<\/td>\n<\/tr>\n<tr>\n<td width=\"234\">Rango de frecuencia de entrada de CA<\/td>\n<td colspan=\"11\">45 Hz-55 Hz (50 Hz)\/55 Hz-65 Hz (60 Hz)<\/td>\n<\/tr>\n<tr>\n<td width=\"234\">Corriente de carga m\u00e1xima de CA<\/td>\n<td colspan=\"11\">0-45A (dependiendo del modelo)<\/td>\n<\/tr>\n<tr>\n<td width=\"234\">M\u00e9todo de carga de CA<\/td>\n<td colspan=\"11\">Tres etapas (corriente constante, voltaje constante, carga flotante)<\/td>\n<\/tr>\n<tr>\n<td>Fase<\/td>\n<td colspan=\"11\">3\/N\/PE<\/td>\n<\/tr>\n<tr>\n<td rowspan=\"12\">Producci\u00f3n<\/td>\n<td width=\"234\">Eficiencia (modo de bater\u00eda)<\/td>\n<td colspan=\"11\">\u226585%<\/td>\n<\/tr>\n<tr>\n<td width=\"234\">Voltaje de salida (modo de bater\u00eda)<\/td>\n<td colspan=\"11\">380Vac\/400Vac\u00b12%(personalizado 190Vac\/200Vac)<\/td>\n<\/tr>\n<tr>\n<td width=\"234\">Frecuencia de salida (modo de bater\u00eda)<\/td>\n<td colspan=\"11\">50\/60Hz \u00b11%<\/td>\n<\/tr>\n<tr>\n<td width=\"234\">Onda de salida (modo de bater\u00eda)<\/td>\n<td colspan=\"11\">Onda sinusoidal pura<\/td>\n<\/tr>\n<tr>\n<td>Distorsi\u00f3n de forma de onda de salida<\/td>\n<td colspan=\"11\">Carga lineal\u22643%<\/td>\n<\/tr>\n<tr>\n<td width=\"234\">Eficiencia (modo AC)<\/td>\n<td colspan=\"11\">&gt;99%<\/td>\n<\/tr>\n<tr>\n<td width=\"234\">Voltaje de salida (modo CA)<\/td>\n<td colspan=\"11\">Conforme a la entrada de CA<\/td>\n<\/tr>\n<tr>\n<td width=\"234\">Frecuencia de salida (modo CA)<\/td>\n<td colspan=\"11\">Conforme a la entrada de CA<\/td>\n<\/tr>\n<tr>\n<td width=\"234\">Sin p\u00e9rdida de carga (modo de bater\u00eda)<\/td>\n<td colspan=\"11\">Potencia nominal \u22642,5% (modelos 4KVA-30KVA); potencia nominal \u22641% (modelos 40KVA-200KVA)<\/td>\n<\/tr>\n<tr>\n<td width=\"234\">Sin p\u00e9rdida de carga (modo AC)<\/td>\n<td colspan=\"11\">\u226421TP2Potencia tratada (el cargador no funciona en modo CA)<\/td>\n<\/tr>\n<tr>\n<td width=\"234\">Sin p\u00e9rdida de carga (modo de ahorro de energ\u00eda)<\/td>\n<td colspan=\"11\" width=\"1331\">\u226410W<\/td>\n<\/tr>\n<tr>\n<td>Fase<\/td>\n<td colspan=\"11\">3\/N\/PE<\/td>\n<\/tr>\n<tr>\n<td rowspan=\"2\" width=\"88\">Tipo de Bater\u00eda<\/td>\n<td width=\"234\">Bater\u00eda VLA<\/td>\n<td colspan=\"11\">Voltaje de carga: 13,8 V; Voltaje de flotaci\u00f3n: 13,7 V (voltaje de bater\u00eda individual)<\/td>\n<\/tr>\n<tr>\n<td>Personaliza la bater\u00eda<\/td>\n<td colspan=\"11\" width=\"1331\">Los par\u00e1metros de carga y descarga de diferentes tipos de bater\u00edas se pueden personalizar de acuerdo con los requisitos del usuario<br \/>\n(Los par\u00e1metros de carga y descarga de diferentes tipos de bater\u00edas se pueden configurar a trav\u00e9s del panel de operaci\u00f3n)<\/td>\n<\/tr>\n<tr>\n<td rowspan=\"8\">Proteccion<\/td>\n<td>Alarma de bajo voltaje de bater\u00eda<\/td>\n<td colspan=\"11\">11V (voltaje de bater\u00eda individual)<\/td>\n<\/tr>\n<tr>\n<td>Protecci\u00f3n de bajo voltaje de la bater\u00eda<\/td>\n<td colspan=\"11\">10,5 V (voltaje de bater\u00eda individual)<\/td>\n<\/tr>\n<tr>\n<td>Alarma de sobretensi\u00f3n de bater\u00eda<\/td>\n<td colspan=\"11\">15V (voltaje de bater\u00eda individual)<\/td>\n<\/tr>\n<tr>\n<td>Protecci\u00f3n contra sobretensi\u00f3n de la bater\u00eda<\/td>\n<td colspan=\"11\">17V (voltaje de bater\u00eda individual)<\/td>\n<\/tr>\n<tr>\n<td>Tensi\u00f3n de recuperaci\u00f3n de sobretensi\u00f3n de bater\u00eda<\/td>\n<td colspan=\"11\">14,5 V (voltaje de bater\u00eda individual)<\/td>\n<\/tr>\n<tr>\n<td>Protecci\u00f3n de sobrecarga de energ\u00eda<\/td>\n<td colspan=\"11\">Protecci\u00f3n autom\u00e1tica (modo bater\u00eda), disyuntor o seguro (modo AC)<\/td>\n<\/tr>\n<tr>\n<td>Protecci\u00f3n de cortocircuito de salida del inversor<\/td>\n<td colspan=\"11\">Protecci\u00f3n autom\u00e1tica (modo bater\u00eda), disyuntor o seguro (modo AC)<\/td>\n<\/tr>\n<tr>\n<td>Protecci\u00f3n de temperatura<\/td>\n<td colspan=\"11\">&gt;90\u00b0C (apagar la salida)<\/td>\n<\/tr>\n<tr>\n<td rowspan=\"3\" width=\"88\">Alarma<\/td>\n<td width=\"234\">A<\/td>\n<td colspan=\"11\" width=\"1331\">Condiciones de trabajo normales, el zumbador no tiene sonido de alarma<\/td>\n<\/tr>\n<tr>\n<td width=\"234\">B<\/td>\n<td colspan=\"11\" width=\"1331\">El zumbador suena 4 veces por segundo cuando falla la bater\u00eda, anormalidad de voltaje, protecci\u00f3n contra sobrecarga<\/td>\n<\/tr>\n<tr>\n<td width=\"234\">C<\/td>\n<td colspan=\"11\" width=\"1331\">Cuando la m\u00e1quina se enciende por primera vez, el zumbador indicar\u00e1 5 cuando la m\u00e1quina est\u00e9 normal.<\/td>\n<\/tr>\n<tr>\n<td rowspan=\"7\" width=\"88\">Controlador solar interior<br \/>\n(Opcional)<\/td>\n<td width=\"234\">Modo de carga<\/td>\n<td colspan=\"11\">MPPT o PWM<\/td>\n<\/tr>\n<tr>\n<td width=\"234\">Corriente de carga<\/td>\n<td colspan=\"11\" width=\"1331\">PWM: 10A\/20A\/30A\/40A\/50A\/60A (Sistema de 48V); 50A\/100A\/150A\/200A(96V\/192V\/384V Sistema)<br \/>\nMPPT: 10A\/20A\/30A\/40A\/50A\/60A\/80A\/100A(Sistema de 48V); 50A\/100A(96V\/192V\/384V Sistema)<\/td>\n<\/tr>\n<tr>\n<td width=\"234\">Rango de voltaje de entrada fotovoltaica<\/td>\n<td colspan=\"11\" width=\"1331\">PWM: 60V-88V (Sistema de 48V); 120 V-176 V (Sistema de 96 V); 240V-352V(Sistema de 192V); 480V-704V(Sistema de 384V)<br \/>\nMPPT: 60V-120V (Sistema de 48V); 120 V-240 V (Sistema de 96 V); 240V-360V(Sistema de 192V); 480V-640V(Sistema de 384V)<\/td>\n<\/tr>\n<tr>\n<td width=\"234\">Voltaje de entrada m\u00e1ximo de PV (Voc)<br \/>\n(A la temperatura m\u00e1s baja)<\/td>\n<td colspan=\"11\" width=\"1331\">PWM: 100 V (sistema de 48 V); 200 V (Sistema de 96 V); 400 V (Sistema de 192 V); 750 V (sistema de 384 V)<br \/>\nMPPT: 150 V (sistema de 48 V); 300 V (Sistema de 96 V); 450 V (Sistema de 192 V); 800V (Sistema de 384V)<\/td>\n<\/tr>\n<tr>\n<td width=\"234\">Potencia m\u00e1xima del conjunto fotovoltaico<\/td>\n<td colspan=\"11\" width=\"1331\">Sistema de 48 V: 560 W (10 A)\/1120 W (20 A)\/1680 W (30 A)\/2240 W (40 A)\/2800 W (50 A)\/3360 W (60 A)<br \/>\nSistema de 96 V: (PWM: 5,6 KW (50 A)\/11,2 KW (100 A)) \/ (MPPT: 5,6 KW (50 A)\/5,6 KW*2 (100 A));<br \/>\nSistema de 192V: (PWM: 11.2KW(50A)\/22.4KW(100A)\/16.8KW*2(150A)\/22.4KW*2(200A)) \/ (MPPT: 11.2KW(50A)\/11.2KW*2(100A) ));<br \/>\nSistema 384V: (PWM: 22.4KW(50A)\/44.8KW(100A)\/33.6KW*2(150A)\/44.8KW*2(200A)) \/ (MPPT: 22.4KW(50A)\/22.4KW*2(100A) ))<\/td>\n<\/tr>\n<tr>\n<td>p\u00e9rdida en espera<\/td>\n<td colspan=\"11\" width=\"1331\">\u22643W<\/td>\n<\/tr>\n<tr>\n<td>M\u00e1xima eficiencia de conversi\u00f3n<\/td>\n<td colspan=\"11\" width=\"1331\">&gt;95%<\/td>\n<\/tr>\n<tr>\n<td colspan=\"2\">Modo de trabajo<\/td>\n<td colspan=\"11\">Bater\u00eda primero\/CA primero\/modo de ahorro de energ\u00eda<\/td>\n<\/tr>\n<tr>\n<td colspan=\"2\">Tiempo de transferencia<\/td>\n<td colspan=\"11\">\u22644ms<\/td>\n<\/tr>\n<tr>\n<td colspan=\"2\">Mostrar<\/td>\n<td colspan=\"11\">LCD<\/td>\n<\/tr>\n<tr>\n<td colspan=\"2\" width=\"322\">m\u00e9todo t\u00e9rmico<\/td>\n<td colspan=\"11\">Refrigeraci\u00f3n por aire forzado<\/td>\n<\/tr>\n<tr>\n<td colspan=\"2\">Comunicaci\u00f3n (Opcional)<\/td>\n<td colspan=\"11\">RS485\/APP (monitoreo WIFI o monitoreo GPRS)<\/td>\n<\/tr>\n<tr>\n<td rowspan=\"5\">Ambiente<\/td>\n<td width=\"234\">Temperatura de funcionamiento<\/td>\n<td colspan=\"11\">\u00a0-10 \u2103 ~ 40 \u2103<\/td>\n<\/tr>\n<tr>\n<td width=\"234\">Temperatura de almacenamiento<\/td>\n<td colspan=\"11\">-15 \u2103 ~ 60 \u2103<\/td>\n<\/tr>\n<tr>\n<td width=\"234\">Ruido<\/td>\n<td colspan=\"11\">2000m (M\u00e1s que reducci\u00f3n)<\/td>\n<\/tr>\n<tr>\n<td width=\"234\">Elevaci\u00f3n<\/td>\n<td colspan=\"11\">\u226465dB<\/td>\n<\/tr>\n<tr>\n<td width=\"234\">Humedad<\/td>\n<td colspan=\"11\">0%~95% ,Sin condensaci\u00f3n<\/td>\n<\/tr>\n<tr>\n<td style=\"color: #fff; text-align: center;\" colspan=\"13\">Nota: Todas las especificaciones est\u00e1n sujetas a cargos sin previo aviso<\/td>\n<\/tr>\n<\/tbody>\n<\/table>","protected":false},"excerpt":{"rendered":"<p><strong style=\"color: #80b645;\">Caracter\u00edstica:<\/strong><br \/>\n\u25c6 Salida de onda senoidal pura.<br \/>\n\u25c7 Bajo voltaje de CC, ahorrando costos del sistema.<br \/>\n\u25c6 Controlador de carga PWM o MPPT integrado.<br \/>\n\u25c7 Corriente de carga AC 0-45A ajustable.<br \/>\n\u25c6 Amplia pantalla LCD, muestra de forma clara y precisa los datos de los iconos.<br \/>\n\u25c7 Dise\u00f1o de carga de desequilibrio 100%, 3 veces la potencia m\u00e1xima.<br \/>\n\u25c6 Configuraci\u00f3n de diferentes modos de trabajo en funci\u00f3n de los requisitos de uso variable.<br \/>\n\u25c6 Varios puertos de comunicaci\u00f3n y monitoreo remoto RS485\/APP (WIFI\/GPRS) (Opcional)<\/p>","protected":false},"featured_media":846,"comment_status":"open","ping_status":"closed","template":"","meta":[],"product_cat":[123],"product_tag":[],"class_list":{"0":"post-853","1":"product","2":"type-product","3":"status-publish","4":"has-post-thumbnail","6":"product_cat-low-frequehcy-inverter","8":"first","9":"instock","10":"shipping-taxable","11":"product-type-simple"},"_links":{"self":[{"href":"https:\/\/www.xd-solar.com\/es\/wp-json\/wp\/v2\/product\/853","targetHints":{"allow":["GET"]}}],"collection":[{"href":"https:\/\/www.xd-solar.com\/es\/wp-json\/wp\/v2\/product"}],"about":[{"href":"https:\/\/www.xd-solar.com\/es\/wp-json\/wp\/v2\/types\/product"}],"replies":[{"embeddable":true,"href":"https:\/\/www.xd-solar.com\/es\/wp-json\/wp\/v2\/comments?post=853"}],"wp:featuredmedia":[{"embeddable":true,"href":"https:\/\/www.xd-solar.com\/es\/wp-json\/wp\/v2\/media\/846"}],"wp:attachment":[{"href":"https:\/\/www.xd-solar.com\/es\/wp-json\/wp\/v2\/media?parent=853"}],"wp:term":[{"taxonomy":"product_cat","embeddable":true,"href":"https:\/\/www.xd-solar.com\/es\/wp-json\/wp\/v2\/product_cat?post=853"},{"taxonomy":"product_tag","embeddable":true,"href":"https:\/\/www.xd-solar.com\/es\/wp-json\/wp\/v2\/product_tag?post=853"}],"curies":[{"name":"wp","href":"https:\/\/api.w.org\/{rel}","templated":true}]}}