{"id":855,"date":"2023-05-05T18:04:32","date_gmt":"2023-05-05T10:04:32","guid":{"rendered":"https:\/\/xd-solar.com\/?post_type=product&#038;p=855"},"modified":"2023-05-06T11:00:57","modified_gmt":"2023-05-06T03:00:57","slug":"xes-onoff-grid-hybrid-solar-inverter","status":"publish","type":"product","link":"https:\/\/www.xd-solar.com\/es\/producto\/xes-onoff-grid-hybrid-solar-inverter\/","title":{"rendered":"Inversor solar h\u00edbrido XES On&amp;Off Grid"},"content":{"rendered":"<table width=\"1250\">\n<tbody>\n<tr>\n<td style=\"color: #fff; text-align: center;\" colspan=\"9\" width=\"1250\">Par\u00e1metros<\/td>\n<\/tr>\n<tr>\n<td colspan=\"2\">Modelo: ES<\/td>\n<td>30248<\/td>\n<td>50248<\/td>\n<td>80296<\/td>\n<td>10396<\/td>\n<td>153192<\/td>\n<td>203192<\/td>\n<td>253240<\/td>\n<\/tr>\n<tr>\n<td rowspan=\"5\">Entrada fotovoltaica<\/td>\n<td width=\"250\">Voltaje m\u00e1ximo de entrada (Voc)<br \/>\n(A la temperatura m\u00e1s baja)<\/td>\n<td colspan=\"2\">150V<\/td>\n<td colspan=\"2\">300V<\/td>\n<td colspan=\"2\">450V<\/td>\n<td>500V<\/td>\n<\/tr>\n<tr>\n<td>rango de seguimiento MPPT<\/td>\n<td colspan=\"2\">60V~120V<\/td>\n<td colspan=\"2\">120V-240V<\/td>\n<td colspan=\"2\">240V-360V<\/td>\n<td>300V-400V<\/td>\n<\/tr>\n<tr>\n<td>Rango de tensi\u00f3n de funcionamiento recomendado<\/td>\n<td colspan=\"2\">60V~80V<\/td>\n<td colspan=\"2\">120V-160V<\/td>\n<td colspan=\"2\">240V-320V<\/td>\n<td>300V-380V<\/td>\n<\/tr>\n<tr>\n<td>n\u00famero de ruta MPPT<\/td>\n<td colspan=\"7\">2<\/td>\n<\/tr>\n<tr>\n<td>Potencia m\u00e1xima de entrada<\/td>\n<td>1960W\/1960W<\/td>\n<td>3360W\/3360W<\/td>\n<td>5000W\/5000W<\/td>\n<td>6150W\/6150W<\/td>\n<td>8.8KW\/8.8KW<\/td>\n<td>11,2 KW\/11,2 KW<\/td>\n<td>14KW\/14KW<\/td>\n<\/tr>\n<tr>\n<td rowspan=\"6\">Bater\u00eda<\/td>\n<td>tipo de bater\u00eda<\/td>\n<td colspan=\"7\">Bater\u00eda de plomo-\u00e1cido\/bater\u00eda de iones de litio<\/td>\n<\/tr>\n<tr>\n<td>Tensi\u00f3n nominal<\/td>\n<td colspan=\"2\">48V<\/td>\n<td colspan=\"2\">96V<\/td>\n<td>192V<\/td>\n<td>192V<\/td>\n<td>240V<\/td>\n<\/tr>\n<tr>\n<td width=\"250\">Corriente de carga m\u00e1xima<br \/>\n(Se puede configurar, recomendado 0.1C)<\/td>\n<td width=\"125\">70A (PV)\/<br \/>\n35A (Red)<\/td>\n<td width=\"125\">120A (PV)\/<br \/>\n60A (Red)<\/td>\n<td width=\"125\">100A (PV)\/<br \/>\n40A (Red)<\/td>\n<td width=\"125\">110A (PV)\/<br \/>\n60A (red)<\/td>\n<td width=\"125\">80A (PV)\/<br \/>\n40A (Red)<\/td>\n<td width=\"125\">110A (PV)\/<br \/>\n60A (Red)<\/td>\n<td width=\"125\">110A (PV)\/<br \/>\n60A (Red)<\/td>\n<\/tr>\n<tr>\n<td>Voltaje de flotaci\u00f3n (se puede configurar)<\/td>\n<td colspan=\"2\">55,2 V<\/td>\n<td colspan=\"2\">110,4 V<\/td>\n<td colspan=\"2\">220,8 V<\/td>\n<td>276V<\/td>\n<\/tr>\n<tr>\n<td>Voltaje de carga (se puede configurar)<\/td>\n<td colspan=\"2\">56,8 V<\/td>\n<td colspan=\"2\">113,6 V<\/td>\n<td colspan=\"2\">227,2 V<\/td>\n<td>284V<\/td>\n<\/tr>\n<tr>\n<td>m\u00e9todo de carga<\/td>\n<td colspan=\"7\">3 etapas\/2 etapas<\/td>\n<\/tr>\n<tr>\n<td rowspan=\"5\">Entrada de CA<\/td>\n<td width=\"250\">Tensi\u00f3n nominal<\/td>\n<td colspan=\"7\" width=\"875\">220V\/230V<\/td>\n<\/tr>\n<tr>\n<td width=\"250\">Rango de voltaje de entrada<\/td>\n<td colspan=\"7\" width=\"875\">187V~264V<\/td>\n<\/tr>\n<tr>\n<td width=\"250\">Frecuencia nominal de entrada<\/td>\n<td colspan=\"7\" width=\"875\">45Hz~55Hz(50Hz) \/ 55Hz~65Hz(60Hz)<\/td>\n<\/tr>\n<tr>\n<td width=\"250\">Protecci\u00f3n contra islas<\/td>\n<td colspan=\"7\" width=\"875\">\u22642S<\/td>\n<\/tr>\n<tr>\n<td width=\"250\">Tiempo de reconexi\u00f3n<\/td>\n<td colspan=\"7\" width=\"875\">30S<\/td>\n<\/tr>\n<tr>\n<td rowspan=\"5\" width=\"125\">salida de CA<br \/>\n(modo fuera de la red)<\/td>\n<td width=\"250\">Potencia nominal de salida<\/td>\n<td width=\"125\">3KW<\/td>\n<td width=\"125\">5KW<\/td>\n<td width=\"125\">8KW<\/td>\n<td width=\"125\">10KW<\/td>\n<td>15KW<\/td>\n<td>20KW<\/td>\n<td>25KW<\/td>\n<\/tr>\n<tr>\n<td width=\"250\">Voltaje nominal de salida<\/td>\n<td colspan=\"7\" width=\"875\">220V\/230V<\/td>\n<\/tr>\n<tr>\n<td width=\"250\">Precisi\u00f3n del voltaje de salida<\/td>\n<td colspan=\"7\" width=\"875\">\u00b12%<\/td>\n<\/tr>\n<tr>\n<td width=\"250\">Frecuencia de salida nominal<\/td>\n<td colspan=\"7\" width=\"875\">50 Hz\/60 Hz<\/td>\n<\/tr>\n<tr>\n<td width=\"250\">Precisi\u00f3n de frecuencia de salida<\/td>\n<td colspan=\"7\" width=\"875\">\u00b11%<\/td>\n<\/tr>\n<tr>\n<td rowspan=\"5\" width=\"125\">salida de CA<br \/>\n(en modo cuadr\u00edcula)<\/td>\n<td width=\"250\">Potencia nominal de salida<\/td>\n<td width=\"125\">3KW<\/td>\n<td width=\"125\">5KW<\/td>\n<td width=\"125\">8KW<\/td>\n<td width=\"125\">10KW<\/td>\n<td>15KW<\/td>\n<td>20KW<\/td>\n<td>25KW<\/td>\n<\/tr>\n<tr>\n<td width=\"250\">Corriente nominal de salida<\/td>\n<td width=\"125\">13.6A<\/td>\n<td width=\"125\">22.7A<\/td>\n<td width=\"125\">36.4A<\/td>\n<td width=\"125\">45.5A<\/td>\n<td width=\"125\">68.2A<\/td>\n<td width=\"125\">90.1A<\/td>\n<td width=\"125\">113.6A<\/td>\n<\/tr>\n<tr>\n<td width=\"250\">Tensi\u00f3n de salida<\/td>\n<td colspan=\"7\" width=\"875\">187V~264V<\/td>\n<\/tr>\n<tr>\n<td width=\"250\">Frecuencia de salida<\/td>\n<td colspan=\"7\" width=\"875\">47~52Hz\/57~62Hz<\/td>\n<\/tr>\n<tr>\n<td width=\"250\">Factor de potencia<\/td>\n<td colspan=\"7\" width=\"875\">&gt;0,99 (potencia nominal)<\/td>\n<\/tr>\n<tr>\n<td rowspan=\"6\">Proteccion<\/td>\n<td width=\"250\">Cortocircuito de salida<\/td>\n<td colspan=\"7\" width=\"875\">S\u00ed<\/td>\n<\/tr>\n<tr>\n<td width=\"250\">sobrecarga<\/td>\n<td colspan=\"7\" width=\"875\">S\u00ed<\/td>\n<\/tr>\n<tr>\n<td width=\"250\">Sobretensi\u00f3n\/bajo voltaje<\/td>\n<td colspan=\"7\" width=\"875\">S\u00ed<\/td>\n<\/tr>\n<tr>\n<td width=\"250\">Sobrefrecuencia\/baja frecuencia<\/td>\n<td colspan=\"7\" width=\"875\">S\u00ed<\/td>\n<\/tr>\n<tr>\n<td width=\"250\">Exceso de temperatura<\/td>\n<td colspan=\"7\" width=\"875\">S\u00ed<\/td>\n<\/tr>\n<tr>\n<td width=\"250\">protecci\u00f3n de la isla<\/td>\n<td colspan=\"7\" width=\"875\">S\u00ed<\/td>\n<\/tr>\n<tr>\n<td rowspan=\"13\">Par\u00e1metro regular<\/td>\n<td width=\"250\">Topolog\u00eda<\/td>\n<td colspan=\"7\" width=\"875\">Aislamiento del transformador<\/td>\n<\/tr>\n<tr>\n<td width=\"250\">Mostrar<\/td>\n<td colspan=\"7\" width=\"875\">LCD+LED<\/td>\n<\/tr>\n<tr>\n<td width=\"250\">Comunicaci\u00f3n (Opcional)<\/td>\n<td colspan=\"7\" width=\"875\">RS485\/APP (monitoreo WIFI o monitoreo GPRS)<\/td>\n<\/tr>\n<tr>\n<td width=\"250\">Temperatura de funcionamiento<\/td>\n<td colspan=\"7\" width=\"875\">-10 \u2103 ~ 60 \u2103 (reducci\u00f3n de potencia por encima de 45 \u00b0C)<\/td>\n<\/tr>\n<tr>\n<td width=\"250\">Temperatura de almacenamiento<\/td>\n<td colspan=\"7\" width=\"875\">-20 \u2103 ~ 60 \u2103<\/td>\n<\/tr>\n<tr>\n<td width=\"250\">Ruido<\/td>\n<td colspan=\"7\" width=\"875\">\u226460dB<\/td>\n<\/tr>\n<tr>\n<td width=\"250\">Humedad relativa<\/td>\n<td colspan=\"7\">0%~95%(Sin condensaci\u00f3n)<\/td>\n<\/tr>\n<tr>\n<td width=\"250\">Altitud m\u00e1s alta<\/td>\n<td colspan=\"7\" width=\"875\">2000m (M\u00e1s que reducci\u00f3n)<\/td>\n<\/tr>\n<tr>\n<td width=\"250\">Dimensi\u00f3n de la m\u00e1quina (L*W*Hmm)<\/td>\n<td colspan=\"2\" width=\"250\">592*380*265<\/td>\n<td colspan=\"2\" width=\"250\">550*380*675<\/td>\n<td colspan=\"3\" width=\"375\">620*380*825<\/td>\n<\/tr>\n<tr>\n<td width=\"250\">Dimensi\u00f3n del paquete (L*W*Hmm)<\/td>\n<td colspan=\"2\" width=\"250\">650*435*290<\/td>\n<td colspan=\"2\" width=\"250\">610*440*800<\/td>\n<td colspan=\"3\" width=\"375\">680*440*950<\/td>\n<\/tr>\n<tr>\n<td width=\"250\">NO(kg)<\/td>\n<td width=\"125\">36<\/td>\n<td width=\"125\">45<\/td>\n<td width=\"125\">70<\/td>\n<td width=\"125\">75<\/td>\n<td width=\"125\">128<\/td>\n<td width=\"125\">134<\/td>\n<td width=\"125\">140<\/td>\n<\/tr>\n<tr>\n<td width=\"250\">GW(kg)<\/td>\n<td width=\"125\">40<\/td>\n<td width=\"125\">49<\/td>\n<td width=\"125\">80<\/td>\n<td width=\"125\">85<\/td>\n<td width=\"125\">140<\/td>\n<td width=\"125\">146<\/td>\n<td width=\"125\">152<\/td>\n<\/tr>\n<tr>\n<td width=\"250\">Metodo de instalacion<\/td>\n<td colspan=\"2\" width=\"250\">Montado en la pared<\/td>\n<td colspan=\"5\">Torre<\/td>\n<\/tr>\n<tr>\n<td style=\"color: #fff; text-align: center;\" colspan=\"9\">Nota: Todas las especificaciones est\u00e1n sujetas a cargos sin previo aviso<\/td>\n<\/tr>\n<\/tbody>\n<\/table>","protected":false},"excerpt":{"rendered":"<p><strong style=\"color: #80b645;\">Caracter\u00edstica:<\/strong><br \/>\n\u25c6 Sistema de gesti\u00f3n de energ\u00eda inteligente integrado, se puede configurar una variedad de modos;<br \/>\n\u25c7 Corte los picos y llene los valles para reducir la presi\u00f3n de la red y maximizar las ganancias;<br \/>\n\u25c6 Entrada MPPT dual, algoritmo preciso, uso eficiente de la energ\u00eda fotovoltaica;<br \/>\n\u25c7 Admite m\u00faltiples operaciones paralelas para la expansi\u00f3n del usuario;<br \/>\n\u25c6 Tecnolog\u00eda de carga de 3 etapas\/2 etapas para proteger la vida \u00fatil de la bater\u00eda;<br \/>\n\u25c7 Dise\u00f1o de almacenamiento de energ\u00eda bidireccional, PV, la red el\u00e9ctrica puede cargar la bater\u00eda;<br \/>\n\u25c6 Admite m\u00faltiples monitoreos remotos de software de comunicaci\u00f3n (RS485\/APP (monitoreo WIFI o monitoreo GPRS)<\/p>","protected":false},"featured_media":856,"comment_status":"open","ping_status":"closed","template":"","meta":[],"product_cat":[23],"product_tag":[],"class_list":{"0":"post-855","1":"product","2":"type-product","3":"status-publish","4":"has-post-thumbnail","6":"product_cat-on-off-grid-inverter","8":"first","9":"instock","10":"shipping-taxable","11":"product-type-simple"},"_links":{"self":[{"href":"https:\/\/www.xd-solar.com\/es\/wp-json\/wp\/v2\/product\/855","targetHints":{"allow":["GET"]}}],"collection":[{"href":"https:\/\/www.xd-solar.com\/es\/wp-json\/wp\/v2\/product"}],"about":[{"href":"https:\/\/www.xd-solar.com\/es\/wp-json\/wp\/v2\/types\/product"}],"replies":[{"embeddable":true,"href":"https:\/\/www.xd-solar.com\/es\/wp-json\/wp\/v2\/comments?post=855"}],"wp:featuredmedia":[{"embeddable":true,"href":"https:\/\/www.xd-solar.com\/es\/wp-json\/wp\/v2\/media\/856"}],"wp:attachment":[{"href":"https:\/\/www.xd-solar.com\/es\/wp-json\/wp\/v2\/media?parent=855"}],"wp:term":[{"taxonomy":"product_cat","embeddable":true,"href":"https:\/\/www.xd-solar.com\/es\/wp-json\/wp\/v2\/product_cat?post=855"},{"taxonomy":"product_tag","embeddable":true,"href":"https:\/\/www.xd-solar.com\/es\/wp-json\/wp\/v2\/product_tag?post=855"}],"curies":[{"name":"wp","href":"https:\/\/api.w.org\/{rel}","templated":true}]}}