{"id":874,"date":"2023-05-06T10:46:24","date_gmt":"2023-05-06T02:46:24","guid":{"rendered":"https:\/\/xd-solar.com\/?post_type=product&#038;p=874"},"modified":"2023-05-25T11:36:39","modified_gmt":"2023-05-25T03:36:39","slug":"xd2-mppt-solar-charge-controller-80a-100a","status":"publish","type":"product","link":"https:\/\/www.xd-solar.com\/es\/producto\/xd2-mppt-solar-charge-controller-80a-100a\/","title":{"rendered":"Controlador de carga solar XD2 MPPT 80A-100A"},"content":{"rendered":"<table width=\"1234\">\n<tbody>\n<tr>\n<td style=\"color: #fff; text-align: center;\" width=\"244\">Modelo: XD2<\/td>\n<td style=\"color: #fff; text-align: center;\" width=\"165\">10124, 20124, 30124<\/td>\n<td style=\"color: #fff; text-align: center;\" width=\"165\">1048, 2048, 3048<\/td>\n<td style=\"color: #fff; text-align: center;\" width=\"165\">40124, 50124, 60124<\/td>\n<td style=\"color: #fff; text-align: center;\" width=\"165\">4048, 5048, 6048<\/td>\n<td style=\"color: #fff; text-align: center;\" width=\"165\">80124, 100124<\/td>\n<td style=\"color: #fff; text-align: center;\" width=\"165\">8048, 10048<\/td>\n<\/tr>\n<tr>\n<td>Corriente nominal<\/td>\n<td colspan=\"2\">10A\/20A\/30A<\/td>\n<td colspan=\"2\">40A\/50A\/60A<\/td>\n<td colspan=\"2\">80A\/100A<\/td>\n<\/tr>\n<tr>\n<td>Voltaje nominal del sistema<\/td>\n<td>12V\/24V<\/td>\n<td>48V<\/td>\n<td>12V\/24V<\/td>\n<td>48V<\/td>\n<td>12V\/24V<\/td>\n<td>48V<\/td>\n<\/tr>\n<tr>\n<td width=\"244\">Voltaje de entrada m\u00e1ximo de PV (Voc)<br \/>\n(A la temperatura ambiente m\u00e1s baja)<\/td>\n<td>120V<\/td>\n<td>180V<\/td>\n<td>120V<\/td>\n<td>180V<\/td>\n<td>120V<\/td>\n<td>180V<\/td>\n<\/tr>\n<tr>\n<td>Rango de voltaje de seguimiento MPPT<\/td>\n<td colspan=\"6\">sistema de 12V: 15V-80V; sistema de 24V: 30V-100V; Sistema de 48V: 60V-140V<\/td>\n<\/tr>\n<tr>\n<td>Rango de tensi\u00f3n de funcionamiento recomendado<\/td>\n<td colspan=\"6\">sistema de 12V: 15V-30V; sistema de 24V: 30V-60V; Sistema de 48V: 60V-90V<\/td>\n<\/tr>\n<tr>\n<td>Matriz fotovoltaica Potencia m\u00e1xima<\/td>\n<td colspan=\"6\" width=\"990\">Sistema de 12 V: 140 W (10 A)\/280 W (20 A)\/420 W (30 A)\/560 W (40 A)\/700 W (50 A)\/840 W (60 A)\/1120 W (80 A)\/1400 W (100 A);<br \/>\nSistema de 24 V: 280 W (10 A)\/560 W (20 A)\/840 W (30 A)\/1120 W (40 A)\/1400 W (50 A)\/1680 W (60 A)\/2240 W (80 A)\/2800 W (100 A);<br \/>\nSistema de 48 V: 560 W (10 A)\/1120 W (20 A)\/1680 W (30 A)\/2240 W (40 A)\/2800 W (50 A)\/3360 W (60 A)\/4480 W (80 A)\/5600 W (100 A)<\/td>\n<\/tr>\n<tr>\n<td>Tipo de Bater\u00eda<\/td>\n<td colspan=\"6\">Bater\u00eda de plomo \u00e1cido\/bater\u00eda de litio (los usuarios pueden personalizar los par\u00e1metros de carga para otros tipos de bater\u00edas)<\/td>\n<\/tr>\n<tr>\n<td>Tensi\u00f3n flotante<\/td>\n<td colspan=\"6\">13,8 V\/bater\u00eda \u00fanica<\/td>\n<\/tr>\n<tr>\n<td>Voltaje de carga<\/td>\n<td colspan=\"6\" width=\"990\">14,2 V\/bater\u00eda \u00fanica<\/td>\n<\/tr>\n<tr>\n<td>Voltaje de protecci\u00f3n de carga<\/td>\n<td colspan=\"6\">15V\/bater\u00eda individual<\/td>\n<\/tr>\n<tr>\n<td>Promover el voltaje de recuperaci\u00f3n<\/td>\n<td colspan=\"6\">13,8 V\/bater\u00eda \u00fanica<\/td>\n<\/tr>\n<tr>\n<td>Tensi\u00f3n de recuperaci\u00f3n despu\u00e9s de la desconexi\u00f3n por baja tensi\u00f3n<\/td>\n<td colspan=\"6\">12,5 V\/bater\u00eda \u00fanica<\/td>\n<\/tr>\n<tr>\n<td width=\"244\">Descarga Voltaje limitado<\/td>\n<td colspan=\"6\">10,5 V\/bater\u00eda \u00fanica<\/td>\n<\/tr>\n<tr>\n<td>Coeficiente de compensaci\u00f3n de temperatura<\/td>\n<td colspan=\"6\">-3mV \/ \u2103 \/ 2V (25 \u2103 es la l\u00ednea base) (Opcional)<\/td>\n<\/tr>\n<tr>\n<td>Modo de carga<\/td>\n<td colspan=\"6\">Seguimiento del punto de m\u00e1xima potencia MPPT<\/td>\n<\/tr>\n<tr>\n<td>M\u00e9todo de carga<\/td>\n<td colspan=\"6\">Tres etapas: corriente constante (MPPT); Voltaje constante; cargo flotante<\/td>\n<\/tr>\n<tr>\n<td>Proteccion<\/td>\n<td colspan=\"6\">Protecci\u00f3n contra sobretensi\u00f3n\/bajo voltaje\/sobretemperatura\/conexi\u00f3n antirretroceso<\/td>\n<\/tr>\n<tr>\n<td>Eficiencia de conversi\u00f3n<\/td>\n<td colspan=\"6\">&gt;98%<\/td>\n<\/tr>\n<tr>\n<td>Eficiencia de seguimiento MPPT<\/td>\n<td colspan=\"6\">&gt;99%<\/td>\n<\/tr>\n<tr>\n<td>Tama\u00f1o de la m\u00e1quina (L*W*Hmm)<\/td>\n<td colspan=\"2\">214*155*72.8<\/td>\n<td colspan=\"2\">238*180*82<\/td>\n<td colspan=\"2\">315*210*106.5<\/td>\n<\/tr>\n<tr>\n<td>Tama\u00f1o del paquete (L*W*Hmm)<\/td>\n<td colspan=\"2\" width=\"330\">243*184*115 (1 ud.)<br \/>\n497*379*247 (8 piezas)<\/td>\n<td colspan=\"2\" width=\"330\">267*209*124 (1 ud.)<br \/>\n639*278*265 (6 uds)<\/td>\n<td colspan=\"2\" width=\"330\">344*239*149 (1 ud.)<br \/>\n489*355*315 (4 piezas)<\/td>\n<\/tr>\n<tr>\n<td>NO(kg)<\/td>\n<td colspan=\"2\">1,6 (1 ud.)<\/td>\n<td colspan=\"2\">2,4 (1 ud.)<\/td>\n<td colspan=\"2\">4,2 (1 ud.)<\/td>\n<\/tr>\n<tr>\n<td>GW(kg)<\/td>\n<td colspan=\"2\">1,8 (1 ud.)<\/td>\n<td colspan=\"2\">2,7 (1 ud.)<\/td>\n<td colspan=\"2\">4,6 (1 ud.)<\/td>\n<\/tr>\n<tr style=\"background: #80b645;\">\n<td style=\"color: #fff; text-align: center;\" colspan=\"7\">Par\u00e1metros<\/td>\n<\/tr>\n<tr>\n<td>Mostrar<\/td>\n<td colspan=\"6\">LCD<\/td>\n<\/tr>\n<tr>\n<td>M\u00e9todo T\u00e9rmico<\/td>\n<td colspan=\"6\">Ventilador de refrigeraci\u00f3n en control inteligente<\/td>\n<\/tr>\n<tr>\n<td>Tipo de protecci\u00f3n mec\u00e1nica<\/td>\n<td colspan=\"6\">IP20<\/td>\n<\/tr>\n<tr>\n<td>Temperatura de funcionamiento<\/td>\n<td colspan=\"6\">-15\u2103~+50\u2103<\/td>\n<\/tr>\n<tr>\n<td>Temperatura de almacenamiento<\/td>\n<td colspan=\"6\">-20\u2103~+60\u2103<\/td>\n<\/tr>\n<tr>\n<td>Elevaci\u00f3n<\/td>\n<td colspan=\"6\">5000 m (Drenaje por encima de 2000 m)<\/td>\n<\/tr>\n<tr>\n<td>Humedad<\/td>\n<td colspan=\"6\">5%~95%(Sin condensaci\u00f3n)<\/td>\n<\/tr>\n<tr>\n<td>Comunicaci\u00f3n<\/td>\n<td colspan=\"6\">RS485\/APP (monitoreo WIFI o monitoreo GPRS)<\/td>\n<\/tr>\n<tr>\n<td style=\"color: #fff; text-align: center;\" colspan=\"7\">Nota: Todas las especificaciones est\u00e1n sujetas a cambios sin previo aviso<\/td>\n<\/tr>\n<\/tbody>\n<\/table>","protected":false},"excerpt":{"rendered":"<p><strong style=\"color: #80b645;\">Caracter\u00edstica:<\/strong><br \/>\n\u25c6Algoritmo de seguimiento MPPT avanzado, con una eficiencia de seguimiento de hasta 99%. Comparado con ordinario<br \/>\nAlgoritmo PWM, la eficiencia de generaci\u00f3n de energ\u00eda se puede mejorar en aproximadamente 20%;<br \/>\n\u25c7 Pantalla gr\u00e1fica LCD de datos de generaci\u00f3n de energ\u00eda fotovoltaica y simulaci\u00f3n del proceso de generaci\u00f3n de energ\u00eda;<br \/>\n\u25c6 Se pueden configurar m\u00faltiples modos de trabajo de carga para adaptarse a diferentes ocasiones de trabajo;<br \/>\n\u25c7 Rango de voltaje de entrada fotovoltaico ultra amplio, configuraci\u00f3n de sistema m\u00e1s conveniente;<br \/>\n\u25c6 Admite una variedad de bater\u00edas de plomo-\u00e1cido y bater\u00edas de litio, y los usuarios pueden personalizar el<br \/>\npar\u00e1metros de carga y descarga; Los usuarios son m\u00e1s flexibles y c\u00f3modos de usar;<br \/>\n\u25c7 Funci\u00f3n de activaci\u00f3n de bater\u00eda de litio;<br \/>\n\u25c6 Gama completa de funciones de protecci\u00f3n electr\u00f3nica: conexi\u00f3n anti-reversa de bater\u00eda, conexi\u00f3n anti-reversa de PV,<br \/>\nprotecci\u00f3n contra sobrecorriente de carga, sobrecorriente de salida de CC, sobretemperatura, sobretensi\u00f3n y subtensi\u00f3n;<br \/>\n\u25c7 Funci\u00f3n de gesti\u00f3n inteligente de la bater\u00eda, que prolonga la vida \u00fatil de la bater\u00eda;<br \/>\n\u25c6 La interfaz de comunicaci\u00f3n RS485 (protocolo Mod Bus) y la aplicaci\u00f3n de tel\u00e9fono m\u00f3vil son convenientes para que los usuarios integren y administren.<\/p>","protected":false},"featured_media":1135,"comment_status":"open","ping_status":"closed","template":"","meta":[],"product_cat":[17],"product_tag":[],"class_list":{"0":"post-874","1":"product","2":"type-product","3":"status-publish","4":"has-post-thumbnail","6":"product_cat-solar-controller","8":"first","9":"instock","10":"shipping-taxable","11":"product-type-simple"},"_links":{"self":[{"href":"https:\/\/www.xd-solar.com\/es\/wp-json\/wp\/v2\/product\/874","targetHints":{"allow":["GET"]}}],"collection":[{"href":"https:\/\/www.xd-solar.com\/es\/wp-json\/wp\/v2\/product"}],"about":[{"href":"https:\/\/www.xd-solar.com\/es\/wp-json\/wp\/v2\/types\/product"}],"replies":[{"embeddable":true,"href":"https:\/\/www.xd-solar.com\/es\/wp-json\/wp\/v2\/comments?post=874"}],"wp:featuredmedia":[{"embeddable":true,"href":"https:\/\/www.xd-solar.com\/es\/wp-json\/wp\/v2\/media\/1135"}],"wp:attachment":[{"href":"https:\/\/www.xd-solar.com\/es\/wp-json\/wp\/v2\/media?parent=874"}],"wp:term":[{"taxonomy":"product_cat","embeddable":true,"href":"https:\/\/www.xd-solar.com\/es\/wp-json\/wp\/v2\/product_cat?post=874"},{"taxonomy":"product_tag","embeddable":true,"href":"https:\/\/www.xd-solar.com\/es\/wp-json\/wp\/v2\/product_tag?post=874"}],"curies":[{"name":"wp","href":"https:\/\/api.w.org\/{rel}","templated":true}]}}