{"id":888,"date":"2023-05-06T10:57:10","date_gmt":"2023-05-06T02:57:10","guid":{"rendered":"https:\/\/xd-solar.com\/?post_type=product&#038;p=888"},"modified":"2024-08-01T13:58:25","modified_gmt":"2024-08-01T05:58:25","slug":"solar-pump-inverter-solar-water-pump","status":"publish","type":"product","link":"https:\/\/www.xd-solar.com\/es\/producto\/solar-pump-inverter-solar-water-pump\/","title":{"rendered":"Inversor de bomba solar (bomba de agua solar)"},"content":{"rendered":"<table width=\"1732\">\n<tbody>\n<tr>\n<td style=\"color: #fff; text-align: center;\" colspan=\"5\" width=\"1732\">Especificaciones t\u00e9cnicas<\/td>\n<\/tr>\n<tr>\n<td colspan=\"2\" width=\"634\">Modelo<\/td>\n<td>XD750LB<\/td>\n<td>XD1500L<\/td>\n<td>XD2200L<\/td>\n<\/tr>\n<tr style=\"background: #80b645;\">\n<td style=\"color: #fff; text-align: center;\" colspan=\"5\" width=\"1732\">Entrada solar<\/td>\n<\/tr>\n<tr>\n<td colspan=\"2\" width=\"634\">Voltaje m\u00e1ximo de Voc<\/td>\n<td colspan=\"3\" width=\"1098\">450V<\/td>\n<\/tr>\n<tr>\n<td colspan=\"2\" width=\"634\">Voltaje Vmp m\u00ednimo<\/td>\n<td width=\"366\">80V<\/td>\n<td colspan=\"2\" width=\"732\">200V<\/td>\n<\/tr>\n<tr>\n<td colspan=\"2\" width=\"634\">Recomendar voltaje Vmp<\/td>\n<td width=\"366\">100 Vmp &lt;DC Input&lt;430Voc<br \/>\n(Amplificador incorporado)<\/td>\n<td colspan=\"2\" width=\"732\">300 Vmp &lt;DC Input&lt;430Voc\u00a0 (Only Solar Input)<br \/>\n340 Vmp &lt;DC Input&lt;400Voc\u00a0 (Hybrid Power Input)<\/td>\n<\/tr>\n<tr>\n<td colspan=\"2\" width=\"634\">M\u00e1xima eficiencia MPPT<\/td>\n<td colspan=\"3\" width=\"1098\">99%<\/td>\n<\/tr>\n<tr>\n<td colspan=\"2\" width=\"634\">Corriente de entrada m\u00e1xima<\/td>\n<td width=\"366\">15A<\/td>\n<td width=\"366\">7A<\/td>\n<td width=\"366\">10 A<\/td>\n<\/tr>\n<tr>\n<td colspan=\"2\" width=\"634\">N\u00famero de cadenas<\/td>\n<td colspan=\"3\" width=\"1098\">1<\/td>\n<\/tr>\n<tr>\n<td colspan=\"2\" width=\"634\">Refuerzo interior<\/td>\n<td>S\u00cd<\/td>\n<td>norte<\/td>\n<td>norte<\/td>\n<\/tr>\n<tr style=\"background: #80b645;\">\n<td style=\"color: #fff; text-align: center;\" colspan=\"5\" width=\"1732\">Entrada de CA h\u00edbrida<\/td>\n<\/tr>\n<tr>\n<td colspan=\"2\" width=\"634\">Voltaje<\/td>\n<td colspan=\"3\" width=\"1098\">220\/240V monof\u00e1sico<\/td>\n<\/tr>\n<tr>\n<td colspan=\"2\" width=\"634\">Corriente nominal de entrada<\/td>\n<td width=\"366\">7A<\/td>\n<td width=\"366\">10 A<\/td>\n<td width=\"366\">14A<\/td>\n<\/tr>\n<tr>\n<td colspan=\"2\" width=\"634\">Modo h\u00edbrido<\/td>\n<td width=\"366\">norte<\/td>\n<td colspan=\"2\" width=\"732\">Autom\u00e1tico Suplemento de CA autom\u00e1tico mientras la energ\u00eda solar est\u00e1 en modo de bajo consumo y desconexi\u00f3n de CA autom\u00e1tica mientras se recupera la energ\u00eda solar<\/td>\n<\/tr>\n<tr style=\"background: #80b645;\" >\n<td style=\"color: #fff; text-align: center;\" colspan=\"5\" width=\"1732\">Salida de CA para bomba (motor de inducci\u00f3n de CA)<\/td>\n<\/tr>\n<tr>\n<td colspan=\"2\" width=\"634\">Potencia m\u00e1xima de caballos de fuerza de la bomba de CA adaptada<\/td>\n<td width=\"366\">1 CV<\/td>\n<td width=\"366\">2 CV<\/td>\n<td width=\"366\">3 CV<\/td>\n<\/tr>\n<tr>\n<td colspan=\"2\" width=\"634\">Potencia m\u00e1xima de bomba de CA adaptada<\/td>\n<td width=\"366\">750W<\/td>\n<td width=\"366\">1500W<\/td>\n<td width=\"366\">2200W<\/td>\n<\/tr>\n<tr>\n<td colspan=\"2\" width=\"634\">Fase<\/td>\n<td colspan=\"3\" width=\"1098\">\u00a0Monof\u00e1sico (1 fase) \/ 3 Fase (compatibilidad)<\/td>\n<\/tr>\n<tr>\n<td colspan=\"2\" width=\"634\">Voltaje m\u00e1ximo de salida<\/td>\n<td colspan=\"3\" width=\"1098\">220 \/ 240 V<\/td>\n<\/tr>\n<tr>\n<td colspan=\"2\" width=\"634\">Frecuencia de salida m\u00e1xima<\/td>\n<td colspan=\"3\" width=\"1098\">50 ~ 60 Hz<\/td>\n<\/tr>\n<tr>\n<td colspan=\"2\" width=\"634\">Corriente nominal de salida<\/td>\n<td width=\"366\">7A<\/td>\n<td>10 A<\/td>\n<td>14A<\/td>\n<\/tr>\n<tr style=\"background: #80b645;\">\n<td style=\"color: #fff; text-align: center;\" colspan=\"5\" width=\"1732\">Otros personajes<\/td>\n<\/tr>\n<tr>\n<td colspan=\"2\" width=\"634\">M\u00e1xima eficiencia<\/td>\n<td colspan=\"3\">97%<\/td>\n<\/tr>\n<tr>\n<td colspan=\"2\" width=\"634\">Sensor de nivel de agua (pozo\/tanque)<\/td>\n<td colspan=\"3\" width=\"1098\">S\u00ed<\/td>\n<\/tr>\n<tr>\n<td colspan=\"2\" width=\"634\">Monitor y controlador 4G\/Wifi<\/td>\n<td colspan=\"3\" width=\"1098\">Soporte (opcional)<\/td>\n<\/tr>\n<tr>\n<td colspan=\"2\" width=\"634\">Mostrar<\/td>\n<td colspan=\"3\" width=\"1098\">Pantalla LCD (128*64)<\/td>\n<\/tr>\n<tr>\n<td colspan=\"2\" width=\"634\">Impermeable<\/td>\n<td colspan=\"3\" width=\"1098\">IP65<\/td>\n<\/tr>\n<tr>\n<td colspan=\"2\" width=\"634\">Ruido<\/td>\n<td colspan=\"3\" width=\"1098\">&lt;50dB<\/td>\n<\/tr>\n<tr>\n<td colspan=\"2\" width=\"634\">M\u00e9todo de enfriamiento<\/td>\n<td>Enfriamiento Natural<\/td>\n<td colspan=\"2\" width=\"732\">Refrigeraci\u00f3n forzada por ventilador (IP68)<\/td>\n<\/tr>\n<tr>\n<td colspan=\"2\" width=\"634\">Proteccion<\/td>\n<td colspan=\"3\" width=\"1098\">Entrada de CC solar bajo\/sobrevoltaje<br \/>\nPolaridad inversa de entrada de CC solar<br \/>\nCortocircuito de salida de CA<br \/>\nSobrecorriente de salida de CA<br \/>\nExceso de temperatura<br \/>\nsobrecarga<br \/>\nSobreflujo del tanque<br \/>\nContra Rayo<br \/>\nP\u00e9rdida de fase de salida de CA (3 fases)<br \/>\nDesequilibrio de salida de CA (3 fases) Funcionamiento en seco (detecci\u00f3n por sensor o software)<\/td>\n<\/tr>\n<tr style=\"background: #80b645;\">\n<td style=\"color: #fff; text-align: center;\" colspan=\"5\" width=\"1732\">Entorno operativo<\/td>\n<\/tr>\n<tr>\n<td colspan=\"2\" width=\"634\">Temperatura ambiente de funcionamiento<\/td>\n<td colspan=\"3\" width=\"1098\">-10 a 60 \u2103, por encima de 60 \u2103 es necesario reducir la carga<\/td>\n<\/tr>\n<tr>\n<td colspan=\"2\" width=\"634\">Humedad m\u00e1xima<\/td>\n<td colspan=\"3\" width=\"1098\">95%RH<\/td>\n<\/tr>\n<tr>\n<td colspan=\"2\" width=\"634\">Usando la altitud<\/td>\n<td colspan=\"3\" width=\"1098\">&lt; 3000 m, por encima de 3000 m es necesario reducir la carga<\/td>\n<\/tr>\n<tr>\n<td colspan=\"5\" width=\"1732\">Prohibir el lugar de instalaci\u00f3n: luz solar directa, polvo espeso, gas corrosivo o neblina de aceite, gas inflamable, l\u00edquido, etc.<\/td>\n<\/tr>\n<tr style=\"background: #80b645;\">\n<td style=\"color: #fff; text-align: center;\" colspan=\"5\" width=\"1732\">Paquete<\/td>\n<\/tr>\n<tr>\n<td colspan=\"2\">Tama\u00f1o (largo x ancho x alto)<\/td>\n<td colspan=\"3\">400*310*200mm<\/td>\n<\/tr>\n<tr>\n<td colspan=\"2\">Peso<\/td>\n<td>6KG<\/td>\n<td>6KG<\/td>\n<td>6KG<\/td>\n<\/tr>\n<\/tbody>\n<\/table>","protected":false},"excerpt":{"rendered":"<p>Technical Specifications Model XD750LB XD1500L XD2200L Solar\u00a0 Input Max Voc Voltage 450V Min Vmp Voltage 80V 200V Recommend Vmp Voltage<\/p>","protected":false},"featured_media":892,"comment_status":"open","ping_status":"closed","template":"","meta":[],"product_cat":[18],"product_tag":[],"class_list":{"0":"post-888","1":"product","2":"type-product","3":"status-publish","4":"has-post-thumbnail","6":"product_cat-solar-pump-inverter-solar-water-pump","8":"first","9":"instock","10":"shipping-taxable","11":"product-type-simple"},"_links":{"self":[{"href":"https:\/\/www.xd-solar.com\/es\/wp-json\/wp\/v2\/product\/888","targetHints":{"allow":["GET"]}}],"collection":[{"href":"https:\/\/www.xd-solar.com\/es\/wp-json\/wp\/v2\/product"}],"about":[{"href":"https:\/\/www.xd-solar.com\/es\/wp-json\/wp\/v2\/types\/product"}],"replies":[{"embeddable":true,"href":"https:\/\/www.xd-solar.com\/es\/wp-json\/wp\/v2\/comments?post=888"}],"wp:featuredmedia":[{"embeddable":true,"href":"https:\/\/www.xd-solar.com\/es\/wp-json\/wp\/v2\/media\/892"}],"wp:attachment":[{"href":"https:\/\/www.xd-solar.com\/es\/wp-json\/wp\/v2\/media?parent=888"}],"wp:term":[{"taxonomy":"product_cat","embeddable":true,"href":"https:\/\/www.xd-solar.com\/es\/wp-json\/wp\/v2\/product_cat?post=888"},{"taxonomy":"product_tag","embeddable":true,"href":"https:\/\/www.xd-solar.com\/es\/wp-json\/wp\/v2\/product_tag?post=888"}],"curies":[{"name":"wp","href":"https:\/\/api.w.org\/{rel}","templated":true}]}}