{"id":893,"date":"2023-05-06T11:03:28","date_gmt":"2023-05-06T03:03:28","guid":{"rendered":"https:\/\/xd-solar.com\/?post_type=product&#038;p=893"},"modified":"2024-08-03T09:42:26","modified_gmt":"2024-08-03T01:42:26","slug":"off-grid-solar-system","status":"publish","type":"product","link":"https:\/\/www.xd-solar.com\/es\/producto\/off-grid-solar-system\/","title":{"rendered":"Sistema solar fuera de la red Inversor solar ESS con bater\u00eda 300va 500va 1kva 2kva 3kva 4kva 5kva 6kva 7kva"},"content":{"rendered":"<h2><strong>Inversor solar con bater\u00eda de la serie ESS<\/strong><\/h2>\n<p>&nbsp;<\/p>\n<p>Muchos clientes nos dejaron lanzar el inversor solar con bater\u00eda y ahora finalmente sali\u00f3 al mercado. El rango de potencia de este inversor solar ESS es de 300 VA a 7 KVA. Tenga en cuenta que el factor de potencia aqu\u00ed es 100%, es decir, 1 KVA equivale a 1 KW. El inversor solar tiene bater\u00edas integradas de 50 A, 100 A o 200 A. El tipo de bater\u00eda puede ser de litio o de plomo-\u00e1cido. Nuestro inversor solar tambi\u00e9n tiene un controlador de carga incorporado. Los usuarios solo necesitan configurar algunos paneles solares m\u00e1s para usar la generaci\u00f3n de energ\u00eda solar port\u00e1til de manera sencilla. Este inversor solar es adecuado para el hogar, el winnebago, el cami\u00f3n, la oficina e incluso para acampar. El precio del inversor solar Xindun con bater\u00eda es hermoso, bienvenido a consultar.<\/p>\n<p><img fetchpriority=\"high\" decoding=\"async\" class=\"alignnone wp-image-1589\" src=\"https:\/\/www.xd-solar.com\/wp-content\/uploads\/2023\/05\/20230126232612q8NY5V-300x229.jpg\" alt=\"\" width=\"870\" height=\"664\" srcset=\"https:\/\/www.xd-solar.com\/wp-content\/uploads\/2023\/05\/20230126232612q8NY5V-300x229.jpg 300w, https:\/\/www.xd-solar.com\/wp-content\/uploads\/2023\/05\/20230126232612q8NY5V-150x114.jpg 150w, https:\/\/www.xd-solar.com\/wp-content\/uploads\/2023\/05\/20230126232612q8NY5V-600x458.jpg 600w, https:\/\/www.xd-solar.com\/wp-content\/uploads\/2023\/05\/20230126232612q8NY5V-16x12.jpg 16w, https:\/\/www.xd-solar.com\/wp-content\/uploads\/2023\/05\/20230126232612q8NY5V.jpg 750w\" sizes=\"(max-width: 870px) 100vw, 870px\" \/> <img decoding=\"async\" class=\"alignnone wp-image-1590\" src=\"https:\/\/www.xd-solar.com\/wp-content\/uploads\/2023\/05\/20230126232612YosuFU-300x281.jpg\" alt=\"\" width=\"870\" height=\"815\" srcset=\"https:\/\/www.xd-solar.com\/wp-content\/uploads\/2023\/05\/20230126232612YosuFU-300x281.jpg 300w, https:\/\/www.xd-solar.com\/wp-content\/uploads\/2023\/05\/20230126232612YosuFU-150x140.jpg 150w, https:\/\/www.xd-solar.com\/wp-content\/uploads\/2023\/05\/20230126232612YosuFU-600x562.jpg 600w, https:\/\/www.xd-solar.com\/wp-content\/uploads\/2023\/05\/20230126232612YosuFU-13x12.jpg 13w, https:\/\/www.xd-solar.com\/wp-content\/uploads\/2023\/05\/20230126232612YosuFU.jpg 750w\" sizes=\"(max-width: 870px) 100vw, 870px\" \/> <img decoding=\"async\" class=\"alignnone wp-image-1591\" src=\"https:\/\/www.xd-solar.com\/wp-content\/uploads\/2023\/05\/20230126232613eICuNb-300x255.jpg\" alt=\"\" width=\"870\" height=\"740\" srcset=\"https:\/\/www.xd-solar.com\/wp-content\/uploads\/2023\/05\/20230126232613eICuNb-300x255.jpg 300w, https:\/\/www.xd-solar.com\/wp-content\/uploads\/2023\/05\/20230126232613eICuNb-150x128.jpg 150w, https:\/\/www.xd-solar.com\/wp-content\/uploads\/2023\/05\/20230126232613eICuNb-600x510.jpg 600w, https:\/\/www.xd-solar.com\/wp-content\/uploads\/2023\/05\/20230126232613eICuNb-14x12.jpg 14w, https:\/\/www.xd-solar.com\/wp-content\/uploads\/2023\/05\/20230126232613eICuNb.jpg 750w\" sizes=\"(max-width: 870px) 100vw, 870px\" \/> <img loading=\"lazy\" decoding=\"async\" class=\"alignnone wp-image-1592\" src=\"https:\/\/www.xd-solar.com\/wp-content\/uploads\/2023\/05\/202301262326126b0EaU-203x300.jpg\" alt=\"\" width=\"871\" height=\"1287\" srcset=\"https:\/\/www.xd-solar.com\/wp-content\/uploads\/2023\/05\/202301262326126b0EaU-203x300.jpg 203w, https:\/\/www.xd-solar.com\/wp-content\/uploads\/2023\/05\/202301262326126b0EaU-150x222.jpg 150w, https:\/\/www.xd-solar.com\/wp-content\/uploads\/2023\/05\/202301262326126b0EaU-600x888.jpg 600w, https:\/\/www.xd-solar.com\/wp-content\/uploads\/2023\/05\/202301262326126b0EaU-692x1024.jpg 692w, https:\/\/www.xd-solar.com\/wp-content\/uploads\/2023\/05\/202301262326126b0EaU-8x12.jpg 8w\" sizes=\"(max-width: 871px) 100vw, 871px\" \/><\/p>\n<p class=\"wz-images-list\"><img loading=\"lazy\" decoding=\"async\" id=\"1kva 2kva 5kva solar inverter with battery price\" class=\"\" title=\"Precio del inversor solar con bater\u00eda de 1kVA, 2kVA y 5kVA\" src=\"https:\/\/www.xinduninverter.com\/uploadfile\/2023\/01\/26\/20230126232613SG71mE.jpg\" alt=\"1kva 2kva 5kva solar inverter with battery price\" width=\"870\" height=\"718\" longdesc=\"https:\/\/www.xinduninverter.com\/1kva%202kva%205kva%20solar%20inverter%20with%20battery%20price\" \/><\/p>\n<p>&nbsp;<\/p>","protected":false},"excerpt":{"rendered":"<p>1: Inversor solar de onda sinusoidal pura fuera de la red con bater\u00eda y controlador de carga<\/p>\n<p>2: Varias interfaces de salida incluyen USB, CC 12 V, toma de CA universal y bloque de cableado de CA<\/p>\n<p>3 : Inversor solar compatible con bater\u00eda de litio<\/p>\n<p>4: Cambio autom\u00e1tico entre modos de funcionamiento solar y CA, tiempo de transferencia \u2264 4 ms<\/p>\n<p>5 : Factor de potencia de salida 100%<\/p>","protected":false},"featured_media":1158,"comment_status":"open","ping_status":"closed","template":"","meta":[],"product_cat":[19],"product_tag":[47],"class_list":{"0":"post-893","1":"product","2":"type-product","3":"status-publish","4":"has-post-thumbnail","6":"product_cat-off-grid-solar-system","7":"product_tag-solar-inverter","9":"first","10":"instock","11":"shipping-taxable","12":"product-type-simple"},"_links":{"self":[{"href":"https:\/\/www.xd-solar.com\/es\/wp-json\/wp\/v2\/product\/893","targetHints":{"allow":["GET"]}}],"collection":[{"href":"https:\/\/www.xd-solar.com\/es\/wp-json\/wp\/v2\/product"}],"about":[{"href":"https:\/\/www.xd-solar.com\/es\/wp-json\/wp\/v2\/types\/product"}],"replies":[{"embeddable":true,"href":"https:\/\/www.xd-solar.com\/es\/wp-json\/wp\/v2\/comments?post=893"}],"wp:featuredmedia":[{"embeddable":true,"href":"https:\/\/www.xd-solar.com\/es\/wp-json\/wp\/v2\/media\/1158"}],"wp:attachment":[{"href":"https:\/\/www.xd-solar.com\/es\/wp-json\/wp\/v2\/media?parent=893"}],"wp:term":[{"taxonomy":"product_cat","embeddable":true,"href":"https:\/\/www.xd-solar.com\/es\/wp-json\/wp\/v2\/product_cat?post=893"},{"taxonomy":"product_tag","embeddable":true,"href":"https:\/\/www.xd-solar.com\/es\/wp-json\/wp\/v2\/product_tag?post=893"}],"curies":[{"name":"wp","href":"https:\/\/api.w.org\/{rel}","templated":true}]}}