{"id":894,"date":"2023-05-06T11:09:33","date_gmt":"2023-05-06T03:09:33","guid":{"rendered":"https:\/\/xd-solar.com\/?post_type=product&#038;p=894"},"modified":"2024-04-01T20:23:32","modified_gmt":"2024-04-01T12:23:32","slug":"solar-panelsolar-modules","status":"publish","type":"product","link":"https:\/\/www.xd-solar.com\/es\/producto\/solar-panelsolar-modules\/","title":{"rendered":"Paneles solares monocristalinos de China 400w 350 400 vatios 330w Mono Uso dom\u00e9stico 550w 450w 500 vatios 500w Panel solar 600w 540w 700w Precio"},"content":{"rendered":"<div class=\"pagePublicTile\" title=\"Panel solar\">Xindi vende al por mayor paneles solares monocristalinos y policristalinos a bajo precio. Monocristalino vs. policristalino, \u00bfcu\u00e1l es mejor para el sistema de energ\u00eda solar? El panel solar monocristalino tiene una mayor eficiencia de conversi\u00f3n que el panel solar policristalino, lo que significa que produce m\u00e1s kilovatios-hora de electricidad. El panel solar policristalino tiene un precio m\u00e1s bajo, ya que su proceso de fabricaci\u00f3n es m\u00e1s simple y el panel solar policristalino es muy duradero.<\/div>","protected":false},"excerpt":{"rendered":"<p>Monocristalino y policristalino \u00bfcu\u00e1l es mejor?<\/p>\n<p>&nbsp;<\/p>\n<p>Caracter\u00edsticas del panel solar monocristalino:<br \/>\n1. Alta eficiencia de conversi\u00f3n: Los paneles solares monocristalinos generalmente tienen una alta eficiencia de conversi\u00f3n y pueden proporcionar relativamente m\u00e1s energ\u00eda el\u00e9ctrica.<br \/>\n2. Tama\u00f1o peque\u00f1o: en comparaci\u00f3n con otros tipos, los paneles solares monocristalinos pueden ser de menor tama\u00f1o con la misma potencia, lo que los hace adecuados para escenarios de instalaci\u00f3n con espacio limitado.<br \/>\n3. Adecuado para las necesidades de recolecci\u00f3n eficiente de energ\u00eda.<\/p>\n<p>&nbsp;<\/p>\n<p>Caracter\u00edsticas del panel solar policristalino:<br \/>\n1. Menor costo: Los paneles solares policristalinos son generalmente relativamente baratos y rentables.<br \/>\n2. Equilibrio de rendimiento: proporciona un equilibrio entre costo y rendimiento, adecuado para diversos escenarios de aplicaci\u00f3n.<\/p>\n<p>&nbsp;<\/p>\n<p>Xindi solar es un fabricante profesional de paneles solares y bater\u00edas con 20 a\u00f1os de experiencia, el precio de los paneles solares que ofrecemos coincide con la calidad, bienvenido a personalizar un conjunto adecuado de sistema solar fuera de la red para su proyecto.<\/p>","protected":false},"featured_media":899,"comment_status":"open","ping_status":"closed","template":"","meta":[],"product_cat":[20],"product_tag":[46,45,44],"class_list":{"0":"post-894","1":"product","2":"type-product","3":"status-publish","4":"has-post-thumbnail","6":"product_cat-solar-panelsolar-modules","7":"product_tag-modules","8":"product_tag-solar","9":"product_tag-solar-modules","11":"first","12":"instock","13":"shipping-taxable","14":"product-type-simple"},"_links":{"self":[{"href":"https:\/\/www.xd-solar.com\/es\/wp-json\/wp\/v2\/product\/894","targetHints":{"allow":["GET"]}}],"collection":[{"href":"https:\/\/www.xd-solar.com\/es\/wp-json\/wp\/v2\/product"}],"about":[{"href":"https:\/\/www.xd-solar.com\/es\/wp-json\/wp\/v2\/types\/product"}],"replies":[{"embeddable":true,"href":"https:\/\/www.xd-solar.com\/es\/wp-json\/wp\/v2\/comments?post=894"}],"wp:featuredmedia":[{"embeddable":true,"href":"https:\/\/www.xd-solar.com\/es\/wp-json\/wp\/v2\/media\/899"}],"wp:attachment":[{"href":"https:\/\/www.xd-solar.com\/es\/wp-json\/wp\/v2\/media?parent=894"}],"wp:term":[{"taxonomy":"product_cat","embeddable":true,"href":"https:\/\/www.xd-solar.com\/es\/wp-json\/wp\/v2\/product_cat?post=894"},{"taxonomy":"product_tag","embeddable":true,"href":"https:\/\/www.xd-solar.com\/es\/wp-json\/wp\/v2\/product_tag?post=894"}],"curies":[{"name":"wp","href":"https:\/\/api.w.org\/{rel}","templated":true}]}}