{"id":895,"date":"2023-05-06T11:11:54","date_gmt":"2023-05-06T03:11:54","guid":{"rendered":"https:\/\/xd-solar.com\/?post_type=product&#038;p=895"},"modified":"2024-03-06T18:58:41","modified_gmt":"2024-03-06T10:58:41","slug":"gel-battery","status":"publish","type":"product","link":"https:\/\/www.xd-solar.com\/es\/producto\/gel-battery\/","title":{"rendered":"La mejor bater\u00eda de gel de ciclo profundo para inversor, convierte la CC de la bater\u00eda en CA. El precio de la bater\u00eda de gel de 50Ah, 100Ah, 150Ah, 200Ah, 250Ah, 12v es asequible. La bater\u00eda de gel AGM es personalizable. Bater\u00eda de gel"},"content":{"rendered":"<div class=\"pp-info-box-title-wrap\">\n<div class=\"pp-info-box-title-container\">\n<p><strong>Durabilidad y confiabilidad de la bater\u00eda de gel solar SOLAR<\/strong><\/p>\n<p>Nuestro equipo de dise\u00f1o y producci\u00f3n garantiza la durabilidad y calidad de todas las bater\u00edas de gel solar. Nueva placa grande de 17 A de alta calidad, descarga gran corriente y tiene una vida \u00fatil de m\u00e1s de 5 a\u00f1os. Gracias a una nueva carcasa de ABS de alta calidad, la bater\u00eda tiene alta resistencia, buena tenacidad y resistencia a altas temperaturas. Y tiene una perfecta capacidad de recuperaci\u00f3n de descargas profundas.<\/p>\n<p><strong>Varios tipos de bater\u00edas solares que admitimos<\/strong><\/p>\n<p>Existen diferentes tipos de bater\u00edas de gel en los mercados, como las de \u00e1cido inundado, \u00e1cido gelificado y AGM (esterilla de vidrio absorbido) avanzada. Cada bater\u00eda de gel solar tiene un rendimiento y un ciclo de vida distintos en cuanto a la cantidad de plomo, la pureza del plomo y los m\u00e9todos de pegado. Con la variedad de bater\u00edas disponibles, puede encontrar una que se ajuste a su precio y aplicaci\u00f3n.<\/p>\n<p><strong>Te traemos la mejor soluci\u00f3n de bater\u00eda de gel solar<\/strong><\/p>\n<p>Podemos ofrecer una bater\u00eda de gel solar regulada por v\u00e1lvula que puede soportar entornos exigentes y lograr un rendimiento optimizado. Adem\u00e1s, XD Solar cuenta con un equipo de personal experimentado que puede brindarle asesoramiento profesional sobre bater\u00edas espec\u00edficas que se adapten a sus necesidades.<\/p>\n<\/div>\n<\/div>","protected":false},"excerpt":{"rendered":"<p>Las bater\u00edas de gel solar pertenecen a una categor\u00eda de desarrollo de bater\u00edas de plomo-\u00e1cido. La bater\u00eda de gel de plomo-\u00e1cido regulada por v\u00e1lvula y la bater\u00eda de gel VRLA son todas del mismo tipo. La caracter\u00edstica m\u00e1s importante de la bater\u00eda de gel es que puede producir una bater\u00eda de mejor calidad a un menor costo. La energ\u00eda y la potencia son m\u00e1s de 20% mayores que las de la bater\u00eda de plomo-\u00e1cido convencional. La vida \u00fatil es aproximadamente el doble que la de la bater\u00eda de plomo-\u00e1cido convencional. Y las caracter\u00edsticas de alta y baja temperatura son buenas. Xindi Power vende al por mayor una variedad de modelos de bater\u00edas de gel solar, incluidos 12v20ah, 12v35ah, 12v50ah, 12v100ah, 12v120ah, 12v150ah, 12v200ah, 12v250ah. Para obtener detalles de compra de la bater\u00eda de gel de plomo-\u00e1cido VRLA, consulte el siguiente enlace.<\/p>","protected":false},"featured_media":1134,"comment_status":"open","ping_status":"closed","template":"","meta":[],"product_cat":[21,35],"product_tag":[],"class_list":{"0":"post-895","1":"product","2":"type-product","3":"status-publish","4":"has-post-thumbnail","6":"product_cat-battery","7":"product_cat-gel-battery","9":"first","10":"instock","11":"shipping-taxable","12":"product-type-simple"},"_links":{"self":[{"href":"https:\/\/www.xd-solar.com\/es\/wp-json\/wp\/v2\/product\/895","targetHints":{"allow":["GET"]}}],"collection":[{"href":"https:\/\/www.xd-solar.com\/es\/wp-json\/wp\/v2\/product"}],"about":[{"href":"https:\/\/www.xd-solar.com\/es\/wp-json\/wp\/v2\/types\/product"}],"replies":[{"embeddable":true,"href":"https:\/\/www.xd-solar.com\/es\/wp-json\/wp\/v2\/comments?post=895"}],"wp:featuredmedia":[{"embeddable":true,"href":"https:\/\/www.xd-solar.com\/es\/wp-json\/wp\/v2\/media\/1134"}],"wp:attachment":[{"href":"https:\/\/www.xd-solar.com\/es\/wp-json\/wp\/v2\/media?parent=895"}],"wp:term":[{"taxonomy":"product_cat","embeddable":true,"href":"https:\/\/www.xd-solar.com\/es\/wp-json\/wp\/v2\/product_cat?post=895"},{"taxonomy":"product_tag","embeddable":true,"href":"https:\/\/www.xd-solar.com\/es\/wp-json\/wp\/v2\/product_tag?post=895"}],"curies":[{"name":"wp","href":"https:\/\/api.w.org\/{rel}","templated":true}]}}