{"id":1226,"date":"2023-10-10T17:27:17","date_gmt":"2023-10-10T09:27:17","guid":{"rendered":"https:\/\/xd-solar.com\/?post_type=product&#038;p=1226"},"modified":"2024-03-06T12:06:52","modified_gmt":"2024-03-06T04:06:52","slug":"xdw","status":"publish","type":"product","link":"https:\/\/www.xd-solar.com\/fr\/produit\/xdw\/","title":{"rendered":"Onduleur hybride solaire \u00e0 onde sinuso\u00efdale pure basse fr\u00e9quence 1KW-40KW"},"content":{"rendered":"<table width=\"1484\">\n<tbody>\n<tr>\n<td colspan=\"16\" width=\"1484\">sp\u00e9cification<\/td>\n<\/tr>\n<tr>\n<td colspan=\"2\">Mod\u00e8le XDW<\/td>\n<td width=\"85\">35112\/24<\/td>\n<td width=\"85\">50112\/24\/48<\/td>\n<td width=\"85\">60112\/24\/48<\/td>\n<td width=\"85\">70124\/48<\/td>\n<td width=\"85\">70112<\/td>\n<td>10212\/24\/48<\/td>\n<td>12224<\/td>\n<td width=\"85\">15224\/48<\/td>\n<td>20248<\/td>\n<td>20224\/96<\/td>\n<td width=\"85\">25224\/48<\/td>\n<td width=\"85\">30224\/48\/96<\/td>\n<td width=\"85\">35248\/96<\/td>\n<td width=\"85\">40248\/96<\/td>\n<\/tr>\n<tr>\n<td colspan=\"2\">Puissance nominale<\/td>\n<td>350W<\/td>\n<td>500W<\/td>\n<td>600W<\/td>\n<td>700W<\/td>\n<td>700W<\/td>\n<td>1000W<\/td>\n<td>1200W<\/td>\n<td>1500W<\/td>\n<td>2000W<\/td>\n<td>2000W<\/td>\n<td width=\"85\">2500W<\/td>\n<td width=\"85\">3000W<\/td>\n<td width=\"85\">3500W<\/td>\n<td width=\"85\">4000W<\/td>\n<\/tr>\n<tr>\n<td colspan=\"2\">Puissance de cr\u00eate (20\u00a0ms)<\/td>\n<td>1050VA<\/td>\n<td>1500VA<\/td>\n<td>1800VA<\/td>\n<td>2100VA<\/td>\n<td>2100VA<\/td>\n<td>3000VA<\/td>\n<td>3600VA<\/td>\n<td>4500VA<\/td>\n<td>6000VA<\/td>\n<td>6000VA<\/td>\n<td width=\"85\">7500VA<\/td>\n<td width=\"85\">9000VA<\/td>\n<td width=\"85\">10500VA<\/td>\n<td width=\"85\">12000VA<\/td>\n<\/tr>\n<tr>\n<td colspan=\"2\">D\u00e9marrer le moteur<\/td>\n<td>0.3HP<\/td>\n<td>0.5HP<\/td>\n<td>0.5HP<\/td>\n<td>0.5HP<\/td>\n<td>0.5HP<\/td>\n<td>1HP<\/td>\n<td>1HP<\/td>\n<td>1.5HP<\/td>\n<td>2HP<\/td>\n<td>2HP<\/td>\n<td width=\"85\">3HP<\/td>\n<td width=\"85\">3HP<\/td>\n<td width=\"85\">3HP<\/td>\n<td width=\"85\">3HP<\/td>\n<\/tr>\n<tr>\n<td colspan=\"2\">Voltage de batterie<\/td>\n<td>12\/24 VCC<\/td>\n<td colspan=\"2\">12\/24\/48 VCC<\/td>\n<td>24\/48 Vcc<\/td>\n<td>12 VCC<\/td>\n<td>12\/24\/48 VCC<\/td>\n<td>24VDC<\/td>\n<td width=\"85\">24\/48 Vcc<\/td>\n<td width=\"85\">48VDC<\/td>\n<td width=\"85\">24\/96 VCC<\/td>\n<td width=\"85\">24\/48 Vcc<\/td>\n<td width=\"85\">24\/48\/96 VCC<\/td>\n<td width=\"85\">48\/96 VCC<\/td>\n<td>48\/96 VCC<\/td>\n<\/tr>\n<tr>\n<td colspan=\"2\">\u00c0 l&#039;int\u00e9rieur du contr\u00f4leur solaire (facultatif)<\/td>\n<td colspan=\"4\">10A ~ 30A (PWM)<\/td>\n<td colspan=\"10\">10A ~ 60A (PWM 12V\/24V\/48V)<\/td>\n<\/tr>\n<tr>\n<td colspan=\"2\">Taille (L*W*Hmm)<\/td>\n<td colspan=\"4\">335*210*122<\/td>\n<td colspan=\"3\">410*143*210<\/td>\n<td colspan=\"2\">400*180*320<\/td>\n<td colspan=\"4\">420*208*348<\/td>\n<td>460*245*445<\/td>\n<\/tr>\n<tr>\n<td colspan=\"2\">Taille d&#039;emballage (L*W*Hmm)<\/td>\n<td colspan=\"4\">385*270*185(1pc) \/ 400*280*400(2pcs)<\/td>\n<td colspan=\"3\">460*200*270 (1 pi\u00e8ce) \/ 475*425*285 (2 pi\u00e8ces)<\/td>\n<td colspan=\"2\">460*240*380<\/td>\n<td colspan=\"4\">490*300*400<\/td>\n<td>530*310*550<\/td>\n<\/tr>\n<tr>\n<td colspan=\"2\">NO(kg)<\/td>\n<td>6.5<\/td>\n<td>8<\/td>\n<td>9<\/td>\n<td>10<\/td>\n<td>11<\/td>\n<td>13<\/td>\n<td>14<\/td>\n<td>18<\/td>\n<td>21<\/td>\n<td>23<\/td>\n<td>25<\/td>\n<td width=\"85\">29<\/td>\n<td width=\"85\">31<\/td>\n<td width=\"85\">46<\/td>\n<\/tr>\n<tr>\n<td colspan=\"2\">GW (kg) (emballage en carton)<\/td>\n<td>7.5<\/td>\n<td>9<\/td>\n<td>10<\/td>\n<td>11<\/td>\n<td>12<\/td>\n<td>14<\/td>\n<td>15<\/td>\n<td>19<\/td>\n<td>22<\/td>\n<td>24<\/td>\n<td>26<\/td>\n<td width=\"85\">30<\/td>\n<td width=\"85\">32<\/td>\n<td width=\"85\">48<\/td>\n<\/tr>\n<tr>\n<td colspan=\"2\">M\u00e9thode d&#039;installation<\/td>\n<td colspan=\"4\">Bureau<\/td>\n<td colspan=\"10\">La tour<\/td>\n<\/tr>\n<tr>\n<td colspan=\"16\">sp\u00e9cification<\/td>\n<\/tr>\n<tr>\n<td colspan=\"2\">Mod\u00e8le XDW<\/td>\n<td width=\"85\">50248\/96\/192<\/td>\n<td width=\"85\">60248\/96\/192<\/td>\n<td width=\"85\">70296\/192<\/td>\n<td width=\"85\">80396\/192<\/td>\n<td width=\"85\">10396\/192<\/td>\n<td width=\"85\">12396\/192<\/td>\n<td width=\"85\">153192<\/td>\n<td width=\"85\">203220<\/td>\n<td width=\"85\">253220<\/td>\n<td colspan=\"3\" width=\"255\">303240<\/td>\n<td colspan=\"2\" width=\"170\">403384<\/td>\n<\/tr>\n<tr>\n<td colspan=\"2\">Puissance nominale<\/td>\n<td width=\"85\">5000W<\/td>\n<td width=\"85\">6000W<\/td>\n<td width=\"85\">7000W<\/td>\n<td width=\"85\">8KW<\/td>\n<td width=\"85\">10KW<\/td>\n<td width=\"85\">12KW<\/td>\n<td width=\"85\">15KW<\/td>\n<td width=\"85\">20KW<\/td>\n<td width=\"85\">25KW<\/td>\n<td colspan=\"3\" width=\"255\">30KW<\/td>\n<td colspan=\"2\" width=\"170\">40KW<\/td>\n<\/tr>\n<tr>\n<td colspan=\"2\">Puissance de cr\u00eate (20\u00a0ms)<\/td>\n<td>15000VA<\/td>\n<td>18000VA<\/td>\n<td width=\"85\">21000VA<\/td>\n<td width=\"85\">24KVA<\/td>\n<td width=\"85\">30KVA<\/td>\n<td width=\"85\">36KVA<\/td>\n<td width=\"85\">45KVA<\/td>\n<td width=\"85\">60KVA<\/td>\n<td width=\"85\">75KVA<\/td>\n<td colspan=\"3\" width=\"255\">90KVA<\/td>\n<td colspan=\"2\" width=\"170\">120KVA<\/td>\n<\/tr>\n<tr>\n<td colspan=\"2\">D\u00e9marrer le moteur<\/td>\n<td width=\"85\">4CV<\/td>\n<td width=\"85\">4CV<\/td>\n<td width=\"85\">5CV<\/td>\n<td width=\"85\">6CV<\/td>\n<td width=\"85\">7HP<\/td>\n<td width=\"85\">7HP<\/td>\n<td width=\"85\">10CV<\/td>\n<td width=\"85\">10CV<\/td>\n<td width=\"85\">15CV<\/td>\n<td colspan=\"3\" width=\"255\">15CV<\/td>\n<td colspan=\"2\" width=\"170\">20HP<\/td>\n<\/tr>\n<tr>\n<td colspan=\"2\">Voltage de batterie<\/td>\n<td colspan=\"2\">48\/96\/192 Vcc<\/td>\n<td>96\/192 VCC<\/td>\n<td>96\/192 VCC<\/td>\n<td>96\/192 VCC<\/td>\n<td>96\/192 VCC<\/td>\n<td width=\"85\">192 VCC<\/td>\n<td width=\"85\">220 VCC<\/td>\n<td width=\"85\">220 VCC<\/td>\n<td colspan=\"3\" width=\"255\">240 VCC<\/td>\n<td colspan=\"2\" width=\"170\">384VDC<\/td>\n<\/tr>\n<tr>\n<td colspan=\"2\">\u00c0 l&#039;int\u00e9rieur du contr\u00f4leur solaire (facultatif)<\/td>\n<td colspan=\"2\">10A ~ 60A (PWM 12V\/24V\/48V)<\/td>\n<td colspan=\"7\">50A\/100A(PWM)<\/td>\n<td colspan=\"5\" width=\"425\">50A\/100A\/150A\/200A(PWM)<\/td>\n<\/tr>\n<tr>\n<td colspan=\"2\">Taille (L*W*Hmm)<\/td>\n<td colspan=\"2\">460*245*445<\/td>\n<td colspan=\"4\">485*300*646<\/td>\n<td colspan=\"3\">600*300*800<\/td>\n<td colspan=\"5\">720*435*1120<\/td>\n<\/tr>\n<tr>\n<td colspan=\"2\">Taille d&#039;emballage (L*W*Hmm)<\/td>\n<td colspan=\"2\">530*310*550<\/td>\n<td colspan=\"4\">550*365*785<\/td>\n<td colspan=\"3\">665*365*830<\/td>\n<td colspan=\"5\">790*505*1260<\/td>\n<\/tr>\n<tr>\n<td colspan=\"2\">NO(kg)<\/td>\n<td>52<\/td>\n<td>53<\/td>\n<td>62<\/td>\n<td>64<\/td>\n<td>66<\/td>\n<td>70<\/td>\n<td>108<\/td>\n<td>113<\/td>\n<td>119<\/td>\n<td colspan=\"3\" width=\"255\">135<\/td>\n<td colspan=\"2\" width=\"170\">160<\/td>\n<\/tr>\n<tr>\n<td colspan=\"2\">GW (kg) (emballage en bois)<\/td>\n<td>58<\/td>\n<td>59<\/td>\n<td>72<\/td>\n<td>74<\/td>\n<td>77<\/td>\n<td>80<\/td>\n<td>121<\/td>\n<td>130<\/td>\n<td>136<\/td>\n<td colspan=\"3\" width=\"255\">150<\/td>\n<td colspan=\"2\" width=\"170\">180<\/td>\n<\/tr>\n<tr>\n<td colspan=\"2\">M\u00e9thode d&#039;installation<\/td>\n<td colspan=\"14\">La tour<\/td>\n<\/tr>\n<tr>\n<td colspan=\"16\">sp\u00e9cification<\/td>\n<\/tr>\n<tr>\n<td rowspan=\"6\">Saisir<\/td>\n<td width=\"217\">Plage de tension d&#039;entr\u00e9e CC<\/td>\n<td colspan=\"14\" width=\"1190\">10.5-15VDC (tension de batterie unique)<\/td>\n<\/tr>\n<tr>\n<td width=\"217\">Plage de tension d&#039;entr\u00e9e CA<\/td>\n<td colspan=\"14\" width=\"1190\">73VAC~138VAC(110VAC\uff09 \/ 83VAC~148VAC\uff08120VAC\uff09 \/ 145VAC~275VAC\uff08220VAC\uff09 \/ 155VAC~285VAC\uff08230VAC\uff09 \/ 165VAC~295VAC\uff08 240VAC\uff09 (350W~7000W\uff09<br \/>\n92VAC~128VAC(110VAC) \/ 102VAC~138VAC(120VAC) \/ 185VAC~255VAC(220VAC) \/ 195VAC~265VAC(230VAC) \/ 205VAC~275VAC(240VAC) (8KW~40KW)<\/td>\n<\/tr>\n<tr>\n<td width=\"217\">Plage de fr\u00e9quence d&#039;entr\u00e9e CA<\/td>\n<td colspan=\"14\" width=\"1190\">45Hz~55Hz(50Hz) \/ 55Hz~65Hz(60Hz)<\/td>\n<\/tr>\n<tr>\n<td width=\"217\">Courant de charge AC maximum<\/td>\n<td colspan=\"14\" width=\"1190\">6A ~ 15A (Selon le mod\u00e8le)<\/td>\n<\/tr>\n<tr>\n<td width=\"217\">Tension de charge CA<\/td>\n<td colspan=\"14\" width=\"1190\">Batterie au plomb : tension de charge : 14,2 V ; Tension flottante\u00a0: 13,8\u00a0V (tension de batterie unique)<\/td>\n<\/tr>\n<tr>\n<td width=\"217\">M\u00e9thode de charge AC<\/td>\n<td colspan=\"14\" width=\"1190\">Trois \u00e9tages (courant constant, tension constante, charge flottante)<\/td>\n<\/tr>\n<tr>\n<td rowspan=\"11\">Sortir<\/td>\n<td width=\"217\">Efficacit\u00e9 (mode batterie)<\/td>\n<td colspan=\"14\" width=\"1190\">\u226585%<\/td>\n<\/tr>\n<tr>\n<td width=\"217\">Tension de sortie (mode batterie)<\/td>\n<td colspan=\"14\" width=\"1190\">110VAC\u00b12% \/ 120VAC\u00b12% \/ 220VAC\u00b12% \/ 230VAC\u00b12% \/ 240VAC\u00b12%<\/td>\n<\/tr>\n<tr>\n<td width=\"217\">Fr\u00e9quence de sortie (mode batterie)<\/td>\n<td colspan=\"14\" width=\"1190\">50Hz\u00b10.5 ou 60Hz\u00b10.5<\/td>\n<\/tr>\n<tr>\n<td width=\"217\">Onde de sortie (mode batterie)<\/td>\n<td colspan=\"14\" width=\"1190\">Onde sinuso\u00efdale pure<\/td>\n<\/tr>\n<tr>\n<td width=\"217\">Efficacit\u00e9 (mode CA)<\/td>\n<td colspan=\"14\" width=\"1190\">&gt;99%<\/td>\n<\/tr>\n<tr>\n<td width=\"217\">Tension de sortie (mode ca)<\/td>\n<td colspan=\"14\" width=\"1190\">110VAC\u00b110% \/ 120VAC\u00b110% \/ 220VAC\u00b110% \/ 230VAC\u00b110% \/ 240VAC\u00b110% (350W~7000W); Suivre l&#039;entr\u00e9e (8KW~40KW)<\/td>\n<\/tr>\n<tr>\n<td width=\"217\">Fr\u00e9quence de sortie (mode AC)<\/td>\n<td colspan=\"14\" width=\"1190\">Suivre l&#039;entr\u00e9e<\/td>\n<\/tr>\n<tr>\n<td width=\"217\">Distorsion de la forme d&#039;onde de sortie<br \/>\n(mode batterie)<\/td>\n<td colspan=\"14\" width=\"1190\">\u22643% (charge lin\u00e9aire)<\/td>\n<\/tr>\n<tr>\n<td width=\"217\">Aucune perte de charge (mode batterie)<\/td>\n<td colspan=\"14\" width=\"1190\">Puissance nominale \u22642.5% (mod\u00e8les inf\u00e9rieurs \u00e0 7\u00a0KW)\u00a0; puissance nominale \u22641% (mod\u00e8les sup\u00e9rieurs \u00e0 7\u00a0KW)<\/td>\n<\/tr>\n<tr>\n<td width=\"217\">Aucune perte de charge (mode AC)<\/td>\n<td colspan=\"14\" width=\"1190\">\u00a0Puissance nominale \u22642% (le chargeur ne fonctionne pas en mode AC)<\/td>\n<\/tr>\n<tr>\n<td width=\"217\">Aucune perte de charge (mode d&#039;\u00e9conomie d&#039;\u00e9nergie)<\/td>\n<td colspan=\"14\" width=\"1190\">\u226410W<\/td>\n<\/tr>\n<tr>\n<td rowspan=\"2\" width=\"77\">Type de batterie<\/td>\n<td>Batterie VRLA<\/td>\n<td colspan=\"14\" width=\"1190\">Tension de charge\u00a0: 14,2\u00a0V\u00a0; Tension flottante\u00a0: 13,8\u00a0V (tension de batterie unique)<\/td>\n<\/tr>\n<tr>\n<td>Personnaliser la batterie<\/td>\n<td colspan=\"14\" width=\"1190\">Les param\u00e8tres de charge et de d\u00e9charge de diff\u00e9rents types de batteries (tels que les batteries au lithium, etc.) peuvent \u00eatre personnalis\u00e9s en fonction des besoins de l&#039;utilisateur<\/td>\n<\/tr>\n<tr>\n<td rowspan=\"8\">protection<\/td>\n<td>Alarme de sous-tension de la batterie<\/td>\n<td colspan=\"14\" width=\"1190\">Par d\u00e9faut\u00a0: 11\u00a0V (tension de batterie unique)<\/td>\n<\/tr>\n<tr>\n<td>Protection contre les sous-tensions de la batterie<\/td>\n<td colspan=\"14\" width=\"1190\">Par d\u00e9faut\u00a0: 10,5\u00a0V (tension de batterie unique)<\/td>\n<\/tr>\n<tr>\n<td>Alarme de surtension de batterie<\/td>\n<td colspan=\"14\" width=\"1190\">Par d\u00e9faut\u00a0: 15\u00a0V (tension de batterie unique)<\/td>\n<\/tr>\n<tr>\n<td>Protection contre les surtensions de la batterie<\/td>\n<td colspan=\"14\" width=\"1190\">Par d\u00e9faut\u00a0:\u00a017\u00a0V (tension de batterie unique)<\/td>\n<\/tr>\n<tr>\n<td>Tension de r\u00e9cup\u00e9ration de surtension de batterie<\/td>\n<td colspan=\"14\" width=\"1190\">Par d\u00e9faut\u00a0: 14,5\u00a0V (tension de batterie unique)<\/td>\n<\/tr>\n<tr>\n<td>Protection contre les surcharges<\/td>\n<td colspan=\"14\" width=\"1190\">Protection automatique (mode batterie), disjoncteur ou assurance (mode AC)<\/td>\n<\/tr>\n<tr>\n<td>Protection contre les courts-circuits de sortie de l&#039;onduleur<\/td>\n<td colspan=\"14\" width=\"1190\">Protection automatique (mode batterie), disjoncteur ou assurance (mode AC)<\/td>\n<\/tr>\n<tr>\n<td>Protection contre la temp\u00e9rature<\/td>\n<td colspan=\"14\" width=\"1190\">&gt;90\u00a0\u00b0C (sortie d&#039;arr\u00eat)<\/td>\n<\/tr>\n<tr>\n<td rowspan=\"3\" width=\"77\">Alarme<\/td>\n<td width=\"217\">UN<\/td>\n<td colspan=\"14\" width=\"1190\">Condition de travail normale, le buzzer n&#039;a pas de son d&#039;alarme<\/td>\n<\/tr>\n<tr>\n<td width=\"217\">B<\/td>\n<td colspan=\"14\" width=\"1190\">Le buzzer sonne 4 fois par seconde en cas de panne de batterie, d&#039;anomalie de tension, de protection contre les surcharges<\/td>\n<\/tr>\n<tr>\n<td width=\"217\">C<\/td>\n<td colspan=\"14\" width=\"1190\">Lorsque la machine est allum\u00e9e pour la premi\u00e8re fois, le buzzer indiquera 5 lorsque la machine est normale<\/td>\n<\/tr>\n<tr>\n<td rowspan=\"7\" width=\"77\">\u00c0 l&#039;int\u00e9rieur du contr\u00f4leur solaire<br \/>\n(Facultatif)<\/td>\n<td width=\"217\">Mode de charge<\/td>\n<td colspan=\"14\" width=\"1190\">PWM<\/td>\n<\/tr>\n<tr>\n<td width=\"217\">Courant de charge<\/td>\n<td colspan=\"14\" width=\"1190\">Syst\u00e8me 12 V\/24 V\/48 V : 10 A\/20 A\/30 A\/40 A\/50 A\/60 A ; Syst\u00e8me 96V\/192V\/240V\/384\u00a0: 50A\/100A\/150A\/200A<\/td>\n<\/tr>\n<tr>\n<td width=\"217\">Plage de tension d&#039;entr\u00e9e PV<\/td>\n<td colspan=\"14\" width=\"1190\">15V-44V (Syst\u00e8me 12V); 30V-44V (Syst\u00e8me 24V); 60V-88V (syst\u00e8me 48V); 120 V-176 V (syst\u00e8me 96 V) ; 240V-352V (Syst\u00e8me 192V); 300V-440V (Syst\u00e8me 240V); 480V-704V (Syst\u00e8me 384V)<\/td>\n<\/tr>\n<tr>\n<td width=\"217\">Tension d&#039;entr\u00e9e PV maximale (Voc)<br \/>\n(A la temp\u00e9rature la plus basse)<\/td>\n<td colspan=\"14\" width=\"1190\">50 V (syst\u00e8me 12 V\/24 V) ; 100 V (syst\u00e8me 48 V) ; 200 V (syst\u00e8me 96 V) ; 400 V (syst\u00e8me 192 V) ; 500V (Syst\u00e8me 240V); 750V (Syst\u00e8me 384V)<\/td>\n<\/tr>\n<tr>\n<td width=\"217\">Puissance maximale du g\u00e9n\u00e9rateur photovolta\u00efque<\/td>\n<td colspan=\"14\" width=\"1190\">Syst\u00e8me 12 V : 140 W (10 A)\/280 W (20 A)\/420 W (30 A)\/560 W (40 A)\/700 W (50 A)\/840 W (60 A) ; Syst\u00e8me 24 V : 280 W (10 A)\/560 W (20 A)\/840 W (30 A)\/1120 W (40 A)\/1400 W (50 A)\/1680 W (60 A) ;<br \/>\nSyst\u00e8me 48 V : 560 W (10 A)\/1120 W (20 A)\/1680 W (30 A)\/2240 W (40 A)\/2800 W (50 A)\/3360 W (60 A) ; Syst\u00e8me 96 V : 5,6 kW (50 A)\/11,2 kW (100 A) ; Syst\u00e8me 192 V : 11,2 KW (50 A)\/22,4 KW (100 A) ;<br \/>\nSyst\u00e8me 220 V : 12,8 kW (50 A)\/25,6 kW (100 A) ; Syst\u00e8me 240 V : 14KW(50A)\/28KW(100A)\/21KW*2(150A)\/28KW*2(200A); Syst\u00e8me 384 V : 22,4 KW (50 A)\/44,8 KW (100 A)\/33,6 KW * 2 (150 A)\/44,8 KW * 2 (200 A)<\/td>\n<\/tr>\n<tr>\n<td>Perte de veille<\/td>\n<td colspan=\"14\" width=\"1190\">\u22643W<\/td>\n<\/tr>\n<tr>\n<td>Efficacit\u00e9 de conversion maximale<\/td>\n<td colspan=\"14\" width=\"1190\">&gt;95%<\/td>\n<\/tr>\n<tr>\n<td colspan=\"2\">Mode de fonctionnement<\/td>\n<td colspan=\"14\" width=\"1190\">Batterie d&#039;abord\/AC d&#039;abord\/Mode d&#039;\u00e9conomie d&#039;\u00e9nergie<\/td>\n<\/tr>\n<tr>\n<td colspan=\"2\">Temps de transfert<\/td>\n<td colspan=\"14\" width=\"1190\">\u22644ms<\/td>\n<\/tr>\n<tr>\n<td colspan=\"2\">Afficher<\/td>\n<td colspan=\"14\" width=\"1190\">LCD<\/td>\n<\/tr>\n<tr>\n<td colspan=\"2\" width=\"294\">M\u00e9thode thermique<\/td>\n<td colspan=\"14\" width=\"1190\">Ventilateur de refroidissement en contr\u00f4le intelligent<\/td>\n<\/tr>\n<tr>\n<td colspan=\"2\">Communication<\/td>\n<td colspan=\"14\" width=\"1190\">RS232 (facultatif)<\/td>\n<\/tr>\n<tr>\n<td rowspan=\"5\">Environnement<\/td>\n<td width=\"217\">Temp\u00e9rature de fonctionnement<\/td>\n<td colspan=\"14\" width=\"1190\">-10\u2103~40\u2103<\/td>\n<\/tr>\n<tr>\n<td width=\"217\">Temp\u00e9rature de stockage<\/td>\n<td colspan=\"14\" width=\"1190\">-15\u2103~60\u2103<\/td>\n<\/tr>\n<tr>\n<td width=\"217\">Bruit<\/td>\n<td colspan=\"14\" width=\"1190\">\u226455dB<\/td>\n<\/tr>\n<tr>\n<td width=\"217\">\u00c9l\u00e9vation<\/td>\n<td colspan=\"14\" width=\"1190\">2000m (plus que d\u00e9classement)<\/td>\n<\/tr>\n<tr>\n<td width=\"217\">Humidit\u00e9<\/td>\n<td colspan=\"14\" width=\"1190\">0%~95% ,Pas de condensation<\/td>\n<\/tr>\n<tr>\n<td colspan=\"16\">Remarque : Toutes les sp\u00e9cifications sont soumises \u00e0 des frais sans pr\u00e9avis<\/td>\n<\/tr>\n<tr>\n<td><\/td>\n<td><\/td>\n<td><\/td>\n<td><\/td>\n<td><\/td>\n<td><\/td>\n<td><\/td>\n<td><\/td>\n<td><\/td>\n<td><\/td>\n<td><\/td>\n<td><\/td>\n<td><\/td>\n<td><\/td>\n<td><\/td>\n<td><\/td>\n<\/tr>\n<tr>\n<td><\/td>\n<td><\/td>\n<td><\/td>\n<td><\/td>\n<td><\/td>\n<td><\/td>\n<td><\/td>\n<td><\/td>\n<td><\/td>\n<td><\/td>\n<td><\/td>\n<td><\/td>\n<td><\/td>\n<td><\/td>\n<td><\/td>\n<td><\/td>\n<\/tr>\n<\/tbody>\n<\/table>","protected":false},"excerpt":{"rendered":"<p>Fonctionnalit\u00e9<br \/>\nSortie d&#039;onde sinuso\u00efdale pure\u00a0;<br \/>\nTransformateur toro\u00efdal \u00e0 haut rendement, perte inf\u00e9rieure\u00a0;<br \/>\n\u00c9cran d&#039;int\u00e9gration LCD intelligent\u00a0;<br \/>\nCourant de charge CA 0-20 A r\u00e9glable ; capacit\u00e9 de la batterie0configuration plus flexible\u00a0;<br \/>\nTrois types de modes de fonctionnement r\u00e9glables\u00a0: AC d&#039;abord, DC d&#039;abord, mode d&#039;\u00e9conomie d&#039;\u00e9nergie\u00a0;<br \/>\nFonction adaptative de fr\u00e9quence, s&#039;adapte \u00e0 diff\u00e9rents environnements de r\u00e9seau\u00a0; 0Contr\u00f4leur PWM ou MPPT int\u00e9gr\u00e9 en option\u00a0;<br \/>\nFonction de requ\u00eate de code d&#039;erreur ajout\u00e9e, permettant \u00e0 l&#039;utilisateur de surveiller l&#039;\u00e9tat de fonctionnement en temps r\u00e9el<br \/>\nPrend en charge le g\u00e9n\u00e9rateur diesel ou \u00e0 essence pour s&#039;adapter \u00e0 toute situation \u00e9lectrique difficile\u00a0;<br \/>\nPort de communication RS485\/APP en option.<\/p>","protected":false},"featured_media":1205,"comment_status":"open","ping_status":"closed","template":"","meta":[],"product_cat":[15],"product_tag":[],"class_list":{"0":"post-1226","1":"product","2":"type-product","3":"status-publish","4":"has-post-thumbnail","6":"product_cat-solar-inverter","8":"first","9":"instock","10":"shipping-taxable","11":"product-type-simple"},"_links":{"self":[{"href":"https:\/\/www.xd-solar.com\/fr\/wp-json\/wp\/v2\/product\/1226","targetHints":{"allow":["GET"]}}],"collection":[{"href":"https:\/\/www.xd-solar.com\/fr\/wp-json\/wp\/v2\/product"}],"about":[{"href":"https:\/\/www.xd-solar.com\/fr\/wp-json\/wp\/v2\/types\/product"}],"replies":[{"embeddable":true,"href":"https:\/\/www.xd-solar.com\/fr\/wp-json\/wp\/v2\/comments?post=1226"}],"wp:featuredmedia":[{"embeddable":true,"href":"https:\/\/www.xd-solar.com\/fr\/wp-json\/wp\/v2\/media\/1205"}],"wp:attachment":[{"href":"https:\/\/www.xd-solar.com\/fr\/wp-json\/wp\/v2\/media?parent=1226"}],"wp:term":[{"taxonomy":"product_cat","embeddable":true,"href":"https:\/\/www.xd-solar.com\/fr\/wp-json\/wp\/v2\/product_cat?post=1226"},{"taxonomy":"product_tag","embeddable":true,"href":"https:\/\/www.xd-solar.com\/fr\/wp-json\/wp\/v2\/product_tag?post=1226"}],"curies":[{"name":"wp","href":"https:\/\/api.w.org\/{rel}","templated":true}]}}