{"id":1316,"date":"2023-03-11T11:51:43","date_gmt":"2023-03-11T03:51:43","guid":{"rendered":"https:\/\/xd-solar.com\/?post_type=product&#038;p=1316"},"modified":"2023-12-15T16:40:14","modified_gmt":"2023-12-15T08:40:14","slug":"photovoltaic-cable","status":"publish","type":"product","link":"https:\/\/www.xd-solar.com\/fr\/produit\/photovoltaic-cable\/","title":{"rendered":"Lampadaire solaire d&#039;ext\u00e9rieur \u00e9tanche IP65 en aluminium moul\u00e9 sous pression int\u00e9gr\u00e9"},"content":{"rendered":"<div class=\"numbox\">Lampadaire solaire<\/div>\n<div class=\"description\">As a kind of outdoor lighting equipment, solar lights are powered by solar energy. By using A-level LED beads, integrated optical LED lenses, efficient single solar panels, and powerful lithium batteries, it aims to provide superior quality.<\/div>\n<div>\n<div class=\"numbox\">Puce LED de haute qualit\u00e9<\/div>\n<div class=\"description\">The LED chip is a semiconductor chip that emits light and is not easily broken, so that its service life can reach 50,000 hours, while the ordinary incandescent lamp has a service life of only one thousand hours.<\/div>\n<div>\n<div class=\"numbox\">\u00c9tanch\u00e9it\u00e9 avanc\u00e9e IP65<\/div>\n<div class=\"numbox\">The solar sports light is made of high-impact metal materials and passed the IP65 waterproof rating, which can withstand various extreme weather conditions. This solar outdoor light is very suitable for home or professional users. Suitable for backyard, driveway, basketball court, parking lot, street.<\/div>\n<\/div>\n<\/div>","protected":false},"excerpt":{"rendered":"<div class=\"numbox\">\n<dl class=\"amount clearfix\">\n<dt class=\"metatit\">Certification CE\/ISO9001\/RoHS\/3C\/CQC\/\/UL\/TUV<\/dt>\n<\/dl>\n<dl class=\"amount clearfix\">\n<dt class=\"metatit\">Delivery Time\u00a0 \u00a0 \u00a0 \u00a0 \u00a0 \u00a05-15 days<\/dt>\n<\/dl>\n<dl class=\"amount clearfix\">\n<dt class=\"metatit\">Payment Terms\u00a0 \u00a0 \u00a0 \u00a0 L\/C, D\/A, D\/P, T\/T, Western Union, Money Gram,<\/dt>\n<\/dl>\n<dl class=\"amount clearfix\">\n<dt class=\"metatit\">Charging time\u00a0 \u00a0 \u00a0 \u00a0 \u00a0 \u00a06-8 hours<\/dt>\n<\/dl>\n<dl class=\"amount clearfix\">\n<dt class=\"metatit\">Discharging time\u00a0 \u00a0 \u00a030-36 hours<\/dt>\n<\/dl>\n<dl class=\"amount clearfix\">\n<dt class=\"metatit\">Lumen\u00a0 \u00a0 \u00a0 \u00a0 \u00a0 \u00a0 \u00a0 \u00a0 \u00a0 \u00a0 \u00a0 \u00a0 160 lm\/w<\/dt>\n<\/dl>\n<dl class=\"amount clearfix\">\n<dt class=\"metatit\">Material\u00a0 \u00a0 \u00a0 \u00a0 \u00a0 \u00a0 \u00a0 \u00a0 \u00a0 \u00a0 \u00a0Aluminum<\/dt>\n<\/dl>\n<dl class=\"amount clearfix\">\n<dt class=\"metatit\">Install Height\u00a0 \u00a0 \u00a0 \u00a0 \u00a0 \u00a04-6M<\/dt>\n<\/dl>\n<dl class=\"amount clearfix\">\n<dt class=\"metatit\">Port de d\u00e9part Guangzhou, Shenzhen, Zhuhai<\/dt>\n<\/dl>\n<dl class=\"amount clearfix\">\n<dt class=\"metatit\">Capacit\u00e9 d&#039;approvisionnement 5000 PCS\/mois<\/dt>\n<\/dl>\n<\/div>","protected":false},"featured_media":1326,"comment_status":"open","ping_status":"closed","template":"","meta":[],"product_cat":[33,32],"product_tag":[],"class_list":{"0":"post-1316","1":"product","2":"type-product","3":"status-publish","4":"has-post-thumbnail","6":"product_cat-solar-street-light","7":"product_cat-solar-light","9":"first","10":"instock","11":"shipping-taxable","12":"product-type-simple"},"_links":{"self":[{"href":"https:\/\/www.xd-solar.com\/fr\/wp-json\/wp\/v2\/product\/1316","targetHints":{"allow":["GET"]}}],"collection":[{"href":"https:\/\/www.xd-solar.com\/fr\/wp-json\/wp\/v2\/product"}],"about":[{"href":"https:\/\/www.xd-solar.com\/fr\/wp-json\/wp\/v2\/types\/product"}],"replies":[{"embeddable":true,"href":"https:\/\/www.xd-solar.com\/fr\/wp-json\/wp\/v2\/comments?post=1316"}],"wp:featuredmedia":[{"embeddable":true,"href":"https:\/\/www.xd-solar.com\/fr\/wp-json\/wp\/v2\/media\/1326"}],"wp:attachment":[{"href":"https:\/\/www.xd-solar.com\/fr\/wp-json\/wp\/v2\/media?parent=1316"}],"wp:term":[{"taxonomy":"product_cat","embeddable":true,"href":"https:\/\/www.xd-solar.com\/fr\/wp-json\/wp\/v2\/product_cat?post=1316"},{"taxonomy":"product_tag","embeddable":true,"href":"https:\/\/www.xd-solar.com\/fr\/wp-json\/wp\/v2\/product_tag?post=1316"}],"curies":[{"name":"wp","href":"https:\/\/api.w.org\/{rel}","templated":true}]}}