{"id":1319,"date":"2023-12-12T11:18:03","date_gmt":"2023-12-12T03:18:03","guid":{"rendered":"https:\/\/xd-solar.com\/?post_type=product&#038;p=1319"},"modified":"2024-06-26T20:37:43","modified_gmt":"2024-06-26T12:37:43","slug":"hybrid-solar-system-for-home-electricity","status":"publish","type":"product","link":"https:\/\/www.xd-solar.com\/fr\/produit\/hybrid-solar-system-for-home-electricity\/","title":{"rendered":"Syst\u00e8me solaire hybride pour l&#039;\u00e9lectricit\u00e9 domestique 1kva 2kya 3kva 4kva5kva 6kva 7kva 8kva 10kva12kva 15kva 20kva 25kva30kva 40kva"},"content":{"rendered":"<p>Les syst\u00e8mes solaires hybrides complets Xindi pour les maisons ont \u00e9t\u00e9 vendus dans plus de 100 pays, tels que le Nig\u00e9ria, le Ghana, l&#039;\u00c9gypte, le Botswana, le Zimbabwe, l&#039;Afrique du Sud, Duba\u00ef, les \u00c9mirats arabes unis, le Liban, l&#039;Indon\u00e9sie, la Malaisie, les Philippines, la Colombie, le Mexique, etc. Les syst\u00e8mes solaires de 30 kW ont \u00e9t\u00e9 largement utilis\u00e9s pour l&#039;\u00e9lectricit\u00e9 solaire domestique, le camping solaire, les camping-cars, les projets d&#039;\u00e9cole solaire, les projets d&#039;h\u00f4pital solaire, les projets de ferme solaire, les projets d&#039;h\u00f4tel solaire, les projets militaires solaires, les projets d&#039;\u00e9quipement de traitement de l&#039;eau \u00e0 \u00e9nergie solaire, les projets de gouvernement solaire, les sommets de collines, les navires, etc.<\/p>","protected":false},"excerpt":{"rendered":"<p>Le syst\u00e8me solaire hybride complet Xindi pour la maison est la configuration la plus compl\u00e8te du march\u00e9, qui comprend tous les composants n\u00e9cessaires : panneau solaire, support solaire, bo\u00eetier de combinaison PV, batterie solaire, onduleur solaire, contr\u00f4leur de charge solaire, c\u00e2bles PV, c\u00e2bles de batterie et autres terminaux. Une fois l&#039;installation simple termin\u00e9e, il peut \u00eatre directement utilis\u00e9 pour les appareils \u00e9lectrom\u00e9nagers r\u00e9sidentiels.<\/p>\n<p>Chaque syst\u00e8me solaire hybride pour la maison est soumis \u00e0 un test de mise sous tension et hors tension 100 fois par heure. Chaque \u00e9tape de la production est soumise \u00e0 un contr\u00f4le de qualit\u00e9 strict. Protection parfaite : court-circuit, surtension, basse tension, surcharge, r\u00e9sistance d&#039;isolement, protection contre les hautes temp\u00e9ratures.<\/p>\n<p>La gamme de syst\u00e8mes solaires hybrides Xindi comprend <a href=\"https:\/\/www.xindun-power.com\/solar-system-solution\/\" target=\"_blank\" rel=\"noopener\">300W \u00e0 200KW<\/a>Nous fournissons aux clients une conception de solution solaire gratuite et pouvons accepter la personnalisation.<\/p>","protected":false},"featured_media":1318,"comment_status":"open","ping_status":"closed","template":"","meta":[],"product_cat":[19],"product_tag":[110,60,47,62,43],"class_list":{"0":"post-1319","1":"product","2":"type-product","3":"status-publish","4":"has-post-thumbnail","6":"product_cat-off-grid-solar-system","7":"product_tag-hybrid-solar-system","8":"product_tag-off-grid-inverter","9":"product_tag-solar-inverter","10":"product_tag-solar-inverter-manufacturer","11":"product_tag-solar-system","13":"first","14":"instock","15":"shipping-taxable","16":"product-type-simple"},"_links":{"self":[{"href":"https:\/\/www.xd-solar.com\/fr\/wp-json\/wp\/v2\/product\/1319","targetHints":{"allow":["GET"]}}],"collection":[{"href":"https:\/\/www.xd-solar.com\/fr\/wp-json\/wp\/v2\/product"}],"about":[{"href":"https:\/\/www.xd-solar.com\/fr\/wp-json\/wp\/v2\/types\/product"}],"replies":[{"embeddable":true,"href":"https:\/\/www.xd-solar.com\/fr\/wp-json\/wp\/v2\/comments?post=1319"}],"wp:featuredmedia":[{"embeddable":true,"href":"https:\/\/www.xd-solar.com\/fr\/wp-json\/wp\/v2\/media\/1318"}],"wp:attachment":[{"href":"https:\/\/www.xd-solar.com\/fr\/wp-json\/wp\/v2\/media?parent=1319"}],"wp:term":[{"taxonomy":"product_cat","embeddable":true,"href":"https:\/\/www.xd-solar.com\/fr\/wp-json\/wp\/v2\/product_cat?post=1319"},{"taxonomy":"product_tag","embeddable":true,"href":"https:\/\/www.xd-solar.com\/fr\/wp-json\/wp\/v2\/product_tag?post=1319"}],"curies":[{"name":"wp","href":"https:\/\/api.w.org\/{rel}","templated":true}]}}