{"id":1344,"date":"2023-04-15T16:29:56","date_gmt":"2023-04-15T08:29:56","guid":{"rendered":"https:\/\/xd-solar.com\/?post_type=product&#038;p=1344"},"modified":"2023-12-15T16:38:37","modified_gmt":"2023-12-15T08:38:37","slug":"hight-brightness-outdoor-lighting-50w-100w-150w-watts-ip67-garden-light-lamp-solar-led-flood-light","status":"publish","type":"product","link":"https:\/\/www.xd-solar.com\/fr\/produit\/hight-brightness-outdoor-lighting-50w-100w-150w-watts-ip67-garden-light-lamp-solar-led-flood-light\/","title":{"rendered":"\u00c9clairage ext\u00e9rieur \u00e0 haute luminosit\u00e9 50W 100W 150W watts Ip67 lampe de lumi\u00e8re de jardin lumi\u00e8re d&#039;inondation men\u00e9e solaire"},"content":{"rendered":"<div class=\"numbox\">Projecteur LED solaire<\/div>\n<div class=\"numbox\">Ce projecteur solaire est dot\u00e9 d&#039;une lumi\u00e8re ultra-lumineuse <a href=\"https:\/\/www.alltopgroup.com\/info-center\" target=\"_blank\" rel=\"noopener\">LED<\/a> qui \u00e9clairera l&#039;obscurit\u00e9 en quelques secondes. Con\u00e7u et construit pour une large gamme d&#039;applications d&#039;\u00e9clairage telles que les b\u00e2timents commerciaux et industriels, les parkings, les trottoirs, les garages, les arri\u00e8re-cours, les all\u00e9es, les rues, les sentiers, les terrains de jeux, les fermes, les parcs et les grands espaces r\u00e9sidentiels et r\u00e9cr\u00e9atifs. Cette lumi\u00e8re de haute qualit\u00e9 et tr\u00e8s durable est enti\u00e8rement autonome.<\/div>\n<div>\n<div class=\"numbox\">CONTR\u00d4LE INTELLIGENT<\/div>\n<div class=\"description\">Capteur photo\u00e9lectrique int\u00e9gr\u00e9, marche\/arr\u00eat automatique. 6 \u00e0 8 heures de charge compl\u00e8te et 16 \u00e0 20 heures de temps d&#039;\u00e9clairage, batterie au lithium de grande capacit\u00e9, puce de contr\u00f4le intelligente int\u00e9gr\u00e9e, ajuste automatiquement la puissance de travail avec le changement de capacit\u00e9 de la batterie, garantit un temps d&#039;\u00e9clairage long.<\/div>\n<div>\n<div class=\"numbox\">Durable et longue dur\u00e9e de vie<\/div>\n<div class=\"description\">Ce luminaire d&#039;\u00e9clairage \u00e0 LED est livr\u00e9 avec une coque en ABS qui pr\u00e9sente une excellente conductivit\u00e9 thermique, il peut am\u00e9liorer l&#039;efficacit\u00e9 \u00e9nerg\u00e9tique \u00e9lev\u00e9e et maintenir la puce LED en fonctionnement \u00e0 basse temp\u00e9rature et rendre la lumi\u00e8re durable pour une longue dur\u00e9e de fonctionnement.<\/div>\n<div>\n<div class=\"numbox\">\u00c9conomie d&#039;\u00e9nergie<\/div>\n<div class=\"numbox\">Pas de frais d&#039;\u00e9lectricit\u00e9, enti\u00e8rement aliment\u00e9 par l&#039;\u00e9nergie solaire et installation sans fil, ce qui peut vous faire \u00e9conomiser de l&#039;argent. Fournit un \u00e9clairage et une s\u00e9curit\u00e9 pour votre jardin, garage, route et cabane \u00e0 tout moment, peut \u00eatre utilis\u00e9 comme applique murale, lampadaire, \u00e9clairage de jardin, etc. La garantie de 3 ans garantit que cela deviendra rapidement votre achat sans risque pr\u00e9f\u00e9r\u00e9.<\/div>\n<\/div>\n<\/div>\n<\/div>","protected":false},"excerpt":{"rendered":"<dl class=\"amount clearfix\">\n<dt class=\"metatit\">Certification CE\/ISO9001\/RoHS\/3C\/CQC\/\/UL\/TUV<\/dt>\n<\/dl>\n<dl class=\"amount clearfix\">\n<dt class=\"metatit\">D\u00e9lai de livraison 5-15 jours<\/dt>\n<\/dl>\n<dl class=\"amount clearfix\">\n<dt class=\"metatit\">Conditions de paiement L\/C, D\/A, D\/P, T\/T, Western Union, Money Gram,<\/dt>\n<\/dl>\n<dl class=\"amount clearfix\">\n<dt class=\"metatit\">Service OEM\/ODM personnalis\u00e9<\/dt>\n<\/dl>\n<dl class=\"amount clearfix\">\n<dt class=\"metatit\">Temps de charge 6-8 heures<\/dt>\n<\/dl>\n<dl class=\"amount clearfix\">\n<dt class=\"metatit\">Temps de d\u00e9charge 30-36 heures<\/dt>\n<\/dl>\n<dl class=\"amount clearfix\">\n<dt class=\"metatit\">Lumen 160<\/dt>\n<\/dl>\n<dl class=\"amount clearfix\">\n<dt class=\"metatit\">Mat\u00e9riau ABS<\/dt>\n<\/dl>\n<dl class=\"amount clearfix\">\n<dt class=\"metatit\">Port de d\u00e9part Guangzhou, Shenzhen, Zhuhai<\/dt>\n<\/dl>\n<dl class=\"amount clearfix\">\n<dt class=\"metatit\">Capacit\u00e9 d&#039;approvisionnement 5000 PCS\/mois<\/dt>\n<\/dl>","protected":false},"featured_media":1345,"comment_status":"open","ping_status":"closed","template":"","meta":[],"product_cat":[34,32],"product_tag":[],"class_list":{"0":"post-1344","1":"product","2":"type-product","3":"status-publish","4":"has-post-thumbnail","6":"product_cat-solar-flood-light","7":"product_cat-solar-light","9":"first","10":"instock","11":"shipping-taxable","12":"product-type-simple"},"_links":{"self":[{"href":"https:\/\/www.xd-solar.com\/fr\/wp-json\/wp\/v2\/product\/1344","targetHints":{"allow":["GET"]}}],"collection":[{"href":"https:\/\/www.xd-solar.com\/fr\/wp-json\/wp\/v2\/product"}],"about":[{"href":"https:\/\/www.xd-solar.com\/fr\/wp-json\/wp\/v2\/types\/product"}],"replies":[{"embeddable":true,"href":"https:\/\/www.xd-solar.com\/fr\/wp-json\/wp\/v2\/comments?post=1344"}],"wp:featuredmedia":[{"embeddable":true,"href":"https:\/\/www.xd-solar.com\/fr\/wp-json\/wp\/v2\/media\/1345"}],"wp:attachment":[{"href":"https:\/\/www.xd-solar.com\/fr\/wp-json\/wp\/v2\/media?parent=1344"}],"wp:term":[{"taxonomy":"product_cat","embeddable":true,"href":"https:\/\/www.xd-solar.com\/fr\/wp-json\/wp\/v2\/product_cat?post=1344"},{"taxonomy":"product_tag","embeddable":true,"href":"https:\/\/www.xd-solar.com\/fr\/wp-json\/wp\/v2\/product_tag?post=1344"}],"curies":[{"name":"wp","href":"https:\/\/api.w.org\/{rel}","templated":true}]}}