{"id":1371,"date":"2023-03-18T16:28:41","date_gmt":"2023-03-18T08:28:41","guid":{"rendered":"https:\/\/xd-solar.com\/?post_type=product&#038;p=1371"},"modified":"2023-12-18T16:37:16","modified_gmt":"2023-12-18T08:37:16","slug":"multifunction-garden-road-outdoor-led-solar-camera-street-lights","status":"publish","type":"product","link":"https:\/\/www.xd-solar.com\/fr\/produit\/multifunction-garden-road-outdoor-led-solar-camera-street-lights\/","title":{"rendered":"Lampadaires solaires \u00e0 LED multifonctions pour jardin et route"},"content":{"rendered":"<p><strong>CAM\u00c9RA SOLAIRE POUR LAMPADAIRES<\/strong><\/p>\n<div class=\"description\">\n<p><span class=\"src\" data-group=\"0-0\">Notre lampadaire solaire \u00e0 puce LED ultra-lumineuse est plusieurs fois plus lumineuse que les ampoules traditionnelles, et la batterie de grande capacit\u00e9 peut \u00e9conomiser jusqu&#039;\u00e0 100% d&#039;\u00e9lectricit\u00e9. Cam\u00e9ra de s\u00e9curit\u00e9 grand angle ext\u00e9rieure \u00e9tanche IP65, 3 millions de pixels HD, qui peut \u00eatre regard\u00e9e par plusieurs personnes via l&#039;application en m\u00eame temps. Facile \u00e0 installer Les lampadaires solaires tout-en-un sont faciles \u00e0 installer, ce qui permet d&#039;\u00e9conomiser les co\u00fbts d&#039;installation, les co\u00fbts de maintenance et les factures d&#039;\u00e9lectricit\u00e9. Convient pour les rues, les parcs, les parkings, les campus scolaires, etc.<\/span><\/p>\n<p><strong>CAM\u00c9RA GRAND ANGLE, ANGLE PIVOTANT<\/strong><\/p>\n<div class=\"description\">Ce lampadaire solaire est \u00e9quip\u00e9 d&#039;une cam\u00e9ra HD prenant en charge la 4G et le WiFi. Ultra clair et lumineux, angle d&#039;\u00e9clairage de 360 \u00b0, rotation verticale de 75 \u00b0 de haut en bas. 360 \u00b0 \u00e0 gauche et \u00e0 droite, pour couvrir beaucoup de terrain plus en d\u00e9tail, apporter un \u00e9clairage de s\u00e9curit\u00e9 suppl\u00e9mentaire \u00e0 chaque coin de rue.<\/div>\n<div>\n<p><strong>DURABLE ET DURABLE<\/strong><\/p>\n<div class=\"description\">La lampe adopte une coque PC+ABS, qui a une bonne r\u00e9sistance \u00e0 l&#039;eau IP65. Il peut am\u00e9liorer l&#039;efficacit\u00e9 \u00e9nerg\u00e9tique \u00e9lev\u00e9e et maintenir la puce LED en fonctionnement \u00e0 basse temp\u00e9rature, ce qui rend la lampe durable et fonctionne pendant longtemps, sp\u00e9cialement con\u00e7ue pour la s\u00e9curit\u00e9 domestique et commerciale.<\/div>\n<div>\n<p><strong>CONTR\u00d4LE DE L&#039;\u00c9CLAIRAGE<\/strong><\/p>\n<div class=\"description\">\n<div class=\"description\">\n<p>Lorsqu&#039;une personne arrive, la puissance de la lampe est de 100%, et apr\u00e8s le d\u00e9part de la personne, la puissance de la lampe est de 30%. Fonctionne automatiquement au cr\u00e9puscule et s&#039;\u00e9teint automatiquement au lever du soleil. Lorsqu&#039;il est compl\u00e8tement charg\u00e9 pendant la journ\u00e9e, il peut fournir plus de 24 heures d&#039;\u00e9clairage continu.<\/p>\n<\/div>\n<\/div>\n<\/div>\n<\/div>\n<\/div>","protected":false},"excerpt":{"rendered":"<dl class=\"amount clearfix\">\n<dt class=\"metatit\">Certification CE\/ISO9001\/RoHS\/3C\/CQC\/\/UL\/TUV<\/dt>\n<\/dl>\n<dl class=\"amount clearfix\">\n<dt class=\"metatit\">D\u00e9lai de livraison 5-15 jours<\/dt>\n<\/dl>\n<dl class=\"amount clearfix\">\n<dt class=\"metatit\">Conditions de paiement L\/C, D\/A, D\/P, T\/T, Western Union, Money Gram,<\/dt>\n<\/dl>\n<dl class=\"amount clearfix\">\n<dt class=\"metatit\">Lumens 160lm\/w<\/dt>\n<\/dl>\n<dl class=\"amount clearfix\">\n<dt class=\"metatit\">Port de d\u00e9part Guangzhou, Shenzhen, Zhuhai<\/dt>\n<\/dl>\n<dl class=\"amount clearfix\">\n<dt class=\"metatit\">Capacit\u00e9 d&#039;approvisionnement 5000 PCS\/mois<\/dt>\n<\/dl>","protected":false},"featured_media":1373,"comment_status":"open","ping_status":"closed","template":"","meta":[],"product_cat":[33,32],"product_tag":[],"class_list":{"0":"post-1371","1":"product","2":"type-product","3":"status-publish","4":"has-post-thumbnail","6":"product_cat-solar-street-light","7":"product_cat-solar-light","9":"first","10":"instock","11":"shipping-taxable","12":"product-type-simple"},"_links":{"self":[{"href":"https:\/\/www.xd-solar.com\/fr\/wp-json\/wp\/v2\/product\/1371","targetHints":{"allow":["GET"]}}],"collection":[{"href":"https:\/\/www.xd-solar.com\/fr\/wp-json\/wp\/v2\/product"}],"about":[{"href":"https:\/\/www.xd-solar.com\/fr\/wp-json\/wp\/v2\/types\/product"}],"replies":[{"embeddable":true,"href":"https:\/\/www.xd-solar.com\/fr\/wp-json\/wp\/v2\/comments?post=1371"}],"wp:featuredmedia":[{"embeddable":true,"href":"https:\/\/www.xd-solar.com\/fr\/wp-json\/wp\/v2\/media\/1373"}],"wp:attachment":[{"href":"https:\/\/www.xd-solar.com\/fr\/wp-json\/wp\/v2\/media?parent=1371"}],"wp:term":[{"taxonomy":"product_cat","embeddable":true,"href":"https:\/\/www.xd-solar.com\/fr\/wp-json\/wp\/v2\/product_cat?post=1371"},{"taxonomy":"product_tag","embeddable":true,"href":"https:\/\/www.xd-solar.com\/fr\/wp-json\/wp\/v2\/product_tag?post=1371"}],"curies":[{"name":"wp","href":"https:\/\/api.w.org\/{rel}","templated":true}]}}