{"id":1395,"date":"2023-03-18T17:06:27","date_gmt":"2023-03-18T09:06:27","guid":{"rendered":"https:\/\/xd-solar.com\/?post_type=product&#038;p=1395"},"modified":"2023-12-18T17:20:34","modified_gmt":"2023-12-18T09:20:34","slug":"solar-combination-street-light-all-in-one-solar-street-light-50w400w","status":"publish","type":"product","link":"https:\/\/www.xd-solar.com\/fr\/produit\/solar-combination-street-light-all-in-one-solar-street-light-50w400w\/","title":{"rendered":"lampadaire solaire combin\u00e9 Lampadaire solaire tout-en-un 50W~400W"},"content":{"rendered":"<div class=\"numbox\"><strong>Lampadaire solaire<\/strong><\/div>\n<div class=\"description\">\n<p>Ce lampadaire solaire se caract\u00e9rise par une conception TOUT-EN-UN. Le moteur d&#039;\u00e9clairage, la batterie et le panneau solaire sont int\u00e9gr\u00e9s directement dans le luminaire LED. Aucune source d&#039;alimentation n&#039;est n\u00e9cessaire, ce qui \u00e9limine le besoin de c\u00e2blage et de tranch\u00e9es.<\/p>\n<p><strong>Contr\u00f4le intelligent de la lumi\u00e8re<\/strong><\/p>\n<div class=\"description\">\n<p>Allumez la lumi\u00e8re automatiquement au cr\u00e9puscule, \u00e9teignez la lumi\u00e8re \u00e0 l&#039;aube et commencez \u00e0 charger.<\/p>\n<p><strong>Avantages du lampadaire solaire<\/strong><\/p>\n<p>Enti\u00e8rement programmable via un contr\u00f4leur solaire et un contr\u00f4le photo Batterie int\u00e9gr\u00e9e et contr\u00f4leur solaire La nouvelle batterie LiFePO4 avanc\u00e9e dure au moins 2000 cycles de charge et durera trois nuits avec une charge d&#039;un jour Parfait pour la rue, les parcs, les parkings, les campus scolaires, etc.<\/p>\n<div class=\"numbox\"><strong>Contr\u00f4le intelligent de la lumi\u00e8re<\/strong><\/div>\n<div class=\"description\">\n<p>Allumez la lumi\u00e8re automatiquement au cr\u00e9puscule, \u00e9teignez la lumi\u00e8re \u00e0 l&#039;aube et commencez \u00e0 charger.<\/p>\n<div class=\"numbox\"><strong>Recharge solaire<\/strong><\/div>\n<div class=\"description\">\n<p>Les lampadaires ext\u00e9rieurs utilisent des panneaux photovolta\u00efques en polysilicium, qui augmentent le taux de conversion photo\u00e9lectrique de 25%. Il ne faut que 6 \u00e0 8 heures pour charger compl\u00e8tement. Batterie au lithium haute capacit\u00e9 22000mAh int\u00e9gr\u00e9e, le lampadaire solaire LED peut durer environ 20 \u00e0 24 heures en mode de d\u00e9tection radar.<\/p>\n<\/div>\n<\/div>\n<\/div>\n<\/div>","protected":false},"excerpt":{"rendered":"<dl class=\"amount clearfix\">\n<dt class=\"metatit\">Certification CE\/ISO9001\/RoHS\/3C\/CQC\/\/UL\/TUV<\/dt>\n<\/dl>\n<dl class=\"amount clearfix\">\n<dt class=\"metatit\">D\u00e9lai de livraison 5-15 jours<\/dt>\n<\/dl>\n<dl class=\"amount clearfix\">\n<dt class=\"metatit\">Conditions de paiement L\/C, D\/A, D\/P, T\/T, Western Union, Money Gram,<\/dt>\n<\/dl>\n<dl class=\"amount clearfix\">\n<dt class=\"metatit\">Service OEM\/ODM personnalis\u00e9<\/dt>\n<\/dl>\n<dl class=\"amount clearfix\">\n<dt class=\"metatit\">Port de d\u00e9part Guangzhou, Shenzhen, Zhuhai<\/dt>\n<\/dl>\n<dl class=\"amount clearfix\">\n<dt class=\"metatit\">Capacit\u00e9 d&#039;approvisionnement 5000PCS\/mois<\/dt>\n<\/dl>","protected":false},"featured_media":1390,"comment_status":"open","ping_status":"closed","template":"","meta":[],"product_cat":[32,33],"product_tag":[],"class_list":{"0":"post-1395","1":"product","2":"type-product","3":"status-publish","4":"has-post-thumbnail","6":"product_cat-solar-light","7":"product_cat-solar-street-light","9":"first","10":"instock","11":"shipping-taxable","12":"product-type-simple"},"_links":{"self":[{"href":"https:\/\/www.xd-solar.com\/fr\/wp-json\/wp\/v2\/product\/1395","targetHints":{"allow":["GET"]}}],"collection":[{"href":"https:\/\/www.xd-solar.com\/fr\/wp-json\/wp\/v2\/product"}],"about":[{"href":"https:\/\/www.xd-solar.com\/fr\/wp-json\/wp\/v2\/types\/product"}],"replies":[{"embeddable":true,"href":"https:\/\/www.xd-solar.com\/fr\/wp-json\/wp\/v2\/comments?post=1395"}],"wp:featuredmedia":[{"embeddable":true,"href":"https:\/\/www.xd-solar.com\/fr\/wp-json\/wp\/v2\/media\/1390"}],"wp:attachment":[{"href":"https:\/\/www.xd-solar.com\/fr\/wp-json\/wp\/v2\/media?parent=1395"}],"wp:term":[{"taxonomy":"product_cat","embeddable":true,"href":"https:\/\/www.xd-solar.com\/fr\/wp-json\/wp\/v2\/product_cat?post=1395"},{"taxonomy":"product_tag","embeddable":true,"href":"https:\/\/www.xd-solar.com\/fr\/wp-json\/wp\/v2\/product_tag?post=1395"}],"curies":[{"name":"wp","href":"https:\/\/api.w.org\/{rel}","templated":true}]}}