{"id":1398,"date":"2023-03-18T17:22:51","date_gmt":"2023-03-18T09:22:51","guid":{"rendered":"https:\/\/xd-solar.com\/?post_type=product&#038;p=1398"},"modified":"2023-12-18T17:33:11","modified_gmt":"2023-12-18T09:33:11","slug":"solar-combination-street-light-all-in-one-solar-street-light-160w-200w-300w-320w","status":"publish","type":"product","link":"https:\/\/www.xd-solar.com\/fr\/produit\/solar-combination-street-light-all-in-one-solar-street-light-160w-200w-300w-320w\/","title":{"rendered":"R\u00e9verb\u00e8re solaire combin\u00e9 tout-en-un r\u00e9verb\u00e8re solaire 160W 200W 300W 320W"},"content":{"rendered":"<div class=\"numbox\"><strong>Lampadaire solaire<\/strong><\/div>\n<p>Le concept de conception de produit h\u00e9rite du sens futur de la science et de la technologie et du style visuel industriel. Osez briser le style de conception traditionnel de l&#039;\u00e9clairage ext\u00e9rieur. Pour que les produits d&#039;\u00e9clairage ext\u00e9rieur cr\u00e9ent une nouvelle apparence visuelle, nous nous engageons \u00e0 cr\u00e9er le prochain d\u00e9bouch\u00e9 du march\u00e9 des produits populaires !<\/p>\n<p><strong>Contr\u00f4le intelligent de la lumi\u00e8re<\/strong><\/p>\n<div class=\"description\">\n<p>Allumez automatiquement la lumi\u00e8re au cr\u00e9puscule, \u00e9teignez la lumi\u00e8re \u00e0 l&#039;aube et commencez \u00e0 charger. Les lampadaires ext\u00e9rieurs \u00e0 chargement solaire utilisent des panneaux photovolta\u00efques en polysilicium, qui augmentent le taux de conversion photo\u00e9lectrique de 25%. Il ne faut que 6 \u00e0 8 heures pour charger compl\u00e8tement. Batterie au lithium haute capacit\u00e9 int\u00e9gr\u00e9e de 22 000 mAh, le lampadaire solaire \u00e0 LED peut durer environ 20 \u00e0 24 heures en mode de d\u00e9tection radar.<\/p>\n<p><strong>Avantages du lampadaire solaire<\/strong><\/p>\n<p>1. \u00c9nergie renouvelable : pas de c\u00e2blage, pas de tranch\u00e9e, pas de souci de panne de courant.<\/p>\n<p>2. Protection de l&#039;environnement : pas de pollution, pas de bruit, pas de rayonnement ;<\/p>\n<p>3. S\u00e9curit\u00e9 : \u00e9tanche, antid\u00e9flagrant ;<\/p>\n<p>4. Commodit\u00e9 : installation facile, gain de temps et de co\u00fbts de main-d&#039;\u0153uvre.<\/p>\n<p>5. LED : puce LED haute luminosit\u00e9, lumen plus \u00e9lev\u00e9, dur\u00e9e de vie plus longue, plus d&#039;\u00e9conomie d&#039;\u00e9nergie, plus durable<\/p>\n<\/div>","protected":false},"excerpt":{"rendered":"<dl class=\"amount clearfix\">\n<dt class=\"metatit\">Certification CE\/ISO9001\/RoHS\/3C\/CQC\/\/UL\/TUV<\/dt>\n<\/dl>\n<dl class=\"amount clearfix\">\n<dt class=\"metatit\">D\u00e9lai de livraison 5-15 jours<\/dt>\n<\/dl>\n<dl class=\"amount clearfix\">\n<dt class=\"metatit\">Conditions de paiement L\/C, D\/A, D\/P, T\/T, Western Union, Money Gram,<\/dt>\n<\/dl>\n<dl class=\"amount clearfix\">\n<dt class=\"metatit\">Service OEM\/ODM personnalis\u00e9<\/dt>\n<\/dl>\n<dl class=\"amount clearfix\">\n<dt class=\"metatit\">Port de d\u00e9part Guangzhou, Shenzhen, Zhuhai<\/dt>\n<\/dl>\n<dl class=\"amount clearfix\">\n<dt class=\"metatit\">Capacit\u00e9 d&#039;approvisionnement 5000PCS\/mois<\/dt>\n<\/dl>","protected":false},"featured_media":1403,"comment_status":"open","ping_status":"closed","template":"","meta":[],"product_cat":[33,32],"product_tag":[],"class_list":{"0":"post-1398","1":"product","2":"type-product","3":"status-publish","4":"has-post-thumbnail","6":"product_cat-solar-street-light","7":"product_cat-solar-light","9":"first","10":"instock","11":"shipping-taxable","12":"product-type-simple"},"_links":{"self":[{"href":"https:\/\/www.xd-solar.com\/fr\/wp-json\/wp\/v2\/product\/1398","targetHints":{"allow":["GET"]}}],"collection":[{"href":"https:\/\/www.xd-solar.com\/fr\/wp-json\/wp\/v2\/product"}],"about":[{"href":"https:\/\/www.xd-solar.com\/fr\/wp-json\/wp\/v2\/types\/product"}],"replies":[{"embeddable":true,"href":"https:\/\/www.xd-solar.com\/fr\/wp-json\/wp\/v2\/comments?post=1398"}],"wp:featuredmedia":[{"embeddable":true,"href":"https:\/\/www.xd-solar.com\/fr\/wp-json\/wp\/v2\/media\/1403"}],"wp:attachment":[{"href":"https:\/\/www.xd-solar.com\/fr\/wp-json\/wp\/v2\/media?parent=1398"}],"wp:term":[{"taxonomy":"product_cat","embeddable":true,"href":"https:\/\/www.xd-solar.com\/fr\/wp-json\/wp\/v2\/product_cat?post=1398"},{"taxonomy":"product_tag","embeddable":true,"href":"https:\/\/www.xd-solar.com\/fr\/wp-json\/wp\/v2\/product_tag?post=1398"}],"curies":[{"name":"wp","href":"https:\/\/api.w.org\/{rel}","templated":true}]}}