{"id":1407,"date":"2023-03-19T15:49:17","date_gmt":"2023-03-19T07:49:17","guid":{"rendered":"https:\/\/xd-solar.com\/?post_type=product&#038;p=1407"},"modified":"2023-12-19T15:56:32","modified_gmt":"2023-12-19T07:56:32","slug":"high-power-outdoor-waterproof-ip65-3000w-led-solar-flood-light","status":"publish","type":"product","link":"https:\/\/www.xd-solar.com\/fr\/produit\/high-power-outdoor-waterproof-ip65-3000w-led-solar-flood-light\/","title":{"rendered":"Projecteur solaire \u00e9tanche ext\u00e9rieur haute puissance IP65 3000W LED"},"content":{"rendered":"<div class=\"numbox\"><strong>Projecteur LED solaire\u00a0<\/strong><\/div>\n<div class=\"description\">\n<p>1. LED, high-capacity lithium battery, all-in-one controller.<\/p>\n<p>2. Use solar energy as a power source, which is a good resource that is being continuously developed.<\/p>\n<p>3. High-capacity lithium battery: high power, long use time, light weight, green resources, and will not cause any harm.<\/p>\n<p>4. Using\u00a0<a href=\"https:\/\/www.alltopgroup.com\/product\" target=\"_blank\" rel=\"noopener\">LED lighting<\/a>, no diffusion effect, high light efficiency, plus a unique secondary optical design, can be Illuminating to a wider area again improves the light efficiency and achieves the purpose of energy saving.<\/p>\n<div class=\"numbox\"><strong>Contr\u00f4le intelligent de la lumi\u00e8re<\/strong><\/div>\n<div><\/div>\n<div class=\"description\">Les lumi\u00e8res s&#039;allument automatiquement au cr\u00e9puscule et s&#039;\u00e9teignent \u00e0 l&#039;aube pour commencer \u00e0 charger. Le temps d&#039;\u00e9clairage, la luminosit\u00e9 et le mode d&#039;\u00e9clairage peuvent \u00eatre contr\u00f4l\u00e9s par la t\u00e9l\u00e9commande.<\/div>\n<div><\/div>\n<div>\n<div class=\"numbox\"><strong>\u00c9tanch\u00e9it\u00e9 avanc\u00e9e IP65<\/strong><\/div>\n<div><\/div>\n<div class=\"description\">Ce projecteur adopte une nouvelle coque arri\u00e8re de conception \u00e9tanche, qui peut faire face \u00e0 toutes sortes de conditions m\u00e9t\u00e9orologiques et peut facilement faire face \u00e0 toutes sortes de conditions m\u00e9t\u00e9orologiques \u00e0 l&#039;ext\u00e9rieur. Le projecteur adopte un bo\u00eetier en aluminium moul\u00e9 sous pression robuste, et la conception du dissipateur de chaleur \u00e0 ventilation en aluminium offre une meilleure dissipation de la chaleur et assure une dur\u00e9e de vie plus longue du projecteur.<\/div>\n<div><\/div>\n<div>\n<div class=\"numbox\"><strong>Panneau solaire \u00e0 haute efficacit\u00e9<\/strong><\/div>\n<div class=\"description\">\n<p>Panneaux solaires en silicium polycristallin, plus faciles \u00e0 fabriquer, \u00e9conomes en \u00e9nergie et pr\u00e9sentant de faibles co\u00fbts de production globaux.<\/p>\n<\/div>\n<\/div>\n<\/div>\n<\/div>","protected":false},"excerpt":{"rendered":"<dl class=\"amount clearfix\">\n<dt class=\"metatit\">Certification CE\/ISO9001\/RoHS\/3C\/CQC\/\/UL\/TUV<\/dt>\n<\/dl>\n<dl class=\"amount clearfix\">\n<dt class=\"metatit\">D\u00e9lai de livraison 5-15 jours<\/dt>\n<\/dl>\n<dl class=\"amount clearfix\">\n<dt class=\"metatit\">Conditions de paiement L\/C, D\/A, D\/P, T\/T, Western Union, Money Gram,<\/dt>\n<\/dl>\n<dl class=\"amount clearfix\">\n<dt class=\"metatit\">Service OEM\/ODM personnalis\u00e9<\/dt>\n<\/dl>\n<dl class=\"amount clearfix\">\n<dt class=\"metatit\">Start Port\u00a0 \u00a0 \u00a0 \u00a0 \u00a0 \u00a0 \u00a0 \u00a0guangzhou ,shenzhen, zhuhai<\/dt>\n<\/dl>\n<dl class=\"amount clearfix\">\n<dt class=\"metatit\">Supply Ability\u00a0 \u00a0 \u00a0 \u00a05000 PCS\/Month<\/dt>\n<\/dl>","protected":false},"featured_media":1408,"comment_status":"open","ping_status":"closed","template":"","meta":[],"product_cat":[34,32],"product_tag":[],"class_list":{"0":"post-1407","1":"product","2":"type-product","3":"status-publish","4":"has-post-thumbnail","6":"product_cat-solar-flood-light","7":"product_cat-solar-light","9":"first","10":"instock","11":"shipping-taxable","12":"product-type-simple"},"_links":{"self":[{"href":"https:\/\/www.xd-solar.com\/fr\/wp-json\/wp\/v2\/product\/1407","targetHints":{"allow":["GET"]}}],"collection":[{"href":"https:\/\/www.xd-solar.com\/fr\/wp-json\/wp\/v2\/product"}],"about":[{"href":"https:\/\/www.xd-solar.com\/fr\/wp-json\/wp\/v2\/types\/product"}],"replies":[{"embeddable":true,"href":"https:\/\/www.xd-solar.com\/fr\/wp-json\/wp\/v2\/comments?post=1407"}],"wp:featuredmedia":[{"embeddable":true,"href":"https:\/\/www.xd-solar.com\/fr\/wp-json\/wp\/v2\/media\/1408"}],"wp:attachment":[{"href":"https:\/\/www.xd-solar.com\/fr\/wp-json\/wp\/v2\/media?parent=1407"}],"wp:term":[{"taxonomy":"product_cat","embeddable":true,"href":"https:\/\/www.xd-solar.com\/fr\/wp-json\/wp\/v2\/product_cat?post=1407"},{"taxonomy":"product_tag","embeddable":true,"href":"https:\/\/www.xd-solar.com\/fr\/wp-json\/wp\/v2\/product_tag?post=1407"}],"curies":[{"name":"wp","href":"https:\/\/api.w.org\/{rel}","templated":true}]}}