{"id":1422,"date":"2023-03-19T16:03:16","date_gmt":"2023-03-19T08:03:16","guid":{"rendered":"https:\/\/xd-solar.com\/?post_type=product&#038;p=1422"},"modified":"2023-12-19T16:13:15","modified_gmt":"2023-12-19T08:13:15","slug":"outdoor-lifepo4-lithium-battery-all-in-one-led-solar-street-light","status":"publish","type":"product","link":"https:\/\/www.xd-solar.com\/fr\/produit\/outdoor-lifepo4-lithium-battery-all-in-one-led-solar-street-light\/","title":{"rendered":"Batterie au lithium LiFePO4 ext\u00e9rieure tout en un r\u00e9verb\u00e8re solaire men\u00e9"},"content":{"rendered":"<div class=\"numbox\"><b>Solar LED street Light<\/b><\/div>\n<div class=\"txt font-color d-font-size-fix\">\n<div class=\"description\">1. Energy saving: No cables or energy needed for solar panels. Don&#8217;t worry about power failure.<br \/>\n2. Protection de l&#039;environnement : pas de pollution, pas de bruit, pas de rayonnement ;<br \/>\n3. S\u00e9curit\u00e9 : \u00e9tanche, antid\u00e9flagrant ;<br \/>\n4. Convenient: Simple installation, saving time and labor costs.<br \/>\n5.LED: The interior contains bright LED lamp beads; soft light transmission, bright and energy-saving, durable.<\/div>\n<div>\n<div class=\"numbox\"><strong>Professional waterproof technology<\/strong><\/div>\n<div class=\"description\">Deep waterproof, rainproof, multi-barrier sealed design, superior waterproof performance, seamless rain and dust, easy to adapt to various weather.<\/div>\n<div>\n<div class=\"numbox\"><strong>Highlight LED chip<\/strong><\/div>\n<div class=\"description\">This solar street light with imported high lumens BridgeluxLED chip with good performance and high brightness for long time.<\/div>\n<div>\n<div class=\"numbox\"><strong>High-quality lithium phosphate battery<\/strong><\/div>\n<div class=\"description\">High-capacity, long-life lithium battery, theoretical life of 5 years, high temperature resistance, stable performance, making the whole lamp life longer.<\/div>\n<div>\n<div class=\"numbox\"><strong>Polycrystalline Solar panel<\/strong><\/div>\n<div class=\"numbox\">Polycrystalline silicon solar panels, which are easier to manufacture, save power, and have low overall production costs.Positive power tolerance: 0~+ 5W100% EL double-inspection ensures modules are defects free Modules binned by current to improve system performance<\/div>\n<\/div>\n<\/div>\n<\/div>\n<\/div>\n<\/div>","protected":false},"excerpt":{"rendered":"<dl class=\"amount clearfix\">\n<dt class=\"metatit\">Certification CE\/ISO9001\/RoHS\/3C\/CQC\/\/UL\/TUV<\/dt>\n<\/dl>\n<dl class=\"amount clearfix\">\n<dt class=\"metatit\">Delivery Time\u00a0 \u00a0 \u00a0 \u00a0 \u00a0 \u00a05-15 days<\/dt>\n<\/dl>\n<dl class=\"amount clearfix\">\n<dt class=\"metatit\">Payment Terms\u00a0 \u00a0 \u00a0 \u00a0 L\/C, D\/A, D\/P, T\/T, Western Union, Money Gram,<\/dt>\n<\/dl>\n<dl class=\"amount clearfix\">\n<dt class=\"metatit\">Service OEM\/ODM personnalis\u00e9<\/dt>\n<\/dl>\n<dl class=\"amount clearfix\">\n<dt class=\"metatit\">Port de d\u00e9part Guangzhou, Shenzhen, Zhuhai<\/dt>\n<\/dl>\n<dl class=\"amount clearfix\">\n<dt class=\"metatit\">Capacit\u00e9 d&#039;approvisionnement 5000 PCS\/mois<\/dt>\n<\/dl>","protected":false},"featured_media":1426,"comment_status":"open","ping_status":"closed","template":"","meta":[],"product_cat":[33,32],"product_tag":[],"class_list":{"0":"post-1422","1":"product","2":"type-product","3":"status-publish","4":"has-post-thumbnail","6":"product_cat-solar-street-light","7":"product_cat-solar-light","9":"first","10":"instock","11":"shipping-taxable","12":"product-type-simple"},"_links":{"self":[{"href":"https:\/\/www.xd-solar.com\/fr\/wp-json\/wp\/v2\/product\/1422","targetHints":{"allow":["GET"]}}],"collection":[{"href":"https:\/\/www.xd-solar.com\/fr\/wp-json\/wp\/v2\/product"}],"about":[{"href":"https:\/\/www.xd-solar.com\/fr\/wp-json\/wp\/v2\/types\/product"}],"replies":[{"embeddable":true,"href":"https:\/\/www.xd-solar.com\/fr\/wp-json\/wp\/v2\/comments?post=1422"}],"wp:featuredmedia":[{"embeddable":true,"href":"https:\/\/www.xd-solar.com\/fr\/wp-json\/wp\/v2\/media\/1426"}],"wp:attachment":[{"href":"https:\/\/www.xd-solar.com\/fr\/wp-json\/wp\/v2\/media?parent=1422"}],"wp:term":[{"taxonomy":"product_cat","embeddable":true,"href":"https:\/\/www.xd-solar.com\/fr\/wp-json\/wp\/v2\/product_cat?post=1422"},{"taxonomy":"product_tag","embeddable":true,"href":"https:\/\/www.xd-solar.com\/fr\/wp-json\/wp\/v2\/product_tag?post=1422"}],"curies":[{"name":"wp","href":"https:\/\/api.w.org\/{rel}","templated":true}]}}